{"id":3714,"date":"2025-05-28T01:00:32","date_gmt":"2025-05-28T01:00:32","guid":{"rendered":"https:\/\/pecbag.com\/?post_type=product&#038;p=3714"},"modified":"2025-11-04T10:20:05","modified_gmt":"2025-11-04T10:20:05","slug":"custom-durable-briefcase-messenger-bag","status":"publish","type":"product","link":"https:\/\/pecbag.com\/it\/custom-durable-briefcase-messenger-bag\/","title":{"rendered":"Borsa messenger a valigetta durevole personalizzata"},"content":{"rendered":"<h5 title=\"Borsa pieghevole per cani Borsa a tracolla per animali domestici in rete traspirante per piccoli animali domestici cani gatti\" data-immersive-translate-walked=\"1c928421-2e42-4cd3-8754-5404553c0af5\" data-immersive-translate-paragraph=\"1\" data-spm-anchor-id=\"a2700.details.0.i35.4f6757d4w4zNZA\">Borse messenger a valigetta durevoli personalizzate | Fabbrica di borse e zaini impermeabili Fornitore - Soluzioni aziendali alla rinfusa<\/h5>\n<div class=\"flex flex-grow flex-col max-w-full\">\n<div class=\"min-h-[20px] text-message flex w-full flex-col items-end gap-2 whitespace-pre-wrap break-words [.text-message+&amp;]:mt-5 overflow-x-auto\" dir=\"auto\" data-message-author-role=\"assistant\" data-message-id=\"3d7d46f6-7ec2-4222-9257-48fa0bba23c6\" data-suggestions=\"true\">\n<div class=\"flex w-full flex-col gap-1 empty:hidden first:pt-[3px]\">\n<div class=\"markdown prose w-full break-words dark:prose-invert light\">\n<table width=\"288\">\n<tbody>\n<tr>\n<td width=\"137\"><span style=\"color: #333333;\">Nome dei prodotti<\/span><\/td>\n<td width=\"151\">Borsa messenger<\/td>\n<\/tr>\n<tr>\n<td><span style=\"color: #333333;\">Articolo n.<\/span><\/td>\n<td><span style=\"color: #333333;\">PB-2084<\/span><\/td>\n<\/tr>\n<tr>\n<td><span style=\"color: #333333;\">Materiale<\/span><\/td>\n<td>Poliestere<\/td>\n<\/tr>\n<tr>\n<td><span style=\"color: #333333;\">Dimensione<\/span><\/td>\n<td>17,5 x 6,5 x 13 pollici<\/td>\n<\/tr>\n<tr>\n<td><span style=\"color: #333333;\">\u00a0Tempi di consegna<\/span><\/td>\n<td><span style=\"color: #333333;\">1-5 giorni per la piccola quantit\u00e0 via aria e 30-35 giorni per la grande quantit\u00e0 via mare<\/span><\/td>\n<\/tr>\n<\/tbody>\n<\/table>\n<p>In qualit\u00e0 di leader cinese nella produzione di borse messenger e di borse impermeabili, progettiamo borse messenger personalizzate e durevoli per le imprese globali. La nostra azienda di borse messenger offre:<\/p>\n<p>\u2705 <strong>Nylon 1000D di grado militare<\/strong> con cerniere impermeabili IPX6<br \/>\n\u2705 <strong>Scomparti personalizzabili<\/strong> per computer portatili fino a 17\u2033<br \/>\n\u2705 <strong>Servizi OEM\/ODM<\/strong> per <strong>borse messenger a marchio privato<\/strong><br \/>\n\u2705 <strong>Produzione di borse messenger sfuse<\/strong> con consegna rapida in 10 giorni<\/p>\n<p>Affidata da grossisti di borse messenger e da aziende Fortune 500. Caratteristiche principali:<br \/>\n- Tasche portadocumenti con blocco RFID e fessure nascoste antifurto<br \/>\n- Tracolla staccabile + custodia trolley per il viaggio<br \/>\n- Accenti professionali in pelle vegana e fibbie silenziose<\/p>\n<p><strong>Perch\u00e9 collaborare con la nostra fabbrica di borse messenger<\/strong>:<br \/>\n\ud83d\udd39 15+ anni come migliori esportatori di borse messenger dalla Cina<br \/>\n\ud83d\udd39 Design gratuito del pacchetto tecnico 3D con il vostro marchio<br \/>\n\ud83d\udd39 Materiali sostenibili certificati OEKO-Tex\/SGS<br \/>\n\ud83d\udd39 25% sconto per i venditori di borse messenger su oltre 2.500 unit\u00e0<\/p>\n<p>Richiedete campioni gratuiti delle nostre borse messenger a valigetta o ottenete preventivi immediati. I fornitori di borse messenger godono di:<br \/>\n- MOQ personalizzato<br \/>\n- Rapporti di test di abrasione specifici per lotto<br \/>\n- Assegnazione prioritaria di merci aeree e marittime<\/p>\n<\/div>\n<\/div>\n<\/div>\n<\/div>","protected":false},"excerpt":{"rendered":"<h2 data-immersive-translate-walked=\"344be1c1-5052-41eb-8fcd-0dbe236a0d6b\" data-immersive-translate-paragraph=\"1\">Borsa messenger a valigetta durevole personalizzata<\/h2>\n<div class=\"sliderTable mt10 mb10 sliderTable-index0\">\n<div class=\"inner\">\n<p>ESPANSIONE E MULTIPLI COMPARTIMENTI: la cerniera di espansione la rende pi\u00f9 flessibile e la valigetta per laptop pu\u00f2 essere trasformata in un grande borsone quando necessario. Fino a 4 scomparti possono soddisfare tutte le vostre esigenze. L'ampio scomparto tecnico pu\u00f2 ospitare computer portatili fino a 17,3 pollici. Due tasche anteriori consentono di riporre le necessit\u00e0 quotidiane in modo organizzato. Lo scomparto espandibile per i documenti pu\u00f2 contenere cartelle A4, riviste, vestiti o un ombrello.<\/p>\n<\/div>\n<\/div>","protected":false},"featured_media":3720,"template":"","meta":{"_uag_custom_page_level_css":""},"product_brand":[],"product_cat":[65],"product_tag":[],"class_list":{"0":"post-3714","1":"product","2":"type-product","3":"status-publish","4":"has-post-thumbnail","6":"product_cat-messenger-bag","8":"first","9":"instock","10":"shipping-taxable","11":"product-type-simple"},"uagb_featured_image_src":{"full":["https:\/\/pecbag.com\/wp-content\/uploads\/2025\/05\/Custom-Durable-Briefcase-Messenger-Bag-2.jpeg",768,706,false],"thumbnail":["https:\/\/pecbag.com\/wp-content\/uploads\/2025\/05\/Custom-Durable-Briefcase-Messenger-Bag-2-150x150.jpeg",150,150,true],"medium":["https:\/\/pecbag.com\/wp-content\/uploads\/2025\/05\/Custom-Durable-Briefcase-Messenger-Bag-2-300x276.jpeg",300,276,true],"medium_large":["https:\/\/pecbag.com\/wp-content\/uploads\/2025\/05\/Custom-Durable-Briefcase-Messenger-Bag-2.jpeg",768,706,false],"large":["https:\/\/pecbag.com\/wp-content\/uploads\/2025\/05\/Custom-Durable-Briefcase-Messenger-Bag-2.jpeg",768,706,false],"1536x1536":["https:\/\/pecbag.com\/wp-content\/uploads\/2025\/05\/Custom-Durable-Briefcase-Messenger-Bag-2.jpeg",768,706,false],"2048x2048":["https:\/\/pecbag.com\/wp-content\/uploads\/2025\/05\/Custom-Durable-Briefcase-Messenger-Bag-2.jpeg",768,706,false],"trp-custom-language-flag":["https:\/\/pecbag.com\/wp-content\/uploads\/2025\/05\/Custom-Durable-Briefcase-Messenger-Bag-2-13x12.jpeg",13,12,true],"woocommerce_thumbnail":["https:\/\/pecbag.com\/wp-content\/uploads\/2025\/05\/Custom-Durable-Briefcase-Messenger-Bag-2-300x300.jpeg",300,300,true],"woocommerce_single":["https:\/\/pecbag.com\/wp-content\/uploads\/2025\/05\/Custom-Durable-Briefcase-Messenger-Bag-2-600x552.jpeg",600,552,true],"woocommerce_gallery_thumbnail":["https:\/\/pecbag.com\/wp-content\/uploads\/2025\/05\/Custom-Durable-Briefcase-Messenger-Bag-2-100x100.jpeg",100,100,true]},"uagb_author_info":{"display_name":"Lawrence","author_link":"https:\/\/pecbag.com\/it\/author\/"},"uagb_comment_info":0,"uagb_excerpt":"Custom Durable Briefcase Messenger Bag EXPANSION &amp; MULTIPLE COMPARTMENTS: expansion zipper makes it more flexible, and the laptop briefcase can be transformed into a large duffel bag when necessary. Up to 4 compartments can meet all your needs well. The large tech compartment can accommodate laptops up to 17.3 inches in size. Two front pockets&hellip;","_links":{"self":[{"href":"https:\/\/pecbag.com\/it\/wp-json\/wp\/v2\/product\/3714","targetHints":{"allow":["GET"]}}],"collection":[{"href":"https:\/\/pecbag.com\/it\/wp-json\/wp\/v2\/product"}],"about":[{"href":"https:\/\/pecbag.com\/it\/wp-json\/wp\/v2\/types\/product"}],"wp:featuredmedia":[{"embeddable":true,"href":"https:\/\/pecbag.com\/it\/wp-json\/wp\/v2\/media\/3720"}],"wp:attachment":[{"href":"https:\/\/pecbag.com\/it\/wp-json\/wp\/v2\/media?parent=3714"}],"wp:term":[{"taxonomy":"product_brand","embeddable":true,"href":"https:\/\/pecbag.com\/it\/wp-json\/wp\/v2\/product_brand?post=3714"},{"taxonomy":"product_cat","embeddable":true,"href":"https:\/\/pecbag.com\/it\/wp-json\/wp\/v2\/product_cat?post=3714"},{"taxonomy":"product_tag","embeddable":true,"href":"https:\/\/pecbag.com\/it\/wp-json\/wp\/v2\/product_tag?post=3714"}],"curies":[{"name":"wp","href":"https:\/\/api.w.org\/{rel}","templated":true}]}}