{"id":3882,"date":"2025-05-28T08:36:39","date_gmt":"2025-05-28T08:36:39","guid":{"rendered":"https:\/\/pecbag.com\/?post_type=product&#038;p=3882"},"modified":"2025-11-29T01:30:41","modified_gmt":"2025-11-29T01:30:41","slug":"portable-travel-makeup-bag","status":"publish","type":"product","link":"https:\/\/pecbag.com\/it\/portable-travel-makeup-bag\/","title":{"rendered":"Borsa per il trucco da viaggio portatile"},"content":{"rendered":"<h5 title=\"Borsa pieghevole per cani Borsa a tracolla per animali domestici in rete traspirante per piccoli animali domestici cani gatti\" data-immersive-translate-walked=\"1c928421-2e42-4cd3-8754-5404553c0af5\" data-immersive-translate-paragraph=\"1\" data-spm-anchor-id=\"a2700.details.0.i35.4f6757d4w4zNZA\">Borse per il trucco da viaggio portatili | Fabbrica di borse e zaini impermeabili Fornitore - Soluzioni di bellezza all'ingrosso<\/h5>\n<div class=\"flex flex-grow flex-col max-w-full\">\n<div class=\"min-h-[20px] text-message flex w-full flex-col items-end gap-2 whitespace-pre-wrap break-words [.text-message+&amp;]:mt-5 overflow-x-auto\" dir=\"auto\" data-message-author-role=\"assistant\" data-message-id=\"3d7d46f6-7ec2-4222-9257-48fa0bba23c6\" data-suggestions=\"true\">\n<div class=\"flex w-full flex-col gap-1 empty:hidden first:pt-[3px]\">\n<div class=\"markdown prose w-full break-words dark:prose-invert light\">\n<table width=\"288\">\n<tbody>\n<tr>\n<td width=\"137\"><span style=\"color: #333333;\">Nome dei prodotti<\/span><\/td>\n<td width=\"151\"><span style=\"color: #333333;\">Borsa per il trucco<\/span><\/td>\n<\/tr>\n<tr>\n<td><span style=\"color: #333333;\">Articolo n.<\/span><\/td>\n<td><span style=\"color: #333333;\">PB-2104<\/span><\/td>\n<\/tr>\n<tr>\n<td><span style=\"color: #333333;\">Materiale<\/span><\/td>\n<td><span style=\"color: #333333;\">Cotone, poliestere, pile<\/span><\/td>\n<\/tr>\n<tr>\n<td><span style=\"color: #333333;\">\u00a0Dimensioni e colore<\/span><\/td>\n<td><span style=\"color: #333333;\">Personalizzato<\/span><\/td>\n<\/tr>\n<tr>\n<td><span style=\"color: #333333;\">\u00a0Tempi di consegna<\/span><\/td>\n<td><span style=\"color: #333333;\">1-5 giorni per la piccola quantit\u00e0 via aria e 30-35 giorni per la grande quantit\u00e0 via mare<\/span><\/td>\n<\/tr>\n<\/tbody>\n<\/table>\n<p>In qualit\u00e0 di leader cinese nella produzione di borse per il trucco e di borse impermeabili, progettiamo borse per il trucco da viaggio portatili per i marchi di bellezza globali. La nostra azienda di borse per il trucco offre:<\/p>\n<p>\u2705 <strong>Design ultraleggero e impermeabile<\/strong> (nylon 300D + rivestimento IPX4)<br \/>\n\u2705 <strong>Dimensioni compatte approvate dalla TSA<\/strong> con 8+ scomparti (MOQ 200 pezzi)<br \/>\n\u2705 <strong>Servizi ODM\/OEM<\/strong> per i sacchetti per il trucco a marchio privato<br \/>\n\u2705 <strong>Produzione di sacchetti per il trucco sfusi<\/strong> con consegna in 10 giorni<\/p>\n<p>Affidata ai grossisti di borse per il trucco e ai rivenditori di articoli da viaggio. Caratteristiche principali:<br \/>\n- Cinturino da polso staccabile e specchio incorporato<br \/>\n- Tasche con cerniera anti-perdita e organizer per le spazzole<br \/>\n- Materiali ecologici certificati OEKO-Tex<\/p>\n<p><strong>Perch\u00e9 collaborare con la nostra fabbrica di trousse per il trucco<\/strong>:<br \/>\n\ud83d\udd39 12+ anni come migliori esportatori di borse per il trucco dalla Cina<br \/>\n\ud83d\udd39 Design 3D gratuito con l'estetica del vostro marchio<br \/>\n\ud83d\udd39 Produzione sostenibile certificata SGS\/REACH<br \/>\n\ud83d\udd39 30% sconto per i venditori di borse da trucco su oltre 3.000 unit\u00e0<\/p>\n<p>Richiedete campioni gratuiti delle nostre trousse da viaggio o ottenete preventivi immediati. I fornitori di borse per il trucco si divertono:<br \/>\n- MOQ personalizzato a partire da 200 pezzi<br \/>\n- Rapporti di prova di impermeabilit\u00e0 specifici per ogni lotto<br \/>\n- Assegnazione prioritaria di merci aeree e marittime<\/p>\n<\/div>\n<\/div>\n<\/div>\n<\/div>","protected":false},"excerpt":{"rendered":"<h2 data-immersive-translate-walked=\"344be1c1-5052-41eb-8fcd-0dbe236a0d6b\" data-immersive-translate-paragraph=\"1\">Borsa per il trucco da viaggio portatile<\/h2>\n<p><span class=\"a-list-item\">1. \u3010TESSUTO DELLA BORSA MAKEUP\u3011- La borsa cosmetica da viaggio di grande capacit\u00e0 \u00e8 realizzata in pelle PU impermeabile all'acqua con protezione ambientale, interno in poliestere 100%.<\/span><\/p>\n<p><span class=\"a-list-item\">2. \u3010Design sottile e portatile\u3011- L'organizzatore di trucco da viaggio con bocca aperta piatta a 180 gradi \u00e8 il design pi\u00f9 conveniente. La cucitura a doppio strato \u00e8 durevole; la doppia cerniera \u00e8 pi\u00f9 comoda e facile da aprire.<\/span><\/p>\n<p><span class=\"a-list-item\">3. \u3010MULTI-FUNZIONALE\u3011- Non solo pu\u00f2 essere utilizzato come una borsa cosmetica da viaggio, una borsa per il trucco, anche come organizzatore di viaggio per cosmetici, strumenti per il trucco, caricabatterie e cavi, una borsa da toilette da viaggio per le donne, adatta a tutti i tipi di uso quotidiano o di viaggio, e porter\u00e0 grande comodit\u00e0 alla tua vita.<\/span><\/p>","protected":false},"featured_media":3884,"template":"","meta":{"_uag_custom_page_level_css":""},"product_brand":[],"product_cat":[53],"product_tag":[],"class_list":{"0":"post-3882","1":"product","2":"type-product","3":"status-publish","4":"has-post-thumbnail","6":"product_cat-makeup-bag","8":"first","9":"instock","10":"shipping-taxable","11":"product-type-simple"},"uagb_featured_image_src":{"full":["https:\/\/pecbag.com\/wp-content\/uploads\/2025\/05\/Portable-Travel-Makeup-Bag-1.jpg",1600,1600,false],"thumbnail":["https:\/\/pecbag.com\/wp-content\/uploads\/2025\/05\/Portable-Travel-Makeup-Bag-1-150x150.jpg",150,150,true],"medium":["https:\/\/pecbag.com\/wp-content\/uploads\/2025\/05\/Portable-Travel-Makeup-Bag-1-300x300.jpg",300,300,true],"medium_large":["https:\/\/pecbag.com\/wp-content\/uploads\/2025\/05\/Portable-Travel-Makeup-Bag-1-768x768.jpg",768,768,true],"large":["https:\/\/pecbag.com\/wp-content\/uploads\/2025\/05\/Portable-Travel-Makeup-Bag-1-1024x1024.jpg",800,800,true],"1536x1536":["https:\/\/pecbag.com\/wp-content\/uploads\/2025\/05\/Portable-Travel-Makeup-Bag-1-1536x1536.jpg",1536,1536,true],"2048x2048":["https:\/\/pecbag.com\/wp-content\/uploads\/2025\/05\/Portable-Travel-Makeup-Bag-1.jpg",1600,1600,false],"trp-custom-language-flag":["https:\/\/pecbag.com\/wp-content\/uploads\/2025\/05\/Portable-Travel-Makeup-Bag-1-12x12.jpg",12,12,true],"woocommerce_thumbnail":["https:\/\/pecbag.com\/wp-content\/uploads\/2025\/05\/Portable-Travel-Makeup-Bag-1-300x300.jpg",300,300,true],"woocommerce_single":["https:\/\/pecbag.com\/wp-content\/uploads\/2025\/05\/Portable-Travel-Makeup-Bag-1-600x600.jpg",600,600,true],"woocommerce_gallery_thumbnail":["https:\/\/pecbag.com\/wp-content\/uploads\/2025\/05\/Portable-Travel-Makeup-Bag-1-100x100.jpg",100,100,true]},"uagb_author_info":{"display_name":"Lawrence","author_link":"https:\/\/pecbag.com\/it\/author\/"},"uagb_comment_info":0,"uagb_excerpt":"Portable Travel Makeup Bag 1. \u3010 MAKEUP BAG FABRIC\u3011- The large capacity travel cosmetic bag is made from environmentally protection water water-proof PU leather, 100% polyester inner 2. \u3010SLIM &amp; PORTABLE DESIGN\u3011- The travel makeup organizer of 180-degree flat open mouth is the most convenient design. Double-layer sewing is durable; Double zipper is more convenient&hellip;","_links":{"self":[{"href":"https:\/\/pecbag.com\/it\/wp-json\/wp\/v2\/product\/3882","targetHints":{"allow":["GET"]}}],"collection":[{"href":"https:\/\/pecbag.com\/it\/wp-json\/wp\/v2\/product"}],"about":[{"href":"https:\/\/pecbag.com\/it\/wp-json\/wp\/v2\/types\/product"}],"wp:featuredmedia":[{"embeddable":true,"href":"https:\/\/pecbag.com\/it\/wp-json\/wp\/v2\/media\/3884"}],"wp:attachment":[{"href":"https:\/\/pecbag.com\/it\/wp-json\/wp\/v2\/media?parent=3882"}],"wp:term":[{"taxonomy":"product_brand","embeddable":true,"href":"https:\/\/pecbag.com\/it\/wp-json\/wp\/v2\/product_brand?post=3882"},{"taxonomy":"product_cat","embeddable":true,"href":"https:\/\/pecbag.com\/it\/wp-json\/wp\/v2\/product_cat?post=3882"},{"taxonomy":"product_tag","embeddable":true,"href":"https:\/\/pecbag.com\/it\/wp-json\/wp\/v2\/product_tag?post=3882"}],"curies":[{"name":"wp","href":"https:\/\/api.w.org\/{rel}","templated":true}]}}