{"id":4226,"date":"2025-06-28T01:39:32","date_gmt":"2025-06-28T01:39:32","guid":{"rendered":"https:\/\/pecbag.com\/?post_type=product&#038;p=4226"},"modified":"2025-11-29T01:18:10","modified_gmt":"2025-11-29T01:18:10","slug":"outdoor-fishing-storage-crossbody-bag","status":"publish","type":"product","link":"https:\/\/pecbag.com\/it\/outdoor-fishing-storage-crossbody-bag\/","title":{"rendered":"Borsa a tracolla per la pesca all'aperto"},"content":{"rendered":"<h5 title=\"Borsa pieghevole per cani Borsa a tracolla per animali domestici in rete traspirante per piccoli animali domestici cani gatti\" data-immersive-translate-walked=\"1c928421-2e42-4cd3-8754-5404553c0af5\" data-immersive-translate-paragraph=\"1\" data-spm-anchor-id=\"a2700.details.0.i35.4f6757d4w4zNZA\"><strong>Fabbrica di borse a tracolla per la pesca all'aperto | Fabbrica di borse impermeabili e zaino tecnico Fornitore | Ingombro provato dai pescatori<\/strong><\/h5>\n<p>Avete bisogno di borse crossbody ad alte prestazioni per la pesca all'aperto per il vostro marchio di attrezzatura? Come fabbrica certificata di borse impermeabili e produttori di zaini da pesca in Cina (Crossbody Bag China), progettiamo borse crossbody pronte per i pescatori con scomparti impermeabili, cerniere a prova di corrosione e organizzazione modulare. Collaborate con il nostro produttore di borse a tracolla per ordini di borse a tracolla all'ingrosso - di cui si fidano grossisti di borse a tracolla, rivenditori all'aperto e venditori di borse a tracolla in tutto il mondo.<\/p>\n<div class=\"flex flex-grow flex-col max-w-full\">\n<div class=\"min-h-[20px] text-message flex w-full flex-col items-end gap-2 whitespace-pre-wrap break-words [.text-message+&amp;]:mt-5 overflow-x-auto\" dir=\"auto\" data-message-author-role=\"assistant\" data-message-id=\"3d7d46f6-7ec2-4222-9257-48fa0bba23c6\" data-suggestions=\"true\">\n<div class=\"flex w-full flex-col gap-1 empty:hidden first:pt-[3px]\">\n<div class=\"markdown prose w-full break-words dark:prose-invert light\">\n<table width=\"288\">\n<tbody>\n<tr>\n<td width=\"137\"><span style=\"color: #333333;\">Nome dei prodotti<\/span><\/td>\n<td width=\"151\">Borsa a tracolla<\/td>\n<\/tr>\n<tr>\n<td><span style=\"color: #333333;\">Articolo n.<\/span><\/td>\n<td><span style=\"color: #333333;\">PB-2126<\/span><\/td>\n<\/tr>\n<tr>\n<td><span style=\"color: #333333;\">Materiale<\/span><\/td>\n<td>Nylon 1000D<\/td>\n<\/tr>\n<tr>\n<td><span style=\"color: #333333;\">Dimensione<\/span><\/td>\n<td>11.8*9*6.3in<\/td>\n<\/tr>\n<tr>\n<td><span style=\"color: #333333;\">\u00a0Tempi di consegna<\/span><\/td>\n<td><span style=\"color: #333333;\">1-5 giorni per la piccola quantit\u00e0 via aria e 30-35 giorni per la grande quantit\u00e0 via mare<\/span><\/td>\n<\/tr>\n<\/tbody>\n<\/table>\n<p class=\"ds-markdown-paragraph\">\ud83c\udfa3\u00a0<strong>Perch\u00e9 i fornitori di attrezzatura scelgono noi:<\/strong><\/p>\n<ul>\n<li>\n<p class=\"ds-markdown-paragraph\"><strong>Design adatto ai pesci<\/strong>: Fodera in TPU sommergibile (grado di protezione IPX8) + tasche di scarico rapido<\/p>\n<\/li>\n<li>\n<p class=\"ds-markdown-paragraph\">Borsa a tracolla ODM\/OEM con servizi completi di etichetta privata per la borsa a tracolla<\/p>\n<\/li>\n<li>\n<p class=\"ds-markdown-paragraph\">Produzione all'ingrosso di borsa a tracolla a basso MOQ<\/p>\n<\/li>\n<li>\n<p class=\"ds-markdown-paragraph\">Esportazione veloce della borsa a tracolla dalla nostra fabbrica di borse a tracolla certificata ISO<\/p>\n<\/li>\n<li>\n<p class=\"ds-markdown-paragraph\">Da oltre 15 anni fornitore di borse a tracolla di alta qualit\u00e0<\/p>\n<\/li>\n<\/ul>\n<p class=\"ds-markdown-paragraph\">\u2705\u00a0<strong>Caratteristiche approvate dai pescatori:<\/strong><br \/>\n- Cerniere YKK a prova di acqua salata + anelli a D antiruggine<br \/>\n- Scatole dedicate per le esche + passanti per gli attrezzi + alloggiamento per il portacanna<br \/>\n- Dorso in rete ad asciugatura rapida + cinghie tattiche regolabili<br \/>\n- Configurazioni personalizzate tramite l'OEM della borsa a tracolla<\/p>\n<p class=\"ds-markdown-paragraph\">Ideale per le aziende di borse a tracolla, i distributori di pesca e le reti di grossisti di borse a tracolla. Richiedete oggi stesso al vostro produttore di borse a tracolla dedicato i kit di test GRATUITI per il sale!<\/p>\n<\/div>\n<\/div>\n<\/div>\n<\/div>","protected":false},"excerpt":{"rendered":"<h2 data-immersive-translate-walked=\"344be1c1-5052-41eb-8fcd-0dbe236a0d6b\" data-immersive-translate-paragraph=\"1\">Borsa a tracolla per la pesca all'aperto<\/h2>\n<div class=\"sliderTable mt10 mb10 sliderTable-index0\">\n<div class=\"inner\">\n<p><strong>1. Innovativa borsa multiuso per la conservazione<\/strong>: La dimensione della borsa per attrezzi da pesca \u00e8 11.8*9*6.3in. Sono presenti pi\u00f9 scomparti per riporre esche, pinze, fili, una scatola per esche, un portafoglio, un telefono e altri accessori. Rendere il vostro viaggio pi\u00f9 conveniente.<\/p>\n<p><strong>2. Cinghia regolabile e staccabile<\/strong>: La tracolla \u00e8 regolabile e staccabile, si pu\u00f2 avere pi\u00f9 modi per usarlo, come borsa a tracolla, borsa a mano, borsa sul petto, borsa da pesca, Crossbody Ba,g ecc.<\/p>\n<\/div>\n<\/div>","protected":false},"featured_media":4232,"template":"","meta":{"_uag_custom_page_level_css":""},"product_brand":[],"product_cat":[62,46],"product_tag":[],"class_list":{"0":"post-4226","1":"product","2":"type-product","3":"status-publish","4":"has-post-thumbnail","6":"product_cat-crossbody-bags","7":"product_cat-fishing-bag","9":"first","10":"instock","11":"shipping-taxable","12":"product-type-simple"},"uagb_featured_image_src":{"full":["https:\/\/pecbag.com\/wp-content\/uploads\/2025\/06\/Outdoor-Fishing-Storage-Crossbody-Bag-21.jpg",1053,1500,false],"thumbnail":["https:\/\/pecbag.com\/wp-content\/uploads\/2025\/06\/Outdoor-Fishing-Storage-Crossbody-Bag-21-150x150.jpg",150,150,true],"medium":["https:\/\/pecbag.com\/wp-content\/uploads\/2025\/06\/Outdoor-Fishing-Storage-Crossbody-Bag-21-211x300.jpg",211,300,true],"medium_large":["https:\/\/pecbag.com\/wp-content\/uploads\/2025\/06\/Outdoor-Fishing-Storage-Crossbody-Bag-21-768x1094.jpg",768,1094,true],"large":["https:\/\/pecbag.com\/wp-content\/uploads\/2025\/06\/Outdoor-Fishing-Storage-Crossbody-Bag-21-719x1024.jpg",719,1024,true],"1536x1536":["https:\/\/pecbag.com\/wp-content\/uploads\/2025\/06\/Outdoor-Fishing-Storage-Crossbody-Bag-21.jpg",1053,1500,false],"2048x2048":["https:\/\/pecbag.com\/wp-content\/uploads\/2025\/06\/Outdoor-Fishing-Storage-Crossbody-Bag-21.jpg",1053,1500,false],"trp-custom-language-flag":["https:\/\/pecbag.com\/wp-content\/uploads\/2025\/06\/Outdoor-Fishing-Storage-Crossbody-Bag-21-8x12.jpg",8,12,true],"woocommerce_thumbnail":["https:\/\/pecbag.com\/wp-content\/uploads\/2025\/06\/Outdoor-Fishing-Storage-Crossbody-Bag-21-300x300.jpg",300,300,true],"woocommerce_single":["https:\/\/pecbag.com\/wp-content\/uploads\/2025\/06\/Outdoor-Fishing-Storage-Crossbody-Bag-21-600x855.jpg",600,855,true],"woocommerce_gallery_thumbnail":["https:\/\/pecbag.com\/wp-content\/uploads\/2025\/06\/Outdoor-Fishing-Storage-Crossbody-Bag-21-100x100.jpg",100,100,true]},"uagb_author_info":{"display_name":"Lawrence","author_link":"https:\/\/pecbag.com\/it\/author\/"},"uagb_comment_info":0,"uagb_excerpt":"Outdoor Fishing Storage Crossbody Bag 1. Innovative Storage Multi-Use Bag: The size of the fishing gear bag is 11.8*9*6.3in. There are multiple compartments for you to store bait, pliers, wire, a bait box, a wallet, a phone, and other accessories. Make your travel more convenient. 2. Adjustable and detachable strap: The shoulder strap is adjustable&hellip;","_links":{"self":[{"href":"https:\/\/pecbag.com\/it\/wp-json\/wp\/v2\/product\/4226","targetHints":{"allow":["GET"]}}],"collection":[{"href":"https:\/\/pecbag.com\/it\/wp-json\/wp\/v2\/product"}],"about":[{"href":"https:\/\/pecbag.com\/it\/wp-json\/wp\/v2\/types\/product"}],"wp:featuredmedia":[{"embeddable":true,"href":"https:\/\/pecbag.com\/it\/wp-json\/wp\/v2\/media\/4232"}],"wp:attachment":[{"href":"https:\/\/pecbag.com\/it\/wp-json\/wp\/v2\/media?parent=4226"}],"wp:term":[{"taxonomy":"product_brand","embeddable":true,"href":"https:\/\/pecbag.com\/it\/wp-json\/wp\/v2\/product_brand?post=4226"},{"taxonomy":"product_cat","embeddable":true,"href":"https:\/\/pecbag.com\/it\/wp-json\/wp\/v2\/product_cat?post=4226"},{"taxonomy":"product_tag","embeddable":true,"href":"https:\/\/pecbag.com\/it\/wp-json\/wp\/v2\/product_tag?post=4226"}],"curies":[{"name":"wp","href":"https:\/\/api.w.org\/{rel}","templated":true}]}}