{"id":4241,"date":"2025-06-28T06:38:30","date_gmt":"2025-06-28T06:38:30","guid":{"rendered":"https:\/\/pecbag.com\/?post_type=product&#038;p=4241"},"modified":"2025-11-29T01:14:38","modified_gmt":"2025-11-29T01:14:38","slug":"tsa-approved-quart-size-bag-factory","status":"publish","type":"product","link":"https:\/\/pecbag.com\/it\/tsa-approved-quart-size-bag-factory\/","title":{"rendered":"Borsa formato quartino approvata dalla TSA"},"content":{"rendered":"<h5 title=\"Borsa pieghevole per cani Borsa a tracolla per animali domestici in rete traspirante per piccoli animali domestici cani gatti\" data-immersive-translate-walked=\"1c928421-2e42-4cd3-8754-5404553c0af5\" data-immersive-translate-paragraph=\"1\" data-spm-anchor-id=\"a2700.details.0.i35.4f6757d4w4zNZA\"><strong>Fabbrica di borse al quarto approvata dalla TSA | Fabbrica di borse impermeabili conformi e produttori di zaini da viaggio | Predisposizione per i controlli di sicurezza<\/strong><\/h5>\n<p>Avete bisogno di sacchetti affidabili approvati dalla TSA per la vostra linea di accessori da viaggio? In qualit\u00e0 di fabbrica certificata di borse impermeabili e produttori di zaini da viaggio in Cina (Makeup Bag China), produciamo borse trasparenti da 7\u2033x8\u2033 conformi con timbri di pre-controllo TSA, sigilli a prova di perdite e materiale PVC resistente. Collaborate con il nostro produttore di borse per il trucco per gli ordini di borse per il trucco all'ingrosso - di cui si fidano i grossisti di borse per il trucco, i rivenditori di viaggi e i venditori di borse per il trucco in tutto il mondo.<\/p>\n<div class=\"flex flex-grow flex-col max-w-full\">\n<div class=\"min-h-[20px] text-message flex w-full flex-col items-end gap-2 whitespace-pre-wrap break-words [.text-message+&amp;]:mt-5 overflow-x-auto\" dir=\"auto\" data-message-author-role=\"assistant\" data-message-id=\"3d7d46f6-7ec2-4222-9257-48fa0bba23c6\" data-suggestions=\"true\">\n<div class=\"flex w-full flex-col gap-1 empty:hidden first:pt-[3px]\">\n<div class=\"markdown prose w-full break-words dark:prose-invert light\">\n<table width=\"288\">\n<tbody>\n<tr>\n<td width=\"137\"><span style=\"color: #333333;\">Nome dei prodotti<\/span><\/td>\n<td width=\"151\"><span style=\"color: #333333;\">Borsa per il trucco<\/span><\/td>\n<\/tr>\n<tr>\n<td><span style=\"color: #333333;\">Articolo n.<\/span><\/td>\n<td><span style=\"color: #333333;\">PB-2128<\/span><\/td>\n<\/tr>\n<tr>\n<td><span style=\"color: #333333;\">Materiale<\/span><\/td>\n<td>Plastica PVC<\/td>\n<\/tr>\n<tr>\n<td><span style=\"color: #333333;\">Dimensione<\/span><\/td>\n<td>5,5 x 1,5 x 7 pollici<\/td>\n<\/tr>\n<tr>\n<td><span style=\"color: #333333;\">\u00a0Tempi di consegna<\/span><\/td>\n<td><span style=\"color: #333333;\">1-5 giorni per la piccola quantit\u00e0 via aria e 30-35 giorni per la grande quantit\u00e0 via mare<\/span><\/td>\n<\/tr>\n<\/tbody>\n<\/table>\n<p class=\"ds-markdown-paragraph\">\u2705\u00a0<strong>Perch\u00e9 i marchi di viaggio ci scelgono:<\/strong><\/p>\n<ul>\n<li>\n<p class=\"ds-markdown-paragraph\"><strong>Conformit\u00e0 garantita<\/strong>: Etichette prestampate TSA 3-1-1 + dimensioni esatte 7\u2033x8\u2033 (supera i test aeroportuali 100%)<\/p>\n<\/li>\n<li>\n<p class=\"ds-markdown-paragraph\">Borsa per il trucco ODM\/OEM con servizi completi di etichetta privata della borsa per il trucco<\/p>\n<\/li>\n<li>\n<p class=\"ds-markdown-paragraph\">Produzione all'ingrosso della borsa del trucco di MOQ basso<\/p>\n<\/li>\n<li>\n<p class=\"ds-markdown-paragraph\">Esportazione veloce della borsa per il trucco dalla nostra fabbrica di borse per il trucco certificata ISO<\/p>\n<\/li>\n<li>\n<p class=\"ds-markdown-paragraph\">Da oltre 10 anni leader nella fornitura di borse per il trucco per accessori da viaggio<\/p>\n<\/li>\n<\/ul>\n<p class=\"ds-markdown-paragraph\">\u2708\ufe0f\u00a0<strong>Predisposizione per il controllo di sicurezza Caratteristiche:<\/strong><br \/>\n- PVC cristallino da 0,15 mm (supera i test d'impatto ASTM D1709)<br \/>\n- Chiusura con cerniera a doppia guarnizione + soffietti rinforzati<br \/>\n- Linee guida TSA prestampate personalizzabili<br \/>\n- Opzioni di branding tramite Makeup Bag OEM<\/p>\n<p class=\"ds-markdown-paragraph\">Ideale per le aziende di borse da trucco, i rivenditori aeroportuali e le reti di grossisti di borse da trucco. Richiedete oggi stesso i rapporti di prova TSA GRATUITI al vostro produttore di borse per il trucco dedicato!<\/p>\n<\/div>\n<\/div>\n<\/div>\n<\/div>","protected":false},"excerpt":{"rendered":"<h2 data-immersive-translate-walked=\"344be1c1-5052-41eb-8fcd-0dbe236a0d6b\" data-immersive-translate-paragraph=\"1\">Borsa formato quartino approvata dalla TSA<\/h2>\n<p><span class=\"a-list-item\" data-immersive-translate-walked=\"715acf7f-eace-48a9-ba5a-e6299d7cb9a1\" data-immersive-translate-paragraph=\"1\">1. Borsa da toilette approvata dalla TSA: (dimensioni 7 x 5,5 x 1,5 pollici) Corrisponde ai sacchetti da un quarto di dollaro, quindi \u00e8 un vero formato approvato dalla TSA. Inoltre, la nostra borsa da viaggio 311 \u00e8 completamente trasparente e soddisfa tutti i requisiti TSA.<\/span><\/p>\n<p><span class=\"a-list-item\" data-immersive-translate-walked=\"715acf7f-eace-48a9-ba5a-e6299d7cb9a1\" data-immersive-translate-paragraph=\"1\">2. Tasca aggiuntiva: La nostra trousse trasparente per il trucco \u00e8 dotata di una tasca aggiuntiva per dischetti di cotone, tappi per le orecchie e piccoli oggetti. Questo astuccio trasparente con cerniera ha anche un supporto per spazzolino da denti o rasoio.<\/span><\/p>\n<p><span class=\"a-list-item\" data-immersive-translate-walked=\"715acf7f-eace-48a9-ba5a-e6299d7cb9a1\" data-immersive-translate-paragraph=\"1\">3. Comoda maniglia: Questa borsa trasparente per articoli da toeletta \u00e8 dotata di una piccola maniglia che facilita la gestione degli articoli da toeletta in bagno. La borsa da viaggio pu\u00f2 essere facilmente estratta dal bagaglio.<\/span><\/p>\n<p><span class=\"a-list-item\" data-immersive-translate-walked=\"715acf7f-eace-48a9-ba5a-e6299d7cb9a1\" data-immersive-translate-paragraph=\"1\">4. Materiali di alta qualit\u00e0: La borsa da viaggio trasparente Olanmark \u00e8 realizzata in plastica PVC resistente. La nostra borsa cosmetica per auto \u00e8 inoltre dotata di una cerniera affidabile, che garantisce un uso e una conservazione duraturi.<\/span><\/p>","protected":false},"featured_media":4243,"template":"","meta":{"_uag_custom_page_level_css":""},"product_brand":[],"product_cat":[53],"product_tag":[],"class_list":{"0":"post-4241","1":"product","2":"type-product","3":"status-publish","4":"has-post-thumbnail","6":"product_cat-makeup-bag","8":"first","9":"instock","10":"shipping-taxable","11":"product-type-simple"},"uagb_featured_image_src":{"full":["https:\/\/pecbag.com\/wp-content\/uploads\/2025\/06\/TSA-Approved-Quart-Size-Bag-Factory-4.jpg",2000,2000,false],"thumbnail":["https:\/\/pecbag.com\/wp-content\/uploads\/2025\/06\/TSA-Approved-Quart-Size-Bag-Factory-4-150x150.jpg",150,150,true],"medium":["https:\/\/pecbag.com\/wp-content\/uploads\/2025\/06\/TSA-Approved-Quart-Size-Bag-Factory-4-300x300.jpg",300,300,true],"medium_large":["https:\/\/pecbag.com\/wp-content\/uploads\/2025\/06\/TSA-Approved-Quart-Size-Bag-Factory-4-768x768.jpg",768,768,true],"large":["https:\/\/pecbag.com\/wp-content\/uploads\/2025\/06\/TSA-Approved-Quart-Size-Bag-Factory-4-1024x1024.jpg",800,800,true],"1536x1536":["https:\/\/pecbag.com\/wp-content\/uploads\/2025\/06\/TSA-Approved-Quart-Size-Bag-Factory-4-1536x1536.jpg",1536,1536,true],"2048x2048":["https:\/\/pecbag.com\/wp-content\/uploads\/2025\/06\/TSA-Approved-Quart-Size-Bag-Factory-4.jpg",2000,2000,false],"trp-custom-language-flag":["https:\/\/pecbag.com\/wp-content\/uploads\/2025\/06\/TSA-Approved-Quart-Size-Bag-Factory-4-12x12.jpg",12,12,true],"woocommerce_thumbnail":["https:\/\/pecbag.com\/wp-content\/uploads\/2025\/06\/TSA-Approved-Quart-Size-Bag-Factory-4-300x300.jpg",300,300,true],"woocommerce_single":["https:\/\/pecbag.com\/wp-content\/uploads\/2025\/06\/TSA-Approved-Quart-Size-Bag-Factory-4-600x600.jpg",600,600,true],"woocommerce_gallery_thumbnail":["https:\/\/pecbag.com\/wp-content\/uploads\/2025\/06\/TSA-Approved-Quart-Size-Bag-Factory-4-100x100.jpg",100,100,true]},"uagb_author_info":{"display_name":"Lawrence","author_link":"https:\/\/pecbag.com\/it\/author\/"},"uagb_comment_info":0,"uagb_excerpt":"TSA Approved Quart Size Bag Factory 1. TSA-approved toiletry bag: (size 7 x 5.5 x 1.5 inches) Matches quart-size bags, making it a true TSA-approved size. Additionally, our 311 travel bag is fully clear, meeting all TSA requirements. 2. Additional pocket: Our clear makeup bag organizer has an extra pocket for cotton discs, earplugs, and&hellip;","_links":{"self":[{"href":"https:\/\/pecbag.com\/it\/wp-json\/wp\/v2\/product\/4241","targetHints":{"allow":["GET"]}}],"collection":[{"href":"https:\/\/pecbag.com\/it\/wp-json\/wp\/v2\/product"}],"about":[{"href":"https:\/\/pecbag.com\/it\/wp-json\/wp\/v2\/types\/product"}],"wp:featuredmedia":[{"embeddable":true,"href":"https:\/\/pecbag.com\/it\/wp-json\/wp\/v2\/media\/4243"}],"wp:attachment":[{"href":"https:\/\/pecbag.com\/it\/wp-json\/wp\/v2\/media?parent=4241"}],"wp:term":[{"taxonomy":"product_brand","embeddable":true,"href":"https:\/\/pecbag.com\/it\/wp-json\/wp\/v2\/product_brand?post=4241"},{"taxonomy":"product_cat","embeddable":true,"href":"https:\/\/pecbag.com\/it\/wp-json\/wp\/v2\/product_cat?post=4241"},{"taxonomy":"product_tag","embeddable":true,"href":"https:\/\/pecbag.com\/it\/wp-json\/wp\/v2\/product_tag?post=4241"}],"curies":[{"name":"wp","href":"https:\/\/api.w.org\/{rel}","templated":true}]}}