{"id":4285,"date":"2025-07-02T06:12:44","date_gmt":"2025-07-02T06:12:44","guid":{"rendered":"https:\/\/pecbag.com\/?post_type=product&#038;p=4285"},"modified":"2025-11-29T01:13:52","modified_gmt":"2025-11-29T01:13:52","slug":"magazine-slots-tactical-duffle-bag-vendor","status":"publish","type":"product","link":"https:\/\/pecbag.com\/it\/magazine-slots-tactical-duffle-bag-vendor\/","title":{"rendered":"Slot per caricatori Borsone tattico Vendor"},"content":{"rendered":"<h5 title=\"Borsa pieghevole per cani Borsa a tracolla per animali domestici in rete traspirante per piccoli animali domestici cani gatti\" data-immersive-translate-walked=\"1c928421-2e42-4cd3-8754-5404553c0af5\" data-immersive-translate-paragraph=\"1\" data-spm-anchor-id=\"a2700.details.0.i35.4f6757d4w4zNZA\"><strong>Fessure per caricatori Borsa tattica Duffle Vendor | Fabbrica di borse impermeabili e zaini tattici Fornitore | Bulk pronto all'uso<\/strong><\/h5>\n<p>Avete bisogno di borsoni tattici con slot per caricatori specializzati per i distributori militari o di sicurezza? In qualit\u00e0 di fabbrica certificata di borse impermeabili e produttori di zaini tattici in Cina (Tactical Bag China), progettiamo borsoni pronti per le missioni con scomparti per munizioni ad accesso rapido, pannelli MOLLE e protezione sommergibile. Collaborate con il nostro produttore di borse tattiche per gli ordini di borse tattiche all'ingrosso - di cui si fidano i fornitori governativi e i venditori di borse tattiche di tutto il mondo.<\/p>\n<div class=\"flex flex-grow flex-col max-w-full\">\n<div class=\"min-h-[20px] text-message flex w-full flex-col items-end gap-2 whitespace-pre-wrap break-words [.text-message+&amp;]:mt-5 overflow-x-auto\" dir=\"auto\" data-message-author-role=\"assistant\" data-message-id=\"3d7d46f6-7ec2-4222-9257-48fa0bba23c6\" data-suggestions=\"true\">\n<div class=\"flex w-full flex-col gap-1 empty:hidden first:pt-[3px]\">\n<div class=\"markdown prose w-full break-words dark:prose-invert light\">\n<table width=\"288\">\n<tbody>\n<tr>\n<td width=\"137\"><span style=\"color: #333333;\">Nome dei prodotti<\/span><\/td>\n<td width=\"151\">Borsa tattica<\/td>\n<\/tr>\n<tr>\n<td><span style=\"color: #333333;\">Articolo n.<\/span><\/td>\n<td><span style=\"color: #333333;\">PB-2131<\/span><\/td>\n<\/tr>\n<tr>\n<td><span style=\"color: #333333;\">Materiale<\/span><\/td>\n<td>Poliestere 600D<\/td>\n<\/tr>\n<tr>\n<td><span style=\"color: #333333;\">Dimensione<\/span><\/td>\n<td>42 x 32 x 23 cm<\/td>\n<\/tr>\n<tr>\n<td><span style=\"color: #333333;\">\u00a0Tempi di consegna<\/span><\/td>\n<td><span style=\"color: #333333;\">1-5 giorni per la piccola quantit\u00e0 via aria e 30-35 giorni per la grande quantit\u00e0 via mare<\/span><\/td>\n<\/tr>\n<\/tbody>\n<\/table>\n<p class=\"ds-markdown-paragraph\">\u2705\u00a0<strong>Perch\u00e9 i distributori tattici ci scelgono:<\/strong><\/p>\n<ul>\n<li>\n<p class=\"ds-markdown-paragraph\"><strong>Design a ricarica rapida<\/strong>: Slot per caricatori dedicati (adatti a pi\u00f9 di 8 caricatori standard) + pannello di amministrazione a strappo<\/p>\n<\/li>\n<li>\n<p class=\"ds-markdown-paragraph\">Borsa tattica ODM\/OEM con servizi completi di private label per la borsa tattica<\/p>\n<\/li>\n<li>\n<p class=\"ds-markdown-paragraph\">Produzione di massa di borse tattiche a basso MOQ<\/p>\n<\/li>\n<li>\n<p class=\"ds-markdown-paragraph\">Esportazione discreta della borsa tattica dalla nostra fabbrica sicura di borse tattiche<\/p>\n<\/li>\n<li>\n<p class=\"ds-markdown-paragraph\">Producete anche Makeup Bag all'ingrosso per marchi commerciali<\/p>\n<\/li>\n<\/ul>\n<p class=\"ds-markdown-paragraph\">\ud83c\udf92\u00a0<strong>Caratteristiche collaudate sul campo:<\/strong><br \/>\n- Scomparto principale impermeabile IPX7 + gommini di drenaggio<br \/>\n- Nylon Cordura 1000D con fondo resistente all'abrasione<br \/>\n- Trasporto convertibile (spalla\/zaino\/maniglie)<br \/>\n- Configurazioni personalizzate degli slot tramiteTactical Bag OEM<\/p>\n<p class=\"ds-markdown-paragraph\">Ideale per le aziende di borse tattiche, i distributori di prodotti per la difesa e le reti di fornitori di borse tattiche. Richiedete oggi stesso i video dimostrativi GRATUITI del vostro fornitore di borse tattiche dedicato!<\/p>\n<\/div>\n<\/div>\n<\/div>\n<\/div>","protected":false},"excerpt":{"rendered":"<h2 data-immersive-translate-walked=\"344be1c1-5052-41eb-8fcd-0dbe236a0d6b\" data-immersive-translate-paragraph=\"1\">Slot per caricatori Borsone tattico Vendor<\/h2>\n<div class=\"sliderTable mt10 mb10 sliderTable-index0\">\n<div class=\"inner\">\n<p><strong>1. GRANDE CAPACIT\u00c0: <\/strong>La tasca anteriore con cerniera a 9 scomparti pu\u00f2 contenere riviste e paraorecchie. 2 tasche anteriori con fettuccia Molle, 2 tasche laterali con cerniera e 1 portabottiglie possono contenere telefono, portafoglio, munizioni, occhiali da tiro, bottiglie e cos\u00ec via. La tasca posteriore offre spazio per riporre gli accessori da tiro.<\/p>\n<p><strong>2. SISTEMA MOLLE: <\/strong>La fettuccia MOLLE frontale e laterale del borsone da poligono ne espande ulteriormente la capacit\u00e0 di stoccaggio e gli conferisce un aspetto elegante. \u00c8 possibile agganciare i sacchi e le attrezzature MOLLE per trasportare pi\u00f9 attrezzatura da poligono e altri elementi essenziali.<\/p>\n<\/div>\n<\/div>","protected":false},"featured_media":4286,"template":"","meta":{"_uag_custom_page_level_css":""},"product_brand":[],"product_cat":[55,63],"product_tag":[],"class_list":{"0":"post-4285","1":"product","2":"type-product","3":"status-publish","4":"has-post-thumbnail","6":"product_cat-tactical-bag","7":"product_cat-duffel-bag","9":"first","10":"instock","11":"shipping-taxable","12":"product-type-simple"},"uagb_featured_image_src":{"full":["https:\/\/pecbag.com\/wp-content\/uploads\/2025\/07\/Magazine-Slots-Tactical-Duffle-Bag-Vendor-6.jpg",800,800,false],"thumbnail":["https:\/\/pecbag.com\/wp-content\/uploads\/2025\/07\/Magazine-Slots-Tactical-Duffle-Bag-Vendor-6-150x150.jpg",150,150,true],"medium":["https:\/\/pecbag.com\/wp-content\/uploads\/2025\/07\/Magazine-Slots-Tactical-Duffle-Bag-Vendor-6-300x300.jpg",300,300,true],"medium_large":["https:\/\/pecbag.com\/wp-content\/uploads\/2025\/07\/Magazine-Slots-Tactical-Duffle-Bag-Vendor-6-768x768.jpg",768,768,true],"large":["https:\/\/pecbag.com\/wp-content\/uploads\/2025\/07\/Magazine-Slots-Tactical-Duffle-Bag-Vendor-6.jpg",800,800,false],"1536x1536":["https:\/\/pecbag.com\/wp-content\/uploads\/2025\/07\/Magazine-Slots-Tactical-Duffle-Bag-Vendor-6.jpg",800,800,false],"2048x2048":["https:\/\/pecbag.com\/wp-content\/uploads\/2025\/07\/Magazine-Slots-Tactical-Duffle-Bag-Vendor-6.jpg",800,800,false],"trp-custom-language-flag":["https:\/\/pecbag.com\/wp-content\/uploads\/2025\/07\/Magazine-Slots-Tactical-Duffle-Bag-Vendor-6-12x12.jpg",12,12,true],"woocommerce_thumbnail":["https:\/\/pecbag.com\/wp-content\/uploads\/2025\/07\/Magazine-Slots-Tactical-Duffle-Bag-Vendor-6-300x300.jpg",300,300,true],"woocommerce_single":["https:\/\/pecbag.com\/wp-content\/uploads\/2025\/07\/Magazine-Slots-Tactical-Duffle-Bag-Vendor-6-600x600.jpg",600,600,true],"woocommerce_gallery_thumbnail":["https:\/\/pecbag.com\/wp-content\/uploads\/2025\/07\/Magazine-Slots-Tactical-Duffle-Bag-Vendor-6-100x100.jpg",100,100,true]},"uagb_author_info":{"display_name":"Lawrence","author_link":"https:\/\/pecbag.com\/it\/author\/"},"uagb_comment_info":0,"uagb_excerpt":"Magazine Slots Tactical Duffle Bag Vendor 1. LARGE CAPACITY: The front zippered pocket with 9 slots can carry magazines and earmuffs. 2 front pockets with Molle webbing strap, 2 sides zipped pockets, and 1 bottle holder can carry your phone, wallet, ammo, shooting glasses, bottle, and so on. The back pocket also provides space to&hellip;","_links":{"self":[{"href":"https:\/\/pecbag.com\/it\/wp-json\/wp\/v2\/product\/4285","targetHints":{"allow":["GET"]}}],"collection":[{"href":"https:\/\/pecbag.com\/it\/wp-json\/wp\/v2\/product"}],"about":[{"href":"https:\/\/pecbag.com\/it\/wp-json\/wp\/v2\/types\/product"}],"wp:featuredmedia":[{"embeddable":true,"href":"https:\/\/pecbag.com\/it\/wp-json\/wp\/v2\/media\/4286"}],"wp:attachment":[{"href":"https:\/\/pecbag.com\/it\/wp-json\/wp\/v2\/media?parent=4285"}],"wp:term":[{"taxonomy":"product_brand","embeddable":true,"href":"https:\/\/pecbag.com\/it\/wp-json\/wp\/v2\/product_brand?post=4285"},{"taxonomy":"product_cat","embeddable":true,"href":"https:\/\/pecbag.com\/it\/wp-json\/wp\/v2\/product_cat?post=4285"},{"taxonomy":"product_tag","embeddable":true,"href":"https:\/\/pecbag.com\/it\/wp-json\/wp\/v2\/product_tag?post=4285"}],"curies":[{"name":"wp","href":"https:\/\/api.w.org\/{rel}","templated":true}]}}