{"id":4898,"date":"2025-07-18T01:36:07","date_gmt":"2025-07-18T01:36:07","guid":{"rendered":"https:\/\/pecbag.com\/?post_type=product&#038;p=4898"},"modified":"2025-11-28T09:32:04","modified_gmt":"2025-11-28T09:32:04","slug":"waterproof-camera-bag-manufacturer","status":"publish","type":"product","link":"https:\/\/pecbag.com\/it\/waterproof-camera-bag-manufacturer\/","title":{"rendered":"Borsa fotografica impermeabile Produttore"},"content":{"rendered":"<h5 title=\"Borsa pieghevole per cani Borsa a tracolla per animali domestici in rete traspirante per piccoli animali domestici cani gatti\" data-immersive-translate-walked=\"1c928421-2e42-4cd3-8754-5404553c0af5\" data-immersive-translate-paragraph=\"1\" data-spm-anchor-id=\"a2700.details.0.i35.4f6757d4w4zNZA\">Professional Backpack Manufacturer &amp; Waterproof Bag Factory | Expert Waterproof Camera Bag Manufacturer<\/h5>\n<div class=\"flex flex-grow flex-col max-w-full\">\n<div class=\"min-h-[20px] text-message flex w-full flex-col items-end gap-2 whitespace-pre-wrap break-words [.text-message+&amp;]:mt-5 overflow-x-auto\" dir=\"auto\" data-message-author-role=\"assistant\" data-message-id=\"3d7d46f6-7ec2-4222-9257-48fa0bba23c6\" data-suggestions=\"true\">\n<div class=\"flex w-full flex-col gap-1 empty:hidden first:pt-[3px]\">\n<div class=\"markdown prose w-full break-words dark:prose-invert light\">\n<p class=\"ds-markdown-paragraph\">Need rainproof gear for cameras?<\/p>\n<p class=\"ds-markdown-paragraph\">As an IPX6-certified\u00a0Waterproof Camera Bag Manufacturer\u00a0and\u00a0Backpack Manufacturer\u00a0in\u00a0Camera Bag China, we craft protective solutions for pro photographers. Partner with our\u00a0Camera Bag Company\u00a0for:<\/p>\n<table width=\"288\">\n<tbody>\n<tr>\n<td width=\"137\"><span style=\"color: #333333;\">Nome dei prodotti<\/span><\/td>\n<td width=\"151\">Borsa per fotocamera<\/td>\n<\/tr>\n<tr>\n<td><span style=\"color: #333333;\">Articolo n.<\/span><\/td>\n<td><span style=\"color: #333333;\">PB-2159<\/span><\/td>\n<\/tr>\n<tr>\n<td><span style=\"color: #333333;\">Materiale<\/span><\/td>\n<td>Poliestere 600D<\/td>\n<\/tr>\n<tr>\n<td><span style=\"color: #333333;\">Dimensione<\/span><\/td>\n<td>65 x 45 x 45 cm<\/td>\n<\/tr>\n<tr>\n<td><span style=\"color: #333333;\">\u00a0Tempi di consegna<\/span><\/td>\n<td><span style=\"color: #333333;\">1-5 giorni per la piccola quantit\u00e0 via aria e 30-35 giorni per la grande quantit\u00e0 via mare<\/span><\/td>\n<\/tr>\n<\/tbody>\n<\/table>\n<p class=\"ds-markdown-paragraph\">\u2705\u00a0<strong>Advanced Weather Protection<\/strong><br \/>\n100% waterproof\u00a0Camera Bags\u00a0with welded seams &amp; rainproof zippers &#8211;\u00a0Camera Bag bulk\u00a0orders from 200 units<\/p>\n<p class=\"ds-markdown-paragraph\">\u2705\u00a0<strong>Personalizzazione diretta in fabbrica<\/strong><br \/>\nCamera Bag ODM\/OEM\u00a0+\u00a0Private Label\u00a0with shockproof foam &amp; TSA locks (MOQ 200 pcs)<\/p>\n<p class=\"ds-markdown-paragraph\">\u2705\u00a0<strong>Produzione pronta per l'esportazione<\/strong><br \/>\nEsportazione senza soluzione di continuit\u00e0 della Camera Bag con i documenti di conformit\u00e0<\/p>\n<p class=\"ds-markdown-paragraph\"><strong>Manufacturer Advantages:<\/strong><br \/>\n\u2022\u00a0Camera Bag bulk\u00a0savings:\u00a0<strong>12% off 500+ units<\/strong><br \/>\n\u2022 7-day rapid prototyping<br \/>\n\u2022\u00a0Camera Bag Supplier\u00a0QC reports with pressure test videos<br \/>\n\u2022 30-day production for\u00a0Camera Bag wholesaler\u00a0programs<\/p>\n<p class=\"ds-markdown-paragraph\">Your trusted\u00a0Camera Bag vendor\u00a0&#8211; from\u00a0Waterproof Camera Bag Manufacturer\u00a0to global delivery.<\/p>\n<p class=\"ds-markdown-paragraph\">Request a waterproof test report!<\/p>\n<\/div>\n<\/div>\n<\/div>\n<\/div>","protected":false},"excerpt":{"rendered":"<h2 class=\"this-description-name\">Borsa fotografica impermeabile Produttore<\/h2>\n<div class=\"sliderTable mt10 mb10 sliderTable-index0\">\n<div class=\"inner\">\n<p>1. DESIGN COMPATTO MA CAPACIT\u00c0 SUFFICIENTE Questa borsa per fotocamera e obiettivi offre 7 vani con 6 divisori imbottiti e rimovibili e 1 cinghia di sicurezza, che possono contenere 1 fotocamera e 6 obiettivi, mentre \u00e8 possibile autocostruirsi lo spazio interno rimuovendo i divisori spessi in base alla propria attrezzatura. All'interno, \u00e8 presente una custodia dedicata per un laptop da 13\u2033 o un tablet\/iPad. Zaini fotografici professionali TARION per fotografi<\/p>\n<p>2. Il treppiede o il monopiede possono essere fissati al fondo della borsa per fotocamera DLSR con cinghie che non alterano il centro di gravit\u00e0 perch\u00e9 il peso del treppiede e dello zaino \u00e8 distribuito uniformemente, il che favorisce il comfort durante il trasporto. La parte anteriore dello zaino per fotocamera \u00e8 dotata di una tasca con cerniera per gli accessori. Tasche in rete su entrambi i lati per una bottiglia e un ombrello.<\/p>\n<\/div>\n<\/div>","protected":false},"featured_media":4902,"template":"","meta":{"_uag_custom_page_level_css":""},"product_brand":[],"product_cat":[70],"product_tag":[],"class_list":{"0":"post-4898","1":"product","2":"type-product","3":"status-publish","4":"has-post-thumbnail","6":"product_cat-camera-bag","8":"first","9":"instock","10":"shipping-taxable","11":"product-type-simple"},"uagb_featured_image_src":{"full":["https:\/\/pecbag.com\/wp-content\/uploads\/2025\/07\/Waterproof-Camera-Bag-Manufacturer-5.jpg",1322,1500,false],"thumbnail":["https:\/\/pecbag.com\/wp-content\/uploads\/2025\/07\/Waterproof-Camera-Bag-Manufacturer-5-150x150.jpg",150,150,true],"medium":["https:\/\/pecbag.com\/wp-content\/uploads\/2025\/07\/Waterproof-Camera-Bag-Manufacturer-5-264x300.jpg",264,300,true],"medium_large":["https:\/\/pecbag.com\/wp-content\/uploads\/2025\/07\/Waterproof-Camera-Bag-Manufacturer-5-768x871.jpg",768,871,true],"large":["https:\/\/pecbag.com\/wp-content\/uploads\/2025\/07\/Waterproof-Camera-Bag-Manufacturer-5-902x1024.jpg",800,908,true],"1536x1536":["https:\/\/pecbag.com\/wp-content\/uploads\/2025\/07\/Waterproof-Camera-Bag-Manufacturer-5.jpg",1322,1500,false],"2048x2048":["https:\/\/pecbag.com\/wp-content\/uploads\/2025\/07\/Waterproof-Camera-Bag-Manufacturer-5.jpg",1322,1500,false],"trp-custom-language-flag":["https:\/\/pecbag.com\/wp-content\/uploads\/2025\/07\/Waterproof-Camera-Bag-Manufacturer-5-11x12.jpg",11,12,true],"woocommerce_thumbnail":["https:\/\/pecbag.com\/wp-content\/uploads\/2025\/07\/Waterproof-Camera-Bag-Manufacturer-5-300x300.jpg",300,300,true],"woocommerce_single":["https:\/\/pecbag.com\/wp-content\/uploads\/2025\/07\/Waterproof-Camera-Bag-Manufacturer-5-600x681.jpg",600,681,true],"woocommerce_gallery_thumbnail":["https:\/\/pecbag.com\/wp-content\/uploads\/2025\/07\/Waterproof-Camera-Bag-Manufacturer-5-100x100.jpg",100,100,true]},"uagb_author_info":{"display_name":"Lawrence","author_link":"https:\/\/pecbag.com\/it\/author\/"},"uagb_comment_info":0,"uagb_excerpt":"Waterproof Camera Bag Manufacturer 1. \u3010COMPACT DESIGN BUT ENOUGH CAPACITY\u3011 This camera and lens bag provides 7 rooms with 6 pieces of padded, removable dividers and 1 security strap, which can hold 1 camera and 6 lenses, while you can DIY the inner space by removing the thick dividers based on your equipment. Inside, there&hellip;","_links":{"self":[{"href":"https:\/\/pecbag.com\/it\/wp-json\/wp\/v2\/product\/4898","targetHints":{"allow":["GET"]}}],"collection":[{"href":"https:\/\/pecbag.com\/it\/wp-json\/wp\/v2\/product"}],"about":[{"href":"https:\/\/pecbag.com\/it\/wp-json\/wp\/v2\/types\/product"}],"wp:featuredmedia":[{"embeddable":true,"href":"https:\/\/pecbag.com\/it\/wp-json\/wp\/v2\/media\/4902"}],"wp:attachment":[{"href":"https:\/\/pecbag.com\/it\/wp-json\/wp\/v2\/media?parent=4898"}],"wp:term":[{"taxonomy":"product_brand","embeddable":true,"href":"https:\/\/pecbag.com\/it\/wp-json\/wp\/v2\/product_brand?post=4898"},{"taxonomy":"product_cat","embeddable":true,"href":"https:\/\/pecbag.com\/it\/wp-json\/wp\/v2\/product_cat?post=4898"},{"taxonomy":"product_tag","embeddable":true,"href":"https:\/\/pecbag.com\/it\/wp-json\/wp\/v2\/product_tag?post=4898"}],"curies":[{"name":"wp","href":"https:\/\/api.w.org\/{rel}","templated":true}]}}