{"id":5067,"date":"2025-07-22T02:22:29","date_gmt":"2025-07-22T02:22:29","guid":{"rendered":"https:\/\/pecbag.com\/?post_type=product&#038;p=5067"},"modified":"2025-11-28T09:29:48","modified_gmt":"2025-11-28T09:29:48","slug":"tactical-messenger-bag-factory","status":"publish","type":"product","link":"https:\/\/pecbag.com\/it\/tactical-messenger-bag-factory\/","title":{"rendered":"Fabbrica di borse messenger tattiche"},"content":{"rendered":"<h5 title=\"Borsa pieghevole per cani Borsa a tracolla per animali domestici in rete traspirante per piccoli animali domestici cani gatti\" data-immersive-translate-walked=\"1c928421-2e42-4cd3-8754-5404553c0af5\" data-immersive-translate-paragraph=\"1\" data-spm-anchor-id=\"a2700.details.0.i35.4f6757d4w4zNZA\">Produttore di zaini di livello militare e fabbrica di borse impermeabili | Fabbrica di borse messenger tattiche esperte<\/h5>\n<div class=\"flex flex-grow flex-col max-w-full\">\n<div class=\"min-h-[20px] text-message flex w-full flex-col items-end gap-2 whitespace-pre-wrap break-words [.text-message+&amp;]:mt-5 overflow-x-auto\" dir=\"auto\" data-message-author-role=\"assistant\" data-message-id=\"3d7d46f6-7ec2-4222-9257-48fa0bba23c6\" data-suggestions=\"true\">\n<div class=\"flex w-full flex-col gap-1 empty:hidden first:pt-[3px]\">\n<div class=\"markdown prose w-full break-words dark:prose-invert light\">\n<p class=\"ds-markdown-paragraph\">Avete bisogno di borse tattiche pronte per la battaglia?<\/p>\n<p class=\"ds-markdown-paragraph\">In qualit\u00e0 di fabbrica certificata di borse messenger tattiche e di borse impermeabili in Cina, produciamo attrezzature MIL-SPEC per le agenzie globali. Collaborate con la nostra azienda di borse messenger per:<\/p>\n<table width=\"288\">\n<tbody>\n<tr>\n<td width=\"137\"><span style=\"color: #333333;\">Nome dei prodotti<\/span><\/td>\n<td width=\"151\">Borsa messenger<\/td>\n<\/tr>\n<tr>\n<td><span style=\"color: #333333;\">Articolo n.<\/span><\/td>\n<td><span style=\"color: #333333;\">PB-2163<\/span><\/td>\n<\/tr>\n<tr>\n<td><span style=\"color: #333333;\">Materiale<\/span><\/td>\n<td>Poliestere<\/td>\n<\/tr>\n<tr>\n<td><span style=\"color: #333333;\">Dimensione<\/span><\/td>\n<td>20,47 x 13,39 x 9,06 pollici<\/td>\n<\/tr>\n<tr>\n<td><span style=\"color: #333333;\">\u00a0Tempi di consegna<\/span><\/td>\n<td><span style=\"color: #333333;\">1-5 giorni per la piccola quantit\u00e0 via aria e 30-35 giorni per la grande quantit\u00e0 via mare<\/span><\/td>\n<\/tr>\n<\/tbody>\n<\/table>\n<p class=\"ds-markdown-paragraph\">\u2705\u00a0<strong>Superiorit\u00e0 tattica<\/strong><\/p>\n<ul>\n<li>\n<p class=\"ds-markdown-paragraph\">Borse messenger tattiche in Cordura\u00ae 1000D con fettuccia MOLLE<\/p>\n<\/li>\n<li>\n<p class=\"ds-markdown-paragraph\">Cerniere resistenti alle intemperie e tasche con blocco RFID<\/p>\n<\/li>\n<li>\n<p class=\"ds-markdown-paragraph\">Borsa Messenger ordini all'ingrosso a partire da 300 unit\u00e0<\/p>\n<\/li>\n<\/ul>\n<p class=\"ds-markdown-paragraph\">\u2705\u00a0<strong>Personalizzazione di livello difensivo<\/strong><br \/>\nBorsa messenger ODM\/OEM + etichetta privata<br \/>\nToppe\/PALS personalizzate (MOQ 300 pezzi)<\/p>\n<p class=\"ds-markdown-paragraph\">\u2705\u00a0<strong>Pronti per la distribuzione globale<\/strong><br \/>\nBorsa Messenger conforme all'esportazione con documentazione ITAR<\/p>\n<p class=\"ds-markdown-paragraph\"><strong>Vantaggi della fabbrica:<\/strong><br \/>\n- Prezzo all'ingrosso della borsa Messenger: 20% su oltre 500 unit\u00e0<br \/>\n- Prototipazione di 7 giorni con test balistici<br \/>\n- Messenger Bag Portale dei fornitori: Video QC in tempo reale<br \/>\n- Produzione di 30 giorni per i programmi di vendita all'ingrosso di borse Messenger<\/p>\n<p class=\"ds-markdown-paragraph\">Il vostro fornitore di borse messenger mission-critical: dalla fabbrica di borse messenger tattiche alla consegna sul campo.<\/p>\n<p class=\"ds-markdown-paragraph\">Richiedete il rapporto di prova MIL-STD-810G!<\/p>\n<\/div>\n<\/div>\n<\/div>\n<\/div>","protected":false},"excerpt":{"rendered":"<h2 class=\"this-description-name\">Fabbrica di borse messenger tattiche<\/h2>\n<div class=\"sliderTable mt10 mb10 sliderTable-index0\">\n<div class=\"inner\">\n<p>1. <strong>VARI MODI DI TRASPORTARE<\/strong>: La tracolla imbottita regolabile e la maniglia superiore in pelle ti aiutano a trasportare facilmente e comodamente Questa borsa da lavoro pu\u00f2 essere utilizzata non solo come borsa a tracolla messenger\/crossbody, ma anche come valigetta per laptop\/borsa da lavoro\/borsa a cartella\/borsa per insegnanti.<\/p>\n<p>2. <strong>DESIGN MULTIFUNZIONALE<\/strong>: La borsa per computer \u00e8 particolarmente adatta a chi lavora all'universit\u00e0, in ufficio, al lavoro e a chi ha bisogno di trasportare quotidianamente un computer portatile e altri accessori. Pu\u00f2 essere utilizzata anche come borsa a tracolla da viaggio o come borsa per fotocamera DSLR con un inserto imbottito.<\/p>\n<\/div>\n<\/div>","protected":false},"featured_media":5071,"template":"","meta":{"_uag_custom_page_level_css":""},"product_brand":[],"product_cat":[65,64],"product_tag":[],"class_list":{"0":"post-5067","1":"product","2":"type-product","3":"status-publish","4":"has-post-thumbnail","6":"product_cat-messenger-bag","7":"product_cat-shoulder-bag","9":"first","10":"instock","11":"shipping-taxable","12":"product-type-simple"},"uagb_featured_image_src":{"full":["https:\/\/pecbag.com\/wp-content\/uploads\/2025\/07\/Tactical-Messenger-Bag-Factory-6.jpg",1500,1500,false],"thumbnail":["https:\/\/pecbag.com\/wp-content\/uploads\/2025\/07\/Tactical-Messenger-Bag-Factory-6-150x150.jpg",150,150,true],"medium":["https:\/\/pecbag.com\/wp-content\/uploads\/2025\/07\/Tactical-Messenger-Bag-Factory-6-300x300.jpg",300,300,true],"medium_large":["https:\/\/pecbag.com\/wp-content\/uploads\/2025\/07\/Tactical-Messenger-Bag-Factory-6-768x768.jpg",768,768,true],"large":["https:\/\/pecbag.com\/wp-content\/uploads\/2025\/07\/Tactical-Messenger-Bag-Factory-6-1024x1024.jpg",800,800,true],"1536x1536":["https:\/\/pecbag.com\/wp-content\/uploads\/2025\/07\/Tactical-Messenger-Bag-Factory-6.jpg",1500,1500,false],"2048x2048":["https:\/\/pecbag.com\/wp-content\/uploads\/2025\/07\/Tactical-Messenger-Bag-Factory-6.jpg",1500,1500,false],"trp-custom-language-flag":["https:\/\/pecbag.com\/wp-content\/uploads\/2025\/07\/Tactical-Messenger-Bag-Factory-6-12x12.jpg",12,12,true],"woocommerce_thumbnail":["https:\/\/pecbag.com\/wp-content\/uploads\/2025\/07\/Tactical-Messenger-Bag-Factory-6-300x300.jpg",300,300,true],"woocommerce_single":["https:\/\/pecbag.com\/wp-content\/uploads\/2025\/07\/Tactical-Messenger-Bag-Factory-6-600x600.jpg",600,600,true],"woocommerce_gallery_thumbnail":["https:\/\/pecbag.com\/wp-content\/uploads\/2025\/07\/Tactical-Messenger-Bag-Factory-6-100x100.jpg",100,100,true]},"uagb_author_info":{"display_name":"Lawrence","author_link":"https:\/\/pecbag.com\/it\/author\/"},"uagb_comment_info":0,"uagb_excerpt":"Tactical Messenger Bag Factory 1. VARIOUS WAYS TO CARRY: Adjustable Padded shoulder strap and leather top handle help you carry easily &amp; comfortably to carry This works bag can be used not only as a messenger shoulder bag\/crossbody bag, but laptop briefcase\/commute bag\/satchel bag\/teacher bag. 2. MULTIFUNCTIONAL DESIGN: The computer bag is particularly designed for&hellip;","_links":{"self":[{"href":"https:\/\/pecbag.com\/it\/wp-json\/wp\/v2\/product\/5067","targetHints":{"allow":["GET"]}}],"collection":[{"href":"https:\/\/pecbag.com\/it\/wp-json\/wp\/v2\/product"}],"about":[{"href":"https:\/\/pecbag.com\/it\/wp-json\/wp\/v2\/types\/product"}],"wp:featuredmedia":[{"embeddable":true,"href":"https:\/\/pecbag.com\/it\/wp-json\/wp\/v2\/media\/5071"}],"wp:attachment":[{"href":"https:\/\/pecbag.com\/it\/wp-json\/wp\/v2\/media?parent=5067"}],"wp:term":[{"taxonomy":"product_brand","embeddable":true,"href":"https:\/\/pecbag.com\/it\/wp-json\/wp\/v2\/product_brand?post=5067"},{"taxonomy":"product_cat","embeddable":true,"href":"https:\/\/pecbag.com\/it\/wp-json\/wp\/v2\/product_cat?post=5067"},{"taxonomy":"product_tag","embeddable":true,"href":"https:\/\/pecbag.com\/it\/wp-json\/wp\/v2\/product_tag?post=5067"}],"curies":[{"name":"wp","href":"https:\/\/api.w.org\/{rel}","templated":true}]}}