{"id":1464,"date":"2025-04-11T09:47:54","date_gmt":"2025-04-11T09:47:54","guid":{"rendered":"https:\/\/pecbag.com\/?post_type=product&#038;p=1464"},"modified":"2025-11-29T02:11:12","modified_gmt":"2025-11-29T02:11:12","slug":"cosmetic-bag-manufacturer","status":"publish","type":"product","link":"https:\/\/pecbag.com\/pl\/cosmetic-bag-manufacturer\/","title":{"rendered":"Producent kosmetyczek"},"content":{"rendered":"<h2 title=\"Sk\u0142adana torba dla psa Oddychaj\u0105ca siatkowa torba na rami\u0119 dla ma\u0142ych ps\u00f3w i kot\u00f3w\" data-immersive-translate-walked=\"1c928421-2e42-4cd3-8754-5404553c0af5\" data-immersive-translate-paragraph=\"1\" data-spm-anchor-id=\"a2700.details.0.i35.4f6757d4w4zNZA\">Najlepszy hurtowy producent kosmetyczek | Niestandardowe torby do makija\u017cu Factory Direct<\/h2>\n<div class=\"flex flex-grow flex-col max-w-full\">\n<div class=\"min-h-[20px] text-message flex w-full flex-col items-end gap-2 whitespace-pre-wrap break-words [.text-message+&amp;]:mt-5 overflow-x-auto\" dir=\"auto\" data-message-author-role=\"assistant\" data-message-id=\"3d7d46f6-7ec2-4222-9257-48fa0bba23c6\" data-suggestions=\"true\">\n<div class=\"flex w-full flex-col gap-1 empty:hidden first:pt-[3px]\">\n<div class=\"markdown prose w-full break-words dark:prose-invert light\">\n<p>Potrzebujesz zaufanego <strong>producent kosmetyczek<\/strong>? Oferujemy ceny hurtowe, projekty zgodne z FDA i szybkie zam\u00f3wienia MOQ. Dostosuj woreczki do makija\u017cu dla marek kosmetycznych, hoteli i sprzedawc\u00f3w detalicznych. Bezp\u0142atne pr\u00f3bki!<\/p>\n<table width=\"288\">\n<tbody>\n<tr>\n<td width=\"137\"><span style=\"color: #333333;\">Nazwa produktu<\/span><\/td>\n<td width=\"151\"><span style=\"color: #333333;\">Kosmetyczka<\/span><\/td>\n<\/tr>\n<tr>\n<td><span style=\"color: #333333;\">Pozycja nr.<\/span><\/td>\n<td><span style=\"color: #333333;\">PB-2008<\/span><\/td>\n<\/tr>\n<tr>\n<td><span style=\"color: #333333;\">Materia\u0142<\/span><\/td>\n<td><span style=\"color: #333333;\">Bawe\u0142na, poliester, polar<\/span><\/td>\n<\/tr>\n<tr>\n<td><span style=\"color: #333333;\">\u00a0Rozmiar i kolor<\/span><\/td>\n<td><span style=\"color: #333333;\">Dostosowane<\/span><\/td>\n<\/tr>\n<tr>\n<td><span style=\"color: #333333;\">\u00a0Czas dostawy<\/span><\/td>\n<td><span style=\"color: #333333;\">1-5 dni dla ma\u0142ych ilo\u015bci drog\u0105 lotnicz\u0105 i 30-35 dni dla du\u017cych ilo\u015bci drog\u0105 morsk\u0105<\/span><\/td>\n<\/tr>\n<\/tbody>\n<\/table>\n<p>Jako wiod\u0105cy <strong>producent kosmetyczek w Chinach<\/strong>Tworzymy stylowe i funkcjonalne torby do makija\u017cu dla sprzedawc\u00f3w Sephora, luksusowych hoteli i marek organicznej piel\u0119gnacji sk\u00f3ry. Nasza fabryka specjalizuje si\u0119 w:<br \/>\n\u2705 <strong>Elastyczno\u015b\u0107 sprzeda\u017cy hurtowej<\/strong>: MOQ zaczyna si\u0119 od 300 sztuk<br \/>\n\u2705 <strong>Inteligentne dostosowywanie<\/strong>: Dodaj logo, wega\u0144sk\u0105 sk\u00f3r\u0119 lub kieszenie RFID<br \/>\n\u2705 <strong>Materia\u0142y premium<\/strong>: Wodoodporne podszewki, zamki b\u0142yskawiczne YKK, tkaniny z certyfikatem OEKO-TEX\u00ae<\/p>\n<p><strong>Dlaczego wybieraj\u0105 nas globalne marki kosmetyczne?<\/strong><\/p>\n<ul>\n<li><strong>15-dniowe pobieranie pr\u00f3bek<\/strong>: Uzyskaj fizyczne prototypy ze swoim brandingiem<\/li>\n<li><strong>Certyfikowane bezpiecze\u0144stwo<\/strong>: Zgodno\u015b\u0107 z FDA\/UE + 6-stopniowa kontrola jako\u015bci<\/li>\n<li><strong>\u015awiadomy ekologicznie<\/strong>: Poliester z recyklingu i biodegradowalne opakowanie<\/li>\n<\/ul>\n<p><strong>Idealny dla:<\/strong><\/p>\n<ul>\n<li>Pude\u0142ka subskrypcyjne na kosmetyki do makija\u017cu * Zestawy upominkowe do spa * Apteczne zestawy podr\u00f3\u017cne<\/li>\n<\/ul>\n<p><strong>Rozpocznij sw\u00f3j projekt ju\u017c dzi\u015b:<\/strong><br \/>\nDarmowe makiety projekt\u00f3w 3D<br \/>\nGwarancja wodoodporno\u015bci i odporno\u015bci na zarysowania<br \/>\n20-dniowa produkcja z wysy\u0142k\u0105 DHL<\/p>\n<\/div>\n<\/div>\n<\/div>\n<\/div>","protected":false},"excerpt":{"rendered":"<h2 data-immersive-translate-walked=\"344be1c1-5052-41eb-8fcd-0dbe236a0d6b\" data-immersive-translate-paragraph=\"1\">Producent kosmetyczek<\/h2>\n<p>Zapewniamy torby premium z pe\u0142n\u0105 personalizacj\u0105 rozmiaru i koloru, trwa\u0142ymi materia\u0142ami i certyfikowan\u0105 jako\u015bci\u0105.<\/p>\n<p>Korzystaj z elastycznych MOQ, szybkiej globalnej wysy\u0142ki i rozwi\u0105za\u0144 marek w\u0142asnych.<\/p>\n<p>Skontaktuj si\u0119 z nami ju\u017c dzi\u015b!<\/p>","protected":false},"featured_media":1467,"template":"","meta":{"_uag_custom_page_level_css":""},"product_brand":[],"product_cat":[53],"product_tag":[],"class_list":{"0":"post-1464","1":"product","2":"type-product","3":"status-publish","4":"has-post-thumbnail","6":"product_cat-makeup-bag","8":"first","9":"instock","10":"shipping-taxable","11":"product-type-simple"},"uagb_featured_image_src":{"full":["https:\/\/pecbag.com\/wp-content\/uploads\/2025\/04\/Cosmetic-Bag-Manufacturer-1.jpg",600,600,false],"thumbnail":["https:\/\/pecbag.com\/wp-content\/uploads\/2025\/04\/Cosmetic-Bag-Manufacturer-1-150x150.jpg",150,150,true],"medium":["https:\/\/pecbag.com\/wp-content\/uploads\/2025\/04\/Cosmetic-Bag-Manufacturer-1-300x300.jpg",300,300,true],"medium_large":["https:\/\/pecbag.com\/wp-content\/uploads\/2025\/04\/Cosmetic-Bag-Manufacturer-1.jpg",600,600,false],"large":["https:\/\/pecbag.com\/wp-content\/uploads\/2025\/04\/Cosmetic-Bag-Manufacturer-1.jpg",600,600,false],"1536x1536":["https:\/\/pecbag.com\/wp-content\/uploads\/2025\/04\/Cosmetic-Bag-Manufacturer-1.jpg",600,600,false],"2048x2048":["https:\/\/pecbag.com\/wp-content\/uploads\/2025\/04\/Cosmetic-Bag-Manufacturer-1.jpg",600,600,false],"trp-custom-language-flag":["https:\/\/pecbag.com\/wp-content\/uploads\/2025\/04\/Cosmetic-Bag-Manufacturer-1.jpg",12,12,false],"woocommerce_thumbnail":["https:\/\/pecbag.com\/wp-content\/uploads\/2025\/04\/Cosmetic-Bag-Manufacturer-1-300x300.jpg",300,300,true],"woocommerce_single":["https:\/\/pecbag.com\/wp-content\/uploads\/2025\/04\/Cosmetic-Bag-Manufacturer-1.jpg",600,600,false],"woocommerce_gallery_thumbnail":["https:\/\/pecbag.com\/wp-content\/uploads\/2025\/04\/Cosmetic-Bag-Manufacturer-1-100x100.jpg",100,100,true]},"uagb_author_info":{"display_name":"Lawrence","author_link":"https:\/\/pecbag.com\/pl\/author\/"},"uagb_comment_info":0,"uagb_excerpt":"Cosmetic Bag Manufacturer We provide premium bag with full-size and color customization, durable fabrics, and certified quality. Enjoy flexible MOQs, fast global shipping, and private label solutions. Contact us today!","_links":{"self":[{"href":"https:\/\/pecbag.com\/pl\/wp-json\/wp\/v2\/product\/1464","targetHints":{"allow":["GET"]}}],"collection":[{"href":"https:\/\/pecbag.com\/pl\/wp-json\/wp\/v2\/product"}],"about":[{"href":"https:\/\/pecbag.com\/pl\/wp-json\/wp\/v2\/types\/product"}],"wp:featuredmedia":[{"embeddable":true,"href":"https:\/\/pecbag.com\/pl\/wp-json\/wp\/v2\/media\/1467"}],"wp:attachment":[{"href":"https:\/\/pecbag.com\/pl\/wp-json\/wp\/v2\/media?parent=1464"}],"wp:term":[{"taxonomy":"product_brand","embeddable":true,"href":"https:\/\/pecbag.com\/pl\/wp-json\/wp\/v2\/product_brand?post=1464"},{"taxonomy":"product_cat","embeddable":true,"href":"https:\/\/pecbag.com\/pl\/wp-json\/wp\/v2\/product_cat?post=1464"},{"taxonomy":"product_tag","embeddable":true,"href":"https:\/\/pecbag.com\/pl\/wp-json\/wp\/v2\/product_tag?post=1464"}],"curies":[{"name":"wp","href":"https:\/\/api.w.org\/{rel}","templated":true}]}}