{"id":1503,"date":"2025-04-12T01:17:32","date_gmt":"2025-04-12T01:17:32","guid":{"rendered":"https:\/\/pecbag.com\/?post_type=product&#038;p=1503"},"modified":"2025-11-29T02:10:44","modified_gmt":"2025-11-29T02:10:44","slug":"sport-fishing-bag-factories","status":"publish","type":"product","link":"https:\/\/pecbag.com\/pl\/sport-fishing-bag-factories\/","title":{"rendered":"Fabryki sportowych toreb w\u0119dkarskich"},"content":{"rendered":"<h2 title=\"Sk\u0142adana torba dla psa Oddychaj\u0105ca siatkowa torba na rami\u0119 dla ma\u0142ych ps\u00f3w i kot\u00f3w\" data-immersive-translate-walked=\"1c928421-2e42-4cd3-8754-5404553c0af5\" data-immersive-translate-paragraph=\"1\" data-spm-anchor-id=\"a2700.details.0.i35.4f6757d4w4zNZA\">Najlepsze hurtownie sportowych toreb w\u0119dkarskich | Wzory fabryczne i odporne na s\u0142on\u0105 wod\u0119<\/h2>\n<div class=\"flex flex-grow flex-col max-w-full\">\n<div class=\"min-h-[20px] text-message flex w-full flex-col items-end gap-2 whitespace-pre-wrap break-words [.text-message+&amp;]:mt-5 overflow-x-auto\" dir=\"auto\" data-message-author-role=\"assistant\" data-message-id=\"3d7d46f6-7ec2-4222-9257-48fa0bba23c6\" data-suggestions=\"true\">\n<div class=\"flex w-full flex-col gap-1 empty:hidden first:pt-[3px]\">\n<div class=\"markdown prose w-full break-words dark:prose-invert light\">\n<p>Potrzeba trwa\u0142o\u015bci <strong>fabryki sportowych toreb w\u0119dkarskich<\/strong>? Produkujemy wodoodporne, niestandardowe torby na sprz\u0119t dla morskich marek w\u0119dkarskich. Ceny hurtowe, szybkie zam\u00f3wienia MOQ i globalna wysy\u0142ka. Zam\u00f3w bezp\u0142atne pr\u00f3bki ju\u017c teraz!<\/p>\n<table width=\"288\">\n<tbody>\n<tr>\n<td width=\"137\"><span style=\"color: #333333;\">Nazwa produktu<\/span><\/td>\n<td width=\"151\">Torba w\u0119dkarska<\/td>\n<\/tr>\n<tr>\n<td><span style=\"color: #333333;\">Pozycja nr.<\/span><\/td>\n<td><span style=\"color: #333333;\">PB-2012<\/span><\/td>\n<\/tr>\n<tr>\n<td><span style=\"color: #333333;\">Materia\u0142<\/span><\/td>\n<td>600D poliester<\/td>\n<\/tr>\n<tr>\n<td><span style=\"color: #333333;\">Rozmiar<\/span><\/td>\n<td>30*15*20cm<\/td>\n<\/tr>\n<tr>\n<td><span style=\"color: #333333;\">\u00a0Czas dostawy<\/span><\/td>\n<td><span style=\"color: #333333;\">1-5 dni dla ma\u0142ych ilo\u015bci drog\u0105 lotnicz\u0105 i 30-35 dni dla du\u017cych ilo\u015bci drog\u0105 morsk\u0105<\/span><\/td>\n<\/tr>\n<\/tbody>\n<\/table>\n<p>Jako zaufany <strong>fabryki sportowych toreb w\u0119dkarskich w Chinach<\/strong>Projektujemy wytrzyma\u0142e rozwi\u0105zania do przechowywania sprz\u0119tu dla marin, profesjonalnych w\u0119dkarzy i sprzedawc\u00f3w detalicznych. Nasza fabryka dostarcza:<br \/>\n\u2705 <strong>Wholesale Ready<\/strong>: MOQ 300 sztuk z rabatami hurtowymi<br \/>\n\u2705 <strong>Inteligentne dostosowywanie<\/strong>: Dodaj uchwyty na w\u0119dki, wodoodporne pokrowce lub paski do monta\u017cu na \u0142odzi<br \/>\n\u2705 <strong>Wytrzyma\u0142y na s\u0142on\u0105 wod\u0119<\/strong>: Nylon 1000D + odporne na korozj\u0119 zamki b\u0142yskawiczne + pow\u0142oka odporna na promieniowanie UV<\/p>\n<p><strong>Dlaczego marki w\u0119dkarskie wybieraj\u0105 nas:<\/strong><\/p>\n<ul>\n<li><strong>Ponad 20 lat do\u015bwiadczenia<\/strong>: Wsp\u00f3\u0142praca z dostawcami Shimano i Penn<\/li>\n<li><strong>Certyfikowana wytrzyma\u0142o\u015b\u0107<\/strong>: Stopie\u0144 wodoodporno\u015bci IPX6 i ponad 50 000 cykli zamka b\u0142yskawicznego<\/li>\n<li><strong>Szybka logistyka<\/strong>: 15-dniowa produkcja + wysy\u0142ka drog\u0105 powietrzn\u0105\/morsk\u0105 do centr\u00f3w przybrze\u017cnych<\/li>\n<\/ul>\n<p><strong>Idealny dla:<\/strong><\/p>\n<ul>\n<li>Czartery dalekomorskie * Organizatorzy turniej\u00f3w w\u0119dkarskich * Sklepy ze sprz\u0119tem morskim<\/li>\n<\/ul>\n<p><strong>Zaczep sw\u00f3j idealny projekt ju\u017c dzi\u015b:<\/strong><br \/>\nDarmowe makiety 3D z Twoim brandingiem<br \/>\nAntypo\u015blizgowa podstawa i nierdzewne okucia<br \/>\nZni\u017cki przy zam\u00f3wieniach powy\u017cej 1000 sztuk<\/p>\n<\/div>\n<\/div>\n<\/div>\n<\/div>","protected":false},"excerpt":{"rendered":"<h2 data-immersive-translate-walked=\"344be1c1-5052-41eb-8fcd-0dbe236a0d6b\" data-immersive-translate-paragraph=\"1\">Fabryki sportowych toreb w\u0119dkarskich<\/h2>\n<p>Zapewniamy torby premium z pe\u0142n\u0105 personalizacj\u0105 rozmiaru i koloru, trwa\u0142ymi materia\u0142ami i certyfikowan\u0105 jako\u015bci\u0105.<\/p>\n<p>Korzystaj z elastycznych MOQ, szybkiej globalnej wysy\u0142ki i rozwi\u0105za\u0144 marek w\u0142asnych.<\/p>\n<p>Skontaktuj si\u0119 z nami ju\u017c dzi\u015b!<\/p>","protected":false},"featured_media":1509,"template":"","meta":{"_uag_custom_page_level_css":""},"product_brand":[],"product_cat":[46],"product_tag":[],"class_list":{"0":"post-1503","1":"product","2":"type-product","3":"status-publish","4":"has-post-thumbnail","6":"product_cat-fishing-bag","8":"first","9":"instock","10":"shipping-taxable","11":"product-type-simple"},"uagb_featured_image_src":{"full":["https:\/\/pecbag.com\/wp-content\/uploads\/2025\/04\/Sport-Fishing-Bag-Factories-2-scaled.jpg",2560,1920,false],"thumbnail":["https:\/\/pecbag.com\/wp-content\/uploads\/2025\/04\/Sport-Fishing-Bag-Factories-2-150x150.jpg",150,150,true],"medium":["https:\/\/pecbag.com\/wp-content\/uploads\/2025\/04\/Sport-Fishing-Bag-Factories-2-300x225.jpg",300,225,true],"medium_large":["https:\/\/pecbag.com\/wp-content\/uploads\/2025\/04\/Sport-Fishing-Bag-Factories-2-768x576.jpg",768,576,true],"large":["https:\/\/pecbag.com\/wp-content\/uploads\/2025\/04\/Sport-Fishing-Bag-Factories-2-1024x768.jpg",800,600,true],"1536x1536":["https:\/\/pecbag.com\/wp-content\/uploads\/2025\/04\/Sport-Fishing-Bag-Factories-2-1536x1152.jpg",1536,1152,true],"2048x2048":["https:\/\/pecbag.com\/wp-content\/uploads\/2025\/04\/Sport-Fishing-Bag-Factories-2-2048x1536.jpg",2048,1536,true],"trp-custom-language-flag":["https:\/\/pecbag.com\/wp-content\/uploads\/2025\/04\/Sport-Fishing-Bag-Factories-2-scaled.jpg",16,12,false],"woocommerce_thumbnail":["https:\/\/pecbag.com\/wp-content\/uploads\/2025\/04\/Sport-Fishing-Bag-Factories-2-300x300.jpg",300,300,true],"woocommerce_single":["https:\/\/pecbag.com\/wp-content\/uploads\/2025\/04\/Sport-Fishing-Bag-Factories-2-600x450.jpg",600,450,true],"woocommerce_gallery_thumbnail":["https:\/\/pecbag.com\/wp-content\/uploads\/2025\/04\/Sport-Fishing-Bag-Factories-2-100x100.jpg",100,100,true]},"uagb_author_info":{"display_name":"Lawrence","author_link":"https:\/\/pecbag.com\/pl\/author\/"},"uagb_comment_info":0,"uagb_excerpt":"Sport Fishing Bag Factories We provide premium bags with full-size and color customization, durable fabrics, and certified quality. Enjoy flexible MOQs, fast global shipping, and private label solutions. Contact us today!","_links":{"self":[{"href":"https:\/\/pecbag.com\/pl\/wp-json\/wp\/v2\/product\/1503","targetHints":{"allow":["GET"]}}],"collection":[{"href":"https:\/\/pecbag.com\/pl\/wp-json\/wp\/v2\/product"}],"about":[{"href":"https:\/\/pecbag.com\/pl\/wp-json\/wp\/v2\/types\/product"}],"wp:featuredmedia":[{"embeddable":true,"href":"https:\/\/pecbag.com\/pl\/wp-json\/wp\/v2\/media\/1509"}],"wp:attachment":[{"href":"https:\/\/pecbag.com\/pl\/wp-json\/wp\/v2\/media?parent=1503"}],"wp:term":[{"taxonomy":"product_brand","embeddable":true,"href":"https:\/\/pecbag.com\/pl\/wp-json\/wp\/v2\/product_brand?post=1503"},{"taxonomy":"product_cat","embeddable":true,"href":"https:\/\/pecbag.com\/pl\/wp-json\/wp\/v2\/product_cat?post=1503"},{"taxonomy":"product_tag","embeddable":true,"href":"https:\/\/pecbag.com\/pl\/wp-json\/wp\/v2\/product_tag?post=1503"}],"curies":[{"name":"wp","href":"https:\/\/api.w.org\/{rel}","templated":true}]}}