{"id":1510,"date":"2025-04-12T01:28:23","date_gmt":"2025-04-12T01:28:23","guid":{"rendered":"https:\/\/pecbag.com\/?post_type=product&#038;p=1510"},"modified":"2025-11-29T02:10:39","modified_gmt":"2025-11-29T02:10:39","slug":"custom-made-golf-bags-china","status":"publish","type":"product","link":"https:\/\/pecbag.com\/pl\/custom-made-golf-bags-china\/","title":{"rendered":"Torby golfowe na zam\u00f3wienie Chiny"},"content":{"rendered":"<h2 title=\"Sk\u0142adana torba dla psa Oddychaj\u0105ca siatkowa torba na rami\u0119 dla ma\u0142ych ps\u00f3w i kot\u00f3w\" data-immersive-translate-walked=\"1c928421-2e42-4cd3-8754-5404553c0af5\" data-immersive-translate-paragraph=\"1\" data-spm-anchor-id=\"a2700.details.0.i35.4f6757d4w4zNZA\">Najlepsze hurtowe torby golfowe wykonane na zam\u00f3wienie w Chinach | Fabryczne projekty bezpo\u015brednie i gotowe na wycieczki<\/h2>\n<div class=\"flex flex-grow flex-col max-w-full\">\n<div class=\"min-h-[20px] text-message flex w-full flex-col items-end gap-2 whitespace-pre-wrap break-words [.text-message+&amp;]:mt-5 overflow-x-auto\" dir=\"auto\" data-message-author-role=\"assistant\" data-message-id=\"3d7d46f6-7ec2-4222-9257-48fa0bba23c6\" data-suggestions=\"true\">\n<div class=\"flex w-full flex-col gap-1 empty:hidden first:pt-[3px]\">\n<div class=\"markdown prose w-full break-words dark:prose-invert light\">\n<p>Potrzebujesz premii <strong>torby golfowe na zam\u00f3wienie z Chin<\/strong>? Oferujemy ceny hurtowe, spersonalizowane projekty i szybk\u0105 wysy\u0142k\u0119 - torby zgodne z wymogami USGA dla profesjonalnych sklep\u00f3w i marek. Zam\u00f3w bezp\u0142atne pr\u00f3bki ju\u017c dzi\u015b!<\/p>\n<table width=\"288\">\n<tbody>\n<tr>\n<td width=\"137\"><span style=\"color: #333333;\">Nazwa produktu<\/span><\/td>\n<td width=\"151\">Torba golfowa<\/td>\n<\/tr>\n<tr>\n<td><span style=\"color: #333333;\">Pozycja nr.<\/span><\/td>\n<td><span style=\"color: #333333;\">PB-2013<\/span><\/td>\n<\/tr>\n<tr>\n<td><span style=\"color: #333333;\">Materia\u0142<\/span><\/td>\n<td>Poliester<\/td>\n<\/tr>\n<tr>\n<td><span style=\"color: #333333;\">\u00a0Rozmiar i kolor<\/span><\/td>\n<td>34*23*47 cm<\/td>\n<\/tr>\n<tr>\n<td><span style=\"color: #333333;\">\u00a0Czas dostawy<\/span><\/td>\n<td><span style=\"color: #333333;\">1-5 dni dla ma\u0142ych ilo\u015bci drog\u0105 lotnicz\u0105 i 30-35 dni dla du\u017cych ilo\u015bci drog\u0105 morsk\u0105<\/span><\/td>\n<\/tr>\n<\/tbody>\n<\/table>\n<p>Jako wiod\u0105cy <strong>Producent toreb golfowych na zam\u00f3wienie w Chinach<\/strong>Tworzymy torby turniejowe dla klub\u00f3w country, profesjonalist\u00f3w PGA i luksusowych kurort\u00f3w. Nasza fabryka dostarcza:<br \/>\n\u2705 <strong>Elastyczno\u015b\u0107 sprzeda\u017cy hurtowej<\/strong>: MOQ 200 sztuk z rabatami hurtowymi<br \/>\n\u2705 <strong>Inteligentne dostosowywanie<\/strong>: Dodaj haft, sk\u00f3rzane akcenty lub systemy monta\u017cu na w\u00f3zku<br \/>\n\u2705 <strong>Konstrukcje Pro-Grade<\/strong>: Wodoodporny poliester 600D + podstawki z w\u0142\u00f3kna w\u0119glowego<\/p>\n<p><strong>Dlaczego marki golfowe nam ufaj\u0105:<\/strong><\/p>\n<ul>\n<li><strong>Ponad 18 lat do\u015bwiadczenia<\/strong>: Wsp\u00f3\u0142praca z dostawcami TaylorMade i Callaway<\/li>\n<li><strong>Certyfikowana jako\u015b\u0107<\/strong>: ISO 9001, materia\u0142y zgodne z ROHS<\/li>\n<li><strong>Szybka produkcja<\/strong>20-dniowy czas realizacji + wysy\u0142ka lotnicza do ponad 60 kraj\u00f3w<\/li>\n<\/ul>\n<p><strong>Idealny dla:<\/strong><\/p>\n<ul>\n<li>O\u015brodki golfowe * Pro shopy * Korporacyjne programy upominkowe<\/li>\n<\/ul>\n<p><strong>Stw\u00f3rz sw\u00f3j projekt ju\u017c dzi\u015b:<\/strong><br \/>\nDarmowe makiety 3D z Twoim logo<br \/>\n\u26f3 14-stronna przegroda i opcje kieszeni ch\u0142odz\u0105cej<br \/>\nZni\u017cki przy zam\u00f3wieniach powy\u017cej 500 sztuk<\/p>\n<\/div>\n<\/div>\n<\/div>\n<\/div>","protected":false},"excerpt":{"rendered":"<h2 data-immersive-translate-walked=\"344be1c1-5052-41eb-8fcd-0dbe236a0d6b\" data-immersive-translate-paragraph=\"1\">Torby golfowe na zam\u00f3wienie Chiny<\/h2>\n<p>Zapewniamy torby premium z pe\u0142n\u0105 personalizacj\u0105 rozmiaru i koloru, trwa\u0142ymi materia\u0142ami i certyfikowan\u0105 jako\u015bci\u0105.<\/p>\n<p>Korzystaj z elastycznych MOQ, szybkiej globalnej wysy\u0142ki i rozwi\u0105za\u0144 marek w\u0142asnych.<\/p>\n<p>Skontaktuj si\u0119 z nami ju\u017c dzi\u015b!<\/p>","protected":false},"featured_media":1511,"template":"","meta":{"_uag_custom_page_level_css":""},"product_brand":[],"product_cat":[51],"product_tag":[],"class_list":{"0":"post-1510","1":"product","2":"type-product","3":"status-publish","4":"has-post-thumbnail","6":"product_cat-golf-bag","8":"first","9":"instock","10":"shipping-taxable","11":"product-type-simple"},"uagb_featured_image_src":{"full":["https:\/\/pecbag.com\/wp-content\/uploads\/2025\/04\/Custom-Made-Golf-Bags-China-4.jpg",720,720,false],"thumbnail":["https:\/\/pecbag.com\/wp-content\/uploads\/2025\/04\/Custom-Made-Golf-Bags-China-4-150x150.jpg",150,150,true],"medium":["https:\/\/pecbag.com\/wp-content\/uploads\/2025\/04\/Custom-Made-Golf-Bags-China-4-300x300.jpg",300,300,true],"medium_large":["https:\/\/pecbag.com\/wp-content\/uploads\/2025\/04\/Custom-Made-Golf-Bags-China-4.jpg",720,720,false],"large":["https:\/\/pecbag.com\/wp-content\/uploads\/2025\/04\/Custom-Made-Golf-Bags-China-4.jpg",720,720,false],"1536x1536":["https:\/\/pecbag.com\/wp-content\/uploads\/2025\/04\/Custom-Made-Golf-Bags-China-4.jpg",720,720,false],"2048x2048":["https:\/\/pecbag.com\/wp-content\/uploads\/2025\/04\/Custom-Made-Golf-Bags-China-4.jpg",720,720,false],"trp-custom-language-flag":["https:\/\/pecbag.com\/wp-content\/uploads\/2025\/04\/Custom-Made-Golf-Bags-China-4.jpg",12,12,false],"woocommerce_thumbnail":["https:\/\/pecbag.com\/wp-content\/uploads\/2025\/04\/Custom-Made-Golf-Bags-China-4-300x300.jpg",300,300,true],"woocommerce_single":["https:\/\/pecbag.com\/wp-content\/uploads\/2025\/04\/Custom-Made-Golf-Bags-China-4-600x600.jpg",600,600,true],"woocommerce_gallery_thumbnail":["https:\/\/pecbag.com\/wp-content\/uploads\/2025\/04\/Custom-Made-Golf-Bags-China-4-100x100.jpg",100,100,true]},"uagb_author_info":{"display_name":"Lawrence","author_link":"https:\/\/pecbag.com\/pl\/author\/"},"uagb_comment_info":0,"uagb_excerpt":"Custom Made Golf Bags China We provide premium bags with full-size and color customization, durable fabrics, and certified quality. Enjoy flexible MOQs, fast global shipping, and private label solutions. Contact us today!","_links":{"self":[{"href":"https:\/\/pecbag.com\/pl\/wp-json\/wp\/v2\/product\/1510","targetHints":{"allow":["GET"]}}],"collection":[{"href":"https:\/\/pecbag.com\/pl\/wp-json\/wp\/v2\/product"}],"about":[{"href":"https:\/\/pecbag.com\/pl\/wp-json\/wp\/v2\/types\/product"}],"wp:featuredmedia":[{"embeddable":true,"href":"https:\/\/pecbag.com\/pl\/wp-json\/wp\/v2\/media\/1511"}],"wp:attachment":[{"href":"https:\/\/pecbag.com\/pl\/wp-json\/wp\/v2\/media?parent=1510"}],"wp:term":[{"taxonomy":"product_brand","embeddable":true,"href":"https:\/\/pecbag.com\/pl\/wp-json\/wp\/v2\/product_brand?post=1510"},{"taxonomy":"product_cat","embeddable":true,"href":"https:\/\/pecbag.com\/pl\/wp-json\/wp\/v2\/product_cat?post=1510"},{"taxonomy":"product_tag","embeddable":true,"href":"https:\/\/pecbag.com\/pl\/wp-json\/wp\/v2\/product_tag?post=1510"}],"curies":[{"name":"wp","href":"https:\/\/api.w.org\/{rel}","templated":true}]}}