{"id":1517,"date":"2025-04-12T01:38:33","date_gmt":"2025-04-12T01:38:33","guid":{"rendered":"https:\/\/pecbag.com\/?post_type=product&#038;p=1517"},"modified":"2025-11-29T02:10:32","modified_gmt":"2025-11-29T02:10:32","slug":"gym-bag-manufacturers","status":"publish","type":"product","link":"https:\/\/pecbag.com\/pl\/gym-bag-manufacturers\/","title":{"rendered":"Producenci toreb na si\u0142owni\u0119"},"content":{"rendered":"<h2 title=\"Sk\u0142adana torba dla psa Oddychaj\u0105ca siatkowa torba na rami\u0119 dla ma\u0142ych ps\u00f3w i kot\u00f3w\" data-immersive-translate-walked=\"1c928421-2e42-4cd3-8754-5404553c0af5\" data-immersive-translate-paragraph=\"1\" data-spm-anchor-id=\"a2700.details.0.i35.4f6757d4w4zNZA\">Najlepsi hurtowi producenci toreb na si\u0142owni\u0119 | Fabryczne bezpo\u015brednie i niestandardowe projekty sportowe<\/h2>\n<div class=\"flex flex-grow flex-col max-w-full\">\n<div class=\"min-h-[20px] text-message flex w-full flex-col items-end gap-2 whitespace-pre-wrap break-words [.text-message+&amp;]:mt-5 overflow-x-auto\" dir=\"auto\" data-message-author-role=\"assistant\" data-message-id=\"3d7d46f6-7ec2-4222-9257-48fa0bba23c6\" data-suggestions=\"true\">\n<div class=\"flex w-full flex-col gap-1 empty:hidden first:pt-[3px]\">\n<div class=\"markdown prose w-full break-words dark:prose-invert light\">\n<p>Szukasz producent\u00f3w wytrzyma\u0142ych toreb na si\u0142owni\u0119? Oferujemy ceny hurtowe, antybakteryjne wzory i szybk\u0105 globaln\u0105 wysy\u0142k\u0119. Dostosuj torby na si\u0142owni\u0119 dla marek fitness. Zam\u00f3w bezp\u0142atne pr\u00f3bki ju\u017c teraz!<\/p>\n<table width=\"288\">\n<tbody>\n<tr>\n<td width=\"137\"><span style=\"color: #333333;\">Nazwa produktu<\/span><\/td>\n<td width=\"151\">Torba na si\u0142owni\u0119<\/td>\n<\/tr>\n<tr>\n<td><span style=\"color: #333333;\">Pozycja nr.<\/span><\/td>\n<td><span style=\"color: #333333;\">PB-2014<\/span><\/td>\n<\/tr>\n<tr>\n<td><span style=\"color: #333333;\">Materia\u0142<\/span><\/td>\n<td>600D poliester<\/td>\n<\/tr>\n<tr>\n<td><span style=\"color: #333333;\">Rozmiar<\/span><\/td>\n<td>53,3 x 23 x 30 CM<\/td>\n<\/tr>\n<tr>\n<td><span style=\"color: #333333;\">\u00a0Czas dostawy<\/span><\/td>\n<td><span style=\"color: #333333;\">1-5 dni dla ma\u0142ych ilo\u015bci drog\u0105 lotnicz\u0105 i 30-35 dni dla du\u017cych ilo\u015bci drog\u0105 morsk\u0105<\/span><\/td>\n<\/tr>\n<\/tbody>\n<\/table>\n<p>Jako zaufani producenci toreb na si\u0142owni\u0119 w Chinach, tworzymy wysokowydajny sprz\u0119t fitness dla box\u00f3w CrossFit, studi\u00f3w jogi i marek odzie\u017cy sportowej. Nasza fabryka dostarcza:<br \/>\n\u2705 <strong>Wholesale Ready<\/strong>: MOQ 300 sztuk z rabatami hurtowymi<br \/>\n\u2705 <strong>Inteligentne dostosowywanie<\/strong>: Dodaj przegr\u00f3dki na buty, kieszenie RFID lub uchwyty.<br \/>\n\u2705 <strong>Konstrukcje odporne na pot<\/strong>: Wodoodporny nylon 420D + antybakteryjna podszewka<\/p>\n<p><strong>Dlaczego marki fitness wybieraj\u0105 nas:<\/strong><\/p>\n<ul>\n<li><strong>Ponad 15 lat do\u015bwiadczenia<\/strong>: Wsp\u00f3\u0142praca z dostawcami Reebok i Gold's Gym<\/li>\n<li><strong>Certyfikowana jako\u015b\u0107<\/strong>: Tkaniny z certyfikatem OEKO-TEX\u00ae i wzmocnione szwy<\/li>\n<li><strong>Szybka realizacja<\/strong>: 12-dniowa produkcja + ekspresowa wysy\u0142ka na ca\u0142y \u015bwiat<\/li>\n<\/ul>\n<p><strong>Idealny dla:<\/strong><\/p>\n<ul>\n<li>sieci si\u0142owni * startupy z bran\u017cy odzie\u017cy sportowej * influencerzy fitness<\/li>\n<\/ul>\n<p><strong>Zbuduj swoj\u0105 lini\u0119 si\u0142owni ju\u017c dzi\u015b:<\/strong><br \/>\nDarmowe makiety projekt\u00f3w 3D<br \/>\nWentylowane kieszenie na pranie i paski do maty do jogi<br \/>\nZni\u017cki przy zam\u00f3wieniach powy\u017cej 1 000 sztuk<\/p>\n<\/div>\n<\/div>\n<\/div>\n<\/div>","protected":false},"excerpt":{"rendered":"<h2 data-immersive-translate-walked=\"344be1c1-5052-41eb-8fcd-0dbe236a0d6b\" data-immersive-translate-paragraph=\"1\">Producenci toreb na si\u0142owni\u0119<\/h2>\n<p>Zapewniamy torby premium z pe\u0142n\u0105 personalizacj\u0105 rozmiaru i koloru, trwa\u0142ymi materia\u0142ami i certyfikowan\u0105 jako\u015bci\u0105.<\/p>\n<p>Korzystaj z elastycznych MOQ, szybkiej globalnej wysy\u0142ki i rozwi\u0105za\u0144 marek w\u0142asnych.<\/p>\n<p>Skontaktuj si\u0119 z nami ju\u017c dzi\u015b!<\/p>","protected":false},"featured_media":1519,"template":"","meta":{"_uag_custom_page_level_css":""},"product_brand":[],"product_cat":[56],"product_tag":[],"class_list":{"0":"post-1517","1":"product","2":"type-product","3":"status-publish","4":"has-post-thumbnail","6":"product_cat-gym-bag","8":"first","9":"instock","10":"shipping-taxable","11":"product-type-simple"},"uagb_featured_image_src":{"full":["https:\/\/pecbag.com\/wp-content\/uploads\/2025\/04\/Gym-Bag-Manufacturers-3.jpg",1600,1600,false],"thumbnail":["https:\/\/pecbag.com\/wp-content\/uploads\/2025\/04\/Gym-Bag-Manufacturers-3-150x150.jpg",150,150,true],"medium":["https:\/\/pecbag.com\/wp-content\/uploads\/2025\/04\/Gym-Bag-Manufacturers-3-300x300.jpg",300,300,true],"medium_large":["https:\/\/pecbag.com\/wp-content\/uploads\/2025\/04\/Gym-Bag-Manufacturers-3-768x768.jpg",768,768,true],"large":["https:\/\/pecbag.com\/wp-content\/uploads\/2025\/04\/Gym-Bag-Manufacturers-3-1024x1024.jpg",800,800,true],"1536x1536":["https:\/\/pecbag.com\/wp-content\/uploads\/2025\/04\/Gym-Bag-Manufacturers-3-1536x1536.jpg",1536,1536,true],"2048x2048":["https:\/\/pecbag.com\/wp-content\/uploads\/2025\/04\/Gym-Bag-Manufacturers-3.jpg",1600,1600,false],"trp-custom-language-flag":["https:\/\/pecbag.com\/wp-content\/uploads\/2025\/04\/Gym-Bag-Manufacturers-3.jpg",12,12,false],"woocommerce_thumbnail":["https:\/\/pecbag.com\/wp-content\/uploads\/2025\/04\/Gym-Bag-Manufacturers-3-300x300.jpg",300,300,true],"woocommerce_single":["https:\/\/pecbag.com\/wp-content\/uploads\/2025\/04\/Gym-Bag-Manufacturers-3-600x600.jpg",600,600,true],"woocommerce_gallery_thumbnail":["https:\/\/pecbag.com\/wp-content\/uploads\/2025\/04\/Gym-Bag-Manufacturers-3-100x100.jpg",100,100,true]},"uagb_author_info":{"display_name":"Lawrence","author_link":"https:\/\/pecbag.com\/pl\/author\/"},"uagb_comment_info":0,"uagb_excerpt":"Gym Bag Manufacturers We provide premium bags with full-size and color customization, durable fabrics, and certified quality. Enjoy flexible MOQs, fast global shipping, and private label solutions. Contact us today!","_links":{"self":[{"href":"https:\/\/pecbag.com\/pl\/wp-json\/wp\/v2\/product\/1517","targetHints":{"allow":["GET"]}}],"collection":[{"href":"https:\/\/pecbag.com\/pl\/wp-json\/wp\/v2\/product"}],"about":[{"href":"https:\/\/pecbag.com\/pl\/wp-json\/wp\/v2\/types\/product"}],"wp:featuredmedia":[{"embeddable":true,"href":"https:\/\/pecbag.com\/pl\/wp-json\/wp\/v2\/media\/1519"}],"wp:attachment":[{"href":"https:\/\/pecbag.com\/pl\/wp-json\/wp\/v2\/media?parent=1517"}],"wp:term":[{"taxonomy":"product_brand","embeddable":true,"href":"https:\/\/pecbag.com\/pl\/wp-json\/wp\/v2\/product_brand?post=1517"},{"taxonomy":"product_cat","embeddable":true,"href":"https:\/\/pecbag.com\/pl\/wp-json\/wp\/v2\/product_cat?post=1517"},{"taxonomy":"product_tag","embeddable":true,"href":"https:\/\/pecbag.com\/pl\/wp-json\/wp\/v2\/product_tag?post=1517"}],"curies":[{"name":"wp","href":"https:\/\/api.w.org\/{rel}","templated":true}]}}