{"id":1539,"date":"2025-04-12T02:14:13","date_gmt":"2025-04-12T02:14:13","guid":{"rendered":"https:\/\/pecbag.com\/?post_type=product&#038;p=1539"},"modified":"2025-11-29T02:10:12","modified_gmt":"2025-11-29T02:10:12","slug":"business-laptop-bag-factories","status":"publish","type":"product","link":"https:\/\/pecbag.com\/pl\/business-laptop-bag-factories\/","title":{"rendered":"Fabryki biznesowych toreb na laptopy"},"content":{"rendered":"<h2 title=\"Sk\u0142adana torba dla psa Oddychaj\u0105ca siatkowa torba na rami\u0119 dla ma\u0142ych ps\u00f3w i kot\u00f3w\" data-immersive-translate-walked=\"1c928421-2e42-4cd3-8754-5404553c0af5\" data-immersive-translate-paragraph=\"1\" data-spm-anchor-id=\"a2700.details.0.i35.4f6757d4w4zNZA\">Najlepsze hurtownie biznesowych toreb na laptopa | Fabrycznie bezpo\u015brednie i profesjonalne projekty<\/h2>\n<div class=\"flex flex-grow flex-col max-w-full\">\n<div class=\"min-h-[20px] text-message flex w-full flex-col items-end gap-2 whitespace-pre-wrap break-words [.text-message+&amp;]:mt-5 overflow-x-auto\" dir=\"auto\" data-message-author-role=\"assistant\" data-message-id=\"3d7d46f6-7ec2-4222-9257-48fa0bba23c6\" data-suggestions=\"true\">\n<div class=\"flex w-full flex-col gap-1 empty:hidden first:pt-[3px]\">\n<div class=\"markdown prose w-full break-words dark:prose-invert light\">\n<p>Potrzebujesz premii <strong>fabryki biznesowych toreb na laptopy<\/strong>? Oferujemy niestandardowe projekty, ochron\u0119 RFID i rabaty hurtowe. Szybka globalna wysy\u0142ka dla marek korporacyjnych. Zam\u00f3w bezp\u0142atne pr\u00f3bki ju\u017c teraz!<\/p>\n<table width=\"288\">\n<tbody>\n<tr>\n<td width=\"137\"><span style=\"color: #333333;\">Nazwa produktu<\/span><\/td>\n<td width=\"151\">Torba na laptopa<\/td>\n<\/tr>\n<tr>\n<td><span style=\"color: #333333;\">Pozycja nr.<\/span><\/td>\n<td><span style=\"color: #333333;\">PB-2017<\/span><\/td>\n<\/tr>\n<tr>\n<td><span style=\"color: #333333;\">Materia\u0142<\/span><\/td>\n<td>poliester<\/td>\n<\/tr>\n<tr>\n<td><span style=\"color: #333333;\">\u00a0Rozmiar i kolor<\/span><\/td>\n<td><span style=\"color: #333333;\">Dostosowane<\/span><\/td>\n<\/tr>\n<tr>\n<td><span style=\"color: #333333;\">\u00a0Czas dostawy<\/span><\/td>\n<td><span style=\"color: #333333;\">1-5 dni dla ma\u0142ych ilo\u015bci drog\u0105 lotnicz\u0105 i 30-35 dni dla du\u017cych ilo\u015bci drog\u0105 morsk\u0105<\/span><\/td>\n<\/tr>\n<\/tbody>\n<\/table>\n<p>Jako zaufany <strong>fabryki toreb na laptopy biznesowe w Chinach<\/strong>Produkujemy teczki klasy executive dla firm z listy Fortune 500, startup\u00f3w technologicznych i luksusowych sprzedawc\u00f3w detalicznych. Nasza fabryka dostarcza:<br \/>\n\u2705 <strong>Elastyczno\u015b\u0107 sprzeda\u017cy hurtowej<\/strong>: MOQ 200 sztuk z cen\u0105 ilo\u015bciow\u0105<br \/>\n\u2705 <strong>Inteligentne dostosowywanie<\/strong>: Dodaj wyt\u0142oczone logo, etui na dokumenty lub porty \u0142adowania bezprzewodowego<br \/>\n\u2705 <strong>Profesjonalny polski<\/strong>: Odporna na zarysowania sk\u00f3ra wega\u0144ska i elementy zapobiegaj\u0105ce matowieniu<\/p>\n<p><strong>Dlaczego klienci korporacyjni nam ufaj\u0105:<\/strong><\/p>\n<ul>\n<li><strong>Ponad 12 lat do\u015bwiadczenia<\/strong>: Wsp\u00f3\u0142praca z dostawcami Dell i Lenovo<\/li>\n<li><strong>Certyfikowane bezpiecze\u0144stwo<\/strong>: Technologia blokuj\u0105ca RFID i projekty przyjazne dla TSA<\/li>\n<li><strong>Szybka realizacja<\/strong>: 15-dniowa produkcja + ekspresowa wysy\u0142ka do ponad 80 kraj\u00f3w<\/li>\n<\/ul>\n<p><strong>Idealny dla:<\/strong><\/p>\n<ul>\n<li>Prezenty firmowe * \u0141a\u0144cuchy dostaw dla biur * Gad\u017cety na konferencje technologiczne<\/li>\n<\/ul>\n<p><strong>Podnie\u015b sw\u00f3j profesjonalny wizerunek ju\u017c dzi\u015b:<\/strong><br \/>\nDarmowe makiety projekt\u00f3w 3D<br \/>\nWodoodporno\u015b\u0107 i zabezpieczenie przed kradzie\u017c\u0105<br \/>\nRabaty przy zam\u00f3wieniach powy\u017cej 500 sztuk<\/p>\n<\/div>\n<\/div>\n<\/div>\n<\/div>","protected":false},"excerpt":{"rendered":"<h2 data-immersive-translate-walked=\"344be1c1-5052-41eb-8fcd-0dbe236a0d6b\" data-immersive-translate-paragraph=\"1\">Fabryki biznesowych toreb na laptopy<\/h2>\n<p>Zapewniamy torby premium z pe\u0142n\u0105 personalizacj\u0105 rozmiaru i koloru, trwa\u0142ymi materia\u0142ami i certyfikowan\u0105 jako\u015bci\u0105.<\/p>\n<p>Korzystaj z elastycznych MOQ, szybkiej globalnej wysy\u0142ki i rozwi\u0105za\u0144 marek w\u0142asnych.<\/p>\n<p>Skontaktuj si\u0119 z nami ju\u017c dzi\u015b!<\/p>","protected":false},"featured_media":1543,"template":"","meta":{"_uag_custom_page_level_css":""},"product_brand":[],"product_cat":[19],"product_tag":[],"class_list":{"0":"post-1539","1":"product","2":"type-product","3":"status-publish","4":"has-post-thumbnail","6":"product_cat-uncategorized","8":"first","9":"instock","10":"shipping-taxable","11":"product-type-simple"},"uagb_featured_image_src":{"full":["https:\/\/pecbag.com\/wp-content\/uploads\/2025\/04\/BUSSIN1.jpg",800,800,false],"thumbnail":["https:\/\/pecbag.com\/wp-content\/uploads\/2025\/04\/BUSSIN1-150x150.jpg",150,150,true],"medium":["https:\/\/pecbag.com\/wp-content\/uploads\/2025\/04\/BUSSIN1-300x300.jpg",300,300,true],"medium_large":["https:\/\/pecbag.com\/wp-content\/uploads\/2025\/04\/BUSSIN1-768x768.jpg",768,768,true],"large":["https:\/\/pecbag.com\/wp-content\/uploads\/2025\/04\/BUSSIN1.jpg",800,800,false],"1536x1536":["https:\/\/pecbag.com\/wp-content\/uploads\/2025\/04\/BUSSIN1.jpg",800,800,false],"2048x2048":["https:\/\/pecbag.com\/wp-content\/uploads\/2025\/04\/BUSSIN1.jpg",800,800,false],"trp-custom-language-flag":["https:\/\/pecbag.com\/wp-content\/uploads\/2025\/04\/BUSSIN1.jpg",12,12,false],"woocommerce_thumbnail":["https:\/\/pecbag.com\/wp-content\/uploads\/2025\/04\/BUSSIN1-300x300.jpg",300,300,true],"woocommerce_single":["https:\/\/pecbag.com\/wp-content\/uploads\/2025\/04\/BUSSIN1-600x600.jpg",600,600,true],"woocommerce_gallery_thumbnail":["https:\/\/pecbag.com\/wp-content\/uploads\/2025\/04\/BUSSIN1-100x100.jpg",100,100,true]},"uagb_author_info":{"display_name":"Lawrence","author_link":"https:\/\/pecbag.com\/pl\/author\/"},"uagb_comment_info":0,"uagb_excerpt":"Business Laptop Bag Factories We provide premium bags with full-size and color customization, durable fabrics, and certified quality. Enjoy flexible MOQs, fast global shipping, and private label solutions. Contact us today!","_links":{"self":[{"href":"https:\/\/pecbag.com\/pl\/wp-json\/wp\/v2\/product\/1539","targetHints":{"allow":["GET"]}}],"collection":[{"href":"https:\/\/pecbag.com\/pl\/wp-json\/wp\/v2\/product"}],"about":[{"href":"https:\/\/pecbag.com\/pl\/wp-json\/wp\/v2\/types\/product"}],"wp:featuredmedia":[{"embeddable":true,"href":"https:\/\/pecbag.com\/pl\/wp-json\/wp\/v2\/media\/1543"}],"wp:attachment":[{"href":"https:\/\/pecbag.com\/pl\/wp-json\/wp\/v2\/media?parent=1539"}],"wp:term":[{"taxonomy":"product_brand","embeddable":true,"href":"https:\/\/pecbag.com\/pl\/wp-json\/wp\/v2\/product_brand?post=1539"},{"taxonomy":"product_cat","embeddable":true,"href":"https:\/\/pecbag.com\/pl\/wp-json\/wp\/v2\/product_cat?post=1539"},{"taxonomy":"product_tag","embeddable":true,"href":"https:\/\/pecbag.com\/pl\/wp-json\/wp\/v2\/product_tag?post=1539"}],"curies":[{"name":"wp","href":"https:\/\/api.w.org\/{rel}","templated":true}]}}