{"id":1553,"date":"2025-04-12T02:49:18","date_gmt":"2025-04-12T02:49:18","guid":{"rendered":"https:\/\/pecbag.com\/?post_type=product&#038;p=1553"},"modified":"2025-11-29T02:09:18","modified_gmt":"2025-11-29T02:09:18","slug":"china-messenger-bag-manufacturers","status":"publish","type":"product","link":"https:\/\/pecbag.com\/pl\/china-messenger-bag-manufacturers\/","title":{"rendered":"Chi\u0144scy producenci toreb kurierskich"},"content":{"rendered":"<h2 title=\"Sk\u0142adana torba dla psa Oddychaj\u0105ca siatkowa torba na rami\u0119 dla ma\u0142ych ps\u00f3w i kot\u00f3w\" data-immersive-translate-walked=\"1c928421-2e42-4cd3-8754-5404553c0af5\" data-immersive-translate-paragraph=\"1\" data-spm-anchor-id=\"a2700.details.0.i35.4f6757d4w4zNZA\">Najlepsi hurtowi producenci toreb kurierskich w Chinach | Fabryczne projekty bezpo\u015brednie i odporne na warunki miejskie<\/h2>\n<div class=\"flex flex-grow flex-col max-w-full\">\n<div class=\"min-h-[20px] text-message flex w-full flex-col items-end gap-2 whitespace-pre-wrap break-words [.text-message+&amp;]:mt-5 overflow-x-auto\" dir=\"auto\" data-message-author-role=\"assistant\" data-message-id=\"3d7d46f6-7ec2-4222-9257-48fa0bba23c6\" data-suggestions=\"true\">\n<div class=\"flex w-full flex-col gap-1 empty:hidden first:pt-[3px]\">\n<div class=\"markdown prose w-full break-words dark:prose-invert light\">\n<p>Potrzeba trwa\u0142o\u015bci <strong>Chi\u0144scy producenci toreb kurierskich<\/strong>? Oferujemy niestandardowe projekty, wodoodporne konstrukcje i rabaty hurtowe. Szybka wysy\u0142ka dla marek kurierskich. Zam\u00f3w bezp\u0142atne pr\u00f3bki ju\u017c teraz!<\/p>\n<table width=\"288\">\n<tbody>\n<tr>\n<td width=\"137\"><span style=\"color: #333333;\">Nazwa produktu<\/span><\/td>\n<td width=\"151\">Torba kurierska<\/td>\n<\/tr>\n<tr>\n<td><span style=\"color: #333333;\">Pozycja nr.<\/span><\/td>\n<td><span style=\"color: #333333;\">PB-2019<\/span><\/td>\n<\/tr>\n<tr>\n<td><span style=\"color: #333333;\">Materia\u0142<\/span><\/td>\n<td>600D poliester<\/td>\n<\/tr>\n<tr>\n<td><span style=\"color: #333333;\">Rozmiar<\/span><\/td>\n<td>25 x 8,5 x 13 cm<\/td>\n<\/tr>\n<tr>\n<td><span style=\"color: #333333;\">\u00a0Czas dostawy<\/span><\/td>\n<td><span style=\"color: #333333;\">1-5 dni dla ma\u0142ych ilo\u015bci drog\u0105 lotnicz\u0105 i 30-35 dni dla du\u017cych ilo\u015bci drog\u0105 morsk\u0105<\/span><\/td>\n<\/tr>\n<\/tbody>\n<\/table>\n<p>Jako wiod\u0105cy <strong>Chi\u0144scy producenci toreb kurierskich<\/strong>, projektujemy wytrzyma\u0142e torby miejskie dla kurier\u00f3w rowerowych i miejskich profesjonalist\u00f3w. Nasza fabryka dostarcza:<br \/>\n\u2705 <strong>Wholesale Ready<\/strong>: MOQ 200 sztuk z cen\u0105 ilo\u015bciow\u0105<br \/>\n\u2705 <strong>Inteligentne dostosowywanie<\/strong>: Dodaj paski odblaskowe, kieszenie RFID lub etui na tablet<br \/>\n\u2705 <strong>Odporno\u015b\u0107 na warunki atmosferyczne<\/strong>Poliester 600D + wodoodporne zamki b\u0142yskawiczne YKK<\/p>\n<p><strong>Dlaczego marki logistyczne nam ufaj\u0105:<\/strong><\/p>\n<ul>\n<li><strong>Ponad 12 lat do\u015bwiadczenia<\/strong>: Wsp\u00f3\u0142praca z dostawcami DHL i UPS<\/li>\n<li><strong>Certyfikowana wytrzyma\u0142o\u015b\u0107<\/strong>: 50 000+ test\u00f3w \u015bcieralno\u015bci i 2 lata gwarancji<\/li>\n<li><strong>Szybka realizacja<\/strong>: 18-dniowa produkcja + wysy\u0142ka lotnicza do ponad 70 kraj\u00f3w<\/li>\n<\/ul>\n<p><strong>Idealny dla:<\/strong><\/p>\n<ul>\n<li>Startupy dostarczaj\u0105ce \u017cywno\u015b\u0107 * Us\u0142ugi pocztowe na terenie kampusu * Programy korporacyjne dla os\u00f3b doje\u017cd\u017caj\u0105cych do pracy<\/li>\n<\/ul>\n<p><strong>Jed\u017a z pewno\u015bci\u0105 siebie ju\u017c dzi\u015b:<\/strong><br \/>\nDarmowe makiety projekt\u00f3w 3D<br \/>\nWy\u015bcie\u0142ane przegrody na laptopa i ergonomiczne paski<br \/>\nZni\u017cki przy zam\u00f3wieniach powy\u017cej 500 sztuk<\/p>\n<\/div>\n<\/div>\n<\/div>\n<\/div>","protected":false},"excerpt":{"rendered":"<h2 data-immersive-translate-walked=\"344be1c1-5052-41eb-8fcd-0dbe236a0d6b\" data-immersive-translate-paragraph=\"1\">Chi\u0144scy producenci toreb kurierskich<\/h2>\n<p>Zapewniamy torby premium z pe\u0142n\u0105 personalizacj\u0105 rozmiaru i koloru, trwa\u0142ymi materia\u0142ami i certyfikowan\u0105 jako\u015bci\u0105.<\/p>\n<p>Korzystaj z elastycznych MOQ, szybkiej globalnej wysy\u0142ki i rozwi\u0105za\u0144 marek w\u0142asnych.<\/p>\n<p>Skontaktuj si\u0119 z nami ju\u017c dzi\u015b!<\/p>","protected":false},"featured_media":1556,"template":"","meta":{"_uag_custom_page_level_css":""},"product_brand":[],"product_cat":[48],"product_tag":[],"class_list":{"0":"post-1553","1":"product","2":"type-product","3":"status-publish","4":"has-post-thumbnail","6":"product_cat-bike-bag","8":"first","9":"instock","10":"shipping-taxable","11":"product-type-simple"},"uagb_featured_image_src":{"full":["https:\/\/pecbag.com\/wp-content\/uploads\/2025\/04\/china-messenger-bag-manufacturers-1.jpg",1000,1000,false],"thumbnail":["https:\/\/pecbag.com\/wp-content\/uploads\/2025\/04\/china-messenger-bag-manufacturers-1-150x150.jpg",150,150,true],"medium":["https:\/\/pecbag.com\/wp-content\/uploads\/2025\/04\/china-messenger-bag-manufacturers-1-300x300.jpg",300,300,true],"medium_large":["https:\/\/pecbag.com\/wp-content\/uploads\/2025\/04\/china-messenger-bag-manufacturers-1-768x768.jpg",768,768,true],"large":["https:\/\/pecbag.com\/wp-content\/uploads\/2025\/04\/china-messenger-bag-manufacturers-1.jpg",800,800,false],"1536x1536":["https:\/\/pecbag.com\/wp-content\/uploads\/2025\/04\/china-messenger-bag-manufacturers-1.jpg",1000,1000,false],"2048x2048":["https:\/\/pecbag.com\/wp-content\/uploads\/2025\/04\/china-messenger-bag-manufacturers-1.jpg",1000,1000,false],"trp-custom-language-flag":["https:\/\/pecbag.com\/wp-content\/uploads\/2025\/04\/china-messenger-bag-manufacturers-1.jpg",12,12,false],"woocommerce_thumbnail":["https:\/\/pecbag.com\/wp-content\/uploads\/2025\/04\/china-messenger-bag-manufacturers-1-300x300.jpg",300,300,true],"woocommerce_single":["https:\/\/pecbag.com\/wp-content\/uploads\/2025\/04\/china-messenger-bag-manufacturers-1-600x600.jpg",600,600,true],"woocommerce_gallery_thumbnail":["https:\/\/pecbag.com\/wp-content\/uploads\/2025\/04\/china-messenger-bag-manufacturers-1-100x100.jpg",100,100,true]},"uagb_author_info":{"display_name":"Lawrence","author_link":"https:\/\/pecbag.com\/pl\/author\/"},"uagb_comment_info":0,"uagb_excerpt":"China Messenger Bag Manufacturers We provide premium bags with full-size and color customization, durable fabrics, and certified quality. Enjoy flexible MOQs, fast global shipping, and private label solutions. Contact us today!","_links":{"self":[{"href":"https:\/\/pecbag.com\/pl\/wp-json\/wp\/v2\/product\/1553","targetHints":{"allow":["GET"]}}],"collection":[{"href":"https:\/\/pecbag.com\/pl\/wp-json\/wp\/v2\/product"}],"about":[{"href":"https:\/\/pecbag.com\/pl\/wp-json\/wp\/v2\/types\/product"}],"wp:featuredmedia":[{"embeddable":true,"href":"https:\/\/pecbag.com\/pl\/wp-json\/wp\/v2\/media\/1556"}],"wp:attachment":[{"href":"https:\/\/pecbag.com\/pl\/wp-json\/wp\/v2\/media?parent=1553"}],"wp:term":[{"taxonomy":"product_brand","embeddable":true,"href":"https:\/\/pecbag.com\/pl\/wp-json\/wp\/v2\/product_brand?post=1553"},{"taxonomy":"product_cat","embeddable":true,"href":"https:\/\/pecbag.com\/pl\/wp-json\/wp\/v2\/product_cat?post=1553"},{"taxonomy":"product_tag","embeddable":true,"href":"https:\/\/pecbag.com\/pl\/wp-json\/wp\/v2\/product_tag?post=1553"}],"curies":[{"name":"wp","href":"https:\/\/api.w.org\/{rel}","templated":true}]}}