{"id":1574,"date":"2025-04-12T03:29:45","date_gmt":"2025-04-12T03:29:45","guid":{"rendered":"https:\/\/pecbag.com\/?post_type=product&#038;p=1574"},"modified":"2025-11-29T02:08:54","modified_gmt":"2025-11-29T02:08:54","slug":"surfboard-bag-manufacturers-china","status":"publish","type":"product","link":"https:\/\/pecbag.com\/pl\/surfboard-bag-manufacturers-china\/","title":{"rendered":"Chi\u0144scy producenci toreb na deski surfingowe"},"content":{"rendered":"<h2 title=\"Sk\u0142adana torba dla psa Oddychaj\u0105ca siatkowa torba na rami\u0119 dla ma\u0142ych ps\u00f3w i kot\u00f3w\" data-immersive-translate-walked=\"1c928421-2e42-4cd3-8754-5404553c0af5\" data-immersive-translate-paragraph=\"1\" data-spm-anchor-id=\"a2700.details.0.i35.4f6757d4w4zNZA\">Najlepsi producenci toreb na deski surfingowe Chiny | Hurtownia niestandardowych i wy\u015bcie\u0142anych wzor\u00f3w<\/h2>\n<div class=\"flex flex-grow flex-col max-w-full\">\n<div class=\"min-h-[20px] text-message flex w-full flex-col items-end gap-2 whitespace-pre-wrap break-words [.text-message+&amp;]:mt-5 overflow-x-auto\" dir=\"auto\" data-message-author-role=\"assistant\" data-message-id=\"3d7d46f6-7ec2-4222-9257-48fa0bba23c6\" data-suggestions=\"true\">\n<div class=\"flex w-full flex-col gap-1 empty:hidden first:pt-[3px]\">\n<div class=\"markdown prose w-full break-words dark:prose-invert light\">\n<p>Szukam\u00a0<strong>producenci toreb na deski surfingowe w Chinach<\/strong>? Oferujemy wodoodporne wzory, rabaty hurtowe i niestandardowe logo. Szybka wysy\u0142ka, niskie MOQ i wsparcie 24\/7. Pobierz darmowe pr\u00f3bki ju\u017c teraz!<\/p>\n<table width=\"288\">\n<tbody>\n<tr>\n<td width=\"137\"><span style=\"color: #333333;\">Nazwa produktu<\/span><\/td>\n<td width=\"151\">Torba na desk\u0119 surfingow\u0105<\/td>\n<\/tr>\n<tr>\n<td><span style=\"color: #333333;\">Pozycja nr.<\/span><\/td>\n<td><span style=\"color: #333333;\">PB-2022<\/span><\/td>\n<\/tr>\n<tr>\n<td><span style=\"color: #333333;\">Materia\u0142<\/span><\/td>\n<td>600D poliester + tkanina PP<\/td>\n<\/tr>\n<tr>\n<td><span style=\"color: #333333;\">\u00a0Rozmiar i kolor<\/span><\/td>\n<td><span style=\"color: #333333;\">Dostosowane<\/span><\/td>\n<\/tr>\n<tr>\n<td><span style=\"color: #333333;\">\u00a0Czas dostawy<\/span><\/td>\n<td><span style=\"color: #333333;\">1-5 dni dla ma\u0142ych ilo\u015bci drog\u0105 lotnicz\u0105 i 30-35 dni dla du\u017cych ilo\u015bci drog\u0105 morsk\u0105<\/span><\/td>\n<\/tr>\n<\/tbody>\n<\/table>\n<p>Jako wiod\u0105cy\u00a0<strong>producenci toreb na deski surfingowe w Chinach<\/strong>Tworzymy wytrzyma\u0142\u0105 ochron\u0119 dla shortboard\u00f3w, longboard\u00f3w i wiose\u0142 SUP. Niezale\u017cnie od tego, czy jeste\u015b mark\u0105 surfingow\u0105, wypo\u017cyczalni\u0105 czy sprzedawc\u0105 detalicznym, nasze\u00a0<strong>hurtownia<\/strong>\u00a0dostawcy\u00a0<strong>niestandardowe torby na deski surfingowe<\/strong>\u00a0Zbudowany, aby przetrwa\u0107 s\u0142on\u0105 wod\u0119, s\u0142o\u0144ce i piaszczyste przygody.<\/p>\n<p><strong>Dlaczego warto wybra\u0107 nas?<\/strong><br \/>\n\u2705\u00a0<strong>Ochrona Surf-Smart<\/strong>:<\/p>\n<ul>\n<li>Wy\u015bci\u00f3\u0142ka z pianki o grubo\u015bci 10 mm + poliester anty-UV 600D<\/li>\n<li>Wodoodporne zamki b\u0142yskawiczne YKK i wzmocnione szwy (stopie\u0144 ochrony IPX5)<\/li>\n<li>Rozmiary niestandardowe (p\u0142yty od 6' do 12') +\u00a0<strong>logo marki<\/strong>\u00a0(druk\/haft)<\/li>\n<\/ul>\n<p>\u2705\u00a0<strong>Korzy\u015bci hurtowe<\/strong>:<\/p>\n<ul>\n<li><strong>MOQ 100szt<\/strong>\u00a0- Idealny dla startup\u00f3w i ma\u0142ych partii<\/li>\n<li><strong>25% wy\u0142\u0105czony<\/strong>\u00a0zam\u00f3wienia powy\u017cej 500 sztuk<\/li>\n<li><strong>15-dniowa produkcja<\/strong>\u00a0+ transport lotniczy\/morski do globalnych centr\u00f3w surfingu<\/li>\n<\/ul>\n<p>\u2705\u00a0<strong>Stworzony dla profesjonalnych zawodnik\u00f3w<\/strong>:<\/p>\n<ul>\n<li>Szybkoschn\u0105ca wewn\u0119trzna podszewka zapobiega ple\u015bni<\/li>\n<li>Regulowane paski na rami\u0119 + kieszenie na sprz\u0119t<\/li>\n<li>Przeszed\u0142 ponad 10 000 test\u00f3w \u015bcieralno\u015bci (certyfikat ISO 9001)<\/li>\n<\/ul>\n<p><strong>Zaufany przez<\/strong>:<br \/>\n\ud83c\udfc4\u2642\ufe0f Szko\u0142y surfingu na Hawajach i Bali<br \/>\n\ud83c\udfd6\ufe0f Kurorty pla\u017cowe w Hiszpanii i na Kostaryce<br \/>\n\u015awiadomi ekologicznie sprzedawcy detaliczni w USA\/UE<\/p>\n<\/div>\n<\/div>\n<\/div>\n<\/div>","protected":false},"excerpt":{"rendered":"<h2 data-immersive-translate-walked=\"344be1c1-5052-41eb-8fcd-0dbe236a0d6b\" data-immersive-translate-paragraph=\"1\">Chi\u0144scy producenci toreb na deski surfingowe<\/h2>\n<p>Zapewniamy torby premium z pe\u0142n\u0105 personalizacj\u0105 rozmiaru i koloru, trwa\u0142ymi materia\u0142ami i certyfikowan\u0105 jako\u015bci\u0105.<\/p>\n<p>Korzystaj z elastycznych MOQ, szybkiej globalnej wysy\u0142ki i rozwi\u0105za\u0144 marek w\u0142asnych.<\/p>\n<p>Skontaktuj si\u0119 z nami ju\u017c dzi\u015b!<\/p>","protected":false},"featured_media":1582,"template":"","meta":{"_uag_custom_page_level_css":""},"product_brand":[],"product_cat":[47],"product_tag":[],"class_list":{"0":"post-1574","1":"product","2":"type-product","3":"status-publish","4":"has-post-thumbnail","6":"product_cat-surfboard-bag","8":"first","9":"instock","10":"shipping-taxable","11":"product-type-simple"},"uagb_featured_image_src":{"full":["https:\/\/pecbag.com\/wp-content\/uploads\/2025\/04\/Surfboard-Bag-Manufacturers-China-3.jpg",1200,1200,false],"thumbnail":["https:\/\/pecbag.com\/wp-content\/uploads\/2025\/04\/Surfboard-Bag-Manufacturers-China-3-150x150.jpg",150,150,true],"medium":["https:\/\/pecbag.com\/wp-content\/uploads\/2025\/04\/Surfboard-Bag-Manufacturers-China-3-300x300.jpg",300,300,true],"medium_large":["https:\/\/pecbag.com\/wp-content\/uploads\/2025\/04\/Surfboard-Bag-Manufacturers-China-3-768x768.jpg",768,768,true],"large":["https:\/\/pecbag.com\/wp-content\/uploads\/2025\/04\/Surfboard-Bag-Manufacturers-China-3-1024x1024.jpg",800,800,true],"1536x1536":["https:\/\/pecbag.com\/wp-content\/uploads\/2025\/04\/Surfboard-Bag-Manufacturers-China-3.jpg",1200,1200,false],"2048x2048":["https:\/\/pecbag.com\/wp-content\/uploads\/2025\/04\/Surfboard-Bag-Manufacturers-China-3.jpg",1200,1200,false],"trp-custom-language-flag":["https:\/\/pecbag.com\/wp-content\/uploads\/2025\/04\/Surfboard-Bag-Manufacturers-China-3.jpg",12,12,false],"woocommerce_thumbnail":["https:\/\/pecbag.com\/wp-content\/uploads\/2025\/04\/Surfboard-Bag-Manufacturers-China-3-300x300.jpg",300,300,true],"woocommerce_single":["https:\/\/pecbag.com\/wp-content\/uploads\/2025\/04\/Surfboard-Bag-Manufacturers-China-3-600x600.jpg",600,600,true],"woocommerce_gallery_thumbnail":["https:\/\/pecbag.com\/wp-content\/uploads\/2025\/04\/Surfboard-Bag-Manufacturers-China-3-100x100.jpg",100,100,true]},"uagb_author_info":{"display_name":"Lawrence","author_link":"https:\/\/pecbag.com\/pl\/author\/"},"uagb_comment_info":0,"uagb_excerpt":"Surfboard Bag Manufacturers China We provide premium bags with full-size and color customization, durable fabrics, and certified quality. Enjoy flexible MOQs, fast global shipping, and private label solutions. Contact us today!","_links":{"self":[{"href":"https:\/\/pecbag.com\/pl\/wp-json\/wp\/v2\/product\/1574","targetHints":{"allow":["GET"]}}],"collection":[{"href":"https:\/\/pecbag.com\/pl\/wp-json\/wp\/v2\/product"}],"about":[{"href":"https:\/\/pecbag.com\/pl\/wp-json\/wp\/v2\/types\/product"}],"wp:featuredmedia":[{"embeddable":true,"href":"https:\/\/pecbag.com\/pl\/wp-json\/wp\/v2\/media\/1582"}],"wp:attachment":[{"href":"https:\/\/pecbag.com\/pl\/wp-json\/wp\/v2\/media?parent=1574"}],"wp:term":[{"taxonomy":"product_brand","embeddable":true,"href":"https:\/\/pecbag.com\/pl\/wp-json\/wp\/v2\/product_brand?post=1574"},{"taxonomy":"product_cat","embeddable":true,"href":"https:\/\/pecbag.com\/pl\/wp-json\/wp\/v2\/product_cat?post=1574"},{"taxonomy":"product_tag","embeddable":true,"href":"https:\/\/pecbag.com\/pl\/wp-json\/wp\/v2\/product_tag?post=1574"}],"curies":[{"name":"wp","href":"https:\/\/api.w.org\/{rel}","templated":true}]}}