{"id":1583,"date":"2025-04-12T03:43:51","date_gmt":"2025-04-12T03:43:51","guid":{"rendered":"https:\/\/pecbag.com\/?post_type=product&#038;p=1583"},"modified":"2025-11-29T02:08:47","modified_gmt":"2025-11-29T02:08:47","slug":"camouflage-tactical-bag-manufacturer","status":"publish","type":"product","link":"https:\/\/pecbag.com\/pl\/camouflage-tactical-bag-manufacturer\/","title":{"rendered":"Producent toreb taktycznych w kamufla\u017cu"},"content":{"rendered":"<h2 title=\"Sk\u0142adana torba dla psa Oddychaj\u0105ca siatkowa torba na rami\u0119 dla ma\u0142ych ps\u00f3w i kot\u00f3w\" data-immersive-translate-walked=\"1c928421-2e42-4cd3-8754-5404553c0af5\" data-immersive-translate-paragraph=\"1\" data-spm-anchor-id=\"a2700.details.0.i35.4f6757d4w4zNZA\">Zaufany producent toreb taktycznych w kamufla\u017cu | Hurtownia niestandardowych wzor\u00f3w wojskowych<\/h2>\n<div class=\"flex flex-grow flex-col max-w-full\">\n<div class=\"min-h-[20px] text-message flex w-full flex-col items-end gap-2 whitespace-pre-wrap break-words [.text-message+&amp;]:mt-5 overflow-x-auto\" dir=\"auto\" data-message-author-role=\"assistant\" data-message-id=\"3d7d46f6-7ec2-4222-9257-48fa0bba23c6\" data-suggestions=\"true\">\n<div class=\"flex w-full flex-col gap-1 empty:hidden first:pt-[3px]\">\n<div class=\"markdown prose w-full break-words dark:prose-invert light\">\n<p>Potrzebujesz wytrzyma\u0142o\u015bci\u00a0<strong>producenci toreb taktycznych w kamufla\u017cu<\/strong>? Oferujemy projekty MIL-SPEC, ceny hurtowe i niestandardowe logo. Niskie MOQ, szybka wysy\u0142ka i bezp\u0142atne pr\u00f3bki. Nawi\u0105\u017c wsp\u00f3\u0142prac\u0119 z certyfikowan\u0105 fabryk\u0105 ju\u017c dzi\u015b!<\/p>\n<table width=\"288\">\n<tbody>\n<tr>\n<td width=\"137\"><span style=\"color: #333333;\">Nazwa produktu<\/span><\/td>\n<td width=\"151\">Torba taktyczna<\/td>\n<\/tr>\n<tr>\n<td><span style=\"color: #333333;\">Pozycja nr.<\/span><\/td>\n<td><span style=\"color: #333333;\">PB-2023<\/span><\/td>\n<\/tr>\n<tr>\n<td><span style=\"color: #333333;\">Materia\u0142<\/span><\/td>\n<td>600D poliester<\/td>\n<\/tr>\n<tr>\n<td><span style=\"color: #333333;\">Rozmiar<\/span><\/td>\n<td>30*15*52cm<\/td>\n<\/tr>\n<tr>\n<td><span style=\"color: #333333;\">\u00a0Czas dostawy<\/span><\/td>\n<td><span style=\"color: #333333;\">1-5 dni dla ma\u0142ych ilo\u015bci drog\u0105 lotnicz\u0105 i 30-35 dni dla du\u017cych ilo\u015bci drog\u0105 morsk\u0105<\/span><\/td>\n<\/tr>\n<\/tbody>\n<\/table>\n<p>Jako wiod\u0105cy\u00a0<strong>Producent toreb taktycznych w kamufla\u017cu<\/strong>Projektujemy sprz\u0119t, kt\u00f3remu ufaj\u0105 jednostki wojskowe, marki outdoorowe i specjali\u015bci od przetrwania. Nasz\u00a0<strong>hurtownia<\/strong>\u00a0produkuje\u00a0<strong>niestandardowe torby taktyczne<\/strong>\u00a0Zaprojektowany, aby wtopi\u0107 si\u0119 w lasy, pustynie i miejskie d\u017cungle - a jednocze\u015bnie przetrwa\u0107 najtrudniejsze misje.<\/p>\n<p><strong>Dlaczego warto z nami pracowa\u0107?<\/strong><br \/>\n\u2705\u00a0<strong>Jako\u015b\u0107 klasy wojskowej<\/strong>:<\/p>\n<ul>\n<li><strong>Tkanina Cordura\u00ae 500D<\/strong>\u00a0- Odporny na rozdarcia i warunki atmosferyczne<\/li>\n<li><strong>Ta\u015bma MOLLE<\/strong>\u00a0dla przystawek modu\u0142owych (konfigurowalne uk\u0142ady)<\/li>\n<li><strong>Wodoodporne zamki b\u0142yskawiczne IP67<\/strong>\u00a0+ wzmocnione punkty napr\u0119\u017cenia<\/li>\n<\/ul>\n<p>\u2705\u00a0<strong>Zalety sprzeda\u017cy hurtowej<\/strong>:<\/p>\n<ul>\n<li><strong>MOQ 150szt<\/strong>\u00a0- Idealny dla startup\u00f3w i ma\u0142ych zam\u00f3wie\u0144<\/li>\n<li><strong>20% wy\u0142\u0105czony<\/strong>\u00a0zam\u00f3wienia powy\u017cej 500 sztuk<\/li>\n<li><strong>18-dniowa produkcja<\/strong>\u00a0+ wysy\u0142ka lotnicza\/morska do ponad 60 kraj\u00f3w<\/li>\n<\/ul>\n<p>\u2705\u00a0<strong>Funkcje gotowe do walki<\/strong>:<\/p>\n<ul>\n<li><strong>Wzory kamufla\u017cu odporne na podczerwie\u0144<\/strong>\u00a0(Woodland, Digital, Multicam)<\/li>\n<li><strong>Przedzia\u0142y na p\u0119cherze hydracyjne<\/strong>\u00a0+ ukryte kieszenie do noszenia<\/li>\n<li><strong>Przetestowany zgodnie z MIL-STD-810G<\/strong>\u00a0standardy (\u015bcieranie, promieniowanie UV i nara\u017cenie na dzia\u0142anie wody)<\/li>\n<\/ul>\n<p><strong>Zaufany przez<\/strong>:<br \/>\nDostawcy wojskowi w regionach USA i NATO<br \/>\nMarki sprz\u0119tu my\u015bliwskiego w Kanadzie i Skandynawii<br \/>\nOrganizacje pozarz\u0105dowe zajmuj\u0105ce si\u0119 pomoc\u0105 w przypadku katastrof na ca\u0142ym \u015bwiecie<\/p>\n<\/div>\n<\/div>\n<\/div>\n<\/div>","protected":false},"excerpt":{"rendered":"<h2 data-immersive-translate-walked=\"344be1c1-5052-41eb-8fcd-0dbe236a0d6b\" data-immersive-translate-paragraph=\"1\">Producent toreb taktycznych w kamufla\u017cu<\/h2>\n<p>Zapewniamy torby premium z pe\u0142n\u0105 personalizacj\u0105 rozmiaru i koloru, trwa\u0142ymi materia\u0142ami i certyfikowan\u0105 jako\u015bci\u0105.<\/p>\n<p>Korzystaj z elastycznych MOQ, szybkiej globalnej wysy\u0142ki i rozwi\u0105za\u0144 marek w\u0142asnych.<\/p>\n<p>Skontaktuj si\u0119 z nami ju\u017c dzi\u015b!<\/p>","protected":false},"featured_media":1586,"template":"","meta":{"_uag_custom_page_level_css":""},"product_brand":[],"product_cat":[55],"product_tag":[],"class_list":{"0":"post-1583","1":"product","2":"type-product","3":"status-publish","4":"has-post-thumbnail","6":"product_cat-tactical-bag","8":"first","9":"instock","10":"shipping-taxable","11":"product-type-simple"},"uagb_featured_image_src":{"full":["https:\/\/pecbag.com\/wp-content\/uploads\/2025\/04\/Tactical-Bag-6.jpg",1600,1600,false],"thumbnail":["https:\/\/pecbag.com\/wp-content\/uploads\/2025\/04\/Tactical-Bag-6-150x150.jpg",150,150,true],"medium":["https:\/\/pecbag.com\/wp-content\/uploads\/2025\/04\/Tactical-Bag-6-300x300.jpg",300,300,true],"medium_large":["https:\/\/pecbag.com\/wp-content\/uploads\/2025\/04\/Tactical-Bag-6-768x768.jpg",768,768,true],"large":["https:\/\/pecbag.com\/wp-content\/uploads\/2025\/04\/Tactical-Bag-6-1024x1024.jpg",800,800,true],"1536x1536":["https:\/\/pecbag.com\/wp-content\/uploads\/2025\/04\/Tactical-Bag-6-1536x1536.jpg",1536,1536,true],"2048x2048":["https:\/\/pecbag.com\/wp-content\/uploads\/2025\/04\/Tactical-Bag-6.jpg",1600,1600,false],"trp-custom-language-flag":["https:\/\/pecbag.com\/wp-content\/uploads\/2025\/04\/Tactical-Bag-6.jpg",12,12,false],"woocommerce_thumbnail":["https:\/\/pecbag.com\/wp-content\/uploads\/2025\/04\/Tactical-Bag-6-300x300.jpg",300,300,true],"woocommerce_single":["https:\/\/pecbag.com\/wp-content\/uploads\/2025\/04\/Tactical-Bag-6-600x600.jpg",600,600,true],"woocommerce_gallery_thumbnail":["https:\/\/pecbag.com\/wp-content\/uploads\/2025\/04\/Tactical-Bag-6-100x100.jpg",100,100,true]},"uagb_author_info":{"display_name":"Lawrence","author_link":"https:\/\/pecbag.com\/pl\/author\/"},"uagb_comment_info":0,"uagb_excerpt":"Camouflage Tactical Bag Manufacturer We provide premium bags with full-size and color customization, durable fabrics, and certified quality. Enjoy flexible MOQs, fast global shipping, and private label solutions. Contact us today!","_links":{"self":[{"href":"https:\/\/pecbag.com\/pl\/wp-json\/wp\/v2\/product\/1583","targetHints":{"allow":["GET"]}}],"collection":[{"href":"https:\/\/pecbag.com\/pl\/wp-json\/wp\/v2\/product"}],"about":[{"href":"https:\/\/pecbag.com\/pl\/wp-json\/wp\/v2\/types\/product"}],"wp:featuredmedia":[{"embeddable":true,"href":"https:\/\/pecbag.com\/pl\/wp-json\/wp\/v2\/media\/1586"}],"wp:attachment":[{"href":"https:\/\/pecbag.com\/pl\/wp-json\/wp\/v2\/media?parent=1583"}],"wp:term":[{"taxonomy":"product_brand","embeddable":true,"href":"https:\/\/pecbag.com\/pl\/wp-json\/wp\/v2\/product_brand?post=1583"},{"taxonomy":"product_cat","embeddable":true,"href":"https:\/\/pecbag.com\/pl\/wp-json\/wp\/v2\/product_cat?post=1583"},{"taxonomy":"product_tag","embeddable":true,"href":"https:\/\/pecbag.com\/pl\/wp-json\/wp\/v2\/product_tag?post=1583"}],"curies":[{"name":"wp","href":"https:\/\/api.w.org\/{rel}","templated":true}]}}