{"id":1600,"date":"2025-04-12T03:52:43","date_gmt":"2025-04-12T03:52:43","guid":{"rendered":"https:\/\/pecbag.com\/?post_type=product&#038;p=1600"},"modified":"2025-11-29T02:08:33","modified_gmt":"2025-11-29T02:08:33","slug":"travel-makeup-bag-gactory","status":"publish","type":"product","link":"https:\/\/pecbag.com\/pl\/travel-makeup-bag-gactory\/","title":{"rendered":"Podr\u00f3\u017cna kosmetyczka Gactory"},"content":{"rendered":"<h2 title=\"Sk\u0142adana torba dla psa Oddychaj\u0105ca siatkowa torba na rami\u0119 dla ma\u0142ych ps\u00f3w i kot\u00f3w\" data-immersive-translate-walked=\"1c928421-2e42-4cd3-8754-5404553c0af5\" data-immersive-translate-paragraph=\"1\" data-spm-anchor-id=\"a2700.details.0.i35.4f6757d4w4zNZA\">Top Travel Makeup Bag Factory | Hurtownia niestandardowych organizer\u00f3w kosmetycznych dla marek kosmetycznych<\/h2>\n<div class=\"flex flex-grow flex-col max-w-full\">\n<div class=\"min-h-[20px] text-message flex w-full flex-col items-end gap-2 whitespace-pre-wrap break-words [.text-message+&amp;]:mt-5 overflow-x-auto\" dir=\"auto\" data-message-author-role=\"assistant\" data-message-id=\"3d7d46f6-7ec2-4222-9257-48fa0bba23c6\" data-suggestions=\"true\">\n<div class=\"flex w-full flex-col gap-1 empty:hidden first:pt-[3px]\">\n<div class=\"markdown prose w-full break-words dark:prose-invert light\">\n<p>Potrzebujesz\u00a0<strong>podr\u00f3\u017cna kosmetyczka fabryka<\/strong>? Oferujemy stylowe, wodoodporne wzory, rabaty hurtowe i szybk\u0105 wysy\u0142k\u0119. Niskie MOQ i bezp\u0142atne drukowanie logo. Zam\u00f3w bezp\u0142atne pr\u00f3bki + makiety 3D ju\u017c dzi\u015b!<\/p>\n<table width=\"288\">\n<tbody>\n<tr>\n<td width=\"137\"><span style=\"color: #333333;\">Nazwa produktu<\/span><\/td>\n<td width=\"151\">Torba podr\u00f3\u017cna<\/td>\n<\/tr>\n<tr>\n<td><span style=\"color: #333333;\">Pozycja nr.<\/span><\/td>\n<td><span style=\"color: #333333;\">PB-2025<\/span><\/td>\n<\/tr>\n<tr>\n<td><span style=\"color: #333333;\">Materia\u0142<\/span><\/td>\n<td>Poliester<\/td>\n<\/tr>\n<tr>\n<td><span style=\"color: #333333;\">\u00a0Rozmiar i kolor<\/span><\/td>\n<td>21*10,5*11,5 cala<\/td>\n<\/tr>\n<tr>\n<td><span style=\"color: #333333;\">\u00a0Czas dostawy<\/span><\/td>\n<td><span style=\"color: #333333;\">1-5 dni dla ma\u0142ych ilo\u015bci drog\u0105 lotnicz\u0105 i 30-35 dni dla du\u017cych ilo\u015bci drog\u0105 morsk\u0105<\/span><\/td>\n<\/tr>\n<\/tbody>\n<\/table>\n<p>Jako wiod\u0105cy\u00a0<strong>podr\u00f3\u017cna kosmetyczka fabryka<\/strong>\u00a0W Chinach tworzymy eleganckie organizery na kosmetyki, p\u0119dzle i produkty do piel\u0119gnacji sk\u00f3ry. Idealne dla marek kosmetycznych, hoteli i sprzedawc\u00f3w upomink\u00f3w - nasze\u00a0<strong>hurtowe niestandardowe torby do makija\u017cu<\/strong>\u00a0zapewniaj\u0105 bezpiecze\u0144stwo, stylowy wygl\u0105d i gotowo\u015b\u0107 do podr\u00f3\u017cy.<\/p>\n<p><strong>Dlaczego warto wybra\u0107 nas?<\/strong><br \/>\n\u2705\u00a0<strong>Inteligentne dostosowywanie<\/strong>:<\/p>\n<ul>\n<li>Dodaj\u00a0<strong>logo marki<\/strong>\u00a0(haft, t\u0142oczenie foli\u0105 lub grawerowanie laserowe)<\/li>\n<li>Do wyboru ponad 80 materia\u0142\u00f3w (wodoodporny PU, sk\u00f3ra wega\u0144ska, ekologiczny poliester z recyklingu)<\/li>\n<li>Niestandardowe przegr\u00f3dki (otwory na szczoteczki, kieszenie na lusterka, od\u0142\u0105czane woreczki)<\/li>\n<\/ul>\n<p>\u2705\u00a0<strong>Korzy\u015bci hurtowe<\/strong>:<\/p>\n<ul>\n<li><strong>MOQ 100szt<\/strong>\u00a0- Idealny dla startup\u00f3w i ma\u0142ych zam\u00f3wie\u0144<\/li>\n<li><strong>25% wy\u0142\u0105czony<\/strong>\u00a0dla zam\u00f3wie\u0144 hurtowych (ponad 500 sztuk)<\/li>\n<li><strong>12-dniowa produkcja<\/strong>\u00a0+ wysy\u0142ka lotnicza do USA\/UE\/Azji<\/li>\n<\/ul>\n<p>\u2705\u00a0<strong>Wytrzyma\u0142o\u015b\u0107 sprawdzona w podr\u00f3\u017cy<\/strong>:<\/p>\n<ul>\n<li><strong>Wodoodporne zamki b\u0142yskawiczne<\/strong>\u00a0+ wk\u0142adki do wycierania (bez rozlanych p\u0142yn\u00f3w i plam!)<\/li>\n<li><strong>Rozmiary przyjazne dla TSA<\/strong> (pasuje do baga\u017cu podr\u0119cznego)<\/li>\n<li>Przeszed\u0142 ponad 10 000 test\u00f3w cyklu zip (certyfikat ISO 9001)<\/li>\n<\/ul>\n<p><strong>Zaufany przez<\/strong>:<br \/>\nGiganci bran\u017cy kosmetycznej, tacy jak GlowLab i PureSkin<br \/>\nLuksusowe sieci hoteli w Dubaju i Pary\u017cu<br \/>\nDostawcy upomink\u00f3w dla linii lotniczych i wydarze\u0144 VIP<\/p>\n<\/div>\n<\/div>\n<\/div>\n<\/div>","protected":false},"excerpt":{"rendered":"<h2 data-immersive-translate-walked=\"344be1c1-5052-41eb-8fcd-0dbe236a0d6b\" data-immersive-translate-paragraph=\"1\">Podr\u00f3\u017cna kosmetyczka Gactory<\/h2>\n<p>Zapewniamy torby premium z pe\u0142n\u0105 personalizacj\u0105 rozmiaru i koloru, trwa\u0142ymi materia\u0142ami i certyfikowan\u0105 jako\u015bci\u0105.<\/p>\n<p>Korzystaj z elastycznych MOQ, szybkiej globalnej wysy\u0142ki i rozwi\u0105za\u0144 marek w\u0142asnych.<\/p>\n<p>Skontaktuj si\u0119 z nami ju\u017c dzi\u015b!<\/p>","protected":false},"featured_media":1604,"template":"","meta":{"_uag_custom_page_level_css":""},"product_brand":[],"product_cat":[68],"product_tag":[],"class_list":{"0":"post-1600","1":"product","2":"type-product","3":"status-publish","4":"has-post-thumbnail","6":"product_cat-travel-bag","8":"first","9":"instock","10":"shipping-taxable","11":"product-type-simple"},"uagb_featured_image_src":{"full":["https:\/\/pecbag.com\/wp-content\/uploads\/2025\/04\/Travel-Makeup-Bag-Gactory-2.jpg",1000,1000,false],"thumbnail":["https:\/\/pecbag.com\/wp-content\/uploads\/2025\/04\/Travel-Makeup-Bag-Gactory-2-150x150.jpg",150,150,true],"medium":["https:\/\/pecbag.com\/wp-content\/uploads\/2025\/04\/Travel-Makeup-Bag-Gactory-2-300x300.jpg",300,300,true],"medium_large":["https:\/\/pecbag.com\/wp-content\/uploads\/2025\/04\/Travel-Makeup-Bag-Gactory-2-768x768.jpg",768,768,true],"large":["https:\/\/pecbag.com\/wp-content\/uploads\/2025\/04\/Travel-Makeup-Bag-Gactory-2.jpg",800,800,false],"1536x1536":["https:\/\/pecbag.com\/wp-content\/uploads\/2025\/04\/Travel-Makeup-Bag-Gactory-2.jpg",1000,1000,false],"2048x2048":["https:\/\/pecbag.com\/wp-content\/uploads\/2025\/04\/Travel-Makeup-Bag-Gactory-2.jpg",1000,1000,false],"trp-custom-language-flag":["https:\/\/pecbag.com\/wp-content\/uploads\/2025\/04\/Travel-Makeup-Bag-Gactory-2.jpg",12,12,false],"woocommerce_thumbnail":["https:\/\/pecbag.com\/wp-content\/uploads\/2025\/04\/Travel-Makeup-Bag-Gactory-2-300x300.jpg",300,300,true],"woocommerce_single":["https:\/\/pecbag.com\/wp-content\/uploads\/2025\/04\/Travel-Makeup-Bag-Gactory-2-600x600.jpg",600,600,true],"woocommerce_gallery_thumbnail":["https:\/\/pecbag.com\/wp-content\/uploads\/2025\/04\/Travel-Makeup-Bag-Gactory-2-100x100.jpg",100,100,true]},"uagb_author_info":{"display_name":"Lawrence","author_link":"https:\/\/pecbag.com\/pl\/author\/"},"uagb_comment_info":0,"uagb_excerpt":"Travel Makeup Bag Gactory We provide premium bags with full-size and color customization, durable fabrics, and certified quality. Enjoy flexible MOQs, fast global shipping, and private label solutions. Contact us today!","_links":{"self":[{"href":"https:\/\/pecbag.com\/pl\/wp-json\/wp\/v2\/product\/1600","targetHints":{"allow":["GET"]}}],"collection":[{"href":"https:\/\/pecbag.com\/pl\/wp-json\/wp\/v2\/product"}],"about":[{"href":"https:\/\/pecbag.com\/pl\/wp-json\/wp\/v2\/types\/product"}],"wp:featuredmedia":[{"embeddable":true,"href":"https:\/\/pecbag.com\/pl\/wp-json\/wp\/v2\/media\/1604"}],"wp:attachment":[{"href":"https:\/\/pecbag.com\/pl\/wp-json\/wp\/v2\/media?parent=1600"}],"wp:term":[{"taxonomy":"product_brand","embeddable":true,"href":"https:\/\/pecbag.com\/pl\/wp-json\/wp\/v2\/product_brand?post=1600"},{"taxonomy":"product_cat","embeddable":true,"href":"https:\/\/pecbag.com\/pl\/wp-json\/wp\/v2\/product_cat?post=1600"},{"taxonomy":"product_tag","embeddable":true,"href":"https:\/\/pecbag.com\/pl\/wp-json\/wp\/v2\/product_tag?post=1600"}],"curies":[{"name":"wp","href":"https:\/\/api.w.org\/{rel}","templated":true}]}}