{"id":3174,"date":"2025-05-23T01:23:49","date_gmt":"2025-05-23T01:23:49","guid":{"rendered":"https:\/\/pecbag.com\/?post_type=product&#038;p=3174"},"modified":"2025-11-29T02:07:26","modified_gmt":"2025-11-29T02:07:26","slug":"waterproof-outdoor-bicycle-backpack","status":"publish","type":"product","link":"https:\/\/pecbag.com\/pl\/waterproof-outdoor-bicycle-backpack\/","title":{"rendered":"Wodoodporny plecak rowerowy na zewn\u0105trz"},"content":{"rendered":"<h2 title=\"Sk\u0142adana torba dla psa Oddychaj\u0105ca siatkowa torba na rami\u0119 dla ma\u0142ych ps\u00f3w i kot\u00f3w\" data-immersive-translate-walked=\"1c928421-2e42-4cd3-8754-5404553c0af5\" data-immersive-translate-paragraph=\"1\" data-spm-anchor-id=\"a2700.details.0.i35.4f6757d4w4zNZA\">Wodoodporny zewn\u0119trzny plecak rowerowy Producent | Fabryka wodoodpornych toreb | Dostawca luzem<\/h2>\n<div class=\"flex flex-grow flex-col max-w-full\">\n<div class=\"min-h-[20px] text-message flex w-full flex-col items-end gap-2 whitespace-pre-wrap break-words [.text-message+&amp;]:mt-5 overflow-x-auto\" dir=\"auto\" data-message-author-role=\"assistant\" data-message-id=\"3d7d46f6-7ec2-4222-9257-48fa0bba23c6\" data-suggestions=\"true\">\n<div class=\"flex w-full flex-col gap-1 empty:hidden first:pt-[3px]\">\n<div class=\"markdown prose w-full break-words dark:prose-invert light\">\n<p>Potrzeba\u00a0<strong>wodoodporne plecaki rowerowe na zewn\u0105trz<\/strong>\u00a0kt\u00f3re przetrwaj\u0105 deszcz, b\u0142oto i ostr\u0105 jazd\u0119? Jeste\u015bmy najlepsi\u00a0<strong>fabryka toreb wodoodpornych<\/strong>\u00a0oraz\u00a0<strong>producent plecak\u00f3w<\/strong>\u00a0w Chinach, produkuj\u0105ca wytrzyma\u0142e torby rowerowe dla marek i hurtownik\u00f3w na ca\u0142ym \u015bwiecie!<\/p>\n<table width=\"288\">\n<tbody>\n<tr>\n<td width=\"137\"><span style=\"color: #333333;\">Nazwa produktu<\/span><\/td>\n<td width=\"151\"><span style=\"color: #333333;\">Torba rowerowa<\/span><\/td>\n<\/tr>\n<tr>\n<td><span style=\"color: #333333;\">Pozycja nr.<\/span><\/td>\n<td><span style=\"color: #333333;\">PB-2004<\/span><\/td>\n<\/tr>\n<tr>\n<td><span style=\"color: #333333;\">Materia\u0142<\/span><\/td>\n<td>PU<\/td>\n<\/tr>\n<tr>\n<td><span style=\"color: #333333;\">Rozmiar<\/span><\/td>\n<td>29,5 x 12 x 42 cm<\/td>\n<\/tr>\n<tr>\n<td><span style=\"color: #333333;\">\u00a0Czas dostawy<\/span><\/td>\n<td><span style=\"color: #333333;\">1-5 dni dla ma\u0142ych ilo\u015bci drog\u0105 lotnicz\u0105 i 30-35 dni dla du\u017cych ilo\u015bci drog\u0105 morsk\u0105<\/span><\/td>\n<\/tr>\n<\/tbody>\n<\/table>\n<p class=\"ds-markdown-paragraph\">\u2705\u00a0<strong>Dlaczego warto wybra\u0107 nas?<\/strong><\/p>\n<ul>\n<li>\n<p class=\"ds-markdown-paragraph\"><strong>100% Wodoodporny<\/strong>: Uszczelnione szwy + tkanina pokryta TPU zapewniaj\u0105 sucho\u015b\u0107 sprz\u0119tu - nigdy nie przecieka!<\/p>\n<\/li>\n<li>\n<p class=\"ds-markdown-paragraph\"><strong>Oszcz\u0119dno\u015bci przy zam\u00f3wieniach zbiorczych<\/strong>: Produkcja hurtowych zam\u00f3wie\u0144 toreb rowerowych w bezkonkurencyjnych cenach (MOQ 50+ sztuk).<\/p>\n<\/li>\n<li>\n<p class=\"ds-markdown-paragraph\"><strong>Your Brand, Your Way<\/strong>: Dostosuj projekty, logo i kolory za pomoc\u0105 torby rowerowej ODM \/ OEM lub\u00a0<strong>marka w\u0142asna<\/strong>\u00a0us\u0142ugi.<\/p>\n<\/li>\n<li>\n<p class=\"ds-markdown-paragraph\"><strong>Wiedza specjalistyczna z Chin<\/strong>: Jako wiod\u0105cy dostawca toreb rowerowych w Chinach \u0142\u0105czymy jako\u015b\u0107 z szybk\u0105 logistyk\u0105 eksportu toreb rowerowych.<\/p>\n<\/li>\n<\/ul>\n<p class=\"ds-markdown-paragraph\"><strong>Cechy, kt\u00f3re sprzedaj\u0105:<\/strong><br \/>\nWzmocnione paski i zamki b\u0142yskawiczne YKK dla trwa\u0142o\u015bci<br \/>\nOdblaskowe paski dla bezpiecze\u0144stwa w nocy<br \/>\nOddychaj\u0105ca wy\u015bci\u00f3\u0142ka plec\u00f3w i ergonomiczna konstrukcja<br \/>\nProdukcja z certyfikatem CE i ISO<\/p>\n<p class=\"ds-markdown-paragraph\"><strong>Idealne dla:<\/strong><\/p>\n<ul>\n<li>\n<p class=\"ds-markdown-paragraph\">Marki rowerowe i hurtownie toreb rowerowych<\/p>\n<\/li>\n<li>\n<p class=\"ds-markdown-paragraph\">Sprzedawcy detaliczni i sprzedawcy toreb rowerowych<\/p>\n<\/li>\n<li>\n<p class=\"ds-markdown-paragraph\">Startupy potrzebuj\u0105ce rozwi\u0105za\u0144 dla marek w\u0142asnych toreb rowerowych<\/p>\n<\/li>\n<\/ul>\n<p class=\"ds-markdown-paragraph\"><strong>Masz projekt?<\/strong>\u00a0Zrobimy to naprawd\u0119!<br \/>\n\u2705 Bezp\u0142atne pr\u00f3bki | \u2705 15-dniowa produkcja | \u2705 Wysy\u0142ka od drzwi do drzwi<\/p>\n<p class=\"ds-markdown-paragraph\"><strong>Gotowy na przygod\u0119 z torbami rowerowymi?<\/strong>\u00a0Skontaktuj si\u0119 z nami ju\u017c dzi\u015b, aby uzyska\u0107 wycen\u0119 lub rozpocz\u0105\u0107 projekt torby rowerowej OEM\/ODM ju\u017c teraz!<\/p>\n<\/div>\n<\/div>\n<\/div>\n<\/div>","protected":false},"excerpt":{"rendered":"<h2 data-immersive-translate-walked=\"344be1c1-5052-41eb-8fcd-0dbe236a0d6b\" data-immersive-translate-paragraph=\"1\">Wodoodporny plecak rowerowy na zewn\u0105trz<\/h2>\n<p><strong>Wodoodporno\u015b\u0107:<\/strong> Ta torba rowerowa jest wykonana z wodoodpornego materia\u0142u i laminowana gumow\u0105 powierzchni\u0105 PU. Zamek b\u0142yskawiczny wykorzystuje zgrzewan\u0105 ta\u015bm\u0119 wodoodporn\u0105, kt\u00f3ra skutecznie zapobiega przenikaniu wody deszczowej. Ponadto w zestawie znajduje si\u0119 r\u00f3wnie\u017c pokrowiec przeciwdeszczowy, kt\u00f3ry zapewnia najlepsz\u0105 wodoodporn\u0105 ochron\u0119<\/p>\n<p><strong>Aplikacja dla wielu scen:<\/strong> Mo\u017ce by\u0107 u\u017cywany jako plecak z wbudowan\u0105 przegrod\u0105 na komputer, aby spe\u0142ni\u0107 Twoje potrzeby. Mo\u017ce by\u0107 u\u017cywana jako torba na rami\u0119, aby zaspokoi\u0107 potrzeby zwi\u0105zane z dojazdami do pracy. Mo\u017ce by\u0107 u\u017cywana jako sakwa rowerowa, kt\u00f3r\u0105 mo\u017cna dowolnie zmienia\u0107, odpowiednia do r\u00f3\u017cnych rower\u00f3w.<\/p>","protected":false},"featured_media":3176,"template":"","meta":{"_uag_custom_page_level_css":""},"product_brand":[],"product_cat":[48],"product_tag":[],"class_list":{"0":"post-3174","1":"product","2":"type-product","3":"status-publish","4":"has-post-thumbnail","6":"product_cat-bike-bag","8":"first","9":"instock","10":"shipping-taxable","11":"product-type-simple"},"uagb_featured_image_src":{"full":["https:\/\/pecbag.com\/wp-content\/uploads\/2025\/05\/Waterproof-Outdoor-Bicycle-Backpack-6.jpg",1500,1500,false],"thumbnail":["https:\/\/pecbag.com\/wp-content\/uploads\/2025\/05\/Waterproof-Outdoor-Bicycle-Backpack-6-150x150.jpg",150,150,true],"medium":["https:\/\/pecbag.com\/wp-content\/uploads\/2025\/05\/Waterproof-Outdoor-Bicycle-Backpack-6-300x300.jpg",300,300,true],"medium_large":["https:\/\/pecbag.com\/wp-content\/uploads\/2025\/05\/Waterproof-Outdoor-Bicycle-Backpack-6-768x768.jpg",768,768,true],"large":["https:\/\/pecbag.com\/wp-content\/uploads\/2025\/05\/Waterproof-Outdoor-Bicycle-Backpack-6-1024x1024.jpg",800,800,true],"1536x1536":["https:\/\/pecbag.com\/wp-content\/uploads\/2025\/05\/Waterproof-Outdoor-Bicycle-Backpack-6.jpg",1500,1500,false],"2048x2048":["https:\/\/pecbag.com\/wp-content\/uploads\/2025\/05\/Waterproof-Outdoor-Bicycle-Backpack-6.jpg",1500,1500,false],"trp-custom-language-flag":["https:\/\/pecbag.com\/wp-content\/uploads\/2025\/05\/Waterproof-Outdoor-Bicycle-Backpack-6-12x12.jpg",12,12,true],"woocommerce_thumbnail":["https:\/\/pecbag.com\/wp-content\/uploads\/2025\/05\/Waterproof-Outdoor-Bicycle-Backpack-6-300x300.jpg",300,300,true],"woocommerce_single":["https:\/\/pecbag.com\/wp-content\/uploads\/2025\/05\/Waterproof-Outdoor-Bicycle-Backpack-6-600x600.jpg",600,600,true],"woocommerce_gallery_thumbnail":["https:\/\/pecbag.com\/wp-content\/uploads\/2025\/05\/Waterproof-Outdoor-Bicycle-Backpack-6-100x100.jpg",100,100,true]},"uagb_author_info":{"display_name":"Lawrence","author_link":"https:\/\/pecbag.com\/pl\/author\/"},"uagb_comment_info":0,"uagb_excerpt":"Waterproof Outdoor Bicycle Backpack Water Repellent: This bicycle bag is made of water repellent fabric and laminated with a PU rubber surface. Its zipper uses heat-sealed waterproof tape, which can effectively prevent rainwater from infiltrating. In addition, a rain cover is also included to provide the best waterproof protection Multi-scene Application: Can be used as&hellip;","_links":{"self":[{"href":"https:\/\/pecbag.com\/pl\/wp-json\/wp\/v2\/product\/3174","targetHints":{"allow":["GET"]}}],"collection":[{"href":"https:\/\/pecbag.com\/pl\/wp-json\/wp\/v2\/product"}],"about":[{"href":"https:\/\/pecbag.com\/pl\/wp-json\/wp\/v2\/types\/product"}],"wp:featuredmedia":[{"embeddable":true,"href":"https:\/\/pecbag.com\/pl\/wp-json\/wp\/v2\/media\/3176"}],"wp:attachment":[{"href":"https:\/\/pecbag.com\/pl\/wp-json\/wp\/v2\/media?parent=3174"}],"wp:term":[{"taxonomy":"product_brand","embeddable":true,"href":"https:\/\/pecbag.com\/pl\/wp-json\/wp\/v2\/product_brand?post=3174"},{"taxonomy":"product_cat","embeddable":true,"href":"https:\/\/pecbag.com\/pl\/wp-json\/wp\/v2\/product_cat?post=3174"},{"taxonomy":"product_tag","embeddable":true,"href":"https:\/\/pecbag.com\/pl\/wp-json\/wp\/v2\/product_tag?post=3174"}],"curies":[{"name":"wp","href":"https:\/\/api.w.org\/{rel}","templated":true}]}}