{"id":3183,"date":"2025-05-23T02:39:04","date_gmt":"2025-05-23T02:39:04","guid":{"rendered":"https:\/\/pecbag.com\/?post_type=product&#038;p=3183"},"modified":"2025-11-29T02:07:21","modified_gmt":"2025-11-29T02:07:21","slug":"3-in-1-tarpaulin-outdoor-bike-backpack","status":"publish","type":"product","link":"https:\/\/pecbag.com\/pl\/3-in-1-tarpaulin-outdoor-bike-backpack\/","title":{"rendered":"Plandekowy plecak rowerowy na zewn\u0105trz"},"content":{"rendered":"<h2 title=\"Sk\u0142adana torba dla psa Oddychaj\u0105ca siatkowa torba na rami\u0119 dla ma\u0142ych ps\u00f3w i kot\u00f3w\" data-immersive-translate-walked=\"1c928421-2e42-4cd3-8754-5404553c0af5\" data-immersive-translate-paragraph=\"1\" data-spm-anchor-id=\"a2700.details.0.i35.4f6757d4w4zNZA\">\u00a0Producent plandekowych plecak\u00f3w rowerowych na zewn\u0105trz | Fabryka wodoodpornych toreb | Dostawca luzem<\/h2>\n<div class=\"flex flex-grow flex-col max-w-full\">\n<div class=\"min-h-[20px] text-message flex w-full flex-col items-end gap-2 whitespace-pre-wrap break-words [.text-message+&amp;]:mt-5 overflow-x-auto\" dir=\"auto\" data-message-author-role=\"assistant\" data-message-id=\"3d7d46f6-7ec2-4222-9257-48fa0bba23c6\" data-suggestions=\"true\">\n<div class=\"flex w-full flex-col gap-1 empty:hidden first:pt-[3px]\">\n<div class=\"markdown prose w-full break-words dark:prose-invert light\">\n<p>Potrzeba <strong>\u00a0Plecaki rowerowe 3 w 1 z plandek\u0105<\/strong>\u00a0kt\u00f3re radz\u0105 sobie z deszczem, nier\u00f3wnymi drogami i ci\u0119\u017ckimi \u0142adunkami? Jeste\u015bmy najlepszym\u00a0<strong>fabryka toreb wodoodpornych<\/strong>\u00a0oraz\u00a0<strong>producent plecak\u00f3w<\/strong>\u00a0w Chinach, tworz\u0105c wielofunkcyjne torby rowerowe dla poszukiwaczy przyg\u00f3d i marek na ca\u0142ym \u015bwiecie!<\/p>\n<p class=\"ds-markdown-paragraph\">\u2705 <strong>Dlaczego warto z nami pracowa\u0107?<\/strong><\/p>\n<ul>\n<li>\n<p class=\"ds-markdown-paragraph\"><strong>Magia 3 w 1<\/strong>: Odpinane przegr\u00f3dki + rozszerzalna pami\u0119\u0107 + wbudowana os\u0142ona przeciwdeszczowa = najlepszy towarzysz jazdy.<\/p>\n<\/li>\n<li>\n<p class=\"ds-markdown-paragraph\"><strong>Plandeka Tough<\/strong>: 100% wodoodporna tkanina plandekowa 1200D - przetrwa burze i zadrapania!<\/p>\n<\/li>\n<li>\n<p class=\"ds-markdown-paragraph\"><strong>Zasilanie zam\u00f3wienia zbiorczego<\/strong>: Szybka produkcja hurtowych zam\u00f3wie\u0144 na torby rowerowe (MOQ 100 sztuk) z\u00a0<strong>ODM\/OEM<\/strong>\u00a0lub opcje marki w\u0142asnej.<\/p>\n<\/li>\n<li>\n<p class=\"ds-markdown-paragraph\"><strong>China Cost Edge<\/strong>: Jako wiod\u0105cy dostawca toreb rowerowych w Chinach zapewniamy jako\u015b\u0107 w bezkonkurencyjnych cenach.<\/p>\n<\/li>\n<\/ul>\n<p class=\"ds-markdown-paragraph\"><strong>Funkcje, kt\u00f3re szybko si\u0119 sprzedaj\u0105:<\/strong><br \/>\nUkryte kieszenie antykradzie\u017cowe + odblaskowe paski bezpiecze\u0144stwa<br \/>\nOddychaj\u0105ce paski naramienne z siatki (regulowane dla wszystkich rowerzyst\u00f3w)<br \/>\nWzmocnione szwy + zamki b\u0142yskawiczne YKK (przetestowane na ponad 50 000 cykli)<br \/>\nCertyfikat CE\/SGS - brak toksycznych materia\u0142\u00f3w<\/p>\n<p class=\"ds-markdown-paragraph\"><strong>Idealne dla:<\/strong><\/p>\n<ul>\n<li>\n<p class=\"ds-markdown-paragraph\">Marki rowerowe i hurtownie toreb rowerowych<\/p>\n<\/li>\n<li>\n<p class=\"ds-markdown-paragraph\">Sprzedawcy sprz\u0119tu outdoorowego i sklepy e-commerce<\/p>\n<\/li>\n<li>\n<p class=\"ds-markdown-paragraph\">Startupy potrzebuj\u0105ce rozwi\u0105za\u0144 dla marek w\u0142asnych toreb rowerowych<\/p>\n<\/li>\n<\/ul>\n<p class=\"ds-markdown-paragraph\"><strong>Masz projekt?<\/strong>\u00a0Realizujemy to w 3 krokach:<br \/>\n1\ufe0f\u20e3 . Wy\u015blij sw\u00f3j pomys\u0142 (lub skorzystaj z naszego!)<br \/>\n2\ufe0f\u20e3 . Prototyp wykonamy w ci\u0105gu 7 dni<br \/>\n3\ufe0f\u20e3 Wysy\u0142aj globalnie za po\u015brednictwem sieci eksportowych toreb rowerowych<\/p>\n<p class=\"ds-markdown-paragraph\"><strong>Gotowy, by zdominowa\u0107 szlaki?<\/strong><br \/>\nPobierz\u00a0<strong>bezp\u0142atne pr\u00f3bki,<\/strong>\u00a0Natychmiastowe wyceny \ud83d\udc49 i 15-dniowa produkcja<\/p>\n<\/div>\n<\/div>\n<\/div>\n<\/div>","protected":false},"excerpt":{"rendered":"<p><strong>Wodoodporno\u015b\u0107:\u00a0<\/strong>Zastosowanie bezszwowej technologii zgrzewania, materia\u0142u plandekowego i zwijanej konstrukcji zapewnia wodoodporno\u015b\u0107 100%.<\/p>\n<p><strong>Wielofunkcyjno\u015b\u0107:<\/strong> Mo\u017ce by\u0107 u\u017cywany jako sakwa rowerowa\/plecak podmiejski\/torba na rami\u0119. Paski na rami\u0119 s\u0105 ukryte w plecaku, kt\u00f3ry mo\u017cna przymocowa\u0107 do tylnego baga\u017cnika. Po otwarciu dolnej komory na zamek b\u0142yskawiczny w \u015brodku znajduje si\u0119 siatkowa torba na kask.<\/p>\n<table width=\"288\">\n<tbody>\n<tr>\n<td width=\"137\"><span style=\"color: #333333;\">Nazwa produktu<\/span><\/td>\n<td width=\"151\"><span style=\"color: #333333;\">Torba rowerowa<\/span><\/td>\n<\/tr>\n<tr>\n<td><span style=\"color: #333333;\">Pozycja nr.<\/span><\/td>\n<td><span style=\"color: #333333;\">PB-2028<\/span><\/td>\n<\/tr>\n<tr>\n<td><span style=\"color: #333333;\">Materia\u0142<\/span><\/td>\n<td>600D poliester<\/td>\n<\/tr>\n<tr>\n<td><span style=\"color: #333333;\">\u00a0Rozmiar i kolor<\/span><\/td>\n<td>26 x 16 x 43 cm<\/td>\n<\/tr>\n<tr>\n<td><span style=\"color: #333333;\">\u00a0Czas dostawy<\/span><\/td>\n<td><span style=\"color: #333333;\">1-5 dni dla ma\u0142ych ilo\u015bci drog\u0105 lotnicz\u0105 i 30-35 dni dla du\u017cych ilo\u015bci drog\u0105 morsk\u0105<\/span><\/td>\n<\/tr>\n<\/tbody>\n<\/table>","protected":false},"featured_media":3185,"template":"","meta":{"_uag_custom_page_level_css":""},"product_brand":[],"product_cat":[48],"product_tag":[],"class_list":{"0":"post-3183","1":"product","2":"type-product","3":"status-publish","4":"has-post-thumbnail","6":"product_cat-bike-bag","8":"first","9":"instock","10":"shipping-taxable","11":"product-type-simple"},"uagb_featured_image_src":{"full":["https:\/\/pecbag.com\/wp-content\/uploads\/2025\/05\/3-in-1-Tarpaulin-Outdoor-Bike-Backpack-1.jpeg",1367,1367,false],"thumbnail":["https:\/\/pecbag.com\/wp-content\/uploads\/2025\/05\/3-in-1-Tarpaulin-Outdoor-Bike-Backpack-1-150x150.jpeg",150,150,true],"medium":["https:\/\/pecbag.com\/wp-content\/uploads\/2025\/05\/3-in-1-Tarpaulin-Outdoor-Bike-Backpack-1-300x300.jpeg",300,300,true],"medium_large":["https:\/\/pecbag.com\/wp-content\/uploads\/2025\/05\/3-in-1-Tarpaulin-Outdoor-Bike-Backpack-1-768x768.jpeg",768,768,true],"large":["https:\/\/pecbag.com\/wp-content\/uploads\/2025\/05\/3-in-1-Tarpaulin-Outdoor-Bike-Backpack-1-1024x1024.jpeg",800,800,true],"1536x1536":["https:\/\/pecbag.com\/wp-content\/uploads\/2025\/05\/3-in-1-Tarpaulin-Outdoor-Bike-Backpack-1.jpeg",1367,1367,false],"2048x2048":["https:\/\/pecbag.com\/wp-content\/uploads\/2025\/05\/3-in-1-Tarpaulin-Outdoor-Bike-Backpack-1.jpeg",1367,1367,false],"trp-custom-language-flag":["https:\/\/pecbag.com\/wp-content\/uploads\/2025\/05\/3-in-1-Tarpaulin-Outdoor-Bike-Backpack-1-12x12.jpeg",12,12,true],"woocommerce_thumbnail":["https:\/\/pecbag.com\/wp-content\/uploads\/2025\/05\/3-in-1-Tarpaulin-Outdoor-Bike-Backpack-1-300x300.jpeg",300,300,true],"woocommerce_single":["https:\/\/pecbag.com\/wp-content\/uploads\/2025\/05\/3-in-1-Tarpaulin-Outdoor-Bike-Backpack-1-600x600.jpeg",600,600,true],"woocommerce_gallery_thumbnail":["https:\/\/pecbag.com\/wp-content\/uploads\/2025\/05\/3-in-1-Tarpaulin-Outdoor-Bike-Backpack-1-100x100.jpeg",100,100,true]},"uagb_author_info":{"display_name":"Lawrence","author_link":"https:\/\/pecbag.com\/pl\/author\/"},"uagb_comment_info":0,"uagb_excerpt":"Waterproof:\u00a0Use seamless welded technology, tarpaulin material, and roll-up design, enabling 100% waterproof. Multifunctional: It can be used as a bike pannier bag\/a commuter backpack\/shoulder bag. Shoulder straps are hidden in the backpack, which could be attached to the rear rack. Open the bottom zipper compartment, and there is a helmet mesh bag inside. Products Name&hellip;","_links":{"self":[{"href":"https:\/\/pecbag.com\/pl\/wp-json\/wp\/v2\/product\/3183","targetHints":{"allow":["GET"]}}],"collection":[{"href":"https:\/\/pecbag.com\/pl\/wp-json\/wp\/v2\/product"}],"about":[{"href":"https:\/\/pecbag.com\/pl\/wp-json\/wp\/v2\/types\/product"}],"wp:featuredmedia":[{"embeddable":true,"href":"https:\/\/pecbag.com\/pl\/wp-json\/wp\/v2\/media\/3185"}],"wp:attachment":[{"href":"https:\/\/pecbag.com\/pl\/wp-json\/wp\/v2\/media?parent=3183"}],"wp:term":[{"taxonomy":"product_brand","embeddable":true,"href":"https:\/\/pecbag.com\/pl\/wp-json\/wp\/v2\/product_brand?post=3183"},{"taxonomy":"product_cat","embeddable":true,"href":"https:\/\/pecbag.com\/pl\/wp-json\/wp\/v2\/product_cat?post=3183"},{"taxonomy":"product_tag","embeddable":true,"href":"https:\/\/pecbag.com\/pl\/wp-json\/wp\/v2\/product_tag?post=3183"}],"curies":[{"name":"wp","href":"https:\/\/api.w.org\/{rel}","templated":true}]}}