{"id":3197,"date":"2025-05-23T03:04:19","date_gmt":"2025-05-23T03:04:19","guid":{"rendered":"https:\/\/pecbag.com\/?post_type=product&#038;p=3197"},"modified":"2025-11-29T02:07:08","modified_gmt":"2025-11-29T02:07:08","slug":"pu-tear-resistant-travel-bike-storage-pack","status":"publish","type":"product","link":"https:\/\/pecbag.com\/pl\/pu-tear-resistant-travel-bike-storage-pack\/","title":{"rendered":"11L PU odporna na rozdarcia podr\u00f3\u017cna torba rowerowa"},"content":{"rendered":"<h5 title=\"Sk\u0142adana torba dla psa Oddychaj\u0105ca siatkowa torba na rami\u0119 dla ma\u0142ych ps\u00f3w i kot\u00f3w\" data-immersive-translate-walked=\"1c928421-2e42-4cd3-8754-5404553c0af5\" data-immersive-translate-paragraph=\"1\" data-spm-anchor-id=\"a2700.details.0.i35.4f6757d4w4zNZA\">11L PU Odporna na rozdarcie podr\u00f3\u017cna torba rowerowa | Wodoodporna fabryka toreb i plecak\u00f3w | Dostawca hurtowy<\/h5>\n<p title=\"Sk\u0142adana torba dla psa Oddychaj\u0105ca siatkowa torba na rami\u0119 dla ma\u0142ych ps\u00f3w i kot\u00f3w\" data-immersive-translate-walked=\"1c928421-2e42-4cd3-8754-5404553c0af5\" data-immersive-translate-paragraph=\"1\" data-spm-anchor-id=\"a2700.details.0.i35.4f6757d4w4zNZA\">Potrzebujesz odpornego na rozdarcia plecaka rowerowego 11L PU na trudne przygody? Jeste\u015bmy najlepsz\u0105 fabryk\u0105 wodoodpornych toreb i producentem plecak\u00f3w w Chinach, produkuj\u0105c\u0105 wytrzyma\u0142e torby rowerowe, kt\u00f3re przetrwaj\u0105 nier\u00f3wne drogi, ostre narz\u0119dzia i monsunowe deszcze!<\/p>\n<div class=\"flex flex-grow flex-col max-w-full\">\n<div class=\"min-h-[20px] text-message flex w-full flex-col items-end gap-2 whitespace-pre-wrap break-words [.text-message+&amp;]:mt-5 overflow-x-auto\" dir=\"auto\" data-message-author-role=\"assistant\" data-message-id=\"3d7d46f6-7ec2-4222-9257-48fa0bba23c6\" data-suggestions=\"true\">\n<div class=\"flex w-full flex-col gap-1 empty:hidden first:pt-[3px]\">\n<div class=\"markdown prose w-full break-words dark:prose-invert light\">\n<table width=\"288\">\n<tbody>\n<tr>\n<td width=\"137\"><span style=\"color: #333333;\">Nazwa produktu<\/span><\/td>\n<td width=\"151\"><span style=\"color: #333333;\">Torba rowerowa<\/span><\/td>\n<\/tr>\n<tr>\n<td><span style=\"color: #333333;\">Pozycja nr.<\/span><\/td>\n<td><span style=\"color: #333333;\">PB-2030<\/span><\/td>\n<\/tr>\n<tr>\n<td><span style=\"color: #333333;\">Materia\u0142<\/span><\/td>\n<td>PU<\/td>\n<\/tr>\n<tr>\n<td><span style=\"color: #333333;\">Rozmiar<\/span><\/td>\n<td>47 X 17 X 14 CM<\/td>\n<\/tr>\n<tr>\n<td><span style=\"color: #333333;\">\u00a0Czas dostawy<\/span><\/td>\n<td><span style=\"color: #333333;\">1-5 dni dla ma\u0142ych ilo\u015bci drog\u0105 lotnicz\u0105 i 30-35 dni dla du\u017cych ilo\u015bci drog\u0105 morsk\u0105<\/span><\/td>\n<\/tr>\n<\/tbody>\n<\/table>\n<p class=\"ds-markdown-paragraph\">\u2705\u00a0<strong>Dlaczego warto z nami wsp\u00f3\u0142pracowa\u0107?<\/strong><\/p>\n<ul>\n<li>\n<p class=\"ds-markdown-paragraph\"><strong>Moc odporna na rozdarcia<\/strong>: Tkanina powlekana PU 18 uncji + potr\u00f3jne szwy - stworzona do przechowywania motocykli, rower\u00f3w lub sprz\u0119tu outdoorowego.<\/p>\n<\/li>\n<li>\n<p class=\"ds-markdown-paragraph\"><strong>Inteligentna konstrukcja 11L<\/strong>: Kompaktowy, ale pasuje do kask\u00f3w, narz\u0119dzi i sprz\u0119tu przeciwdeszczowego - rozci\u0105gliwe paski do przeci\u0105\u017cenia.<\/p>\n<\/li>\n<li>\n<p class=\"ds-markdown-paragraph\"><strong>Korzy\u015bci zwi\u0105zane z zam\u00f3wieniami zbiorczymi<\/strong>: Produkuj hurtowe zam\u00f3wienia na torby rowerowe (MOQ 100 sztuk) z ODM \/ OEM lub mark\u0105 w\u0142asn\u0105 w ci\u0105gu 15 dni!<\/p>\n<\/li>\n<li>\n<p class=\"ds-markdown-paragraph\"><strong>China Cost Edge<\/strong>: Jako wiod\u0105cy dostawca toreb rowerowych w Chinach, jako\u015b\u0107 spotyka si\u0119 z bezkonkurencyjnymi cenami.<\/p>\n<\/li>\n<\/ul>\n<p class=\"ds-markdown-paragraph\"><strong>Funkcje, kt\u00f3re szybko si\u0119 sprzedaj\u0105:<\/strong><br \/>\nWodoodporne zamki b\u0142yskawiczne YKK 100% + otwory drena\u017cowe<br \/>\nOdblaskowe naszywki bezpiecze\u0144stwa i ukryte kieszenie antykradzie\u017cowe<br \/>\nUniwersalny system monta\u017cu (pasuje do wszystkich baga\u017cnik\u00f3w rowerowych)<br \/>\nCertyfikat CE\/SGS - brak toksycznych klej\u00f3w i zapach\u00f3w<\/p>\n<p class=\"ds-markdown-paragraph\"><strong>Idealne dla:<\/strong><\/p>\n<ul>\n<li>\n<p class=\"ds-markdown-paragraph\">Marki motocykli i hurtownie toreb rowerowych<\/p>\n<\/li>\n<li>\n<p class=\"ds-markdown-paragraph\">Sprzedawcy sprz\u0119tu outdoorowego i giganci e-commerce<\/p>\n<\/li>\n<li>\n<p class=\"ds-markdown-paragraph\">Startupy szukaj\u0105ce rozwi\u0105za\u0144 dla rower\u00f3w pod mark\u0105 w\u0142asn\u0105<\/p>\n<\/li>\n<\/ul>\n<p class=\"ds-markdown-paragraph\"><strong>Jak dzia\u0142amy:<\/strong><br \/>\n1\ufe0f\u20e3 Wy\u015blij swoje logo\/projekt (lub skorzystaj z naszych ponad 100 szablon\u00f3w)<br \/>\n2\ufe0f\u20e3 Prototyp w 5 dni \u2192 zatwierdzenie \u2192 masowa produkcja<br \/>\n3\ufe0f\u20e3 Wysy\u0142ka za po\u015brednictwem sieci eksportu toreb rowerowych (obs\u0142ugiwane DDP\/DAP)<\/p>\n<p class=\"ds-markdown-paragraph\"><strong>Gotowy do zaopatrzenia si\u0119 w pakiety, kt\u00f3re przetrwaj\u0105 d\u0142u\u017cej ni\u017c przygoda?<\/strong><br \/>\n\ud83d\udc49\u00a0<strong>Bezp\u0142atne pr\u00f3bki<\/strong>\u00a0\ud83d\udc49 , depozyt 30% \ud83d\udc49 , notowania 24h<\/p>\n<\/div>\n<\/div>\n<\/div>\n<\/div>","protected":false},"excerpt":{"rendered":"<h2 title=\"Sk\u0142adana torba dla psa Oddychaj\u0105ca siatkowa torba na rami\u0119 dla ma\u0142ych ps\u00f3w i kot\u00f3w\" data-immersive-translate-walked=\"1c928421-2e42-4cd3-8754-5404553c0af5\" data-immersive-translate-paragraph=\"1\" data-spm-anchor-id=\"a2700.details.0.i35.4f6757d4w4zNZA\">11L PU odporna na rozdarcia podr\u00f3\u017cna torba rowerowa<\/h2>\n<p><strong>1. Odporno\u015b\u0107 na rozdarcia.<\/strong> Torba na siode\u0142ko rowerowe wykonana z tkaniny w krat\u0119 i PU charakteryzuje si\u0119 wodoodporno\u015bci\u0105, odporno\u015bci\u0105 na rozdarcia, wytrzyma\u0142o\u015bci\u0105 i mo\u017ce by\u0107 u\u017cywana przez d\u0142ugi czas.<\/p>\n<p><strong>2. \u0141atwa instalacja.\u00a0<\/strong>Torby rowerowe pod siode\u0142ko s\u0105 zaprojektowane z magicznymi naklejkami i klamrami, \u0142atwymi do zainstalowania. Mo\u017cna je szybko i \u0142atwo zamontowa\u0107 na tylnej cz\u0119\u015bci roweru.<\/p>\n<p><strong>3. Szeroko stosowany.<\/strong>\u00a0Torba rowerowa ma szeroki zakres zastosowa\u0144. Mo\u017ce by\u0107 u\u017cywana do rower\u00f3w szosowych, g\u00f3rskich, sk\u0142adanych itp. Mo\u017ce zawiesi\u0107 tylne \u015bwiat\u0142a i ma dobre obci\u0105\u017cenie.<\/p>","protected":false},"featured_media":3199,"template":"","meta":{"_uag_custom_page_level_css":""},"product_brand":[],"product_cat":[48],"product_tag":[],"class_list":{"0":"post-3197","1":"product","2":"type-product","3":"status-publish","4":"has-post-thumbnail","6":"product_cat-bike-bag","8":"first","9":"instock","10":"shipping-taxable","11":"product-type-simple"},"uagb_featured_image_src":{"full":["https:\/\/pecbag.com\/wp-content\/uploads\/2025\/05\/11L-PU-Tear-Resistant-Travel-Bike-Storage-Pack-6.jpeg",1601,1601,false],"thumbnail":["https:\/\/pecbag.com\/wp-content\/uploads\/2025\/05\/11L-PU-Tear-Resistant-Travel-Bike-Storage-Pack-6-150x150.jpeg",150,150,true],"medium":["https:\/\/pecbag.com\/wp-content\/uploads\/2025\/05\/11L-PU-Tear-Resistant-Travel-Bike-Storage-Pack-6-300x300.jpeg",300,300,true],"medium_large":["https:\/\/pecbag.com\/wp-content\/uploads\/2025\/05\/11L-PU-Tear-Resistant-Travel-Bike-Storage-Pack-6-768x768.jpeg",768,768,true],"large":["https:\/\/pecbag.com\/wp-content\/uploads\/2025\/05\/11L-PU-Tear-Resistant-Travel-Bike-Storage-Pack-6-1024x1024.jpeg",800,800,true],"1536x1536":["https:\/\/pecbag.com\/wp-content\/uploads\/2025\/05\/11L-PU-Tear-Resistant-Travel-Bike-Storage-Pack-6-1536x1536.jpeg",1536,1536,true],"2048x2048":["https:\/\/pecbag.com\/wp-content\/uploads\/2025\/05\/11L-PU-Tear-Resistant-Travel-Bike-Storage-Pack-6.jpeg",1601,1601,false],"trp-custom-language-flag":["https:\/\/pecbag.com\/wp-content\/uploads\/2025\/05\/11L-PU-Tear-Resistant-Travel-Bike-Storage-Pack-6-12x12.jpeg",12,12,true],"woocommerce_thumbnail":["https:\/\/pecbag.com\/wp-content\/uploads\/2025\/05\/11L-PU-Tear-Resistant-Travel-Bike-Storage-Pack-6-300x300.jpeg",300,300,true],"woocommerce_single":["https:\/\/pecbag.com\/wp-content\/uploads\/2025\/05\/11L-PU-Tear-Resistant-Travel-Bike-Storage-Pack-6-600x600.jpeg",600,600,true],"woocommerce_gallery_thumbnail":["https:\/\/pecbag.com\/wp-content\/uploads\/2025\/05\/11L-PU-Tear-Resistant-Travel-Bike-Storage-Pack-6-100x100.jpeg",100,100,true]},"uagb_author_info":{"display_name":"Lawrence","author_link":"https:\/\/pecbag.com\/pl\/author\/"},"uagb_comment_info":0,"uagb_excerpt":"11L PU Tear Resistant Travel Bike Storage Pack 1. Tear Resistant. The bicycle saddle bag made of plaid fabric and PU has the characteristics of being waterproof, tear-resistant, strong, and can be used for a long time. 2. Simple to install.\u00a0The bike bags under the seat are designed with magic stickers and buckles, easy to&hellip;","_links":{"self":[{"href":"https:\/\/pecbag.com\/pl\/wp-json\/wp\/v2\/product\/3197","targetHints":{"allow":["GET"]}}],"collection":[{"href":"https:\/\/pecbag.com\/pl\/wp-json\/wp\/v2\/product"}],"about":[{"href":"https:\/\/pecbag.com\/pl\/wp-json\/wp\/v2\/types\/product"}],"wp:featuredmedia":[{"embeddable":true,"href":"https:\/\/pecbag.com\/pl\/wp-json\/wp\/v2\/media\/3199"}],"wp:attachment":[{"href":"https:\/\/pecbag.com\/pl\/wp-json\/wp\/v2\/media?parent=3197"}],"wp:term":[{"taxonomy":"product_brand","embeddable":true,"href":"https:\/\/pecbag.com\/pl\/wp-json\/wp\/v2\/product_brand?post=3197"},{"taxonomy":"product_cat","embeddable":true,"href":"https:\/\/pecbag.com\/pl\/wp-json\/wp\/v2\/product_cat?post=3197"},{"taxonomy":"product_tag","embeddable":true,"href":"https:\/\/pecbag.com\/pl\/wp-json\/wp\/v2\/product_tag?post=3197"}],"curies":[{"name":"wp","href":"https:\/\/api.w.org\/{rel}","templated":true}]}}