{"id":3214,"date":"2025-05-23T07:28:40","date_gmt":"2025-05-23T07:28:40","guid":{"rendered":"https:\/\/pecbag.com\/?post_type=product&#038;p=3214"},"modified":"2025-11-29T02:06:58","modified_gmt":"2025-11-29T02:06:58","slug":"camping-backpack-duffle-bag","status":"publish","type":"product","link":"https:\/\/pecbag.com\/pl\/camping-backpack-duffle-bag\/","title":{"rendered":"Taktyczny plecak kempingowy Duffle Bag"},"content":{"rendered":"<h5 title=\"Sk\u0142adana torba dla psa Oddychaj\u0105ca siatkowa torba na rami\u0119 dla ma\u0142ych ps\u00f3w i kot\u00f3w\" data-immersive-translate-walked=\"1c928421-2e42-4cd3-8754-5404553c0af5\" data-immersive-translate-paragraph=\"1\" data-spm-anchor-id=\"a2700.details.0.i35.4f6757d4w4zNZA\">Taktyczny plecak kempingowy Duffle Bag Producent | Fabryka wodoodpornych toreb i dostawca kempingowy | Bulk OEM<\/h5>\n<div class=\"flex flex-grow flex-col max-w-full\">\n<div class=\"min-h-[20px] text-message flex w-full flex-col items-end gap-2 whitespace-pre-wrap break-words [.text-message+&amp;]:mt-5 overflow-x-auto\" dir=\"auto\" data-message-author-role=\"assistant\" data-message-id=\"3d7d46f6-7ec2-4222-9257-48fa0bba23c6\" data-suggestions=\"true\">\n<div class=\"flex w-full flex-col gap-1 empty:hidden first:pt-[3px]\">\n<div class=\"markdown prose w-full break-words dark:prose-invert light\">\n<p>Potrzebujesz taktycznych plecak\u00f3w kempingowych, kt\u00f3re przetrwaj\u0105 w dziczy? Jeste\u015bmy fabryk\u0105 wodoodpornych toreb i producentem plecak\u00f3w w Chinach, tworz\u0105cym wytrzyma\u0142e torby wielofunkcyjne dla marek outdoorowych, wojska i globalnych hurtownik\u00f3w!<\/p>\n<table width=\"288\">\n<tbody>\n<tr>\n<td width=\"137\"><span style=\"color: #333333;\">Nazwa produktu<\/span><\/td>\n<td width=\"151\"><span style=\"color: #333333;\">Torba obozowa<\/span><\/td>\n<\/tr>\n<tr>\n<td><span style=\"color: #333333;\">Pozycja nr.<\/span><\/td>\n<td><span style=\"color: #333333;\">PB-2032<\/span><\/td>\n<\/tr>\n<tr>\n<td><span style=\"color: #333333;\">Materia\u0142<\/span><\/td>\n<td><span style=\"color: #333333;\">600D poliester<\/span><\/td>\n<\/tr>\n<tr>\n<td><span style=\"color: #333333;\">Rozmiar<\/span><\/td>\n<td>30 x 20 x 56 cm<\/td>\n<\/tr>\n<tr>\n<td><span style=\"color: #333333;\">\u00a0Czas dostawy<\/span><\/td>\n<td><span style=\"color: #333333;\">1-5 dni dla ma\u0142ych ilo\u015bci drog\u0105 lotnicz\u0105 i 30-35 dni dla du\u017cych ilo\u015bci drog\u0105 morsk\u0105<\/span><\/td>\n<\/tr>\n<\/tbody>\n<\/table>\n<p class=\"ds-markdown-paragraph\">\u2705\u00a0<strong>Dlaczego warto z nami wsp\u00f3\u0142pracowa\u0107?<\/strong><\/p>\n<ul>\n<li>\n<p class=\"ds-markdown-paragraph\"><strong>Wytrzyma\u0142o\u015b\u0107 klasy wojskowej<\/strong>: Nylon balistyczny 1680D + zgrzewane szwy - odporny na rozdarcia, deszcz i b\u0142oto!<\/p>\n<\/li>\n<li>\n<p class=\"ds-markdown-paragraph\"><strong>Tactical Smart<\/strong>: Ponad 10 kieszeni, ta\u015bmy MOLLE i odpinane paski - zorganizuj sprz\u0119t jak profesjonalista.<\/p>\n<\/li>\n<li>\n<p class=\"ds-markdown-paragraph\"><strong>Korzy\u015bci zwi\u0105zane z zam\u00f3wieniami zbiorczymi<\/strong>: Produkuj hurtowe zam\u00f3wienia na torby kempingowe z ODM \/ OEM lub mark\u0105 w\u0142asn\u0105 w 18 dni!<\/p>\n<\/li>\n<li>\n<p class=\"ds-markdown-paragraph\"><strong>China Cost Edge<\/strong>: Jako najlepszy dostawca toreb kempingowych w Chinach, jako\u015b\u0107 spe\u0142nia bezkonkurencyjne ceny.<\/p>\n<\/li>\n<\/ul>\n<p class=\"ds-markdown-paragraph\"><strong>Funkcje uwielbiane przez poszukiwaczy przyg\u00f3d:<\/strong><br \/>\nWodoodporne zamki b\u0142yskawiczne YKK 100% + otwory drena\u017cowe<br \/>\nUkryte przegr\u00f3dki antykradzie\u017cowe i kieszenie RFID<br \/>\n\ud83d\udd39 Wzmocnione uchwyty + wymienny plecak\/duffle design<br \/>\nCertyfikat OEKO-TEX (brak toksycznych barwnik\u00f3w i zapach\u00f3w)<\/p>\n<p class=\"ds-markdown-paragraph\"><strong>Idealne dla:<\/strong><\/p>\n<ul>\n<li>\n<p class=\"ds-markdown-paragraph\">Sprzedawcy detaliczni i hurtownicy toreb kempingowych<\/p>\n<\/li>\n<li>\n<p class=\"ds-markdown-paragraph\">Sprzedawcy sprz\u0119tu taktycznego i giganci handlu elektronicznego<\/p>\n<\/li>\n<li>\n<p class=\"ds-markdown-paragraph\">Startupy potrzebuj\u0105ce rozwi\u0105za\u0144 dla marek w\u0142asnych w torbach kempingowych<\/p>\n<\/li>\n<\/ul>\n<p class=\"ds-markdown-paragraph\"><strong>Jak dzia\u0142amy:<\/strong><br \/>\n1\ufe0f\u20e3 Wy\u015blij sw\u00f3j projekt (lub wybierz spo\u015br\u00f3d ponad 200 szablon\u00f3w taktycznych)<br \/>\n2\ufe0f\u20e3 Prototyp w 7 dni \u2192 zatwierdzenie \u2192 produkcja masowa<br \/>\n3\ufe0f\u20e3 Wysy\u0142ka za po\u015brednictwem sieci eksportu toreb kempingowych (opcje DDP\/DAP)<\/p>\n<p class=\"ds-markdown-paragraph\"><strong>Gotowy uzbroi\u0107 swoich klient\u00f3w w niezniszczalny sprz\u0119t?<\/strong><br \/>\n\ud83d\udc49\u00a0<strong>Bezp\u0142atne pr\u00f3bki<\/strong>\u00a0Depozyt 25% \ud83d\udc49 Notowania 24h<\/p>\n<\/div>\n<\/div>\n<\/div>\n<\/div>","protected":false},"excerpt":{"rendered":"<h2 data-immersive-translate-walked=\"344be1c1-5052-41eb-8fcd-0dbe236a0d6b\" data-immersive-translate-paragraph=\"1\">Taktyczny plecak kempingowy Duffle Bag<\/h2>\n<p><strong>1. DU\u017bA POJEMNO\u015a\u0106 50L:<\/strong> Wymiary: 30 x 20 x 56 cm. Idealnie pasuje do laptopa, ksi\u0105\u017cek, ubra\u0144, d\u0142ugopis\u00f3w, telefonu kom\u00f3rkowego, torebki, MacBooka itp. Do torby mo\u017cna w\u0142o\u017cy\u0107 wszystkie rozmiary przeno\u015bnych tablet\u00f3w i notebook\u00f3w do 15,6 cala. Pojemno\u015b\u0107 jest wystarczaj\u0105co du\u017ca, aby spakowa\u0107 wszystkie potrzebne przedmioty.<\/p>\n<p><strong>2. ERGONOMICZNA KONSTRUKCJA:<\/strong> Wygodnie wy\u015bcie\u0142ane paski na ramiona i tylne amortyzatory zapewniaj\u0105 dodatkow\u0105 ochron\u0119 plec\u00f3w. Nowa wy\u015bci\u00f3\u0142ka o ergonomicznym kszta\u0142cie. Regulowane paski na ramiona umo\u017cliwiaj\u0105 bardzo dobre dopasowanie do cia\u0142a, mo\u017cna wyd\u0142u\u017cy\u0107 pasek, kt\u00f3ry przechodzi od ramienia do klatki piersiowej, i to samo z paskiem w talii.<\/p>","protected":false},"featured_media":3215,"template":"","meta":{"_uag_custom_page_level_css":""},"product_brand":[],"product_cat":[44,60,63,55],"product_tag":[],"class_list":{"0":"post-3214","1":"product","2":"type-product","3":"status-publish","4":"has-post-thumbnail","6":"product_cat-camping-bags","7":"product_cat-backpack","8":"product_cat-duffel-bag","9":"product_cat-tactical-bag","11":"first","12":"instock","13":"shipping-taxable","14":"product-type-simple"},"uagb_featured_image_src":{"full":["https:\/\/pecbag.com\/wp-content\/uploads\/2025\/05\/Tactical-Camping-Backpack-Duffle-Bag-6.jpeg",960,960,false],"thumbnail":["https:\/\/pecbag.com\/wp-content\/uploads\/2025\/05\/Tactical-Camping-Backpack-Duffle-Bag-6-150x150.jpeg",150,150,true],"medium":["https:\/\/pecbag.com\/wp-content\/uploads\/2025\/05\/Tactical-Camping-Backpack-Duffle-Bag-6-300x300.jpeg",300,300,true],"medium_large":["https:\/\/pecbag.com\/wp-content\/uploads\/2025\/05\/Tactical-Camping-Backpack-Duffle-Bag-6-768x768.jpeg",768,768,true],"large":["https:\/\/pecbag.com\/wp-content\/uploads\/2025\/05\/Tactical-Camping-Backpack-Duffle-Bag-6.jpeg",800,800,false],"1536x1536":["https:\/\/pecbag.com\/wp-content\/uploads\/2025\/05\/Tactical-Camping-Backpack-Duffle-Bag-6.jpeg",960,960,false],"2048x2048":["https:\/\/pecbag.com\/wp-content\/uploads\/2025\/05\/Tactical-Camping-Backpack-Duffle-Bag-6.jpeg",960,960,false],"trp-custom-language-flag":["https:\/\/pecbag.com\/wp-content\/uploads\/2025\/05\/Tactical-Camping-Backpack-Duffle-Bag-6-12x12.jpeg",12,12,true],"woocommerce_thumbnail":["https:\/\/pecbag.com\/wp-content\/uploads\/2025\/05\/Tactical-Camping-Backpack-Duffle-Bag-6-300x300.jpeg",300,300,true],"woocommerce_single":["https:\/\/pecbag.com\/wp-content\/uploads\/2025\/05\/Tactical-Camping-Backpack-Duffle-Bag-6-600x600.jpeg",600,600,true],"woocommerce_gallery_thumbnail":["https:\/\/pecbag.com\/wp-content\/uploads\/2025\/05\/Tactical-Camping-Backpack-Duffle-Bag-6-100x100.jpeg",100,100,true]},"uagb_author_info":{"display_name":"Lawrence","author_link":"https:\/\/pecbag.com\/pl\/author\/"},"uagb_comment_info":0,"uagb_excerpt":"Tactical Camping Backpack Duffle Bag 1. LARGE CAPACITY OF 50L: Dimensions: 30 x 20 x 56 cm. Perfectly fits laptop, books, clothes, pens, mobile, purse, MacBook, etc. All sizes of portable tablets and notebooks up to 15.6 inches could be put into the bags. The capacity is large enough to pack all the items you&hellip;","_links":{"self":[{"href":"https:\/\/pecbag.com\/pl\/wp-json\/wp\/v2\/product\/3214","targetHints":{"allow":["GET"]}}],"collection":[{"href":"https:\/\/pecbag.com\/pl\/wp-json\/wp\/v2\/product"}],"about":[{"href":"https:\/\/pecbag.com\/pl\/wp-json\/wp\/v2\/types\/product"}],"wp:featuredmedia":[{"embeddable":true,"href":"https:\/\/pecbag.com\/pl\/wp-json\/wp\/v2\/media\/3215"}],"wp:attachment":[{"href":"https:\/\/pecbag.com\/pl\/wp-json\/wp\/v2\/media?parent=3214"}],"wp:term":[{"taxonomy":"product_brand","embeddable":true,"href":"https:\/\/pecbag.com\/pl\/wp-json\/wp\/v2\/product_brand?post=3214"},{"taxonomy":"product_cat","embeddable":true,"href":"https:\/\/pecbag.com\/pl\/wp-json\/wp\/v2\/product_cat?post=3214"},{"taxonomy":"product_tag","embeddable":true,"href":"https:\/\/pecbag.com\/pl\/wp-json\/wp\/v2\/product_tag?post=3214"}],"curies":[{"name":"wp","href":"https:\/\/api.w.org\/{rel}","templated":true}]}}