{"id":3221,"date":"2025-05-23T07:39:17","date_gmt":"2025-05-23T07:39:17","guid":{"rendered":"https:\/\/pecbag.com\/?post_type=product&#038;p=3221"},"modified":"2025-11-29T02:06:49","modified_gmt":"2025-11-29T02:06:49","slug":"portable-camping-bag","status":"publish","type":"product","link":"https:\/\/pecbag.com\/pl\/portable-camping-bag\/","title":{"rendered":"Przeno\u015bna torba kempingowa"},"content":{"rendered":"<h5 title=\"Sk\u0142adana torba dla psa Oddychaj\u0105ca siatkowa torba na rami\u0119 dla ma\u0142ych ps\u00f3w i kot\u00f3w\" data-immersive-translate-walked=\"1c928421-2e42-4cd3-8754-5404553c0af5\" data-immersive-translate-paragraph=\"1\" data-spm-anchor-id=\"a2700.details.0.i35.4f6757d4w4zNZA\">Przeno\u015bna torba kempingowa Producent | Fabryka wodoodpornych toreb i dostawca plecak\u00f3w | Bulk OEM<\/h5>\n<div class=\"flex flex-grow flex-col max-w-full\">\n<div class=\"min-h-[20px] text-message flex w-full flex-col items-end gap-2 whitespace-pre-wrap break-words [.text-message+&amp;]:mt-5 overflow-x-auto\" dir=\"auto\" data-message-author-role=\"assistant\" data-message-id=\"3d7d46f6-7ec2-4222-9257-48fa0bba23c6\" data-suggestions=\"true\">\n<div class=\"flex w-full flex-col gap-1 empty:hidden first:pt-[3px]\">\n<div class=\"markdown prose w-full break-words dark:prose-invert light\">\n<p>Potrzebujesz przeno\u015bnych toreb kempingowych, kt\u00f3re r\u00f3wnowa\u017c\u0105 lekk\u0105 konstrukcj\u0119 z wytrzyma\u0142\u0105 trwa\u0142o\u015bci\u0105? Jeste\u015bmy fabryk\u0105 wodoodpornych toreb i producentem plecak\u00f3w w Chinach, tworz\u0105cym sprz\u0119t gotowy na przygod\u0119 dla marek outdoorowych, sprzedawc\u00f3w detalicznych i globalnych hurtownik\u00f3w!<\/p>\n<table width=\"288\">\n<tbody>\n<tr>\n<td width=\"137\"><span style=\"color: #333333;\">Nazwa produktu<\/span><\/td>\n<td width=\"151\"><span style=\"color: #333333;\">Torba obozowa<\/span><\/td>\n<\/tr>\n<tr>\n<td><span style=\"color: #333333;\">Pozycja nr.<\/span><\/td>\n<td><span style=\"color: #333333;\">PB-2033<\/span><\/td>\n<\/tr>\n<tr>\n<td><span style=\"color: #333333;\">Materia\u0142<\/span><\/td>\n<td>600D poliester<\/td>\n<\/tr>\n<tr>\n<td><span style=\"color: #333333;\">Rozmiar<\/span><\/td>\n<td>15,3 x 7,9 x 9,4 cala<\/td>\n<\/tr>\n<tr>\n<td><span style=\"color: #333333;\">\u00a0Czas dostawy<\/span><\/td>\n<td><span style=\"color: #333333;\">1-5 dni dla ma\u0142ych ilo\u015bci drog\u0105 lotnicz\u0105 i 30-35 dni dla du\u017cych ilo\u015bci drog\u0105 morsk\u0105<\/span><\/td>\n<\/tr>\n<\/tbody>\n<\/table>\n<p class=\"ds-markdown-paragraph\">Potrzeba\u00a0<strong>przeno\u015bne torby kempingowe<\/strong>\u00a0kt\u00f3re r\u00f3wnowa\u017c\u0105 lekk\u0105 konstrukcj\u0119 z wytrzyma\u0142o\u015bci\u0105? Jeste\u015bmy\u00a0<strong>fabryka toreb wodoodpornych<\/strong>\u00a0oraz\u00a0<strong>producent plecak\u00f3w<\/strong>\u00a0w Chinach, tworz\u0105c sprz\u0119t gotowy na przygod\u0119 dla marek outdoorowych, sprzedawc\u00f3w detalicznych i globalnych hurtownik\u00f3w!<\/p>\n<p class=\"ds-markdown-paragraph\">\u2705\u00a0<strong>Dlaczego warto wybra\u0107 nas?<\/strong><\/p>\n<ul>\n<li>\n<p class=\"ds-markdown-paragraph\"><strong>Ultraprzeno\u015bny<\/strong>: Sk\u0142adany do rozmiaru kieszonkowego (15x10cm!) - idealny dla turyst\u00f3w, podr\u00f3\u017cnik\u00f3w i zestaw\u00f3w awaryjnych.<\/p>\n<\/li>\n<li>\n<p class=\"ds-markdown-paragraph\"><strong>Wodoodporny wojownik<\/strong>: Laminowane szwy TPU + rolowane zamkni\u0119cie - \u015bmiej si\u0119 z ulewy i przepraw przez rzek\u0119!<\/p>\n<\/li>\n<li>\n<p class=\"ds-markdown-paragraph\"><strong>Magia zam\u00f3wie\u0144 zbiorczych<\/strong>: Produkty\u00a0<strong>torba kempingowa zam\u00f3wienia zbiorcze (MOQ 50szt) z ODM\/OEM lub mark\u0105 w\u0142asn\u0105 w 10<\/strong> dni!<\/p>\n<\/li>\n<li>\n<p class=\"ds-markdown-paragraph\"><strong>Przewaga kosztowa Chin<\/strong>: Jako czo\u0142owy dostawca toreb kempingowych w Chinach, zapewniamy jako\u015b\u0107 w cenach fabrycznych.<\/p>\n<\/li>\n<\/ul>\n<p class=\"ds-markdown-paragraph\"><strong>Funkcje, kt\u00f3re szybko si\u0119 sprzedaj\u0105:<\/strong><br \/>\nRozszerzalna pojemno\u015b\u0107 20L-40L (pasuje do \u015bpiwor\u00f3w + sprz\u0119tu)<br \/>\nUkryte kieszenie antykradzie\u017cowe + ta\u015bma z \u0142a\u0144cuszkiem w kszta\u0142cie stokrotki<br \/>\nOddychaj\u0105ce paski z siatki + konstrukcja rozk\u0142adaj\u0105ca obci\u0105\u017cenie<br \/>\nTkaniny z certyfikatem OEKO-TEX (przyjazne dla \u015brodowiska, bez zapach\u00f3w)<\/p>\n<p class=\"ds-markdown-paragraph\"><strong>Idealne dla:<\/strong><\/p>\n<ul>\n<li>\n<p class=\"ds-markdown-paragraph\">Sprzedawcy detaliczni i hurtownicy toreb kempingowych<\/p>\n<\/li>\n<li>\n<p class=\"ds-markdown-paragraph\">Sprzedawcy sprz\u0119tu survivalowego i sklepy e-commerce<\/p>\n<\/li>\n<li>\n<p class=\"ds-markdown-paragraph\">Startupy buduj\u0105ce marki w\u0142asne toreb kempingowych<\/p>\n<\/li>\n<\/ul>\n<p class=\"ds-markdown-paragraph\"><strong>Jak to dzia\u0142a?<\/strong><br \/>\n1\ufe0f\u20e3 Wybierz spo\u015br\u00f3d ponad 150 wzor\u00f3w lub prze\u015blij swoje logo<br \/>\n2\ufe0f\u20e3 Prototypujemy \u2192 zatwierdzamy \u2192 produkujemy masowo<br \/>\n3\ufe0f\u20e3 Wysy\u0142ka na ca\u0142y \u015bwiat za po\u015brednictwem sieci eksportowych toreb kempingowych<\/p>\n<p class=\"ds-markdown-paragraph\"><strong>Gotowy na sukces w ka\u017cdej przygodzie?<\/strong><br \/>\n\ud83d\udc49\u00a0<strong>Bezp\u0142atne pr\u00f3bki<\/strong>\u00a0Depozyt 15% \ud83d\udc49 Wsparcie 24\/7<\/p>\n<\/div>\n<\/div>\n<\/div>\n<\/div>","protected":false},"excerpt":{"rendered":"<h2 data-immersive-translate-walked=\"344be1c1-5052-41eb-8fcd-0dbe236a0d6b\" data-immersive-translate-paragraph=\"1\">Przeno\u015bna torba kempingowa<\/h2>\n<p><strong>1. KONSTRUKCJA O DU\u017bEJ POJEMNO\u015aCI:\u00a0<\/strong>Wymiary: 44 x 25 x 23 cm (d\u0142. x szer. x wys.) oko\u0142o 25 L pojemno\u015bci wewn\u0119trznej. Du\u017ca pojemno\u015b\u0107 mo\u017ce pomie\u015bci\u0107 36 puszek (330 ml), co mo\u017ce zaspokoi\u0107 wszystkie potrzeby zwi\u0105zane z napojami i jedzeniem dla 3-4 os\u00f3b podr\u00f3\u017cuj\u0105cych na \u015bwie\u017cym powietrzu. Teraz wystarczy tylko sk\u0142adany kosz piknikowy, aby rozwi\u0105za\u0107 wszystkie problemy zwi\u0105zane z przechowywaniem podczas wyjazd\u00f3w i nie ma potrzeby noszenia ze sob\u0105 wielu toreb i pojemnik\u00f3w.<\/p>\n<p><strong>2. PRZENO\u015aNY I SK\u0141ADANY:<\/strong>\u00a0Zaktualizowana wersja zawiera elastyczne wsporniki boczne, kt\u00f3re zapewniaj\u0105 wi\u0119ksz\u0105 struktur\u0119 ni\u017c zwisanie lub zapadanie si\u0119; Sk\u0142adana wy\u015bcie\u0142ana konstrukcja uchwytu zapewnia oszcz\u0119dno\u015b\u0107 miejsca i jest wygodna do przenoszenia; Wodoodporna podszewka z TPU i wyjmowany korpus z tkaniny torby piknikowej przyczyniaj\u0105 si\u0119 do szczelno\u015bci i \u0142atwego czyszczenia. Idealny kosz z tkaniny i pojemnik na wod\u0119.<\/p>","protected":false},"featured_media":3224,"template":"","meta":{"_uag_custom_page_level_css":""},"product_brand":[],"product_cat":[44,50],"product_tag":[],"class_list":{"0":"post-3221","1":"product","2":"type-product","3":"status-publish","4":"has-post-thumbnail","6":"product_cat-camping-bags","7":"product_cat-cooler-bag","9":"first","10":"instock","11":"shipping-taxable","12":"product-type-simple"},"uagb_featured_image_src":{"full":["https:\/\/pecbag.com\/wp-content\/uploads\/2025\/05\/Portable-Camping-Bag-1.jpeg",800,800,false],"thumbnail":["https:\/\/pecbag.com\/wp-content\/uploads\/2025\/05\/Portable-Camping-Bag-1-150x150.jpeg",150,150,true],"medium":["https:\/\/pecbag.com\/wp-content\/uploads\/2025\/05\/Portable-Camping-Bag-1-300x300.jpeg",300,300,true],"medium_large":["https:\/\/pecbag.com\/wp-content\/uploads\/2025\/05\/Portable-Camping-Bag-1-768x768.jpeg",768,768,true],"large":["https:\/\/pecbag.com\/wp-content\/uploads\/2025\/05\/Portable-Camping-Bag-1.jpeg",800,800,false],"1536x1536":["https:\/\/pecbag.com\/wp-content\/uploads\/2025\/05\/Portable-Camping-Bag-1.jpeg",800,800,false],"2048x2048":["https:\/\/pecbag.com\/wp-content\/uploads\/2025\/05\/Portable-Camping-Bag-1.jpeg",800,800,false],"trp-custom-language-flag":["https:\/\/pecbag.com\/wp-content\/uploads\/2025\/05\/Portable-Camping-Bag-1-12x12.jpeg",12,12,true],"woocommerce_thumbnail":["https:\/\/pecbag.com\/wp-content\/uploads\/2025\/05\/Portable-Camping-Bag-1-300x300.jpeg",300,300,true],"woocommerce_single":["https:\/\/pecbag.com\/wp-content\/uploads\/2025\/05\/Portable-Camping-Bag-1-600x600.jpeg",600,600,true],"woocommerce_gallery_thumbnail":["https:\/\/pecbag.com\/wp-content\/uploads\/2025\/05\/Portable-Camping-Bag-1-100x100.jpeg",100,100,true]},"uagb_author_info":{"display_name":"Lawrence","author_link":"https:\/\/pecbag.com\/pl\/author\/"},"uagb_comment_info":0,"uagb_excerpt":"Portable Camping Bag 1.LARGE CAPACITY DESIGN:\u00a0Dimensions: 44 x 25 x 23 cm (L x W x H) about 25 L internal capacity. Large capacity can hold 36 cans (330 ml), which can meet all the beverage and food needs of 3-4 people traveling outdoors. Now only a foldable picnic basket is needed to solve all&hellip;","_links":{"self":[{"href":"https:\/\/pecbag.com\/pl\/wp-json\/wp\/v2\/product\/3221","targetHints":{"allow":["GET"]}}],"collection":[{"href":"https:\/\/pecbag.com\/pl\/wp-json\/wp\/v2\/product"}],"about":[{"href":"https:\/\/pecbag.com\/pl\/wp-json\/wp\/v2\/types\/product"}],"wp:featuredmedia":[{"embeddable":true,"href":"https:\/\/pecbag.com\/pl\/wp-json\/wp\/v2\/media\/3224"}],"wp:attachment":[{"href":"https:\/\/pecbag.com\/pl\/wp-json\/wp\/v2\/media?parent=3221"}],"wp:term":[{"taxonomy":"product_brand","embeddable":true,"href":"https:\/\/pecbag.com\/pl\/wp-json\/wp\/v2\/product_brand?post=3221"},{"taxonomy":"product_cat","embeddable":true,"href":"https:\/\/pecbag.com\/pl\/wp-json\/wp\/v2\/product_cat?post=3221"},{"taxonomy":"product_tag","embeddable":true,"href":"https:\/\/pecbag.com\/pl\/wp-json\/wp\/v2\/product_tag?post=3221"}],"curies":[{"name":"wp","href":"https:\/\/api.w.org\/{rel}","templated":true}]}}