{"id":3262,"date":"2025-05-26T02:34:02","date_gmt":"2025-05-26T02:34:02","guid":{"rendered":"https:\/\/pecbag.com\/?post_type=product&#038;p=3262"},"modified":"2025-11-29T02:03:47","modified_gmt":"2025-11-29T02:03:47","slug":"waterproof-camping-cooler-lunch-bag","status":"publish","type":"product","link":"https:\/\/pecbag.com\/pl\/waterproof-camping-cooler-lunch-bag\/","title":{"rendered":"Wodoodporna torba kempingowa na lunch"},"content":{"rendered":"<h5 title=\"Sk\u0142adana torba dla psa Oddychaj\u0105ca siatkowa torba na rami\u0119 dla ma\u0142ych ps\u00f3w i kot\u00f3w\" data-immersive-translate-walked=\"1c928421-2e42-4cd3-8754-5404553c0af5\" data-immersive-translate-paragraph=\"1\" data-spm-anchor-id=\"a2700.details.0.i35.4f6757d4w4zNZA\">Wodoodporna torba na lunch Camping Cooler Producent | Wodoodporna fabryka toreb i dostawca plecak\u00f3w | Bulk OEM<\/h5>\n<div class=\"flex flex-grow flex-col max-w-full\">\n<div class=\"min-h-[20px] text-message flex w-full flex-col items-end gap-2 whitespace-pre-wrap break-words [.text-message+&amp;]:mt-5 overflow-x-auto\" dir=\"auto\" data-message-author-role=\"assistant\" data-message-id=\"3d7d46f6-7ec2-4222-9257-48fa0bba23c6\" data-suggestions=\"true\">\n<div class=\"flex w-full flex-col gap-1 empty:hidden first:pt-[3px]\">\n<div class=\"markdown prose w-full break-words dark:prose-invert light\">\n<p>Szukasz wodoodpornych toreb kempingowych na lunch, kt\u00f3re utrzymaj\u0105 \u015bwie\u017co\u015b\u0107 posi\u0142k\u00f3w i sucho\u015b\u0107 przyg\u00f3d? Jako najlepsza fabryka wodoodpornych toreb i producent plecak\u00f3w w Chinach, specjalizujemy si\u0119 w tworzeniu wodoodpornych toreb na lunch z ch\u0142odzeniem kempingowym zaprojektowanych dla entuzjast\u00f3w outdooru, us\u0142ug przygotowywania posi\u0142k\u00f3w i hurtowni toreb ch\u0142odz\u0105cych na ca\u0142ym \u015bwiecie!<\/p>\n<table width=\"288\">\n<tbody>\n<tr>\n<td width=\"137\"><span style=\"color: #333333;\">Nazwa produktu<\/span><\/td>\n<td width=\"151\"><span style=\"color: #333333;\">Torba ch\u0142odz\u0105ca<\/span><\/td>\n<\/tr>\n<tr>\n<td><span style=\"color: #333333;\">Pozycja nr.<\/span><\/td>\n<td><span style=\"color: #333333;\">PB-2038<\/span><\/td>\n<\/tr>\n<tr>\n<td><span style=\"color: #333333;\">Materia\u0142<\/span><\/td>\n<td>600D poliester<\/td>\n<\/tr>\n<tr>\n<td><span style=\"color: #333333;\">Rozmiar<\/span><\/td>\n<td>19,3 \"x13,7 \"x7,1\u2033 (wys. x d\u0142. x szer.)<\/td>\n<\/tr>\n<tr>\n<td><span style=\"color: #333333;\">\u00a0Czas dostawy<\/span><\/td>\n<td><span style=\"color: #333333;\">1-5 dni dla ma\u0142ych ilo\u015bci drog\u0105 lotnicz\u0105 i 30-35 dni dla du\u017cych ilo\u015bci drog\u0105 morsk\u0105<\/span><\/td>\n<\/tr>\n<\/tbody>\n<\/table>\n<p class=\"ds-markdown-paragraph\">\u2705\u00a0<strong>Dlaczego nasze wodoodporne kempingowe torby na lunch zdobywaj\u0105 rynki:<\/strong><\/p>\n<ul>\n<li>\n<p class=\"ds-markdown-paragraph\"><strong>\u015awie\u017co\u015b\u0107 24\/7<\/strong>: 3 cm izolacji ekologicznej + wodoodporna podszewka 100% - utrzymuje \u017cywno\u015b\u0107 w ch\u0142odzie przez ponad 12 godzin, nawet w deszczu!<\/p>\n<\/li>\n<li>\n<p class=\"ds-markdown-paragraph\"><strong>Kompaktowy i wytrzyma\u0142y<\/strong>: Rozmiary 10L-20L ze wzmocnionymi uchwytami - idealne na w\u0119dr\u00f3wki, wycieczki na pla\u017c\u0119 lub codzienne dojazdy do pracy.<\/p>\n<\/li>\n<li>\n<p class=\"ds-markdown-paragraph\"><strong>Gotowo\u015b\u0107 do zam\u00f3wie\u0144 zbiorczych<\/strong>: Produkuj masowe zam\u00f3wienia na torby ch\u0142odz\u0105ce z torb\u0105 ch\u0142odz\u0105c\u0105 ODM \/ OEM lub mark\u0105 w\u0142asn\u0105 w ci\u0105gu 10 dni!<\/p>\n<\/li>\n<li>\n<p class=\"ds-markdown-paragraph\"><strong>Przewaga kosztowa Chin<\/strong>: Jako zaufany dostawca toreb ch\u0142odz\u0105cych w Chinach zapewniamy najwy\u017csz\u0105 jako\u015b\u0107 w cenach fabrycznych.<\/p>\n<\/li>\n<\/ul>\n<p class=\"ds-markdown-paragraph\"><strong>Funkcje uwielbiane przez klient\u00f3w:<\/strong><br \/>\n\ud83d\udd39 Szczelne szwy z TPU + \u0142atwe do wycierania wn\u0119trze z PEVA (zgodne z FDA)<br \/>\nOdpinane rami\u0105czka + ukryte kieszenie na przybory kuchenne<br \/>\nOdblaskowe logo dla bezpiecze\u0144stwa + otwory bezpiecze\u0144stwa blokuj\u0105ce RFID<br \/>\nCertyfikat OEKO-TEX - bezpieczny do przechowywania \u017cywno\u015bci<\/p>\n<p class=\"ds-markdown-paragraph\"><strong>Idealne dla:<\/strong><\/p>\n<ul>\n<li>\n<p class=\"ds-markdown-paragraph\">Sklepy kempingowe i sprzedawcy toreb ch\u0142odz\u0105cych<\/p>\n<\/li>\n<li>\n<p class=\"ds-markdown-paragraph\">Startupy dostarczaj\u0105ce posi\u0142ki i hurtownie toreb ch\u0142odz\u0105cych<\/p>\n<\/li>\n<li>\n<p class=\"ds-markdown-paragraph\">Marki tworz\u0105 kolekcje toreb ch\u0142odz\u0105cych pod markami w\u0142asnymi<\/p>\n<\/li>\n<\/ul>\n<p class=\"ds-markdown-paragraph\"><strong>Jak tworzymy wodoodporne torby na lunch na kemping:<\/strong><br \/>\n1\ufe0f\u20e3 Wybierz spo\u015br\u00f3d ponad 80 wzor\u00f3w lub dostosuj sw\u00f3j w\u0142asny<br \/>\n2\ufe0f\u20e3 Prototyp w 5 dni \u2192 zatwierdzenie \u2192 masowa produkcja<br \/>\n3\ufe0f\u20e3 Wysy\u0142ka na ca\u0142y \u015bwiat za po\u015brednictwem sieci eksportowych toreb ch\u0142odz\u0105cych<\/p>\n<p class=\"ds-markdown-paragraph\"><strong>Dlaczego warto wybra\u0107 nas jako chi\u0144skiego producenta toreb ch\u0142odz\u0105cych?<\/strong><br \/>\nPonad 10 lat do\u015bwiadczenia w produkcji toreb ch\u0142odz\u0105cych<br \/>\n30% ta\u0144szy ni\u017c lokalni dostawcy<br \/>\nWsparcie 24\/7 w j\u0119zyku angielskim, hiszpa\u0144skim i arabskim<\/p>\n<p class=\"ds-markdown-paragraph\"><strong>Gotowy do zapewnienia \u015bwie\u017co\u015bci w ka\u017cdym zam\u00f3wieniu?<\/strong><br \/>\n\ud83d\udc49\u00a0<strong>Bezp\u0142atne pr\u00f3bki<\/strong>\u00a0Depozyt 20% \ud83d\udc49 Notowania 24h<\/p>\n<\/div>\n<\/div>\n<\/div>\n<\/div>","protected":false},"excerpt":{"rendered":"<h2 data-immersive-translate-walked=\"344be1c1-5052-41eb-8fcd-0dbe236a0d6b\" data-immersive-translate-paragraph=\"1\">Wodoodporna torba kempingowa na lunch<\/h2>\n<div class=\"sliderTable mt10 mb10 sliderTable-index0\">\n<div class=\"inner\">1. Nasz plecak ch\u0142odz\u0105cy jest wykonany z ulepszonych, szczelnych materia\u0142\u00f3w, kt\u00f3re skutecznie utrzymuj\u0105 p\u0142ynn\u0105 zawarto\u015b\u0107 w idealnej temperaturze bez obawy o wyciek.<\/div>\n<div>2. Nasz plecak jest l\u017cejszy ni\u017c inne. Ponadto ergonomiczny i wy\u015bcie\u0142any<br \/>\nPaski na ramiona znacznie zmniejszaj\u0105 nacisk na ramiona, dzi\u0119ki czemu podr\u00f3\u017c jest wygodniejsza.<\/div>\n<\/div>","protected":false},"featured_media":3267,"template":"","meta":{"_uag_custom_page_level_css":""},"product_brand":[],"product_cat":[44,50],"product_tag":[],"class_list":{"0":"post-3262","1":"product","2":"type-product","3":"status-publish","4":"has-post-thumbnail","6":"product_cat-camping-bags","7":"product_cat-cooler-bag","9":"first","10":"instock","11":"shipping-taxable","12":"product-type-simple"},"uagb_featured_image_src":{"full":["https:\/\/pecbag.com\/wp-content\/uploads\/2025\/05\/Waterproof-Camping-Cooler-Lunch-Bag-4.jpeg",1600,1601,false],"thumbnail":["https:\/\/pecbag.com\/wp-content\/uploads\/2025\/05\/Waterproof-Camping-Cooler-Lunch-Bag-4-150x150.jpeg",150,150,true],"medium":["https:\/\/pecbag.com\/wp-content\/uploads\/2025\/05\/Waterproof-Camping-Cooler-Lunch-Bag-4-300x300.jpeg",300,300,true],"medium_large":["https:\/\/pecbag.com\/wp-content\/uploads\/2025\/05\/Waterproof-Camping-Cooler-Lunch-Bag-4-768x768.jpeg",768,768,true],"large":["https:\/\/pecbag.com\/wp-content\/uploads\/2025\/05\/Waterproof-Camping-Cooler-Lunch-Bag-4-1024x1024.jpeg",800,800,true],"1536x1536":["https:\/\/pecbag.com\/wp-content\/uploads\/2025\/05\/Waterproof-Camping-Cooler-Lunch-Bag-4-1536x1536.jpeg",1536,1536,true],"2048x2048":["https:\/\/pecbag.com\/wp-content\/uploads\/2025\/05\/Waterproof-Camping-Cooler-Lunch-Bag-4.jpeg",1600,1601,false],"trp-custom-language-flag":["https:\/\/pecbag.com\/wp-content\/uploads\/2025\/05\/Waterproof-Camping-Cooler-Lunch-Bag-4-12x12.jpeg",12,12,true],"woocommerce_thumbnail":["https:\/\/pecbag.com\/wp-content\/uploads\/2025\/05\/Waterproof-Camping-Cooler-Lunch-Bag-4-300x300.jpeg",300,300,true],"woocommerce_single":["https:\/\/pecbag.com\/wp-content\/uploads\/2025\/05\/Waterproof-Camping-Cooler-Lunch-Bag-4-600x600.jpeg",600,600,true],"woocommerce_gallery_thumbnail":["https:\/\/pecbag.com\/wp-content\/uploads\/2025\/05\/Waterproof-Camping-Cooler-Lunch-Bag-4-100x100.jpeg",100,100,true]},"uagb_author_info":{"display_name":"Lawrence","author_link":"https:\/\/pecbag.com\/pl\/author\/"},"uagb_comment_info":0,"uagb_excerpt":"Waterproof Camping Cooler Lunch Bag 1. Our cooler backpack is made of upgraded leak-proof materials, which work effectively at keeping your liquid contents at their ideal temperature without worry of leaking. 2. Our cooler backpack is lighter than others. In addition, Ergonomic and padded Shoulder straps greatly relieve shoulder pressure, making the journey more comfortable.","_links":{"self":[{"href":"https:\/\/pecbag.com\/pl\/wp-json\/wp\/v2\/product\/3262","targetHints":{"allow":["GET"]}}],"collection":[{"href":"https:\/\/pecbag.com\/pl\/wp-json\/wp\/v2\/product"}],"about":[{"href":"https:\/\/pecbag.com\/pl\/wp-json\/wp\/v2\/types\/product"}],"wp:featuredmedia":[{"embeddable":true,"href":"https:\/\/pecbag.com\/pl\/wp-json\/wp\/v2\/media\/3267"}],"wp:attachment":[{"href":"https:\/\/pecbag.com\/pl\/wp-json\/wp\/v2\/media?parent=3262"}],"wp:term":[{"taxonomy":"product_brand","embeddable":true,"href":"https:\/\/pecbag.com\/pl\/wp-json\/wp\/v2\/product_brand?post=3262"},{"taxonomy":"product_cat","embeddable":true,"href":"https:\/\/pecbag.com\/pl\/wp-json\/wp\/v2\/product_cat?post=3262"},{"taxonomy":"product_tag","embeddable":true,"href":"https:\/\/pecbag.com\/pl\/wp-json\/wp\/v2\/product_tag?post=3262"}],"curies":[{"name":"wp","href":"https:\/\/api.w.org\/{rel}","templated":true}]}}