{"id":3289,"date":"2025-05-26T03:41:44","date_gmt":"2025-05-26T03:41:44","guid":{"rendered":"https:\/\/pecbag.com\/?post_type=product&#038;p=3289"},"modified":"2025-11-29T02:03:20","modified_gmt":"2025-11-29T02:03:20","slug":"fishing-tackle-storage-chest-bag","status":"publish","type":"product","link":"https:\/\/pecbag.com\/pl\/fishing-tackle-storage-chest-bag\/","title":{"rendered":"Torba do przechowywania sprz\u0119tu w\u0119dkarskiego"},"content":{"rendered":"<h5 title=\"Sk\u0142adana torba dla psa Oddychaj\u0105ca siatkowa torba na rami\u0119 dla ma\u0142ych ps\u00f3w i kot\u00f3w\" data-immersive-translate-walked=\"1c928421-2e42-4cd3-8754-5404553c0af5\" data-immersive-translate-paragraph=\"1\" data-spm-anchor-id=\"a2700.details.0.i35.4f6757d4w4zNZA\">Producent toreb do przechowywania sprz\u0119tu w\u0119dkarskiego | Fabryka wodoodpornych toreb i dostawca plecak\u00f3w | Luzem OEM<\/h5>\n<div class=\"flex flex-grow flex-col max-w-full\">\n<div class=\"min-h-[20px] text-message flex w-full flex-col items-end gap-2 whitespace-pre-wrap break-words [.text-message+&amp;]:mt-5 overflow-x-auto\" dir=\"auto\" data-message-author-role=\"assistant\" data-message-id=\"3d7d46f6-7ec2-4222-9257-48fa0bba23c6\" data-suggestions=\"true\">\n<div class=\"flex w-full flex-col gap-1 empty:hidden first:pt-[3px]\">\n<div class=\"markdown prose w-full break-words dark:prose-invert light\">\n<p>Potrzebujesz torby do przechowywania sprz\u0119tu w\u0119dkarskiego, kt\u00f3ra utrzyma przyn\u0119ty w sucho\u015bci i uporz\u0105dkuje sprz\u0119t? Jako wiod\u0105ca fabryka wodoodpornych toreb i producent plecak\u00f3w w Chinach, specjalizujemy si\u0119 w torbach w\u0119dkarskich zaprojektowanych dla w\u0119dkarzy, marek w\u0119dkarskich i hurtownik\u00f3w toreb w\u0119dkarskich na ca\u0142ym \u015bwiecie!<\/p>\n<table width=\"288\">\n<tbody>\n<tr>\n<td width=\"137\"><span style=\"color: #333333;\">Nazwa produktu<\/span><\/td>\n<td width=\"151\"><span style=\"color: #333333;\">Torba na klatk\u0119 piersiow\u0105<\/span><\/td>\n<\/tr>\n<tr>\n<td><span style=\"color: #333333;\">Pozycja nr.<\/span><\/td>\n<td><span style=\"color: #333333;\">PB-2042<\/span><\/td>\n<\/tr>\n<tr>\n<td><span style=\"color: #333333;\">Materia\u0142<\/span><\/td>\n<td>Nylon 1000D<\/td>\n<\/tr>\n<tr>\n<td><span style=\"color: #333333;\">Rozmiar<\/span><\/td>\n<td>11,8*9*6,3 cala<\/td>\n<\/tr>\n<tr>\n<td><span style=\"color: #333333;\">\u00a0Czas dostawy<\/span><\/td>\n<td><span style=\"color: #333333;\">1-5 dni dla ma\u0142ych ilo\u015bci drog\u0105 lotnicz\u0105 i 30-35 dni dla du\u017cych ilo\u015bci drog\u0105 morsk\u0105<\/span><\/td>\n<\/tr>\n<\/tbody>\n<\/table>\n<p class=\"ds-markdown-paragraph\">\u2705\u00a0<strong>Dlaczego nasze torby do przechowywania sprz\u0119tu w\u0119dkarskiego s\u0105 tak popularne:<\/strong><\/p>\n<ul>\n<li>\n<p class=\"ds-markdown-paragraph\"><strong>Wodoodporni wojownicy<\/strong>: Uszczelniona pow\u0142oka TPU + otwory drena\u017cowe - przetrwaj\u0105 zachlapania na \u0142odzi i deszczowe dni!<\/p>\n<\/li>\n<li>\n<p class=\"ds-markdown-paragraph\"><strong>Konstrukcja skoncentrowana na w\u0119dkarzach<\/strong>: 8+ modu\u0142owych przegr\u00f3dek - przechowywanie haczyk\u00f3w, linek, narz\u0119dzi i przyn\u0119t bez pl\u0105taniny.<\/p>\n<\/li>\n<li>\n<p class=\"ds-markdown-paragraph\"><strong>Korzy\u015bci zwi\u0105zane z zam\u00f3wieniami zbiorczymi<\/strong>: Produkuj masowe zam\u00f3wienia na torb\u0119 na klatk\u0119 piersiow\u0105 (MOQ 50 sztuk) z torb\u0105 na klatk\u0119 piersiow\u0105 ODM \/ OEM lub mark\u0105 w\u0142asn\u0105 w ci\u0105gu 10 dni!<\/p>\n<\/li>\n<li>\n<p class=\"ds-markdown-paragraph\"><strong>China Cost Edge<\/strong>: Jako najlepszy dostawca toreb na klatk\u0119 piersiow\u0105 w Chinach, jako\u015b\u0107 spotyka si\u0119 z bezkonkurencyjnymi cenami.<\/p>\n<\/li>\n<\/ul>\n<p class=\"ds-markdown-paragraph\"><strong>Cechy, kt\u00f3re w\u0119dkarze uwielbiaj\u0105:<\/strong><br \/>\nOdporne na korozj\u0119 zamki b\u0142yskawiczne + nierdzewne D-ringi (gotowe na s\u0142on\u0105 wod\u0119!).<br \/>\nSzybkoschn\u0105ce kieszenie z siatki + paski na w\u0119dki<br \/>\nOdblaskowe wyko\u0144czenia dla bezpiecze\u0144stwa o \u015bwicie i zmierzchu<br \/>\nCertyfikat OEKO-TEX - brak chemicznych zapach\u00f3w p\u0142osz\u0105cych ryby<\/p>\n<p class=\"ds-markdown-paragraph\"><strong>Idealne dla:<\/strong><\/p>\n<ul>\n<li>\n<p class=\"ds-markdown-paragraph\">Sklepy ze sprz\u0119tem w\u0119dkarskim i sprzedawcy toreb<\/p>\n<\/li>\n<li>\n<p class=\"ds-markdown-paragraph\">Dostawcy i hurtownicy toreb morskich<\/p>\n<\/li>\n<li>\n<p class=\"ds-markdown-paragraph\">Marki tworz\u0105 kolekcje toreb na rami\u0119 pod markami w\u0142asnymi<\/p>\n<\/li>\n<\/ul>\n<p class=\"ds-markdown-paragraph\"><strong>Jak tworzymy torby do przechowywania sprz\u0119tu w\u0119dkarskiego:<\/strong><br \/>\n1\ufe0f\u20e3 Wybierz spo\u015br\u00f3d ponad 30 zatwierdzonych przez w\u0119dkarzy wzor\u00f3w lub dostosuj sw\u00f3j w\u0142asny<br \/>\n2\ufe0f\u20e3 Prototyp w 5 dni \u2192 test \u2192 produkcja masowa<br \/>\n3\ufe0f\u20e3 Wysy\u0142ka za po\u015brednictwem sieci eksportowych work\u00f3w skrzyniowych (dost\u0119pne DDP\/DAP)<\/p>\n<p class=\"ds-markdown-paragraph\"><strong>Dlaczego jeste\u015bmy Twoim chi\u0144skim producentem torby na klatk\u0119 piersiow\u0105 #1:<\/strong><br \/>\nPonad 12 lat do\u015bwiadczenia w produkcji work\u00f3w na klatk\u0119 piersiow\u0105<br \/>\n50% - grubsza pow\u0142oka wodoodporna w por\u00f3wnaniu do konkurencji<br \/>\nWsparcie 24\/7 w j\u0119zyku angielskim, japo\u0144skim i hiszpa\u0144skim<\/p>\n<p class=\"ds-markdown-paragraph\"><strong>Gotowy na wi\u0119ksze zyski?<\/strong><br \/>\n\ud83d\udc49\u00a0<strong>Bezp\u0142atne pr\u00f3bki<\/strong>\u00a0Depozyt 20% \ud83d\udc49 Notowania 24h<\/p>\n<\/div>\n<\/div>\n<\/div>\n<\/div>","protected":false},"excerpt":{"rendered":"<h2 data-immersive-translate-walked=\"344be1c1-5052-41eb-8fcd-0dbe236a0d6b\" data-immersive-translate-paragraph=\"1\">Torba do przechowywania sprz\u0119tu w\u0119dkarskiego<\/h2>\n<ol class=\"list-paddingleft-2\">\n<li>Rozmiar torby na sprz\u0119t w\u0119dkarski wynosi 11,8 * 9 * 6,3 cala. Posiada wiele przegr\u00f3dek do przechowywania przyn\u0119t, szczypiec, drutu, pude\u0142ka na przyn\u0119ty, portfela, telefonu i innych akcesori\u00f3w. Zwi\u0119ksza wygod\u0119 podr\u00f3\u017cowania.<\/li>\n<li>Pasek na rami\u0119 jest regulowany i odpinany, mo\u017cna go u\u017cywa\u0107 na wiele sposob\u00f3w, takich jak torba na rami\u0119, torebka, torba na klatk\u0119 piersiow\u0105, torba na sprz\u0119t w\u0119dkarski, torba Crossbody itp.<\/li>\n<\/ol>","protected":false},"featured_media":3290,"template":"","meta":{"_uag_custom_page_level_css":""},"product_brand":[],"product_cat":[61,46],"product_tag":[],"class_list":{"0":"post-3289","1":"product","2":"type-product","3":"status-publish","4":"has-post-thumbnail","6":"product_cat-chest-bag","7":"product_cat-fishing-bag","9":"first","10":"instock","11":"shipping-taxable","12":"product-type-simple"},"uagb_featured_image_src":{"full":["https:\/\/pecbag.com\/wp-content\/uploads\/2025\/05\/Fishing-Tackle-Storage-Chest-Bag.jpeg",1053,1500,false],"thumbnail":["https:\/\/pecbag.com\/wp-content\/uploads\/2025\/05\/Fishing-Tackle-Storage-Chest-Bag-150x150.jpeg",150,150,true],"medium":["https:\/\/pecbag.com\/wp-content\/uploads\/2025\/05\/Fishing-Tackle-Storage-Chest-Bag-211x300.jpeg",211,300,true],"medium_large":["https:\/\/pecbag.com\/wp-content\/uploads\/2025\/05\/Fishing-Tackle-Storage-Chest-Bag-768x1094.jpeg",768,1094,true],"large":["https:\/\/pecbag.com\/wp-content\/uploads\/2025\/05\/Fishing-Tackle-Storage-Chest-Bag-719x1024.jpeg",719,1024,true],"1536x1536":["https:\/\/pecbag.com\/wp-content\/uploads\/2025\/05\/Fishing-Tackle-Storage-Chest-Bag.jpeg",1053,1500,false],"2048x2048":["https:\/\/pecbag.com\/wp-content\/uploads\/2025\/05\/Fishing-Tackle-Storage-Chest-Bag.jpeg",1053,1500,false],"trp-custom-language-flag":["https:\/\/pecbag.com\/wp-content\/uploads\/2025\/05\/Fishing-Tackle-Storage-Chest-Bag-8x12.jpeg",8,12,true],"woocommerce_thumbnail":["https:\/\/pecbag.com\/wp-content\/uploads\/2025\/05\/Fishing-Tackle-Storage-Chest-Bag-300x300.jpeg",300,300,true],"woocommerce_single":["https:\/\/pecbag.com\/wp-content\/uploads\/2025\/05\/Fishing-Tackle-Storage-Chest-Bag-600x855.jpeg",600,855,true],"woocommerce_gallery_thumbnail":["https:\/\/pecbag.com\/wp-content\/uploads\/2025\/05\/Fishing-Tackle-Storage-Chest-Bag-100x100.jpeg",100,100,true]},"uagb_author_info":{"display_name":"Lawrence","author_link":"https:\/\/pecbag.com\/pl\/author\/"},"uagb_comment_info":0,"uagb_excerpt":"Fishing Tackle Storage Chest Bag The size of the fishing gear bag is 11.8*9*6.3in. There are multiple compartments for you to store bait, pliers, wire, a bait box, a wallet, a phone, and other accessories. Make your travel more convenient. The shoulder strap is adjustable and detachable, you can have multiple ways to use it,&hellip;","_links":{"self":[{"href":"https:\/\/pecbag.com\/pl\/wp-json\/wp\/v2\/product\/3289","targetHints":{"allow":["GET"]}}],"collection":[{"href":"https:\/\/pecbag.com\/pl\/wp-json\/wp\/v2\/product"}],"about":[{"href":"https:\/\/pecbag.com\/pl\/wp-json\/wp\/v2\/types\/product"}],"wp:featuredmedia":[{"embeddable":true,"href":"https:\/\/pecbag.com\/pl\/wp-json\/wp\/v2\/media\/3290"}],"wp:attachment":[{"href":"https:\/\/pecbag.com\/pl\/wp-json\/wp\/v2\/media?parent=3289"}],"wp:term":[{"taxonomy":"product_brand","embeddable":true,"href":"https:\/\/pecbag.com\/pl\/wp-json\/wp\/v2\/product_brand?post=3289"},{"taxonomy":"product_cat","embeddable":true,"href":"https:\/\/pecbag.com\/pl\/wp-json\/wp\/v2\/product_cat?post=3289"},{"taxonomy":"product_tag","embeddable":true,"href":"https:\/\/pecbag.com\/pl\/wp-json\/wp\/v2\/product_tag?post=3289"}],"curies":[{"name":"wp","href":"https:\/\/api.w.org\/{rel}","templated":true}]}}