{"id":3310,"date":"2025-05-26T06:55:13","date_gmt":"2025-05-26T06:55:13","guid":{"rendered":"https:\/\/pecbag.com\/?post_type=product&#038;p=3310"},"modified":"2025-11-29T02:02:58","modified_gmt":"2025-11-29T02:02:58","slug":"fashion-wholesale-sports-crossbody-bag","status":"publish","type":"product","link":"https:\/\/pecbag.com\/pl\/fashion-wholesale-sports-crossbody-bag\/","title":{"rendered":"Modna hurtowa sportowa torba crossbody"},"content":{"rendered":"<h5 title=\"Sk\u0142adana torba dla psa Oddychaj\u0105ca siatkowa torba na rami\u0119 dla ma\u0142ych ps\u00f3w i kot\u00f3w\" data-immersive-translate-walked=\"1c928421-2e42-4cd3-8754-5404553c0af5\" data-immersive-translate-paragraph=\"1\" data-spm-anchor-id=\"a2700.details.0.i35.4f6757d4w4zNZA\">Fashion Wholesale Sports Crossbody Bag Manufacturer | Wodoodporna fabryka toreb i dostawca plecak\u00f3w | Bulk OEM<\/h5>\n<div class=\"flex flex-grow flex-col max-w-full\">\n<div class=\"min-h-[20px] text-message flex w-full flex-col items-end gap-2 whitespace-pre-wrap break-words [.text-message+&amp;]:mt-5 overflow-x-auto\" dir=\"auto\" data-message-author-role=\"assistant\" data-message-id=\"3d7d46f6-7ec2-4222-9257-48fa0bba23c6\" data-suggestions=\"true\">\n<div class=\"flex w-full flex-col gap-1 empty:hidden first:pt-[3px]\">\n<div class=\"markdown prose w-full break-words dark:prose-invert light\">\n<p>Potrzebujesz modnych hurtowych sportowych toreb crossbody, kt\u00f3re \u0142\u0105cz\u0105 styl i funkcjonalno\u015b\u0107? Jako wiod\u0105ca fabryka wodoodpornych toreb i producent plecak\u00f3w w Chinach, tworzymy modne hurtowe sportowe torby crossbody dla mi\u0142o\u015bnik\u00f3w si\u0142owni, os\u00f3b doje\u017cd\u017caj\u0105cych do pracy w mie\u015bcie i hurtownik\u00f3w toreb crossbody na ca\u0142ym \u015bwiecie!<\/p>\n<table width=\"288\">\n<tbody>\n<tr>\n<td width=\"137\"><span style=\"color: #333333;\">Nazwa produktu<\/span><\/td>\n<td width=\"151\"><span style=\"color: #333333;\">Torba crossbody<\/span><\/td>\n<\/tr>\n<tr>\n<td><span style=\"color: #333333;\">Pozycja nr.<\/span><\/td>\n<td><span style=\"color: #333333;\">PB-2045<\/span><\/td>\n<\/tr>\n<tr>\n<td><span style=\"color: #333333;\">Materia\u0142<\/span><\/td>\n<td>Neopren<\/td>\n<\/tr>\n<tr>\n<td><span style=\"color: #333333;\">Rozmiar<\/span><\/td>\n<td>15 x 5 x 29 cm<\/td>\n<\/tr>\n<tr>\n<td><span style=\"color: #333333;\">\u00a0Czas dostawy<\/span><\/td>\n<td><span style=\"color: #333333;\">1-5 dni dla ma\u0142ych ilo\u015bci drog\u0105 lotnicz\u0105 i 30-35 dni dla du\u017cych ilo\u015bci drog\u0105 morsk\u0105<\/span><\/td>\n<\/tr>\n<\/tbody>\n<\/table>\n<p class=\"ds-markdown-paragraph\">\u2705\u00a0<strong>Dlaczego nasze modne hurtowe sportowe torby crossbody sprzedaj\u0105 si\u0119 szybko:<\/strong><\/p>\n<ul>\n<li>\n<p class=\"ds-markdown-paragraph\"><strong>Styl uliczny<\/strong>: 50+ modnych wzor\u00f3w (neonowe, camo, minimalistyczne) - od\u015bwie\u017caj sw\u00f3j ekwipunek co tydzie\u0144!<\/p>\n<\/li>\n<li>\n<p class=\"ds-markdown-paragraph\"><strong>Gotowo\u015b\u0107 na pot i deszcz<\/strong>: Wodoodporna podszewka TPU + oddychaj\u0105ce paski - przetrwaj\u0105 treningi lub nag\u0142e ulewy.<\/p>\n<\/li>\n<li>\n<p class=\"ds-markdown-paragraph\"><strong>Korzy\u015bci zwi\u0105zane z zam\u00f3wieniami zbiorczymi<\/strong>: Produkuj masowe zam\u00f3wienia na torby crossbody (MOQ 50 sztuk) z torb\u0105 crossbody ODM \/ OEM lub mark\u0105 w\u0142asn\u0105 w ci\u0105gu 7 dni!<\/p>\n<\/li>\n<li>\n<p class=\"ds-markdown-paragraph\"><strong>Koszt energii w Chinach<\/strong>: Jako czo\u0142owy dostawca toreb crossbody w Chinach \u0142\u0105czymy wygl\u0105d z wybieg\u00f3w z cenami fabrycznymi.<\/p>\n<\/li>\n<\/ul>\n<p class=\"ds-markdown-paragraph\"><strong>Funkcje po\u017c\u0105dane przez klient\u00f3w:<\/strong><br \/>\nPojemno\u015b\u0107 3L-8L (pasuje do telefon\u00f3w, kluczy, sprz\u0119tu sportowego) + kiesze\u0144 z blokad\u0105 RFID<br \/>\nRegulowane paski (pasuj\u0105 do wszystkich typ\u00f3w cia\u0142a) + szybko dost\u0119pne boczne zamki b\u0142yskawiczne<br \/>\nOdblaskowe logo zapewniaj\u0105ce bezpiecze\u0144stwo w nocy + tkanina z certyfikatem OEKO-TEX zapobiegaj\u0105ca ple\u015bnieniu<br \/>\nLekki (0,4 kg) - idealny do biegania, podr\u00f3\u017cy lub codziennego u\u017cytku<\/p>\n<p class=\"ds-markdown-paragraph\"><strong>Idealne dla:<\/strong><\/p>\n<ul>\n<li>\n<p class=\"ds-markdown-paragraph\">Sklepy z odzie\u017c\u0105 sportow\u0105 i sprzedawcy toreb crossbody<\/p>\n<\/li>\n<li>\n<p class=\"ds-markdown-paragraph\">\u0141a\u0144cuchy gimnastyczne i hurtownie toreb crossbody<\/p>\n<\/li>\n<li>\n<p class=\"ds-markdown-paragraph\">Startupy buduj\u0105ce marki w\u0142asne torebek cross-body<\/p>\n<\/li>\n<\/ul>\n<p class=\"ds-markdown-paragraph\"><strong>Jak pracujemy:<\/strong><br \/>\n1\ufe0f\u20e3 Wybierz spo\u015br\u00f3d ponad 100 wzor\u00f3w lub dostosuj kolory \/ logo<br \/>\n2\ufe0f\u20e3 Prototyp w 3 dni \u2192 zatwierdzenie \u2192 masowa produkcja<br \/>\n3\ufe0f\u20e3 Wysy\u0142ka za po\u015brednictwem sieci eksportu toreb crossbody (opcje DDP\/DAP)<\/p>\n<p class=\"ds-markdown-paragraph\"><strong>Dlaczego warto wybra\u0107 nas?<\/strong><br \/>\nPonad 5 000 zam\u00f3wie\u0144 na torby crossbody wys\u0142ane na ca\u0142y \u015bwiat<br \/>\n40% l\u017cejszy ni\u017c torby konkurencji<br \/>\nWsparcie 24\/7 w j\u0119zyku angielskim, hiszpa\u0144skim i arabskim<\/p>\n<p class=\"ds-markdown-paragraph\"><strong>Gotowy do osi\u0105gni\u0119cia zysk\u00f3w?<\/strong><br \/>\n\ud83d\udc49\u00a0<strong>Bezp\u0142atne pr\u00f3bki<\/strong>\u00a0Depozyt 15% \ud83d\udc49 Natychmiastowe wyceny<\/p>\n<\/div>\n<\/div>\n<\/div>\n<\/div>","protected":false},"excerpt":{"rendered":"<h2 data-immersive-translate-walked=\"344be1c1-5052-41eb-8fcd-0dbe236a0d6b\" data-immersive-translate-paragraph=\"1\">Modna hurtowa sportowa torba crossbody<\/h2>\n<p>Dzi\u0119ki 6 silnym wbudowanym magnesom magnetyczna torba na si\u0142owni\u0119 mo\u017ce mocno przyczepi\u0107 si\u0119 do ka\u017cdej metalowej powierzchni.<\/p>\n<p>Przechowywanie butelki z wod\u0105 i przedmiot\u00f3w osobistych z dala od brudnej pod\u0142ogi podczas treningu i na wysoko\u015bci oczu w celu \u0142atwego wyci\u0105gni\u0119cia.<\/p>\n<p>Wyposa\u017cony w 2 r\u00f3\u017cne paski, mo\u017ce by\u0107 u\u017cywany jako torba na rami\u0119 \/ torba na rami\u0119 \/ pasek do przenoszenia.<\/p>","protected":false},"featured_media":3314,"template":"","meta":{"_uag_custom_page_level_css":""},"product_brand":[],"product_cat":[62],"product_tag":[],"class_list":{"0":"post-3310","1":"product","2":"type-product","3":"status-publish","4":"has-post-thumbnail","6":"product_cat-crossbody-bags","8":"first","9":"instock","10":"shipping-taxable","11":"product-type-simple"},"uagb_featured_image_src":{"full":["https:\/\/pecbag.com\/wp-content\/uploads\/2025\/05\/Fashion-Wholesale-Sports-Crossbody-Bag-6.jpeg",1283,1487,false],"thumbnail":["https:\/\/pecbag.com\/wp-content\/uploads\/2025\/05\/Fashion-Wholesale-Sports-Crossbody-Bag-6-150x150.jpeg",150,150,true],"medium":["https:\/\/pecbag.com\/wp-content\/uploads\/2025\/05\/Fashion-Wholesale-Sports-Crossbody-Bag-6-259x300.jpeg",259,300,true],"medium_large":["https:\/\/pecbag.com\/wp-content\/uploads\/2025\/05\/Fashion-Wholesale-Sports-Crossbody-Bag-6-768x890.jpeg",768,890,true],"large":["https:\/\/pecbag.com\/wp-content\/uploads\/2025\/05\/Fashion-Wholesale-Sports-Crossbody-Bag-6-884x1024.jpeg",800,927,true],"1536x1536":["https:\/\/pecbag.com\/wp-content\/uploads\/2025\/05\/Fashion-Wholesale-Sports-Crossbody-Bag-6.jpeg",1283,1487,false],"2048x2048":["https:\/\/pecbag.com\/wp-content\/uploads\/2025\/05\/Fashion-Wholesale-Sports-Crossbody-Bag-6.jpeg",1283,1487,false],"trp-custom-language-flag":["https:\/\/pecbag.com\/wp-content\/uploads\/2025\/05\/Fashion-Wholesale-Sports-Crossbody-Bag-6-10x12.jpeg",10,12,true],"woocommerce_thumbnail":["https:\/\/pecbag.com\/wp-content\/uploads\/2025\/05\/Fashion-Wholesale-Sports-Crossbody-Bag-6-300x300.jpeg",300,300,true],"woocommerce_single":["https:\/\/pecbag.com\/wp-content\/uploads\/2025\/05\/Fashion-Wholesale-Sports-Crossbody-Bag-6-600x695.jpeg",600,695,true],"woocommerce_gallery_thumbnail":["https:\/\/pecbag.com\/wp-content\/uploads\/2025\/05\/Fashion-Wholesale-Sports-Crossbody-Bag-6-100x100.jpeg",100,100,true]},"uagb_author_info":{"display_name":"Lawrence","author_link":"https:\/\/pecbag.com\/pl\/author\/"},"uagb_comment_info":0,"uagb_excerpt":"Fashion Wholesale Sports Crossbody Bag With 6 powerful built-in magnets, the magnetic gym bag can firmly attach to any metal surface. Keeping your water bottle and personal items off the dirty floor during workouts and at eye level for easy retrieval. Equipped with 2 different straps, it can be used as a shoulder bag\/crossbody bag\/handle&hellip;","_links":{"self":[{"href":"https:\/\/pecbag.com\/pl\/wp-json\/wp\/v2\/product\/3310","targetHints":{"allow":["GET"]}}],"collection":[{"href":"https:\/\/pecbag.com\/pl\/wp-json\/wp\/v2\/product"}],"about":[{"href":"https:\/\/pecbag.com\/pl\/wp-json\/wp\/v2\/types\/product"}],"wp:featuredmedia":[{"embeddable":true,"href":"https:\/\/pecbag.com\/pl\/wp-json\/wp\/v2\/media\/3314"}],"wp:attachment":[{"href":"https:\/\/pecbag.com\/pl\/wp-json\/wp\/v2\/media?parent=3310"}],"wp:term":[{"taxonomy":"product_brand","embeddable":true,"href":"https:\/\/pecbag.com\/pl\/wp-json\/wp\/v2\/product_brand?post=3310"},{"taxonomy":"product_cat","embeddable":true,"href":"https:\/\/pecbag.com\/pl\/wp-json\/wp\/v2\/product_cat?post=3310"},{"taxonomy":"product_tag","embeddable":true,"href":"https:\/\/pecbag.com\/pl\/wp-json\/wp\/v2\/product_tag?post=3310"}],"curies":[{"name":"wp","href":"https:\/\/api.w.org\/{rel}","templated":true}]}}