{"id":3317,"date":"2025-05-26T07:06:58","date_gmt":"2025-05-26T07:06:58","guid":{"rendered":"https:\/\/pecbag.com\/?post_type=product&#038;p=3317"},"modified":"2025-11-04T09:50:51","modified_gmt":"2025-11-04T09:50:51","slug":"durable-outdoor-sport-crossbody-bag","status":"publish","type":"product","link":"https:\/\/pecbag.com\/pl\/durable-outdoor-sport-crossbody-bag\/","title":{"rendered":"Wytrzyma\u0142a sportowa torba crossbody"},"content":{"rendered":"<h5 title=\"Sk\u0142adana torba dla psa Oddychaj\u0105ca siatkowa torba na rami\u0119 dla ma\u0142ych ps\u00f3w i kot\u00f3w\" data-immersive-translate-walked=\"1c928421-2e42-4cd3-8754-5404553c0af5\" data-immersive-translate-paragraph=\"1\" data-spm-anchor-id=\"a2700.details.0.i35.4f6757d4w4zNZA\">Wytrzyma\u0142a sportowa torba crossbody na zewn\u0105trz Producent | Fabryka wodoodpornych toreb i dostawca plecak\u00f3w | Bulk OEM<\/h5>\n<div class=\"flex flex-grow flex-col max-w-full\">\n<div class=\"min-h-[20px] text-message flex w-full flex-col items-end gap-2 whitespace-pre-wrap break-words [.text-message+&amp;]:mt-5 overflow-x-auto\" dir=\"auto\" data-message-author-role=\"assistant\" data-message-id=\"3d7d46f6-7ec2-4222-9257-48fa0bba23c6\" data-suggestions=\"true\">\n<div class=\"flex w-full flex-col gap-1 empty:hidden first:pt-[3px]\">\n<div class=\"markdown prose w-full break-words dark:prose-invert light\">\n<p>Potrzebujesz wytrzyma\u0142ych sportowych toreb crossbody, kt\u00f3re przetrwaj\u0105 trudne przygody? Jako najlepsza fabryka wodoodpornych toreb i producent plecak\u00f3w w Chinach, tworzymy wytrzyma\u0142e sportowe torby crossbody dla turyst\u00f3w pieszych, rowerzyst\u00f3w i hurtownik\u00f3w toreb crossbody na ca\u0142ym \u015bwiecie!<\/p>\n<table width=\"288\">\n<tbody>\n<tr>\n<td width=\"137\"><span style=\"color: #333333;\">Nazwa produktu<\/span><\/td>\n<td width=\"151\"><span style=\"color: #333333;\">Torba crossbody<\/span><\/td>\n<\/tr>\n<tr>\n<td><span style=\"color: #333333;\">Pozycja nr.<\/span><\/td>\n<td><span style=\"color: #333333;\">PB-2046<\/span><\/td>\n<\/tr>\n<tr>\n<td><span style=\"color: #333333;\">Materia\u0142<\/span><\/td>\n<td>600D poliester<\/td>\n<\/tr>\n<tr>\n<td><span style=\"color: #333333;\">\u00a0Rozmiar i kolor<\/span><\/td>\n<td>24 x 9,5 x 32 cm<\/td>\n<\/tr>\n<tr>\n<td><span style=\"color: #333333;\">\u00a0Czas dostawy<\/span><\/td>\n<td><span style=\"color: #333333;\">1-5 dni dla ma\u0142ych ilo\u015bci drog\u0105 lotnicz\u0105 i 30-35 dni dla du\u017cych ilo\u015bci drog\u0105 morsk\u0105<\/span><\/td>\n<\/tr>\n<\/tbody>\n<\/table>\n<p class=\"ds-markdown-paragraph\">\u2705\u00a0<strong>Dlaczego nasze wytrzyma\u0142e sportowe torby crossbody wygrywaj\u0105:<\/strong><\/p>\n<ul>\n<li>\n<p class=\"ds-markdown-paragraph\"><strong>Built Tough<\/strong>Poliester 600D + wzmocnione szwy - radzi sobie ze szlakami, ska\u0142ami i ulewami!<\/p>\n<\/li>\n<li>\n<p class=\"ds-markdown-paragraph\"><strong>Wodoodporny i odporny na pot<\/strong>: Uszczelniona pow\u0142oka TPU + oddychaj\u0105ca siateczka - idealna na deszcz lub intensywne treningi.<\/p>\n<\/li>\n<li>\n<p class=\"ds-markdown-paragraph\"><strong>Zasilanie zam\u00f3wienia zbiorczego<\/strong>: Produkuj masowe zam\u00f3wienia na torby crossbody (MOQ 100 sztuk) za po\u015brednictwem torby crossbody ODM \/ OEM lub marki w\u0142asnej w ci\u0105gu 10 dni!<\/p>\n<\/li>\n<li>\n<p class=\"ds-markdown-paragraph\"><strong>China Cost Edge<\/strong>: Jako wiod\u0105cy dostawca toreb crossbody w Chinach, jako\u015b\u0107 spotyka si\u0119 z bezkonkurencyjnymi cenami fabrycznymi.<\/p>\n<\/li>\n<\/ul>\n<p class=\"ds-markdown-paragraph\"><strong>Funkcje uwielbiane przez poszukiwaczy przyg\u00f3d:<\/strong><br \/>\nPojemno\u015b\u0107 5L-10L (pasuje do butelek z wod\u0105, narz\u0119dzi, telefon\u00f3w) + kiesze\u0144 blokuj\u0105ca RFID<br \/>\nRegulowane paski (pasuj\u0105 do wszystkich typ\u00f3w cia\u0142a) + szybko dost\u0119pne boczne zamki b\u0142yskawiczne<br \/>\nOdblaskowe logo zapewniaj\u0105ce bezpiecze\u0144stwo w nocy + tkanina OEKO-TEX zapobiegaj\u0105ca ple\u015bni<br \/>\nLekki (0,5 kg) - idealny do wspinaczki, biwakowania lub dojazd\u00f3w do pracy w mie\u015bcie<\/p>\n<p class=\"ds-markdown-paragraph\"><strong>Idealne dla:<\/strong><\/p>\n<ul>\n<li>\n<p class=\"ds-markdown-paragraph\">Sklepy outdoorowe i sprzedawcy toreb crossbody<\/p>\n<\/li>\n<li>\n<p class=\"ds-markdown-paragraph\">Marki sportowe i hurtownie toreb crossbody<\/p>\n<\/li>\n<li>\n<p class=\"ds-markdown-paragraph\">Startupy tworz\u0105ce linie marek w\u0142asnych toreb crossbody<\/p>\n<\/li>\n<\/ul>\n<p class=\"ds-markdown-paragraph\"><strong>Jak pracujemy:<\/strong><br \/>\n1\ufe0f\u20e3 Wybierz spo\u015br\u00f3d ponad 80 wytrzyma\u0142ych wzor\u00f3w lub dostosuj sw\u00f3j w\u0142asny<br \/>\n2\ufe0f\u20e3 Prototyp w 5 dni \u2192 test \u2192 produkcja masowa<br \/>\n3\ufe0f\u20e3 Wysy\u0142ka za po\u015brednictwem sieci eksportowych toreb crossbody (lotniczych\/morskich\/DDP)<\/p>\n<p class=\"ds-markdown-paragraph\"><strong>Dlaczego warto nam zaufa\u0107?<\/strong><br \/>\nPonad 10 lat do\u015bwiadczenia w produkcji toreb crossbody<br \/>\nMocniejszy materia\u0142 30% w por\u00f3wnaniu do konkurencji<br \/>\nWsparcie 24\/7 w j\u0119zyku angielskim, hiszpa\u0144skim i niemieckim<\/p>\n<p class=\"ds-markdown-paragraph\"><strong>Gotowy na wyprzeda\u017ce na \u015bwie\u017cym powietrzu?<\/strong><br \/>\n\ud83d\udc49\u00a0<strong>Bezp\u0142atne pr\u00f3bki<\/strong>\u00a0Depozyt 20% \ud83d\udc49 Notowania 24h<\/p>\n<\/div>\n<\/div>\n<\/div>\n<\/div>","protected":false},"excerpt":{"rendered":"<h2 data-immersive-translate-walked=\"344be1c1-5052-41eb-8fcd-0dbe236a0d6b\" data-immersive-translate-paragraph=\"1\">Wytrzyma\u0142a sportowa torba crossbody<\/h2>\n<div>1. Doskona\u0142a wodoodporno\u015b\u0107: Jest wysoce wodoodporna, odporna na zu\u017cycie i \u0142atwa do czyszczenia. Zamek b\u0142yskawiczny ma\u0142ej torby na sprz\u0119t w\u0119dkarski jest r\u00f3wnie\u017c wodoodporny i odporny na rdz\u0119 i nie p\u0119knie nawet po d\u0142ugotrwa\u0142ym u\u017cytkowaniu w \u015brodowisku s\u0142onowodnym.<\/div>\n<div><\/div>\n<div>\n<div>2. Lekka i wytrzyma\u0142a: Wa\u017c\u0105cy 0,68 funta plecak w\u0119dkarski jest l\u017cejszy i bardziej przeno\u015bny ni\u017c plecak w\u0119dkarski, dzi\u0119ki czemu mo\u017cna go wygodnie nosi\u0107 nawet przez d\u0142ugi czas. Solidny dwukierunkowy zamek b\u0142yskawiczny w g\u0142\u00f3wnej komorze umo\u017cliwia \u0142atwy dost\u0119p z obu stron.<\/div>\n<\/div>","protected":false},"featured_media":3334,"template":"","meta":{"_uag_custom_page_level_css":""},"product_brand":[],"product_cat":[62],"product_tag":[],"class_list":{"0":"post-3317","1":"product","2":"type-product","3":"status-publish","4":"has-post-thumbnail","6":"product_cat-crossbody-bags","8":"first","9":"instock","10":"shipping-taxable","11":"product-type-simple"},"uagb_featured_image_src":{"full":["https:\/\/pecbag.com\/wp-content\/uploads\/2025\/05\/Durable-Outdoor-Sport-Crossbody-Bag-2-1.jpeg",800,800,false],"thumbnail":["https:\/\/pecbag.com\/wp-content\/uploads\/2025\/05\/Durable-Outdoor-Sport-Crossbody-Bag-2-1-150x150.jpeg",150,150,true],"medium":["https:\/\/pecbag.com\/wp-content\/uploads\/2025\/05\/Durable-Outdoor-Sport-Crossbody-Bag-2-1-300x300.jpeg",300,300,true],"medium_large":["https:\/\/pecbag.com\/wp-content\/uploads\/2025\/05\/Durable-Outdoor-Sport-Crossbody-Bag-2-1-768x768.jpeg",768,768,true],"large":["https:\/\/pecbag.com\/wp-content\/uploads\/2025\/05\/Durable-Outdoor-Sport-Crossbody-Bag-2-1.jpeg",800,800,false],"1536x1536":["https:\/\/pecbag.com\/wp-content\/uploads\/2025\/05\/Durable-Outdoor-Sport-Crossbody-Bag-2-1.jpeg",800,800,false],"2048x2048":["https:\/\/pecbag.com\/wp-content\/uploads\/2025\/05\/Durable-Outdoor-Sport-Crossbody-Bag-2-1.jpeg",800,800,false],"trp-custom-language-flag":["https:\/\/pecbag.com\/wp-content\/uploads\/2025\/05\/Durable-Outdoor-Sport-Crossbody-Bag-2-1-12x12.jpeg",12,12,true],"woocommerce_thumbnail":["https:\/\/pecbag.com\/wp-content\/uploads\/2025\/05\/Durable-Outdoor-Sport-Crossbody-Bag-2-1-300x300.jpeg",300,300,true],"woocommerce_single":["https:\/\/pecbag.com\/wp-content\/uploads\/2025\/05\/Durable-Outdoor-Sport-Crossbody-Bag-2-1-600x600.jpeg",600,600,true],"woocommerce_gallery_thumbnail":["https:\/\/pecbag.com\/wp-content\/uploads\/2025\/05\/Durable-Outdoor-Sport-Crossbody-Bag-2-1-100x100.jpeg",100,100,true]},"uagb_author_info":{"display_name":"Lawrence","author_link":"https:\/\/pecbag.com\/pl\/author\/"},"uagb_comment_info":0,"uagb_excerpt":"Durable Outdoor Sport Crossbody Bag 1. Excellent waterproofing: It is highly waterproof, wear-resistant, and easy to clean. The zipper of the small fishing tackle bag is also waterproof and rust-proof, and will not break even after long-term use in a saltwater environment. 2. Lightweight and durable: Weighing 0.68 pounds, this fishing fanny pack is lighter&hellip;","_links":{"self":[{"href":"https:\/\/pecbag.com\/pl\/wp-json\/wp\/v2\/product\/3317","targetHints":{"allow":["GET"]}}],"collection":[{"href":"https:\/\/pecbag.com\/pl\/wp-json\/wp\/v2\/product"}],"about":[{"href":"https:\/\/pecbag.com\/pl\/wp-json\/wp\/v2\/types\/product"}],"wp:featuredmedia":[{"embeddable":true,"href":"https:\/\/pecbag.com\/pl\/wp-json\/wp\/v2\/media\/3334"}],"wp:attachment":[{"href":"https:\/\/pecbag.com\/pl\/wp-json\/wp\/v2\/media?parent=3317"}],"wp:term":[{"taxonomy":"product_brand","embeddable":true,"href":"https:\/\/pecbag.com\/pl\/wp-json\/wp\/v2\/product_brand?post=3317"},{"taxonomy":"product_cat","embeddable":true,"href":"https:\/\/pecbag.com\/pl\/wp-json\/wp\/v2\/product_cat?post=3317"},{"taxonomy":"product_tag","embeddable":true,"href":"https:\/\/pecbag.com\/pl\/wp-json\/wp\/v2\/product_tag?post=3317"}],"curies":[{"name":"wp","href":"https:\/\/api.w.org\/{rel}","templated":true}]}}