{"id":3325,"date":"2025-05-26T07:40:40","date_gmt":"2025-05-26T07:40:40","guid":{"rendered":"https:\/\/pecbag.com\/?post_type=product&#038;p=3325"},"modified":"2025-11-29T02:01:06","modified_gmt":"2025-11-29T02:01:06","slug":"factory-custom-color-fanny-waist-pack","status":"publish","type":"product","link":"https:\/\/pecbag.com\/pl\/factory-custom-color-fanny-waist-pack\/","title":{"rendered":"Fabrycznie niestandardowa kolorowa saszetka Fanny"},"content":{"rendered":"<h5 title=\"Sk\u0142adana torba dla psa Oddychaj\u0105ca siatkowa torba na rami\u0119 dla ma\u0142ych ps\u00f3w i kot\u00f3w\" data-immersive-translate-walked=\"1c928421-2e42-4cd3-8754-5404553c0af5\" data-immersive-translate-paragraph=\"1\" data-spm-anchor-id=\"a2700.details.0.i35.4f6757d4w4zNZA\">Fabryczne niestandardowe kolorowe saszetki Fanny | Fabryka wodoodpornych toreb i producent plecak\u00f3w - hurtowe rozwi\u0105zania OEM do plecak\u00f3w biodrowych<\/h5>\n<div class=\"flex flex-grow flex-col max-w-full\">\n<div class=\"min-h-[20px] text-message flex w-full flex-col items-end gap-2 whitespace-pre-wrap break-words [.text-message+&amp;]:mt-5 overflow-x-auto\" dir=\"auto\" data-message-author-role=\"assistant\" data-message-id=\"3d7d46f6-7ec2-4222-9257-48fa0bba23c6\" data-suggestions=\"true\">\n<div class=\"flex w-full flex-col gap-1 empty:hidden first:pt-[3px]\">\n<div class=\"markdown prose w-full break-words dark:prose-invert light\">\n<table width=\"288\">\n<tbody>\n<tr>\n<td width=\"137\"><span style=\"color: #333333;\">Nazwa produktu<\/span><\/td>\n<td width=\"151\"><span style=\"color: #333333;\">Torba crossbody<\/span><\/td>\n<\/tr>\n<tr>\n<td><span style=\"color: #333333;\">Pozycja nr.<\/span><\/td>\n<td><span style=\"color: #333333;\">PB-2048<\/span><\/td>\n<\/tr>\n<tr>\n<td><span style=\"color: #333333;\">Materia\u0142<\/span><\/td>\n<td>600D poliester<\/td>\n<\/tr>\n<tr>\n<td><span style=\"color: #333333;\">\u00a0Rozmiar i kolor<\/span><\/td>\n<td>11 x 5 x 6 cali<\/td>\n<\/tr>\n<tr>\n<td><span style=\"color: #333333;\">\u00a0Czas dostawy<\/span><\/td>\n<td><span style=\"color: #333333;\">1-5 dni dla ma\u0142ych ilo\u015bci drog\u0105 lotnicz\u0105 i 30-35 dni dla du\u017cych ilo\u015bci drog\u0105 morsk\u0105<\/span><\/td>\n<\/tr>\n<\/tbody>\n<\/table>\n<p>Jako wiod\u0105cy chi\u0144ski producent toreb crossbody i fabryka toreb wodoodpornych, specjalizujemy si\u0119 w produkcji wytrzyma\u0142ych fabrycznych niestandardowych kolorowych saszetek fanny dla \u015bwiatowych marek. Nasza firma oferuje torby crossbody:<\/p>\n<p>\u2705 <strong>Saszetki z mo\u017cliwo\u015bci\u0105 personalizacji<\/strong> z ponad 200 opcjami kolor\u00f3w Pantone (MOQ 100szt)<br \/>\n\u2705 <strong>Wodoodporne torby crossbody<\/strong> przy u\u017cyciu nylonu 420D-1680D z pow\u0142ok\u0105 TPU<br \/>\n\u2705 <strong>Us\u0142ugi OEM\/ODM<\/strong> dla <strong>saszetki na tali\u0119 marki w\u0142asnej<\/strong> - Od projektu do eksportu<br \/>\n\u2705 <strong>Masowa produkcja saszetek<\/strong> z 12-dniow\u0105 szybk\u0105 realizacj\u0105<\/p>\n<p>Zaufana przez hurtownie toreb crossbody i marki outdoorowe na ca\u0142ym \u015bwiecie. Cechy obejmuj\u0105:<br \/>\n- Kieszenie blokuj\u0105ce RFID i ta\u015bmy MIL-STD<br \/>\n- Regulowane paski w talii (25-60 cali)<br \/>\n- Przyjazne dla \u015brodowiska materia\u0142y z certyfikatem OEKO-TEX<\/p>\n<p><strong>Dlaczego warto wybra\u0107 nasz\u0105 fabryk\u0119 toreb crossbody?<\/strong>?<br \/>\n18 lat jako eksporter toreb crossbody z Chin<br \/>\nBezp\u0142atny program pr\u00f3bny z niestandardowym nadrukiem logo<br \/>\nWysy\u0142ka FOB\/DDP z certyfikatami REACH\/CPSC<\/p>\n<p>Popro\u015b o natychmiastow\u0105 wycen\u0119 niestandardowego projektu kolorowej saszetki. Sprzedawcy toreb crossbody korzystaj\u0105 z ekskluzywnych rabat\u00f3w przy zam\u00f3wieniach powy\u017cej 2000 sztuk.<\/p>\n<\/div>\n<\/div>\n<\/div>\n<\/div>","protected":false},"excerpt":{"rendered":"<h2 data-immersive-translate-walked=\"344be1c1-5052-41eb-8fcd-0dbe236a0d6b\" data-immersive-translate-paragraph=\"1\">Fabrycznie niestandardowa kolorowa saszetka Fanny<\/h2>\n<div>\n<p>1. Konstrukcja i wiele mo\u017cliwo\u015bci: Wyposa\u017cona w 2 przednie przegrody zapinane na zamek b\u0142yskawiczny, 1 tyln\u0105 przegrod\u0119 zapinan\u0105 na zamek b\u0142yskawiczny, 1 wewn\u0119trzn\u0105 przegrod\u0119 zapinan\u0105 na zamek b\u0142yskawiczny i poliestrow\u0105 podszewk\u0119, ta saszetka ochroni Twoje dowody osobiste, pieni\u0105dze i wszystkie inne kosztowno\u015bci przed kradzie\u017c\u0105. Ponadto mo\u017cna j\u0105 przekszta\u0142ci\u0107 z saszetki typu fanny pack w torb\u0119 crossbody lub torb\u0119 na rami\u0119.<\/p>\n<p>2. Rozmiar talii: Pas biodrowy dopasowuje si\u0119 do talii o rozmiarze od 16 \u2033 do 40 \u2033, co jest odpowiednie dla m\u0119\u017cczyzn, kobiet, nastolatk\u00f3w i du\u017cych dzieci. Ponadto te modne saszetki s\u0105 idealnym prezentem dla cz\u0142onk\u00f3w rodziny i przyjaci\u00f3\u0142.<\/p>\n<\/div>","protected":false},"featured_media":3329,"template":"","meta":{"_uag_custom_page_level_css":""},"product_brand":[],"product_cat":[62],"product_tag":[],"class_list":{"0":"post-3325","1":"product","2":"type-product","3":"status-publish","4":"has-post-thumbnail","6":"product_cat-crossbody-bags","8":"first","9":"instock","10":"shipping-taxable","11":"product-type-simple"},"uagb_featured_image_src":{"full":["https:\/\/pecbag.com\/wp-content\/uploads\/2025\/05\/Factory-Custom-Color-Fanny-Waist-Pack-2.jpeg",800,800,false],"thumbnail":["https:\/\/pecbag.com\/wp-content\/uploads\/2025\/05\/Factory-Custom-Color-Fanny-Waist-Pack-2-150x150.jpeg",150,150,true],"medium":["https:\/\/pecbag.com\/wp-content\/uploads\/2025\/05\/Factory-Custom-Color-Fanny-Waist-Pack-2-300x300.jpeg",300,300,true],"medium_large":["https:\/\/pecbag.com\/wp-content\/uploads\/2025\/05\/Factory-Custom-Color-Fanny-Waist-Pack-2-768x768.jpeg",768,768,true],"large":["https:\/\/pecbag.com\/wp-content\/uploads\/2025\/05\/Factory-Custom-Color-Fanny-Waist-Pack-2.jpeg",800,800,false],"1536x1536":["https:\/\/pecbag.com\/wp-content\/uploads\/2025\/05\/Factory-Custom-Color-Fanny-Waist-Pack-2.jpeg",800,800,false],"2048x2048":["https:\/\/pecbag.com\/wp-content\/uploads\/2025\/05\/Factory-Custom-Color-Fanny-Waist-Pack-2.jpeg",800,800,false],"trp-custom-language-flag":["https:\/\/pecbag.com\/wp-content\/uploads\/2025\/05\/Factory-Custom-Color-Fanny-Waist-Pack-2-12x12.jpeg",12,12,true],"woocommerce_thumbnail":["https:\/\/pecbag.com\/wp-content\/uploads\/2025\/05\/Factory-Custom-Color-Fanny-Waist-Pack-2-300x300.jpeg",300,300,true],"woocommerce_single":["https:\/\/pecbag.com\/wp-content\/uploads\/2025\/05\/Factory-Custom-Color-Fanny-Waist-Pack-2-600x600.jpeg",600,600,true],"woocommerce_gallery_thumbnail":["https:\/\/pecbag.com\/wp-content\/uploads\/2025\/05\/Factory-Custom-Color-Fanny-Waist-Pack-2-100x100.jpeg",100,100,true]},"uagb_author_info":{"display_name":"Lawrence","author_link":"https:\/\/pecbag.com\/pl\/author\/"},"uagb_comment_info":0,"uagb_excerpt":"Factory Custom Color Fanny Waist Pack 1. Construction &amp; Multi-ways: Equipped with 2 front zippered compartments, 1 rear zipper compartment, 1 interior zipper compartment, and a polyester lining, this pack will keep your ID cards, money, and all other valuables safe from theft. Also, you can convert from a fanny pack to a crossbody bag&hellip;","_links":{"self":[{"href":"https:\/\/pecbag.com\/pl\/wp-json\/wp\/v2\/product\/3325","targetHints":{"allow":["GET"]}}],"collection":[{"href":"https:\/\/pecbag.com\/pl\/wp-json\/wp\/v2\/product"}],"about":[{"href":"https:\/\/pecbag.com\/pl\/wp-json\/wp\/v2\/types\/product"}],"wp:featuredmedia":[{"embeddable":true,"href":"https:\/\/pecbag.com\/pl\/wp-json\/wp\/v2\/media\/3329"}],"wp:attachment":[{"href":"https:\/\/pecbag.com\/pl\/wp-json\/wp\/v2\/media?parent=3325"}],"wp:term":[{"taxonomy":"product_brand","embeddable":true,"href":"https:\/\/pecbag.com\/pl\/wp-json\/wp\/v2\/product_brand?post=3325"},{"taxonomy":"product_cat","embeddable":true,"href":"https:\/\/pecbag.com\/pl\/wp-json\/wp\/v2\/product_cat?post=3325"},{"taxonomy":"product_tag","embeddable":true,"href":"https:\/\/pecbag.com\/pl\/wp-json\/wp\/v2\/product_tag?post=3325"}],"curies":[{"name":"wp","href":"https:\/\/api.w.org\/{rel}","templated":true}]}}