{"id":3339,"date":"2025-05-26T08:11:40","date_gmt":"2025-05-26T08:11:40","guid":{"rendered":"https:\/\/pecbag.com\/?post_type=product&#038;p=3339"},"modified":"2025-11-29T02:00:59","modified_gmt":"2025-11-29T02:00:59","slug":"stethoscope-organizer-belt-pocket-waist-bag","status":"publish","type":"product","link":"https:\/\/pecbag.com\/pl\/stethoscope-organizer-belt-pocket-waist-bag\/","title":{"rendered":"Organizer na stetoskop z kieszeni\u0105 na pasie"},"content":{"rendered":"<h5 title=\"Sk\u0142adana torba dla psa Oddychaj\u0105ca siatkowa torba na rami\u0119 dla ma\u0142ych ps\u00f3w i kot\u00f3w\" data-immersive-translate-walked=\"1c928421-2e42-4cd3-8754-5404553c0af5\" data-immersive-translate-paragraph=\"1\" data-spm-anchor-id=\"a2700.details.0.i35.4f6757d4w4zNZA\">Stetoskop Organizer Kiesze\u0144 na pasek Torby biodrowe | Wodoodporna fabryka toreb i producent plecak\u00f3w - Medyczne rozwi\u0105zania do toreb crossbody<\/h5>\n<div class=\"flex flex-grow flex-col max-w-full\">\n<div class=\"min-h-[20px] text-message flex w-full flex-col items-end gap-2 whitespace-pre-wrap break-words [.text-message+&amp;]:mt-5 overflow-x-auto\" dir=\"auto\" data-message-author-role=\"assistant\" data-message-id=\"3d7d46f6-7ec2-4222-9257-48fa0bba23c6\" data-suggestions=\"true\">\n<div class=\"flex w-full flex-col gap-1 empty:hidden first:pt-[3px]\">\n<div class=\"markdown prose w-full break-words dark:prose-invert light\">\n<table width=\"288\">\n<tbody>\n<tr>\n<td width=\"137\"><span style=\"color: #333333;\">Nazwa produktu<\/span><\/td>\n<td width=\"151\"><span style=\"color: #333333;\">Torba crossbody<\/span><\/td>\n<\/tr>\n<tr>\n<td><span style=\"color: #333333;\">Pozycja nr.<\/span><\/td>\n<td><span style=\"color: #333333;\">PB-2049<\/span><\/td>\n<\/tr>\n<tr>\n<td><span style=\"color: #333333;\">Materia\u0142<\/span><\/td>\n<td>600D poliester<\/td>\n<\/tr>\n<tr>\n<td><span style=\"color: #333333;\">Rozmiar<\/span><\/td>\n<td>17,5 x 24 cm<\/td>\n<\/tr>\n<tr>\n<td><span style=\"color: #333333;\">\u00a0Czas dostawy<\/span><\/td>\n<td><span style=\"color: #333333;\">1-5 dni dla ma\u0142ych ilo\u015bci drog\u0105 lotnicz\u0105 i 30-35 dni dla du\u017cych ilo\u015bci drog\u0105 morsk\u0105<\/span><\/td>\n<\/tr>\n<\/tbody>\n<\/table>\n<p>Jako profesjonalny producent toreb crossbody i fabryka toreb wodoodpornych w Chinach, specjalizujemy si\u0119 w produkcji stetoskop\u00f3w klasy medycznej, organizator\u00f3w kieszeni na pasek dla pracownik\u00f3w s\u0142u\u017cby zdrowia. Nasza firma oferuje torby crossbody:<\/p>\n<p>\u2705 <strong>Torby z organizerem zgodne z HIPAA<\/strong> z antybakteryjn\u0105 podszewk\u0105 (nylon powlekany PVC 500D)<br \/>\n\u2705 <strong>Niestandardowe medyczne torby biodrowe<\/strong> z p\u0119tlami na stetoskop i kieszeniami na instrumenty<br \/>\n\u2705 <strong>Us\u0142ugi OEM\/ODM<\/strong> dla toreb crossbody marki w\u0142asnej (MOQ 50szt)<br \/>\n\u2705 <strong>Produkcja work\u00f3w medycznych luzem<\/strong> z 10-dniow\u0105 szybk\u0105 realizacj\u0105<\/p>\n<p>Zaufane przez hurtownie toreb crossbody i dostawc\u00f3w do szpitali na ca\u0142ym \u015bwiecie. Kluczowe cechy obejmuj\u0105:<br \/>\n- Wodoodporne zamki b\u0142yskawiczne i powierzchnie do wycierania<br \/>\n- Przegr\u00f3dki blokuj\u0105ce RFID dla bezpiecznego przechowywania<br \/>\n- Regulowane paski w talii (28-52 cali)<\/p>\n<p><strong>Dlaczego warto wsp\u00f3\u0142pracowa\u0107 z nasz\u0105 fabryk\u0105 toreb crossbody\uff1f<\/strong><br \/>\n15 lat jako wiod\u0105cy eksporter toreb crossbody z Chin<br \/>\nDost\u0119pne certyfikaty CE\/FDA dla urz\u0105dze\u0144 medycznych<br \/>\nBezp\u0142atne opracowanie prototypu z Twoim logo<br \/>\nWysy\u0142ka FOB\/DDP z obs\u0142ug\u0105 odprawy celnej<\/p>\n<p>Popro\u015b o bezp\u0142atne pr\u00f3bki naszych toreb na stetoskop lub uzyskaj natychmiastow\u0105 wycen\u0119. Sprzedawcy toreb crossbody oszcz\u0119dzaj\u0105 15% przy zam\u00f3wieniach powy\u017cej 1000 sztuk.<\/p>\n<\/div>\n<\/div>\n<\/div>\n<\/div>","protected":false},"excerpt":{"rendered":"<h2 data-immersive-translate-walked=\"344be1c1-5052-41eb-8fcd-0dbe236a0d6b\" data-immersive-translate-paragraph=\"1\">Organizer na stetoskop z kieszeni\u0105 na pasie<\/h2>\n<div>\n<p>Wielofunkcyjne kieszenie oferuj\u0105 wi\u0119cej miejsca - idealna torba piel\u0119gniarska do organizowania cz\u0119sto u\u017cywanych materia\u0142\u00f3w piel\u0119gnacyjnych, takich jak d\u0142ugopisy, markery, no\u017cyczki do banda\u017cy itp.<\/p>\n<\/div>","protected":false},"featured_media":3341,"template":"","meta":{"_uag_custom_page_level_css":""},"product_brand":[],"product_cat":[62],"product_tag":[],"class_list":{"0":"post-3339","1":"product","2":"type-product","3":"status-publish","4":"has-post-thumbnail","6":"product_cat-crossbody-bags","8":"first","9":"instock","10":"shipping-taxable","11":"product-type-simple"},"uagb_featured_image_src":{"full":["https:\/\/pecbag.com\/wp-content\/uploads\/2025\/05\/Stethoscope-Organizer-Belt-Pocket-Waist-Bag-6.jpeg",940,940,false],"thumbnail":["https:\/\/pecbag.com\/wp-content\/uploads\/2025\/05\/Stethoscope-Organizer-Belt-Pocket-Waist-Bag-6-150x150.jpeg",150,150,true],"medium":["https:\/\/pecbag.com\/wp-content\/uploads\/2025\/05\/Stethoscope-Organizer-Belt-Pocket-Waist-Bag-6-300x300.jpeg",300,300,true],"medium_large":["https:\/\/pecbag.com\/wp-content\/uploads\/2025\/05\/Stethoscope-Organizer-Belt-Pocket-Waist-Bag-6-768x768.jpeg",768,768,true],"large":["https:\/\/pecbag.com\/wp-content\/uploads\/2025\/05\/Stethoscope-Organizer-Belt-Pocket-Waist-Bag-6.jpeg",800,800,false],"1536x1536":["https:\/\/pecbag.com\/wp-content\/uploads\/2025\/05\/Stethoscope-Organizer-Belt-Pocket-Waist-Bag-6.jpeg",940,940,false],"2048x2048":["https:\/\/pecbag.com\/wp-content\/uploads\/2025\/05\/Stethoscope-Organizer-Belt-Pocket-Waist-Bag-6.jpeg",940,940,false],"trp-custom-language-flag":["https:\/\/pecbag.com\/wp-content\/uploads\/2025\/05\/Stethoscope-Organizer-Belt-Pocket-Waist-Bag-6-12x12.jpeg",12,12,true],"woocommerce_thumbnail":["https:\/\/pecbag.com\/wp-content\/uploads\/2025\/05\/Stethoscope-Organizer-Belt-Pocket-Waist-Bag-6-300x300.jpeg",300,300,true],"woocommerce_single":["https:\/\/pecbag.com\/wp-content\/uploads\/2025\/05\/Stethoscope-Organizer-Belt-Pocket-Waist-Bag-6-600x600.jpeg",600,600,true],"woocommerce_gallery_thumbnail":["https:\/\/pecbag.com\/wp-content\/uploads\/2025\/05\/Stethoscope-Organizer-Belt-Pocket-Waist-Bag-6-100x100.jpeg",100,100,true]},"uagb_author_info":{"display_name":"Lawrence","author_link":"https:\/\/pecbag.com\/pl\/author\/"},"uagb_comment_info":0,"uagb_excerpt":"Stethoscope Organizer Belt Pocket Waist Bag Multifunction Pockets Offer More Room - Perfect nursing bag to organize frequently used nursing supplies, such as pens, markers, bandage scissors, etc.","_links":{"self":[{"href":"https:\/\/pecbag.com\/pl\/wp-json\/wp\/v2\/product\/3339","targetHints":{"allow":["GET"]}}],"collection":[{"href":"https:\/\/pecbag.com\/pl\/wp-json\/wp\/v2\/product"}],"about":[{"href":"https:\/\/pecbag.com\/pl\/wp-json\/wp\/v2\/types\/product"}],"wp:featuredmedia":[{"embeddable":true,"href":"https:\/\/pecbag.com\/pl\/wp-json\/wp\/v2\/media\/3341"}],"wp:attachment":[{"href":"https:\/\/pecbag.com\/pl\/wp-json\/wp\/v2\/media?parent=3339"}],"wp:term":[{"taxonomy":"product_brand","embeddable":true,"href":"https:\/\/pecbag.com\/pl\/wp-json\/wp\/v2\/product_brand?post=3339"},{"taxonomy":"product_cat","embeddable":true,"href":"https:\/\/pecbag.com\/pl\/wp-json\/wp\/v2\/product_cat?post=3339"},{"taxonomy":"product_tag","embeddable":true,"href":"https:\/\/pecbag.com\/pl\/wp-json\/wp\/v2\/product_tag?post=3339"}],"curies":[{"name":"wp","href":"https:\/\/api.w.org\/{rel}","templated":true}]}}