{"id":3347,"date":"2025-05-26T08:27:18","date_gmt":"2025-05-26T08:27:18","guid":{"rendered":"https:\/\/pecbag.com\/?post_type=product&#038;p=3347"},"modified":"2025-11-29T02:00:53","modified_gmt":"2025-11-29T02:00:53","slug":"waterproof-multi-functional-travel-sport-backpack","status":"publish","type":"product","link":"https:\/\/pecbag.com\/pl\/waterproof-multi-functional-travel-sport-backpack\/","title":{"rendered":"Wodoodporny wielofunkcyjny podr\u00f3\u017cny plecak sportowy"},"content":{"rendered":"<h5 title=\"Sk\u0142adana torba dla psa Oddychaj\u0105ca siatkowa torba na rami\u0119 dla ma\u0142ych ps\u00f3w i kot\u00f3w\" data-immersive-translate-walked=\"1c928421-2e42-4cd3-8754-5404553c0af5\" data-immersive-translate-paragraph=\"1\" data-spm-anchor-id=\"a2700.details.0.i35.4f6757d4w4zNZA\">Wodoodporne wielofunkcyjne podr\u00f3\u017cne plecaki sportowe | Fabryka wodoodpornych toreb i producent plecak\u00f3w - Bulk Duffel Bag Solutions<\/h5>\n<div class=\"flex flex-grow flex-col max-w-full\">\n<div class=\"min-h-[20px] text-message flex w-full flex-col items-end gap-2 whitespace-pre-wrap break-words [.text-message+&amp;]:mt-5 overflow-x-auto\" dir=\"auto\" data-message-author-role=\"assistant\" data-message-id=\"3d7d46f6-7ec2-4222-9257-48fa0bba23c6\" data-suggestions=\"true\">\n<div class=\"flex w-full flex-col gap-1 empty:hidden first:pt-[3px]\">\n<div class=\"markdown prose w-full break-words dark:prose-invert light\">\n<p>Potrzebujesz taktycznych plecak\u00f3w kempingowych, kt\u00f3re przetrwaj\u0105 w dziczy? Jeste\u015bmy fabryk\u0105 wodoodpornych toreb i producentem plecak\u00f3w w Chinach, tworz\u0105cym wytrzyma\u0142e torby wielofunkcyjne dla marek outdoorowych, wojska i globalnych hurtownik\u00f3w!<\/p>\n<table width=\"288\">\n<tbody>\n<tr>\n<td width=\"137\"><span style=\"color: #333333;\">Nazwa produktu<\/span><\/td>\n<td width=\"151\"><span style=\"color: #333333;\">Torba obozowa<\/span><\/td>\n<\/tr>\n<tr>\n<td><span style=\"color: #333333;\">Pozycja nr.<\/span><\/td>\n<td><span style=\"color: #333333;\">PB-2050<\/span><\/td>\n<\/tr>\n<tr>\n<td><span style=\"color: #333333;\">Materia\u0142<\/span><\/td>\n<td>Ripstop z pow\u0142ok\u0105 sk\u00f3rzan\u0105<\/td>\n<\/tr>\n<tr>\n<td><span style=\"color: #333333;\">Rozmiar<\/span><\/td>\n<td>32L*16W*50H CM<\/td>\n<\/tr>\n<tr>\n<td><span style=\"color: #333333;\">\u00a0Czas dostawy<\/span><\/td>\n<td><span style=\"color: #333333;\">1-5 dni dla ma\u0142ych ilo\u015bci drog\u0105 lotnicz\u0105 i 30-35 dni dla du\u017cych ilo\u015bci drog\u0105 morsk\u0105<\/span><\/td>\n<\/tr>\n<\/tbody>\n<\/table>\n<p>Jako wiod\u0105cy chi\u0144ski producent work\u00f3w marynarskich i fabryka work\u00f3w wodoodpornych, specjalizujemy si\u0119 w produkcji wytrzyma\u0142ych wodoodpornych wielofunkcyjnych plecak\u00f3w sportowych dla \u015bwiatowych marek. Nasza firma produkuj\u0105ca torby podr\u00f3\u017cne oferuje:<\/p>\n<p>\u2705 <strong>Wodoodporne plecaki 30L-90L<\/strong> z uszczelnionymi szwami TPU (nylon 500D-1000D)<br \/>\n\u2705 <strong>Niestandardowe torby marynarskie<\/strong> z od\u0142\u0105czanymi k\u00f3\u0142kami i paskami kompresyjnymi<br \/>\n\u2705 <strong>Us\u0142ugi OEM\/ODM<\/strong> dla <strong>plecaki sportowe marki w\u0142asnej<\/strong><br \/>\n\u2705 <strong>Produkcja work\u00f3w marynarskich luzem<\/strong> z 15-dniow\u0105 szybk\u0105 realizacj\u0105<\/p>\n<p>Zaufany przez hurtownik\u00f3w i sprzedawc\u00f3w outdoorowych na ca\u0142ym \u015bwiecie. Kluczowe cechy obejmuj\u0105:<br \/>\n- Wymiary baga\u017cu podr\u0119cznego zatwierdzone przez linie lotnicze<br \/>\n- Paski odblaskowe 360\u00b0 dla bezpiecze\u0144stwa w nocy<br \/>\n- Wyjmowane przegr\u00f3dki na mokre\/suche rzeczy<\/p>\n<p><strong>Dlaczego warto wybra\u0107 nasz\u0105 fabryk\u0119 toreb marynarskich?<\/strong><br \/>\n12 lat jako najlepsi eksporterzy toreb marynarskich z Chin<br \/>\nCertyfikat wodoodporno\u015bci IPX6 i odporno\u015b\u0107 na \u015bcieranie<br \/>\nBezp\u0142atne wsparcie projektowania 3D z Twoim logo<br \/>\nWysy\u0142ka FOB\/DDP zgodna z rozporz\u0105dzeniem REACH<\/p>\n<p>Popro\u015b o bezp\u0142atne pr\u00f3bki naszych wodoodpornych wielofunkcyjnych plecak\u00f3w podr\u00f3\u017cnych lub uzyskaj natychmiastow\u0105 wycen\u0119. Sprzedawcy toreb Duffel korzystaj\u0105 z rabatu 18% przy zam\u00f3wieniach powy\u017cej 2000 sztuk.<\/p>\n<\/div>\n<\/div>\n<\/div>\n<\/div>","protected":false},"excerpt":{"rendered":"<h2 data-immersive-translate-walked=\"344be1c1-5052-41eb-8fcd-0dbe236a0d6b\" data-immersive-translate-paragraph=\"1\">Wodoodporny wielofunkcyjny podr\u00f3\u017cny plecak sportowy<\/h2>\n<p>1. Du\u017cy rozmiar, do 10 wielofunkcyjnych kieszeni, oddychaj\u0105ca torba na buty, boczna kiesze\u0144 na suwak, elastyczna kiesze\u0144 z siatki, kiesze\u0144 na komputer, kiesze\u0144 na okulary z flanelow\u0105 ochron\u0105 wewn\u0105trz.<\/p>\n<p>2. Ca\u0142a torba ma zamek b\u0142yskawiczny w kszta\u0142cie litery U, a odwrotny zamek b\u0142yskawiczny jest pi\u0119kniejszy i g\u0142adszy<\/p>\n<p>3. Tkanina jest trwa\u0142a i wodoodporna, ch\u0142odna w dotyku i \u015bwie\u017ca w kolorze, obowi\u0105zkowy element mody na lato<\/p>","protected":false},"featured_media":3349,"template":"","meta":{"_uag_custom_page_level_css":""},"product_brand":[],"product_cat":[60,63,56,55],"product_tag":[],"class_list":{"0":"post-3347","1":"product","2":"type-product","3":"status-publish","4":"has-post-thumbnail","6":"product_cat-backpack","7":"product_cat-duffel-bag","8":"product_cat-gym-bag","9":"product_cat-tactical-bag","11":"first","12":"instock","13":"shipping-taxable","14":"product-type-simple"},"uagb_featured_image_src":{"full":["https:\/\/pecbag.com\/wp-content\/uploads\/2025\/05\/Waterproof-Multi-Functional-Travel-Sport-Backpack-1.jpeg",1000,1000,false],"thumbnail":["https:\/\/pecbag.com\/wp-content\/uploads\/2025\/05\/Waterproof-Multi-Functional-Travel-Sport-Backpack-1-150x150.jpeg",150,150,true],"medium":["https:\/\/pecbag.com\/wp-content\/uploads\/2025\/05\/Waterproof-Multi-Functional-Travel-Sport-Backpack-1-300x300.jpeg",300,300,true],"medium_large":["https:\/\/pecbag.com\/wp-content\/uploads\/2025\/05\/Waterproof-Multi-Functional-Travel-Sport-Backpack-1-768x768.jpeg",768,768,true],"large":["https:\/\/pecbag.com\/wp-content\/uploads\/2025\/05\/Waterproof-Multi-Functional-Travel-Sport-Backpack-1.jpeg",800,800,false],"1536x1536":["https:\/\/pecbag.com\/wp-content\/uploads\/2025\/05\/Waterproof-Multi-Functional-Travel-Sport-Backpack-1.jpeg",1000,1000,false],"2048x2048":["https:\/\/pecbag.com\/wp-content\/uploads\/2025\/05\/Waterproof-Multi-Functional-Travel-Sport-Backpack-1.jpeg",1000,1000,false],"trp-custom-language-flag":["https:\/\/pecbag.com\/wp-content\/uploads\/2025\/05\/Waterproof-Multi-Functional-Travel-Sport-Backpack-1-12x12.jpeg",12,12,true],"woocommerce_thumbnail":["https:\/\/pecbag.com\/wp-content\/uploads\/2025\/05\/Waterproof-Multi-Functional-Travel-Sport-Backpack-1-300x300.jpeg",300,300,true],"woocommerce_single":["https:\/\/pecbag.com\/wp-content\/uploads\/2025\/05\/Waterproof-Multi-Functional-Travel-Sport-Backpack-1-600x600.jpeg",600,600,true],"woocommerce_gallery_thumbnail":["https:\/\/pecbag.com\/wp-content\/uploads\/2025\/05\/Waterproof-Multi-Functional-Travel-Sport-Backpack-1-100x100.jpeg",100,100,true]},"uagb_author_info":{"display_name":"Lawrence","author_link":"https:\/\/pecbag.com\/pl\/author\/"},"uagb_comment_info":0,"uagb_excerpt":"Waterproof Multi-Functional Travel Sport Backpack 1. Large size, up to 10 multifunctional pockets, breathable shoe bag, side zipper pocket, mesh elastic pocket, computer pocket, glasses pocket with flannel protection inside. 2. The whole bag has a U-shaped zipper design, and the reverse zipper is more beautiful and smoother 3. The fabric is durable and water-repellent,&hellip;","_links":{"self":[{"href":"https:\/\/pecbag.com\/pl\/wp-json\/wp\/v2\/product\/3347","targetHints":{"allow":["GET"]}}],"collection":[{"href":"https:\/\/pecbag.com\/pl\/wp-json\/wp\/v2\/product"}],"about":[{"href":"https:\/\/pecbag.com\/pl\/wp-json\/wp\/v2\/types\/product"}],"wp:featuredmedia":[{"embeddable":true,"href":"https:\/\/pecbag.com\/pl\/wp-json\/wp\/v2\/media\/3349"}],"wp:attachment":[{"href":"https:\/\/pecbag.com\/pl\/wp-json\/wp\/v2\/media?parent=3347"}],"wp:term":[{"taxonomy":"product_brand","embeddable":true,"href":"https:\/\/pecbag.com\/pl\/wp-json\/wp\/v2\/product_brand?post=3347"},{"taxonomy":"product_cat","embeddable":true,"href":"https:\/\/pecbag.com\/pl\/wp-json\/wp\/v2\/product_cat?post=3347"},{"taxonomy":"product_tag","embeddable":true,"href":"https:\/\/pecbag.com\/pl\/wp-json\/wp\/v2\/product_tag?post=3347"}],"curies":[{"name":"wp","href":"https:\/\/api.w.org\/{rel}","templated":true}]}}