{"id":3361,"date":"2025-05-26T08:46:22","date_gmt":"2025-05-26T08:46:22","guid":{"rendered":"https:\/\/pecbag.com\/?post_type=product&#038;p=3361"},"modified":"2025-11-29T02:00:41","modified_gmt":"2025-11-29T02:00:41","slug":"durable-oxford-sports-travel-duffel-bag","status":"publish","type":"product","link":"https:\/\/pecbag.com\/pl\/durable-oxford-sports-travel-duffel-bag\/","title":{"rendered":"Wytrzyma\u0142a torba podr\u00f3\u017cna Oxford Sports Duffel Bag"},"content":{"rendered":"<h5 title=\"Sk\u0142adana torba dla psa Oddychaj\u0105ca siatkowa torba na rami\u0119 dla ma\u0142ych ps\u00f3w i kot\u00f3w\" data-immersive-translate-walked=\"1c928421-2e42-4cd3-8754-5404553c0af5\" data-immersive-translate-paragraph=\"1\" data-spm-anchor-id=\"a2700.details.0.i35.4f6757d4w4zNZA\">Wytrzyma\u0142e sportowe torby podr\u00f3\u017cne Oxford | Fabryka wodoodpornych toreb i producent plecak\u00f3w - hurtowe rozwi\u0105zania OEM<\/h5>\n<div class=\"flex flex-grow flex-col max-w-full\">\n<div class=\"min-h-[20px] text-message flex w-full flex-col items-end gap-2 whitespace-pre-wrap break-words [.text-message+&amp;]:mt-5 overflow-x-auto\" dir=\"auto\" data-message-author-role=\"assistant\" data-message-id=\"3d7d46f6-7ec2-4222-9257-48fa0bba23c6\" data-suggestions=\"true\">\n<div class=\"flex w-full flex-col gap-1 empty:hidden first:pt-[3px]\">\n<div class=\"markdown prose w-full break-words dark:prose-invert light\">\n<table width=\"288\">\n<tbody>\n<tr>\n<td width=\"137\"><span style=\"color: #333333;\">Nazwa produktu<\/span><\/td>\n<td width=\"151\">Torba Duffel<\/td>\n<\/tr>\n<tr>\n<td><span style=\"color: #333333;\">Pozycja nr.<\/span><\/td>\n<td><span style=\"color: #333333;\">PB-2052<\/span><\/td>\n<\/tr>\n<tr>\n<td><span style=\"color: #333333;\">Materia\u0142<\/span><\/td>\n<td>Ripstop z pow\u0142ok\u0105 sk\u00f3rzan\u0105<\/td>\n<\/tr>\n<tr>\n<td><span style=\"color: #333333;\">Rozmiar i kolor<\/span><\/td>\n<td><span style=\"color: #333333;\">Dostosowane<\/span><\/td>\n<\/tr>\n<tr>\n<td><span style=\"color: #333333;\">\u00a0Czas dostawy<\/span><\/td>\n<td><span style=\"color: #333333;\">1-5 dni dla ma\u0142ych ilo\u015bci drog\u0105 lotnicz\u0105 i 30-35 dni dla du\u017cych ilo\u015bci drog\u0105 morsk\u0105<\/span><\/td>\n<\/tr>\n<\/tbody>\n<\/table>\n<p>Jako wiod\u0105cy producent toreb Duffel i fabryka wodoodpornych toreb w Chinach, specjalizujemy si\u0119 w wytrzyma\u0142ych, trwa\u0142ych sportowych torbach podr\u00f3\u017cnych Oxford dla globalnych dystrybutor\u00f3w. Nasza firma oferuje torby Duffel:<\/p>\n<p>\u2705 <strong>Torby podr\u00f3\u017cne z tkaniny 1680D Oxford<\/strong> z wodoodporn\u0105 pow\u0142ok\u0105 TPU<br \/>\n\u2705 <strong>Niestandardowe torby sportowe<\/strong> z wentylowanymi przegr\u00f3dkami na buty (MOQ 100szt)<br \/>\n\u2705 <strong>Us\u0142ugi ODM\/OEM<\/strong> dla <strong>torby marynarskie marki w\u0142asnej<\/strong><br \/>\n\u2705 <strong>Produkcja work\u00f3w marynarskich luzem<\/strong> z 10-dniow\u0105 szybk\u0105 realizacj\u0105<\/p>\n<p>Zaufany przez hurtownie toreb Duffel i marki sportowe na ca\u0142ym \u015bwiecie. Kluczowe cechy:<br \/>\n- Wojskowe zamki b\u0142yskawiczne YKK i wzmocnione punkty napr\u0119\u017cenia<br \/>\n- Odpinane paski plecaka i kieszenie z zabezpieczeniem RFID<br \/>\n- Zatwierdzony przez linie lotnicze rozmiar baga\u017cu podr\u0119cznego 22x14x9 cali<\/p>\n<p><strong>Dlaczego warto wybra\u0107 nasz\u0105 fabryk\u0119 toreb Duffel?<\/strong>:<br \/>\nPonad 15 lat jako najlepsi eksporterzy toreb Duffel z Chin<br \/>\nDarmowy projekt pakietu technologicznego 3D z Twoim logo<br \/>\nCertyfikat wodoodporno\u015bci IP67 i odporno\u015b\u0107 na \u015bcieranie<br \/>\n20% zni\u017cki na zam\u00f3wienia powy\u017cej 1500 sztuk dla sprzedawc\u00f3w toreb Duffel<\/p>\n<p>Popro\u015b o bezp\u0142atne pr\u00f3bki naszych sportowych toreb podr\u00f3\u017cnych Oxford lub uzyskaj natychmiastow\u0105 wycen\u0119. Dostawcy toreb podr\u00f3\u017cnych korzystaj\u0105 z dedykowanych mened\u017cer\u00f3w kontroli jako\u015bci i warunk\u00f3w EXW\/FOB.<\/p>\n<\/div>\n<\/div>\n<\/div>\n<\/div>","protected":false},"excerpt":{"rendered":"<h2 data-immersive-translate-walked=\"344be1c1-5052-41eb-8fcd-0dbe236a0d6b\" data-immersive-translate-paragraph=\"1\">Wytrzyma\u0142a torba podr\u00f3\u017cna Oxford Sports Duffel Bag<\/h2>\n<p>Zapewniamy torby premium z pe\u0142n\u0105 personalizacj\u0105 rozmiaru i koloru, trwa\u0142ymi materia\u0142ami i certyfikowan\u0105 jako\u015bci\u0105.<\/p>\n<p>Korzystaj z elastycznych MOQ, szybkiej globalnej wysy\u0142ki i rozwi\u0105za\u0144 marek w\u0142asnych.<\/p>\n<p>Skontaktuj si\u0119 z nami ju\u017c dzi\u015b!<\/p>","protected":false},"featured_media":3366,"template":"","meta":{"_uag_custom_page_level_css":""},"product_brand":[],"product_cat":[63,56,67],"product_tag":[],"class_list":{"0":"post-3361","1":"product","2":"type-product","3":"status-publish","4":"has-post-thumbnail","6":"product_cat-duffel-bag","7":"product_cat-gym-bag","8":"product_cat-sports-bag","10":"first","11":"instock","12":"shipping-taxable","13":"product-type-simple"},"uagb_featured_image_src":{"full":["https:\/\/pecbag.com\/wp-content\/uploads\/2025\/05\/Durable-Oxford-Sports-Travel-Duffel-Bag-2.jpeg",1000,1000,false],"thumbnail":["https:\/\/pecbag.com\/wp-content\/uploads\/2025\/05\/Durable-Oxford-Sports-Travel-Duffel-Bag-2-150x150.jpeg",150,150,true],"medium":["https:\/\/pecbag.com\/wp-content\/uploads\/2025\/05\/Durable-Oxford-Sports-Travel-Duffel-Bag-2-300x300.jpeg",300,300,true],"medium_large":["https:\/\/pecbag.com\/wp-content\/uploads\/2025\/05\/Durable-Oxford-Sports-Travel-Duffel-Bag-2-768x768.jpeg",768,768,true],"large":["https:\/\/pecbag.com\/wp-content\/uploads\/2025\/05\/Durable-Oxford-Sports-Travel-Duffel-Bag-2.jpeg",800,800,false],"1536x1536":["https:\/\/pecbag.com\/wp-content\/uploads\/2025\/05\/Durable-Oxford-Sports-Travel-Duffel-Bag-2.jpeg",1000,1000,false],"2048x2048":["https:\/\/pecbag.com\/wp-content\/uploads\/2025\/05\/Durable-Oxford-Sports-Travel-Duffel-Bag-2.jpeg",1000,1000,false],"trp-custom-language-flag":["https:\/\/pecbag.com\/wp-content\/uploads\/2025\/05\/Durable-Oxford-Sports-Travel-Duffel-Bag-2-12x12.jpeg",12,12,true],"woocommerce_thumbnail":["https:\/\/pecbag.com\/wp-content\/uploads\/2025\/05\/Durable-Oxford-Sports-Travel-Duffel-Bag-2-300x300.jpeg",300,300,true],"woocommerce_single":["https:\/\/pecbag.com\/wp-content\/uploads\/2025\/05\/Durable-Oxford-Sports-Travel-Duffel-Bag-2-600x600.jpeg",600,600,true],"woocommerce_gallery_thumbnail":["https:\/\/pecbag.com\/wp-content\/uploads\/2025\/05\/Durable-Oxford-Sports-Travel-Duffel-Bag-2-100x100.jpeg",100,100,true]},"uagb_author_info":{"display_name":"Lawrence","author_link":"https:\/\/pecbag.com\/pl\/author\/"},"uagb_comment_info":0,"uagb_excerpt":"Durable Oxford Sports Travel Duffel Bag We provide premium bags with full-size and color customization, durable fabrics, and certified quality. Enjoy flexible MOQs, fast global shipping, and private label solutions. Contact us today!","_links":{"self":[{"href":"https:\/\/pecbag.com\/pl\/wp-json\/wp\/v2\/product\/3361","targetHints":{"allow":["GET"]}}],"collection":[{"href":"https:\/\/pecbag.com\/pl\/wp-json\/wp\/v2\/product"}],"about":[{"href":"https:\/\/pecbag.com\/pl\/wp-json\/wp\/v2\/types\/product"}],"wp:featuredmedia":[{"embeddable":true,"href":"https:\/\/pecbag.com\/pl\/wp-json\/wp\/v2\/media\/3366"}],"wp:attachment":[{"href":"https:\/\/pecbag.com\/pl\/wp-json\/wp\/v2\/media?parent=3361"}],"wp:term":[{"taxonomy":"product_brand","embeddable":true,"href":"https:\/\/pecbag.com\/pl\/wp-json\/wp\/v2\/product_brand?post=3361"},{"taxonomy":"product_cat","embeddable":true,"href":"https:\/\/pecbag.com\/pl\/wp-json\/wp\/v2\/product_cat?post=3361"},{"taxonomy":"product_tag","embeddable":true,"href":"https:\/\/pecbag.com\/pl\/wp-json\/wp\/v2\/product_tag?post=3361"}],"curies":[{"name":"wp","href":"https:\/\/api.w.org\/{rel}","templated":true}]}}