{"id":3382,"date":"2025-05-26T09:49:59","date_gmt":"2025-05-26T09:49:59","guid":{"rendered":"https:\/\/pecbag.com\/?post_type=product&#038;p=3382"},"modified":"2025-11-29T02:00:27","modified_gmt":"2025-11-29T02:00:27","slug":"new-design-pvc-waterproof-fishing-catch-bag","status":"publish","type":"product","link":"https:\/\/pecbag.com\/pl\/new-design-pvc-waterproof-fishing-catch-bag\/","title":{"rendered":"Nowa wodoodporna torba w\u0119dkarska z PVC"},"content":{"rendered":"<h5 title=\"Sk\u0142adana torba dla psa Oddychaj\u0105ca siatkowa torba na rami\u0119 dla ma\u0142ych ps\u00f3w i kot\u00f3w\" data-immersive-translate-walked=\"1c928421-2e42-4cd3-8754-5404553c0af5\" data-immersive-translate-paragraph=\"1\" data-spm-anchor-id=\"a2700.details.0.i35.4f6757d4w4zNZA\">Nowa konstrukcja wodoodpornych toreb w\u0119dkarskich z PVC | Fabryka wodoodpornych toreb i producent plecak\u00f3w - Bulk Fishing Gear Solutions<\/h5>\n<div class=\"flex flex-grow flex-col max-w-full\">\n<div class=\"min-h-[20px] text-message flex w-full flex-col items-end gap-2 whitespace-pre-wrap break-words [.text-message+&amp;]:mt-5 overflow-x-auto\" dir=\"auto\" data-message-author-role=\"assistant\" data-message-id=\"3d7d46f6-7ec2-4222-9257-48fa0bba23c6\" data-suggestions=\"true\">\n<div class=\"flex w-full flex-col gap-1 empty:hidden first:pt-[3px]\">\n<div class=\"markdown prose w-full break-words dark:prose-invert light\">\n<table width=\"288\">\n<tbody>\n<tr>\n<td width=\"137\"><span style=\"color: #333333;\">Nazwa produktu<\/span><\/td>\n<td width=\"151\">Torba w\u0119dkarska<\/td>\n<\/tr>\n<tr>\n<td><span style=\"color: #333333;\">Pozycja nr.<\/span><\/td>\n<td><span style=\"color: #333333;\">PB-2055<\/span><\/td>\n<\/tr>\n<tr>\n<td><span style=\"color: #333333;\">Materia\u0142<\/span><\/td>\n<td>500D Plandeka PVC<\/td>\n<\/tr>\n<tr>\n<td><span style=\"color: #333333;\">Rozmiar<\/span><\/td>\n<td><span style=\"color: #333333;\">40*16*6,5 cala<\/span><\/td>\n<\/tr>\n<tr>\n<td><span style=\"color: #333333;\">\u00a0Czas dostawy<\/span><\/td>\n<td><span style=\"color: #333333;\">1-5 dni dla ma\u0142ych ilo\u015bci drog\u0105 lotnicz\u0105 i 30-35 dni dla du\u017cych ilo\u015bci drog\u0105 morsk\u0105<\/span><\/td>\n<\/tr>\n<\/tbody>\n<\/table>\n<p>Jako wiod\u0105cy producent toreb w\u0119dkarskich i fabryka toreb wodoodpornych w Chinach, wprowadzamy innowacyjne wodoodporne torby w\u0119dkarskie z PVC dla w\u0119dkarzy na ca\u0142ym \u015bwiecie. Nasza firma oferuje torby w\u0119dkarskie:<\/p>\n<p>\u2705 <strong>Wytrzyma\u0142e worki PVC<\/strong> z wodoodpornymi szwami 100% (grubo\u015b\u0107 0,8 mm)<br \/>\n\u2705 <strong>Niestandardowe siatki w\u0119dkarskie<\/strong> z modu\u0142owymi przegr\u00f3dkami (MOQ 50szt)<br \/>\n\u2705 <strong>Us\u0142ugi OEM\/ODM<\/strong> dla <strong>sprz\u0119t w\u0119dkarski marki w\u0142asnej<\/strong><br \/>\n\u2705 <strong>Produkcja work\u00f3w rybackich luzem<\/strong> z 7-dniow\u0105 szybk\u0105 realizacj\u0105<\/p>\n<p>Zaufany przez hurtownie toreb w\u0119dkarskich i marki outdoorowe na ca\u0142ym \u015bwiecie. Kluczowe cechy:<br \/>\n- Wzmocnione uchwyty i odpinane paski na rami\u0119<br \/>\n- Szybko odprowadzaj\u0105ce wilgo\u0107 siateczkowe dno i odporna na zapachy podszewka<br \/>\n- P\u0142ywaj\u0105ca konstrukcja z odblaskowymi paskami bezpiecze\u0144stwa<\/p>\n<p><strong>Dlaczego warto wybra\u0107 nasz\u0105 fabryk\u0119 toreb w\u0119dkarskich?<\/strong>:<br \/>\nPonad 15 lat jako najlepsi eksporterzy toreb w\u0119dkarskich z Chin<br \/>\nBezp\u0142atny projekt 3D z logo i dopasowaniem kolor\u00f3w<br \/>\nMateria\u0142y PVC z certyfikatem SGS i zgodno\u015b\u0107 z REACH<br \/>\nZni\u017cka 25% dla sprzedawc\u00f3w toreb w\u0119dkarskich na ponad 2000 sztuk<\/p>\n<p>Popro\u015b o bezp\u0142atne pr\u00f3bki naszych wodoodpornych toreb w\u0119dkarskich z PVC lub uzyskaj natychmiastow\u0105 wycen\u0119. Dostawcy toreb w\u0119dkarskich korzystaj\u0105 z priorytetowych slot\u00f3w produkcyjnych i gwarancji jako\u015bci.<\/p>\n<\/div>\n<\/div>\n<\/div>\n<\/div>","protected":false},"excerpt":{"rendered":"<h2 data-immersive-translate-walked=\"344be1c1-5052-41eb-8fcd-0dbe236a0d6b\" data-immersive-translate-paragraph=\"1\">Nowa wodoodporna torba w\u0119dkarska z PVC<\/h2>\n<p>Zapewniamy torby premium z pe\u0142n\u0105 personalizacj\u0105 rozmiaru i koloru, trwa\u0142ymi materia\u0142ami i certyfikowan\u0105 jako\u015bci\u0105.<\/p>\n<p>Korzystaj z elastycznych MOQ, szybkiej globalnej wysy\u0142ki i rozwi\u0105za\u0144 marek w\u0142asnych.<\/p>\n<p>Skontaktuj si\u0119 z nami ju\u017c dzi\u015b!<\/p>","protected":false},"featured_media":3387,"template":"","meta":{"_uag_custom_page_level_css":""},"product_brand":[],"product_cat":[46,50],"product_tag":[],"class_list":{"0":"post-3382","1":"product","2":"type-product","3":"status-publish","4":"has-post-thumbnail","6":"product_cat-fishing-bag","7":"product_cat-cooler-bag","9":"first","10":"instock","11":"shipping-taxable","12":"product-type-simple"},"uagb_featured_image_src":{"full":["https:\/\/pecbag.com\/wp-content\/uploads\/2025\/05\/New-Design-PVC-Waterproof-Fishing-Catch-Bag-2.jpeg",1000,1000,false],"thumbnail":["https:\/\/pecbag.com\/wp-content\/uploads\/2025\/05\/New-Design-PVC-Waterproof-Fishing-Catch-Bag-2-150x150.jpeg",150,150,true],"medium":["https:\/\/pecbag.com\/wp-content\/uploads\/2025\/05\/New-Design-PVC-Waterproof-Fishing-Catch-Bag-2-300x300.jpeg",300,300,true],"medium_large":["https:\/\/pecbag.com\/wp-content\/uploads\/2025\/05\/New-Design-PVC-Waterproof-Fishing-Catch-Bag-2-768x768.jpeg",768,768,true],"large":["https:\/\/pecbag.com\/wp-content\/uploads\/2025\/05\/New-Design-PVC-Waterproof-Fishing-Catch-Bag-2.jpeg",800,800,false],"1536x1536":["https:\/\/pecbag.com\/wp-content\/uploads\/2025\/05\/New-Design-PVC-Waterproof-Fishing-Catch-Bag-2.jpeg",1000,1000,false],"2048x2048":["https:\/\/pecbag.com\/wp-content\/uploads\/2025\/05\/New-Design-PVC-Waterproof-Fishing-Catch-Bag-2.jpeg",1000,1000,false],"trp-custom-language-flag":["https:\/\/pecbag.com\/wp-content\/uploads\/2025\/05\/New-Design-PVC-Waterproof-Fishing-Catch-Bag-2-12x12.jpeg",12,12,true],"woocommerce_thumbnail":["https:\/\/pecbag.com\/wp-content\/uploads\/2025\/05\/New-Design-PVC-Waterproof-Fishing-Catch-Bag-2-300x300.jpeg",300,300,true],"woocommerce_single":["https:\/\/pecbag.com\/wp-content\/uploads\/2025\/05\/New-Design-PVC-Waterproof-Fishing-Catch-Bag-2-600x600.jpeg",600,600,true],"woocommerce_gallery_thumbnail":["https:\/\/pecbag.com\/wp-content\/uploads\/2025\/05\/New-Design-PVC-Waterproof-Fishing-Catch-Bag-2-100x100.jpeg",100,100,true]},"uagb_author_info":{"display_name":"Lawrence","author_link":"https:\/\/pecbag.com\/pl\/author\/"},"uagb_comment_info":0,"uagb_excerpt":"New Design PVC Waterproof Fishing Catch Bag We provide premium bags with full-size and color customization, durable fabrics, and certified quality. Enjoy flexible MOQs, fast global shipping, and private label solutions. Contact us today!","_links":{"self":[{"href":"https:\/\/pecbag.com\/pl\/wp-json\/wp\/v2\/product\/3382","targetHints":{"allow":["GET"]}}],"collection":[{"href":"https:\/\/pecbag.com\/pl\/wp-json\/wp\/v2\/product"}],"about":[{"href":"https:\/\/pecbag.com\/pl\/wp-json\/wp\/v2\/types\/product"}],"wp:featuredmedia":[{"embeddable":true,"href":"https:\/\/pecbag.com\/pl\/wp-json\/wp\/v2\/media\/3387"}],"wp:attachment":[{"href":"https:\/\/pecbag.com\/pl\/wp-json\/wp\/v2\/media?parent=3382"}],"wp:term":[{"taxonomy":"product_brand","embeddable":true,"href":"https:\/\/pecbag.com\/pl\/wp-json\/wp\/v2\/product_brand?post=3382"},{"taxonomy":"product_cat","embeddable":true,"href":"https:\/\/pecbag.com\/pl\/wp-json\/wp\/v2\/product_cat?post=3382"},{"taxonomy":"product_tag","embeddable":true,"href":"https:\/\/pecbag.com\/pl\/wp-json\/wp\/v2\/product_tag?post=3382"}],"curies":[{"name":"wp","href":"https:\/\/api.w.org\/{rel}","templated":true}]}}