{"id":3389,"date":"2025-05-26T10:00:36","date_gmt":"2025-05-26T10:00:36","guid":{"rendered":"https:\/\/pecbag.com\/?post_type=product&#038;p=3389"},"modified":"2025-11-29T02:00:22","modified_gmt":"2025-11-29T02:00:22","slug":"new-design-portable-large-fishing-cooler-bag","status":"publish","type":"product","link":"https:\/\/pecbag.com\/pl\/new-design-portable-large-fishing-cooler-bag\/","title":{"rendered":"Nowa przeno\u015bna du\u017ca torba w\u0119dkarska"},"content":{"rendered":"<h5 title=\"Sk\u0142adana torba dla psa Oddychaj\u0105ca siatkowa torba na rami\u0119 dla ma\u0142ych ps\u00f3w i kot\u00f3w\" data-immersive-translate-walked=\"1c928421-2e42-4cd3-8754-5404553c0af5\" data-immersive-translate-paragraph=\"1\" data-spm-anchor-id=\"a2700.details.0.i35.4f6757d4w4zNZA\">Nowa konstrukcja Przeno\u015bna du\u017ca torba w\u0119dkarska Producent | Wszechstronna fabryka odzie\u017cy dla zwierz\u0105t domowych i producent ubra\u0144 dla ps\u00f3w | Bulk OEM<\/h5>\n<div class=\"flex flex-grow flex-col max-w-full\">\n<div class=\"min-h-[20px] text-message flex w-full flex-col items-end gap-2 whitespace-pre-wrap break-words [.text-message+&amp;]:mt-5 overflow-x-auto\" dir=\"auto\" data-message-author-role=\"assistant\" data-message-id=\"3d7d46f6-7ec2-4222-9257-48fa0bba23c6\" data-suggestions=\"true\">\n<div class=\"flex w-full flex-col gap-1 empty:hidden first:pt-[3px]\">\n<div class=\"markdown prose w-full break-words dark:prose-invert light\">\n<table width=\"288\">\n<tbody>\n<tr>\n<td width=\"137\"><span style=\"color: #333333;\">Nazwa produktu<\/span><\/td>\n<td width=\"151\">Torba w\u0119dkarska<\/td>\n<\/tr>\n<tr>\n<td><span style=\"color: #333333;\">Pozycja nr.<\/span><\/td>\n<td><span style=\"color: #333333;\">PB-210<\/span><\/td>\n<\/tr>\n<tr>\n<td><span style=\"color: #333333;\">Materia\u0142<\/span><\/td>\n<td>500D Plandeka PVC<\/td>\n<\/tr>\n<tr>\n<td><span style=\"color: #333333;\">Rozmiar<\/span><\/td>\n<td>Akceptuj niestandardowe<\/td>\n<\/tr>\n<tr>\n<td><span style=\"color: #333333;\">\u00a0Czas dostawy<\/span><\/td>\n<td><span style=\"color: #333333;\">1-5 dni dla ma\u0142ych ilo\u015bci drog\u0105 lotnicz\u0105 i 30-35 dni dla du\u017cych ilo\u015bci drog\u0105 morsk\u0105<\/span><\/td>\n<\/tr>\n<\/tbody>\n<\/table>\n<p class=\"ds-markdown-paragraph\">Potrzebujesz nowych, przeno\u015bnych, du\u017cych toreb w\u0119dkarskich, kt\u00f3re utrzymaj\u0105 \u015bwie\u017co\u015b\u0107 po\u0142ow\u00f3w\u00a0<em>oraz<\/em>\u00a0zorganizowany sprz\u0119t? Jako wieloproduktowa fabryka odzie\u017cy dla zwierz\u0105t domowych i producent ubra\u0144 dla ps\u00f3w w Chinach, wykorzystujemy nasz\u0105 wiedz\u0119, aby tworzy\u0107 najwy\u017cszej jako\u015bci przeno\u015bne du\u017ce torby w\u0119dkarskie New Design - zaufane przez marki w\u0119dkarskie, sprzedawc\u00f3w detalicznych na \u015bwie\u017cym powietrzu i hurtownik\u00f3w toreb w\u0119dkarskich!<\/p>\n<p class=\"ds-markdown-paragraph\">\u2705\u00a0<strong>Dlaczego w\u0119dkarze i sprzedawcy detaliczni wybieraj\u0105 nas:<\/strong><\/p>\n<ul>\n<li>\n<p class=\"ds-markdown-paragraph\"><strong>Zatrzymywanie lodu przez ca\u0142y dzie\u0144<\/strong>: 5 cm eko-izolacji + szczelne szwy - utrzymuje ryby\/zimne napoje w ch\u0142odzie przez ponad 48 godzin!<\/p>\n<\/li>\n<li>\n<p class=\"ds-markdown-paragraph\"><strong>Przeno\u015bny, ale przestronny<\/strong>Pojemno\u015b\u0107 60 l + sk\u0142adane ko\u0142a\/teleskopowy uchwyt - transport ci\u0119\u017ckich \u0142adunk\u00f3w bez wysi\u0142ku.<\/p>\n<\/li>\n<li>\n<p class=\"ds-markdown-paragraph\"><strong>Gotowo\u015b\u0107 do zam\u00f3wie\u0144 zbiorczych<\/strong>: Produkuj hurtowe zam\u00f3wienia na torby w\u0119dkarskie (MOQ 50 sztuk) za po\u015brednictwem torby w\u0119dkarskiej ODM \/ OEM lub marki w\u0142asnej w ci\u0105gu 12 dni!<\/p>\n<\/li>\n<li>\n<p class=\"ds-markdown-paragraph\"><strong>Przewaga kosztowa Chin<\/strong>: Jako najlepsza fabryka toreb w\u0119dkarskich w Chinach, jako\u015b\u0107 pro-grade spe\u0142nia bezkonkurencyjne ceny.<\/p>\n<\/li>\n<\/ul>\n<p class=\"ds-markdown-paragraph\"><strong>Funkcje, kt\u00f3re zwi\u0119kszaj\u0105 sprzeda\u017c:<\/strong><br \/>\n\ud83d\udd39\u00a0<strong>Konstrukcja dostosowana do ryb<\/strong>: Korek spustowy + wyjmowane tacki na przyn\u0119ty + nierdzewny osprz\u0119t<br \/>\nOrganizacja sprz\u0119tu: ponad 8 modu\u0142owych przegr\u00f3dek + uchwyty na w\u0119dki<br \/>\nPow\u0142oka z TPU 1200D (wodoodporno\u015b\u0107 IPX6) + odporna na rozdarcia podstawa<br \/>\nWn\u0119trza z certyfikatem OEKO-TEX - brak zanieczyszcze\u0144 chemicznych do po\u0142ow\u00f3w<\/p>\n<p class=\"ds-markdown-paragraph\"><strong>Idealne dla:<\/strong><\/p>\n<ul>\n<li>\n<p class=\"ds-markdown-paragraph\">Sklepy w\u0119dkarskie i sprzedawcy toreb w\u0119dkarskich<\/p>\n<\/li>\n<li>\n<p class=\"ds-markdown-paragraph\">\u0141a\u0144cuchy outdoorowe i hurtownie toreb w\u0119dkarskich<\/p>\n<\/li>\n<li>\n<p class=\"ds-markdown-paragraph\">Startupy buduj\u0105ce marki w\u0142asne Fishing Bag<\/p>\n<\/li>\n<\/ul>\n<p class=\"ds-markdown-paragraph\"><strong>Twoja podr\u00f3\u017c produkcyjna:<\/strong><br \/>\n1\ufe0f\u20e3 Dostosuj kolory\/logo (lub wybierz ponad 40 wzor\u00f3w dla w\u0119dkarzy)<br \/>\n2\ufe0f\u20e3 Prototyp w 6 dni \u2192 test wodny \u2192 produkcja masowa<br \/>\n3\ufe0f\u20e3 Wysy\u0142ka za po\u015brednictwem sieci eksportowych Fishing Bag (lotniczy\/morski DDP na ca\u0142ym \u015bwiecie)<\/p>\n<p class=\"ds-markdown-paragraph\"><strong>Po\u015bwiadczenia fabryczne:<\/strong><br \/>\n\u2705 Ponad 12 lat do\u015bwiadczenia w produkcji (sprz\u0119t dla zwierz\u0105t + produkty outdoorowe)<br \/>\nGrubsza izolacja 30% w por\u00f3wnaniu do standardowych cooler\u00f3w<br \/>\nCertyfikaty: ISO 9001, SGS, BSCI<\/p>\n<p class=\"ds-markdown-paragraph\"><strong>Gotowy na wi\u0119ksze zam\u00f3wienia?<\/strong><br \/>\n\ud83d\udc49\u00a0<strong>Bezp\u0142atne pr\u00f3bki wody<\/strong>\u00a0Depozyt 15% \ud83d\udc49 Notowania 24h<\/p>\n<\/div>\n<\/div>\n<\/div>\n<\/div>","protected":false},"excerpt":{"rendered":"<h2 data-immersive-translate-walked=\"344be1c1-5052-41eb-8fcd-0dbe236a0d6b\" data-immersive-translate-paragraph=\"1\">Nowa przeno\u015bna du\u017ca torba w\u0119dkarska<\/h2>\n<p>Zapewniamy torby premium z pe\u0142n\u0105 personalizacj\u0105 rozmiaru i koloru, trwa\u0142ymi materia\u0142ami i certyfikowan\u0105 jako\u015bci\u0105.<\/p>\n<p>Korzystaj z elastycznych MOQ, szybkiej globalnej wysy\u0142ki i rozwi\u0105za\u0144 marek w\u0142asnych.<\/p>\n<p>Skontaktuj si\u0119 z nami ju\u017c dzi\u015b!<\/p>","protected":false},"featured_media":4071,"template":"","meta":{"_uag_custom_page_level_css":""},"product_brand":[],"product_cat":[46,50],"product_tag":[],"class_list":{"0":"post-3389","1":"product","2":"type-product","3":"status-publish","4":"has-post-thumbnail","6":"product_cat-fishing-bag","7":"product_cat-cooler-bag","9":"first","10":"instock","11":"shipping-taxable","12":"product-type-simple"},"uagb_featured_image_src":{"full":["https:\/\/pecbag.com\/wp-content\/uploads\/2025\/06\/New-Design-Portable-Large-Fishing-Cooler-Bag-5.jpg",1000,1000,false],"thumbnail":["https:\/\/pecbag.com\/wp-content\/uploads\/2025\/06\/New-Design-Portable-Large-Fishing-Cooler-Bag-5-150x150.jpg",150,150,true],"medium":["https:\/\/pecbag.com\/wp-content\/uploads\/2025\/06\/New-Design-Portable-Large-Fishing-Cooler-Bag-5-300x300.jpg",300,300,true],"medium_large":["https:\/\/pecbag.com\/wp-content\/uploads\/2025\/06\/New-Design-Portable-Large-Fishing-Cooler-Bag-5-768x768.jpg",768,768,true],"large":["https:\/\/pecbag.com\/wp-content\/uploads\/2025\/06\/New-Design-Portable-Large-Fishing-Cooler-Bag-5.jpg",800,800,false],"1536x1536":["https:\/\/pecbag.com\/wp-content\/uploads\/2025\/06\/New-Design-Portable-Large-Fishing-Cooler-Bag-5.jpg",1000,1000,false],"2048x2048":["https:\/\/pecbag.com\/wp-content\/uploads\/2025\/06\/New-Design-Portable-Large-Fishing-Cooler-Bag-5.jpg",1000,1000,false],"trp-custom-language-flag":["https:\/\/pecbag.com\/wp-content\/uploads\/2025\/06\/New-Design-Portable-Large-Fishing-Cooler-Bag-5-12x12.jpg",12,12,true],"woocommerce_thumbnail":["https:\/\/pecbag.com\/wp-content\/uploads\/2025\/06\/New-Design-Portable-Large-Fishing-Cooler-Bag-5-300x300.jpg",300,300,true],"woocommerce_single":["https:\/\/pecbag.com\/wp-content\/uploads\/2025\/06\/New-Design-Portable-Large-Fishing-Cooler-Bag-5-600x600.jpg",600,600,true],"woocommerce_gallery_thumbnail":["https:\/\/pecbag.com\/wp-content\/uploads\/2025\/06\/New-Design-Portable-Large-Fishing-Cooler-Bag-5-100x100.jpg",100,100,true]},"uagb_author_info":{"display_name":"Lawrence","author_link":"https:\/\/pecbag.com\/pl\/author\/"},"uagb_comment_info":0,"uagb_excerpt":"New Design Portable Large Fishing Cooler Bag We provide premium bags with full-size and color customization, durable fabrics, and certified quality. Enjoy flexible MOQs, fast global shipping, and private label solutions. Contact us today!","_links":{"self":[{"href":"https:\/\/pecbag.com\/pl\/wp-json\/wp\/v2\/product\/3389","targetHints":{"allow":["GET"]}}],"collection":[{"href":"https:\/\/pecbag.com\/pl\/wp-json\/wp\/v2\/product"}],"about":[{"href":"https:\/\/pecbag.com\/pl\/wp-json\/wp\/v2\/types\/product"}],"wp:featuredmedia":[{"embeddable":true,"href":"https:\/\/pecbag.com\/pl\/wp-json\/wp\/v2\/media\/4071"}],"wp:attachment":[{"href":"https:\/\/pecbag.com\/pl\/wp-json\/wp\/v2\/media?parent=3389"}],"wp:term":[{"taxonomy":"product_brand","embeddable":true,"href":"https:\/\/pecbag.com\/pl\/wp-json\/wp\/v2\/product_brand?post=3389"},{"taxonomy":"product_cat","embeddable":true,"href":"https:\/\/pecbag.com\/pl\/wp-json\/wp\/v2\/product_cat?post=3389"},{"taxonomy":"product_tag","embeddable":true,"href":"https:\/\/pecbag.com\/pl\/wp-json\/wp\/v2\/product_tag?post=3389"}],"curies":[{"name":"wp","href":"https:\/\/api.w.org\/{rel}","templated":true}]}}