{"id":3438,"date":"2025-05-27T02:27:55","date_gmt":"2025-05-27T02:27:55","guid":{"rendered":"https:\/\/pecbag.com\/?post_type=product&#038;p=3438"},"modified":"2025-11-29T01:58:46","modified_gmt":"2025-11-29T01:58:46","slug":"hot-selling-durable-multifunctional-disc-golf-bag","status":"publish","type":"product","link":"https:\/\/pecbag.com\/pl\/hot-selling-durable-multifunctional-disc-golf-bag\/","title":{"rendered":"Gor\u0105co sprzedaj\u0105ca si\u0119 trwa\u0142a, wielofunkcyjna torba na dysk golfowy"},"content":{"rendered":"<h5 title=\"Sk\u0142adana torba dla psa Oddychaj\u0105ca siatkowa torba na rami\u0119 dla ma\u0142ych ps\u00f3w i kot\u00f3w\" data-immersive-translate-walked=\"1c928421-2e42-4cd3-8754-5404553c0af5\" data-immersive-translate-paragraph=\"1\" data-spm-anchor-id=\"a2700.details.0.i35.4f6757d4w4zNZA\">Gor\u0105co sprzedaj\u0105ce si\u0119 trwa\u0142e, wielofunkcyjne torby golfowe na tarcze | Fabryka wodoodpornych toreb i producent plecak\u00f3w - Bulk Golf Gear Solutions<\/h5>\n<div class=\"flex flex-grow flex-col max-w-full\">\n<div class=\"min-h-[20px] text-message flex w-full flex-col items-end gap-2 whitespace-pre-wrap break-words [.text-message+&amp;]:mt-5 overflow-x-auto\" dir=\"auto\" data-message-author-role=\"assistant\" data-message-id=\"3d7d46f6-7ec2-4222-9257-48fa0bba23c6\" data-suggestions=\"true\">\n<div class=\"flex w-full flex-col gap-1 empty:hidden first:pt-[3px]\">\n<div class=\"markdown prose w-full break-words dark:prose-invert light\">\n<table width=\"288\">\n<tbody>\n<tr>\n<td width=\"137\"><span style=\"color: #333333;\">Nazwa produktu<\/span><\/td>\n<td width=\"151\">Torba golfowa<\/td>\n<\/tr>\n<tr>\n<td><span style=\"color: #333333;\">Pozycja nr.<\/span><\/td>\n<td><span style=\"color: #333333;\">PB-2060<\/span><\/td>\n<\/tr>\n<tr>\n<td><span style=\"color: #333333;\">Materia\u0142<\/span><\/td>\n<td>Poliester<\/td>\n<\/tr>\n<tr>\n<td><span style=\"color: #333333;\">Rozmiar<\/span><\/td>\n<td>23*28*25 cm<\/td>\n<\/tr>\n<tr>\n<td><span style=\"color: #333333;\">\u00a0Czas dostawy<\/span><\/td>\n<td><span style=\"color: #333333;\">1-5 dni dla ma\u0142ych ilo\u015bci drog\u0105 lotnicz\u0105 i 30-35 dni dla du\u017cych ilo\u015bci drog\u0105 morsk\u0105<\/span><\/td>\n<\/tr>\n<\/tbody>\n<\/table>\n<p>Jako wiod\u0105cy chi\u0144ski producent toreb golfowych i fabryka wodoodpornych toreb, produkujemy wysokowydajne, sprzedaj\u0105ce si\u0119 na gor\u0105co, trwa\u0142e, wielofunkcyjne torby golfowe na dyski dla globalnych dystrybutor\u00f3w. Nasza firma dostarcza torby golfowe:<\/p>\n<p>\u2705 <strong>Pojemno\u015b\u0107 18-22 dysk\u00f3w<\/strong> z organizacj\u0105 turniejow\u0105 zatwierdzon\u0105 przez PDGA<br \/>\n\u2705 <strong>Wodoodporna konstrukcja IPX6<\/strong> przy u\u017cyciu nylonu balistycznego 840D<br \/>\n\u2705 <strong>Us\u0142ugi OEM\/ODM<\/strong> dla <strong>sprz\u0119t golfowy marki w\u0142asnej<\/strong> (MOQ 50szt)<br \/>\n\u2705 <strong>Produkcja toreb golfowych luzem<\/strong> z 10-dniow\u0105 szybk\u0105 realizacj\u0105<\/p>\n<p>Zaufany przez hurtownie toreb golfowych i pro shopy na ca\u0142ym \u015bwiecie. Kluczowe innowacje:<br \/>\n- Szybko dost\u0119pna kiesze\u0144 na kosztowno\u015bci z ochron\u0105 RFID<br \/>\n- Konwertowalne tryby plecak\/w\u00f3zek z ergonomicznymi paskami<br \/>\n- Od\u0142\u0105czany schowek na lod\u00f3wk\u0119 i uchwyt na parasol<\/p>\n<p><strong>Dlaczego warto wsp\u00f3\u0142pracowa\u0107 z nasz\u0105 fabryk\u0105 toreb golfowych<\/strong>:<br \/>\nPonad 15 lat jako wiod\u0105cy eksporter toreb golfowych z Chin<br \/>\n\ud83d\udd39 Bezp\u0142atne wsparcie projektowe 3D z Twoim brandingiem<br \/>\nCertyfikaty CE\/SGS i wysy\u0142ka FOB\/DDP<br \/>\nZni\u017cka 30% dla sprzedawc\u00f3w toreb golfowych na ponad 3000 sztuk<\/p>\n<p>Popro\u015b o bezp\u0142atne pr\u00f3bki naszych wielofunkcyjnych toreb do disc golfa lub uzyskaj natychmiastow\u0105 wycen\u0119. Dostawcy toreb golfowych otrzymuj\u0105 wy\u0142\u0105czny dost\u0119p do:<br \/>\n- Niestandardowe ulepszenia izolacji termicznej<br \/>\n- Raporty kontroli jako\u015bci dla poszczeg\u00f3lnych partii<br \/>\n- Priorytetowe przydzielanie linii produkcyjnych<\/p>\n<\/div>\n<\/div>\n<\/div>\n<\/div>","protected":false},"excerpt":{"rendered":"<h2 data-immersive-translate-walked=\"344be1c1-5052-41eb-8fcd-0dbe236a0d6b\" data-immersive-translate-paragraph=\"1\">Gor\u0105co sprzedaj\u0105ca si\u0119 trwa\u0142a, wielofunkcyjna torba na dysk golfowy<\/h2>\n<p>1. Modna: Dzi\u0119ki modnemu wzornictwu ta torba z koszulk\u0105 na pi\u0142k\u0119 golfow\u0105 jest stylowa, dzi\u0119ki czemu dobrze si\u0119 bawisz podczas gry<\/p>\n<p>2. Dobre akcesorium dla mi\u0142o\u015bnik\u00f3w golfa: Uchwyty golfowe mog\u0105 rozwi\u0105za\u0107 problem trzymania tee i pi\u0142ek golfowych w tym samym czasie.<\/p>","protected":false},"featured_media":3442,"template":"","meta":{"_uag_custom_page_level_css":""},"product_brand":[],"product_cat":[51,60],"product_tag":[],"class_list":{"0":"post-3438","1":"product","2":"type-product","3":"status-publish","4":"has-post-thumbnail","6":"product_cat-golf-bag","7":"product_cat-backpack","9":"first","10":"instock","11":"shipping-taxable","12":"product-type-simple"},"uagb_featured_image_src":{"full":["https:\/\/pecbag.com\/wp-content\/uploads\/2025\/05\/Hot-Selling-Durable-Multifunctional-Disc-Golf-Bag-1.jpeg",720,720,false],"thumbnail":["https:\/\/pecbag.com\/wp-content\/uploads\/2025\/05\/Hot-Selling-Durable-Multifunctional-Disc-Golf-Bag-1-150x150.jpeg",150,150,true],"medium":["https:\/\/pecbag.com\/wp-content\/uploads\/2025\/05\/Hot-Selling-Durable-Multifunctional-Disc-Golf-Bag-1-300x300.jpeg",300,300,true],"medium_large":["https:\/\/pecbag.com\/wp-content\/uploads\/2025\/05\/Hot-Selling-Durable-Multifunctional-Disc-Golf-Bag-1.jpeg",720,720,false],"large":["https:\/\/pecbag.com\/wp-content\/uploads\/2025\/05\/Hot-Selling-Durable-Multifunctional-Disc-Golf-Bag-1.jpeg",720,720,false],"1536x1536":["https:\/\/pecbag.com\/wp-content\/uploads\/2025\/05\/Hot-Selling-Durable-Multifunctional-Disc-Golf-Bag-1.jpeg",720,720,false],"2048x2048":["https:\/\/pecbag.com\/wp-content\/uploads\/2025\/05\/Hot-Selling-Durable-Multifunctional-Disc-Golf-Bag-1.jpeg",720,720,false],"trp-custom-language-flag":["https:\/\/pecbag.com\/wp-content\/uploads\/2025\/05\/Hot-Selling-Durable-Multifunctional-Disc-Golf-Bag-1-12x12.jpeg",12,12,true],"woocommerce_thumbnail":["https:\/\/pecbag.com\/wp-content\/uploads\/2025\/05\/Hot-Selling-Durable-Multifunctional-Disc-Golf-Bag-1-300x300.jpeg",300,300,true],"woocommerce_single":["https:\/\/pecbag.com\/wp-content\/uploads\/2025\/05\/Hot-Selling-Durable-Multifunctional-Disc-Golf-Bag-1-600x600.jpeg",600,600,true],"woocommerce_gallery_thumbnail":["https:\/\/pecbag.com\/wp-content\/uploads\/2025\/05\/Hot-Selling-Durable-Multifunctional-Disc-Golf-Bag-1-100x100.jpeg",100,100,true]},"uagb_author_info":{"display_name":"Lawrence","author_link":"https:\/\/pecbag.com\/pl\/author\/"},"uagb_comment_info":0,"uagb_excerpt":"Hot Selling Durable Multifunctional Disc Golf Bag 1. Fashionable: With fashion design, this golf ball tee bag is stylish, making you have a good time when playing 2. Good accessory for golf lovers: Golf holders can solve the problem of holding golf tees and balls at the same time.","_links":{"self":[{"href":"https:\/\/pecbag.com\/pl\/wp-json\/wp\/v2\/product\/3438","targetHints":{"allow":["GET"]}}],"collection":[{"href":"https:\/\/pecbag.com\/pl\/wp-json\/wp\/v2\/product"}],"about":[{"href":"https:\/\/pecbag.com\/pl\/wp-json\/wp\/v2\/types\/product"}],"wp:featuredmedia":[{"embeddable":true,"href":"https:\/\/pecbag.com\/pl\/wp-json\/wp\/v2\/media\/3442"}],"wp:attachment":[{"href":"https:\/\/pecbag.com\/pl\/wp-json\/wp\/v2\/media?parent=3438"}],"wp:term":[{"taxonomy":"product_brand","embeddable":true,"href":"https:\/\/pecbag.com\/pl\/wp-json\/wp\/v2\/product_brand?post=3438"},{"taxonomy":"product_cat","embeddable":true,"href":"https:\/\/pecbag.com\/pl\/wp-json\/wp\/v2\/product_cat?post=3438"},{"taxonomy":"product_tag","embeddable":true,"href":"https:\/\/pecbag.com\/pl\/wp-json\/wp\/v2\/product_tag?post=3438"}],"curies":[{"name":"wp","href":"https:\/\/api.w.org\/{rel}","templated":true}]}}