{"id":3445,"date":"2025-05-27T02:35:31","date_gmt":"2025-05-27T02:35:31","guid":{"rendered":"https:\/\/pecbag.com\/?post_type=product&#038;p=3445"},"modified":"2025-11-29T01:58:38","modified_gmt":"2025-11-29T01:58:38","slug":"wholesale-outdoor-frisbee-golf-bag","status":"publish","type":"product","link":"https:\/\/pecbag.com\/pl\/wholesale-outdoor-frisbee-golf-bag\/","title":{"rendered":"Hurtowa zewn\u0119trzna torba golfowa Frisbee"},"content":{"rendered":"<h5 title=\"Sk\u0142adana torba dla psa Oddychaj\u0105ca siatkowa torba na rami\u0119 dla ma\u0142ych ps\u00f3w i kot\u00f3w\" data-immersive-translate-walked=\"1c928421-2e42-4cd3-8754-5404553c0af5\" data-immersive-translate-paragraph=\"1\" data-spm-anchor-id=\"a2700.details.0.i35.4f6757d4w4zNZA\">Hurtownia zewn\u0119trznych toreb golfowych Frisbee | Fabryka wodoodpornych toreb i producent plecak\u00f3w - Bulk Disc Gear Solutions<\/h5>\n<div class=\"flex flex-grow flex-col max-w-full\">\n<div class=\"min-h-[20px] text-message flex w-full flex-col items-end gap-2 whitespace-pre-wrap break-words [.text-message+&amp;]:mt-5 overflow-x-auto\" dir=\"auto\" data-message-author-role=\"assistant\" data-message-id=\"3d7d46f6-7ec2-4222-9257-48fa0bba23c6\" data-suggestions=\"true\">\n<div class=\"flex w-full flex-col gap-1 empty:hidden first:pt-[3px]\">\n<div class=\"markdown prose w-full break-words dark:prose-invert light\">\n<table width=\"288\">\n<tbody>\n<tr>\n<td width=\"137\"><span style=\"color: #333333;\">Nazwa produktu<\/span><\/td>\n<td width=\"151\">Torba golfowa<\/td>\n<\/tr>\n<tr>\n<td><span style=\"color: #333333;\">Pozycja nr.<\/span><\/td>\n<td><span style=\"color: #333333;\">PB-2061<\/span><\/td>\n<\/tr>\n<tr>\n<td><span style=\"color: #333333;\">Materia\u0142<\/span><\/td>\n<td>Tkanina poliestrowa<\/td>\n<\/tr>\n<tr>\n<td><span style=\"color: #333333;\">Rozmiar<\/span><\/td>\n<td>44 x 23 x 34 cm<\/td>\n<\/tr>\n<tr>\n<td><span style=\"color: #333333;\">\u00a0Czas dostawy<\/span><\/td>\n<td><span style=\"color: #333333;\">1-5 dni dla ma\u0142ych ilo\u015bci drog\u0105 lotnicz\u0105 i 30-35 dni dla du\u017cych ilo\u015bci drog\u0105 morsk\u0105<\/span><\/td>\n<\/tr>\n<\/tbody>\n<\/table>\n<p>Jako wiod\u0105cy chi\u0144ski producent toreb golfowych i fabryka toreb wodoodpornych, specjalizujemy si\u0119 w hurtowej sprzeda\u017cy wytrzyma\u0142ych toreb golfowych frisbee dla globalnych sprzedawc\u00f3w detalicznych. Nasza firma oferuje torby golfowe:<\/p>\n<p>\u2705 <strong>Pojemno\u015b\u0107 22 dysk\u00f3w turniejowych<\/strong> z organizacj\u0105 zgodn\u0105 z PDGA<br \/>\n\u2705 <strong>Wodoodporna konstrukcja IPX7<\/strong> (nylon balistyczny 840D + zgrzewane szwy)<br \/>\n\u2705 <strong>Us\u0142ugi OEM\/ODM<\/strong> dla <strong>sprz\u0119t do disc golfa marki w\u0142asnej<\/strong> (MOQ 50szt)<br \/>\n\u2705 <strong>Produkcja toreb golfowych luzem<\/strong> z 12-dniow\u0105 szybk\u0105 dostaw\u0105<\/p>\n<p>Zaufany przez hurtownie toreb golfowych i pro shopy na ca\u0142ym \u015bwiecie. Kluczowe cechy:<br \/>\n- 6-punktowy ergonomiczny system uprz\u0119\u017cy z panelem tylnym z przep\u0142ywem powietrza<br \/>\n- Szybko dost\u0119pna kiesze\u0144 na cenne przedmioty i odpinany pokrowiec przeciwdeszczowy<br \/>\n- Zintegrowany dost\u0119p do paska w\u00f3zka i uchwyt na kubek<\/p>\n<p><strong>Dlaczego warto wybra\u0107 nasz\u0105 fabryk\u0119 toreb golfowych?<\/strong>:<br \/>\nPonad 18 lat jako najlepsi eksporterzy toreb golfowych z Chin<br \/>\nBezp\u0142atne wsparcie projektowania 3D z Twoim logo<br \/>\nCertyfikaty CE\/SGS\/REACH i wysy\u0142ka DDP<br \/>\n25% rabat dla sprzedawc\u00f3w toreb golfowych na ponad 2500 sztuk<\/p>\n<p>Popro\u015b o bezp\u0142atne pr\u00f3bki naszych zewn\u0119trznych toreb golfowych frisbee lub uzyskaj natychmiastow\u0105 wycen\u0119. Dostawcy toreb golfowych ciesz\u0105 si\u0119:<br \/>\n- Niestandardowe ulepszenia ok\u0142adzin termicznych<br \/>\n- Certyfikacja jako\u015bci specyficzna dla partii<br \/>\n- Priorytetowe planowanie produkcji<\/p>\n<\/div>\n<\/div>\n<\/div>\n<\/div>","protected":false},"excerpt":{"rendered":"<h2 data-immersive-translate-walked=\"344be1c1-5052-41eb-8fcd-0dbe236a0d6b\" data-immersive-translate-paragraph=\"1\">Hurtowa zewn\u0119trzna torba golfowa Frisbee<\/h2>\n<p>1. Przechowuje wiele dysk\u00f3w golfowych i umo\u017cliwia \u0142atwy dost\u0119p.<\/p>\n<p>2. Wygodne paski na rami\u0119.<\/p>\n<p>3. Ten plecak ma wiele du\u017cych, zapinanych na zamek kieszeni, kt\u00f3re mog\u0105 pomie\u015bci\u0107 wszystkie niezb\u0119dne rzeczy.<\/p>\n<p>4. Bardzo \u0142atwa do przenoszenia.<\/p>\n<p>5. Od dysk\u00f3w po r\u00f3\u017cne rzeczy, ta torba golfowa utrzyma wszystko w porz\u0105dku.<\/p>\n<p>6. Boczna kiesze\u0144 umo\u017cliwia przechowywanie puszek i butelek.<\/p>\n<p>7. Mo\u017ce by\u0107 u\u017cywana jako torba na frisbee.<\/p>\n<p>8. Idealny dla graczy rekreacyjnych lub zaawansowanych i ekspert\u00f3w, kt\u00f3rzy bior\u0105 udzia\u0142 w lokalnych lub mi\u0119dzynarodowych turniejach.<\/p>","protected":false},"featured_media":3450,"template":"","meta":{"_uag_custom_page_level_css":""},"product_brand":[],"product_cat":[51,60],"product_tag":[],"class_list":{"0":"post-3445","1":"product","2":"type-product","3":"status-publish","4":"has-post-thumbnail","6":"product_cat-golf-bag","7":"product_cat-backpack","9":"first","10":"instock","11":"shipping-taxable","12":"product-type-simple"},"uagb_featured_image_src":{"full":["https:\/\/pecbag.com\/wp-content\/uploads\/2025\/05\/Wholesale-Outdoor-Frisbee-Golf-Bag-2.jpeg",800,800,false],"thumbnail":["https:\/\/pecbag.com\/wp-content\/uploads\/2025\/05\/Wholesale-Outdoor-Frisbee-Golf-Bag-2-150x150.jpeg",150,150,true],"medium":["https:\/\/pecbag.com\/wp-content\/uploads\/2025\/05\/Wholesale-Outdoor-Frisbee-Golf-Bag-2-300x300.jpeg",300,300,true],"medium_large":["https:\/\/pecbag.com\/wp-content\/uploads\/2025\/05\/Wholesale-Outdoor-Frisbee-Golf-Bag-2-768x768.jpeg",768,768,true],"large":["https:\/\/pecbag.com\/wp-content\/uploads\/2025\/05\/Wholesale-Outdoor-Frisbee-Golf-Bag-2.jpeg",800,800,false],"1536x1536":["https:\/\/pecbag.com\/wp-content\/uploads\/2025\/05\/Wholesale-Outdoor-Frisbee-Golf-Bag-2.jpeg",800,800,false],"2048x2048":["https:\/\/pecbag.com\/wp-content\/uploads\/2025\/05\/Wholesale-Outdoor-Frisbee-Golf-Bag-2.jpeg",800,800,false],"trp-custom-language-flag":["https:\/\/pecbag.com\/wp-content\/uploads\/2025\/05\/Wholesale-Outdoor-Frisbee-Golf-Bag-2-12x12.jpeg",12,12,true],"woocommerce_thumbnail":["https:\/\/pecbag.com\/wp-content\/uploads\/2025\/05\/Wholesale-Outdoor-Frisbee-Golf-Bag-2-300x300.jpeg",300,300,true],"woocommerce_single":["https:\/\/pecbag.com\/wp-content\/uploads\/2025\/05\/Wholesale-Outdoor-Frisbee-Golf-Bag-2-600x600.jpeg",600,600,true],"woocommerce_gallery_thumbnail":["https:\/\/pecbag.com\/wp-content\/uploads\/2025\/05\/Wholesale-Outdoor-Frisbee-Golf-Bag-2-100x100.jpeg",100,100,true]},"uagb_author_info":{"display_name":"Lawrence","author_link":"https:\/\/pecbag.com\/pl\/author\/"},"uagb_comment_info":0,"uagb_excerpt":"Wholesale Outdoor Frisbee Golf Bag 1. Stores plenty of disc golf and allows easy access. 2. Comfortable shoulder straps. 3. This backpack has multiple large, zipped pockets that can carry all of your necessities to the course. 4. Super easy to carry around. 5. From discs to miscellaneous stuff, this golf bag will keep everything&hellip;","_links":{"self":[{"href":"https:\/\/pecbag.com\/pl\/wp-json\/wp\/v2\/product\/3445","targetHints":{"allow":["GET"]}}],"collection":[{"href":"https:\/\/pecbag.com\/pl\/wp-json\/wp\/v2\/product"}],"about":[{"href":"https:\/\/pecbag.com\/pl\/wp-json\/wp\/v2\/types\/product"}],"wp:featuredmedia":[{"embeddable":true,"href":"https:\/\/pecbag.com\/pl\/wp-json\/wp\/v2\/media\/3450"}],"wp:attachment":[{"href":"https:\/\/pecbag.com\/pl\/wp-json\/wp\/v2\/media?parent=3445"}],"wp:term":[{"taxonomy":"product_brand","embeddable":true,"href":"https:\/\/pecbag.com\/pl\/wp-json\/wp\/v2\/product_brand?post=3445"},{"taxonomy":"product_cat","embeddable":true,"href":"https:\/\/pecbag.com\/pl\/wp-json\/wp\/v2\/product_cat?post=3445"},{"taxonomy":"product_tag","embeddable":true,"href":"https:\/\/pecbag.com\/pl\/wp-json\/wp\/v2\/product_tag?post=3445"}],"curies":[{"name":"wp","href":"https:\/\/api.w.org\/{rel}","templated":true}]}}