{"id":3472,"date":"2025-05-27T03:04:30","date_gmt":"2025-05-27T03:04:30","guid":{"rendered":"https:\/\/pecbag.com\/?post_type=product&#038;p=3472"},"modified":"2025-11-29T01:57:37","modified_gmt":"2025-11-29T01:57:37","slug":"camping-backpack-lightweight-hiking-bag","status":"publish","type":"product","link":"https:\/\/pecbag.com\/pl\/camping-backpack-lightweight-hiking-bag\/","title":{"rendered":"Lekki plecak kempingowy na w\u0119dr\u00f3wki"},"content":{"rendered":"<h5 title=\"Sk\u0142adana torba dla psa Oddychaj\u0105ca siatkowa torba na rami\u0119 dla ma\u0142ych ps\u00f3w i kot\u00f3w\" data-immersive-translate-walked=\"1c928421-2e42-4cd3-8754-5404553c0af5\" data-immersive-translate-paragraph=\"1\" data-spm-anchor-id=\"a2700.details.0.i35.4f6757d4w4zNZA\">Plecak kempingowy Lekkie torby turystyczne | Fabryka wodoodpornych toreb i producent plecak\u00f3w - Bulk Outdoor Gear Solutions<\/h5>\n<div class=\"flex flex-grow flex-col max-w-full\">\n<div class=\"min-h-[20px] text-message flex w-full flex-col items-end gap-2 whitespace-pre-wrap break-words [.text-message+&amp;]:mt-5 overflow-x-auto\" dir=\"auto\" data-message-author-role=\"assistant\" data-message-id=\"3d7d46f6-7ec2-4222-9257-48fa0bba23c6\" data-suggestions=\"true\">\n<div class=\"flex w-full flex-col gap-1 empty:hidden first:pt-[3px]\">\n<div class=\"markdown prose w-full break-words dark:prose-invert light\">\n<table width=\"288\">\n<tbody>\n<tr>\n<td width=\"137\"><span style=\"color: #333333;\">Nazwa produktu<\/span><\/td>\n<td width=\"151\">Torba turystyczna<\/td>\n<\/tr>\n<tr>\n<td><span style=\"color: #333333;\">Pozycja nr.<\/span><\/td>\n<td><span style=\"color: #333333;\">PB-2065<\/span><\/td>\n<\/tr>\n<tr>\n<td><span style=\"color: #333333;\">Materia\u0142<\/span><\/td>\n<td>Ripstop<\/td>\n<\/tr>\n<tr>\n<td><span style=\"color: #333333;\">\u00a0Rozmiar i kolor<\/span><\/td>\n<td>20,5*12,2*6,3 cala<\/td>\n<\/tr>\n<tr>\n<td><span style=\"color: #333333;\">\u00a0Czas dostawy<\/span><\/td>\n<td><span style=\"color: #333333;\">1-5 dni dla ma\u0142ych ilo\u015bci drog\u0105 lotnicz\u0105 i 30-35 dni dla du\u017cych ilo\u015bci drog\u0105 morsk\u0105<\/span><\/td>\n<\/tr>\n<\/tbody>\n<\/table>\n<p>Jako wiod\u0105cy chi\u0144ski producent toreb turystycznych i fabryka toreb wodoodpornych, specjalizujemy si\u0119 w produkcji lekkich plecak\u00f3w kempingowych klasy premium dla globalnych marek outdoorowych. Nasza firma oferuje torby turystyczne:<\/p>\n<p>\u2705 <strong>Ultralekki nylon ripstop 210D<\/strong> (1,3 funta na pusto) z wodoodporn\u0105 pow\u0142ok\u0105 IPX6<br \/>\n\u2705 <strong>Konfigurowalne projekty<\/strong>\u00a0dla <strong>torby turystyczne marki w\u0142asnej<\/strong><br \/>\n\u2705 <strong>Us\u0142ugi OEM\/ODM<\/strong> z obs\u0142ug\u0105 pakietu technicznego 3D<br \/>\n\u2705 <strong>Produkcja work\u00f3w turystycznych luzem<\/strong> z 10-dniow\u0105 szybk\u0105 dostaw\u0105<\/p>\n<p>Zaufany przez hurtownik\u00f3w i sprzedawc\u00f3w detalicznych toreb turystycznych na ca\u0142ym \u015bwiecie. Kluczowe cechy:<br \/>\n- Ergonomiczny system oparcia z przep\u0142ywem powietrza i regulowane podno\u015bniki \u0142adunku<br \/>\n- Kompatybilny z p\u0119cherzem nawadniaj\u0105cym + kieszenie z zabezpieczeniem RFID<br \/>\n- Sk\u0142adany woreczek do samodzielnego przechowywania (7\u2033x5\u2033)<\/p>\n<p><strong>Dlaczego warto wybra\u0107 nasz\u0105 fabryk\u0119 toreb turystycznych?<\/strong>:<br \/>\n18+ lat jako wiod\u0105cy eksporterzy toreb turystycznych z Chin<br \/>\nBezp\u0142atne prototypowanie cyfrowe z Twoim logo\/kolorami<br \/>\nMateria\u0142y z certyfikatami OEKO-Tex i REACH<br \/>\nZni\u017cka 30% dla sprzedawc\u00f3w toreb turystycznych na ponad 3000 sztuk<\/p>\n<p>Popro\u015b o bezp\u0142atne pr\u00f3bki naszych lekkich toreb turystycznych lub uzyskaj natychmiastow\u0105 wycen\u0119. Dostawcy toreb turystycznych ciesz\u0105 si\u0119:<br \/>\n- Niestandardowe MOQ<br \/>\n- Certyfikaty jako\u015bci dla poszczeg\u00f3lnych partii<br \/>\n- Priorytetowe opcje transportu lotniczego\/morskiego<\/p>\n<\/div>\n<\/div>\n<\/div>\n<\/div>","protected":false},"excerpt":{"rendered":"<h2 data-immersive-translate-walked=\"344be1c1-5052-41eb-8fcd-0dbe236a0d6b\" data-immersive-translate-paragraph=\"1\">Lekki plecak kempingowy na w\u0119dr\u00f3wki<\/h2>\n<ul class=\"list-paddingleft-2\">\n<li>Regulowane paski - dostosuj ciasno\u015b\u0107 do swoich potrzeb, do wi\u0105zania plecaka lub wieszania \u015bpiwora, maty, hamaka itp.<\/li>\n<li>Wielofunkcyjna torba podr\u00f3\u017cna o du\u017cej pojemno\u015bci 50 l zawiera komor\u0119 g\u0142\u00f3wn\u0105, dwie przednie kieszenie zapinane na zamek, komor\u0119 na \u015bpiw\u00f3r, boczne kieszenie z siatki, w tym plecaku mo\u017cna umie\u015bci\u0107 namioty, koc lub sprz\u0119t do gotowania, najlepiej na 2-4-dniowe przygody.<\/li>\n<\/ul>","protected":false},"featured_media":3478,"template":"","meta":{"_uag_custom_page_level_css":""},"product_brand":[],"product_cat":[60,45,68],"product_tag":[],"class_list":{"0":"post-3472","1":"product","2":"type-product","3":"status-publish","4":"has-post-thumbnail","6":"product_cat-backpack","7":"product_cat-hiking-bag","8":"product_cat-travel-bag","10":"first","11":"instock","12":"shipping-taxable","13":"product-type-simple"},"uagb_featured_image_src":{"full":["https:\/\/pecbag.com\/wp-content\/uploads\/2025\/05\/Camping-Backpack-lightweight-Hiking-Bag-5.jpeg",960,960,false],"thumbnail":["https:\/\/pecbag.com\/wp-content\/uploads\/2025\/05\/Camping-Backpack-lightweight-Hiking-Bag-5-150x150.jpeg",150,150,true],"medium":["https:\/\/pecbag.com\/wp-content\/uploads\/2025\/05\/Camping-Backpack-lightweight-Hiking-Bag-5-300x300.jpeg",300,300,true],"medium_large":["https:\/\/pecbag.com\/wp-content\/uploads\/2025\/05\/Camping-Backpack-lightweight-Hiking-Bag-5-768x768.jpeg",768,768,true],"large":["https:\/\/pecbag.com\/wp-content\/uploads\/2025\/05\/Camping-Backpack-lightweight-Hiking-Bag-5.jpeg",800,800,false],"1536x1536":["https:\/\/pecbag.com\/wp-content\/uploads\/2025\/05\/Camping-Backpack-lightweight-Hiking-Bag-5.jpeg",960,960,false],"2048x2048":["https:\/\/pecbag.com\/wp-content\/uploads\/2025\/05\/Camping-Backpack-lightweight-Hiking-Bag-5.jpeg",960,960,false],"trp-custom-language-flag":["https:\/\/pecbag.com\/wp-content\/uploads\/2025\/05\/Camping-Backpack-lightweight-Hiking-Bag-5-12x12.jpeg",12,12,true],"woocommerce_thumbnail":["https:\/\/pecbag.com\/wp-content\/uploads\/2025\/05\/Camping-Backpack-lightweight-Hiking-Bag-5-300x300.jpeg",300,300,true],"woocommerce_single":["https:\/\/pecbag.com\/wp-content\/uploads\/2025\/05\/Camping-Backpack-lightweight-Hiking-Bag-5-600x600.jpeg",600,600,true],"woocommerce_gallery_thumbnail":["https:\/\/pecbag.com\/wp-content\/uploads\/2025\/05\/Camping-Backpack-lightweight-Hiking-Bag-5-100x100.jpeg",100,100,true]},"uagb_author_info":{"display_name":"Lawrence","author_link":"https:\/\/pecbag.com\/pl\/author\/"},"uagb_comment_info":0,"uagb_excerpt":"Camping Backpack lightweight Hiking Bag Adjustable Straps- adjust the tightness as you need, for tying up your pack or hanging sleeping bag, mat, hammock, etc, Suitable for all people. Multi-functional travel bag, 50L high-capacity includes a main compartment, two zipped front pockets, a sleeping bag compartment, mesh side pockets, you can put your tents, blanket,&hellip;","_links":{"self":[{"href":"https:\/\/pecbag.com\/pl\/wp-json\/wp\/v2\/product\/3472","targetHints":{"allow":["GET"]}}],"collection":[{"href":"https:\/\/pecbag.com\/pl\/wp-json\/wp\/v2\/product"}],"about":[{"href":"https:\/\/pecbag.com\/pl\/wp-json\/wp\/v2\/types\/product"}],"wp:featuredmedia":[{"embeddable":true,"href":"https:\/\/pecbag.com\/pl\/wp-json\/wp\/v2\/media\/3478"}],"wp:attachment":[{"href":"https:\/\/pecbag.com\/pl\/wp-json\/wp\/v2\/media?parent=3472"}],"wp:term":[{"taxonomy":"product_brand","embeddable":true,"href":"https:\/\/pecbag.com\/pl\/wp-json\/wp\/v2\/product_brand?post=3472"},{"taxonomy":"product_cat","embeddable":true,"href":"https:\/\/pecbag.com\/pl\/wp-json\/wp\/v2\/product_cat?post=3472"},{"taxonomy":"product_tag","embeddable":true,"href":"https:\/\/pecbag.com\/pl\/wp-json\/wp\/v2\/product_tag?post=3472"}],"curies":[{"name":"wp","href":"https:\/\/api.w.org\/{rel}","templated":true}]}}