{"id":3479,"date":"2025-05-27T03:14:11","date_gmt":"2025-05-27T03:14:11","guid":{"rendered":"https:\/\/pecbag.com\/?post_type=product&#038;p=3479"},"modified":"2025-11-29T01:57:28","modified_gmt":"2025-11-29T01:57:28","slug":"hot-sale-large-capacity-hiking-backpack","status":"publish","type":"product","link":"https:\/\/pecbag.com\/pl\/hot-sale-large-capacity-hiking-backpack\/","title":{"rendered":"Plecak turystyczny o du\u017cej pojemno\u015bci"},"content":{"rendered":"<h5 title=\"Sk\u0142adana torba dla psa Oddychaj\u0105ca siatkowa torba na rami\u0119 dla ma\u0142ych ps\u00f3w i kot\u00f3w\" data-immersive-translate-walked=\"1c928421-2e42-4cd3-8754-5404553c0af5\" data-immersive-translate-paragraph=\"1\" data-spm-anchor-id=\"a2700.details.0.i35.4f6757d4w4zNZA\">Gor\u0105ca sprzeda\u017c Plecaki turystyczne o du\u017cej pojemno\u015bci | Fabryka wodoodpornych toreb i producent plecak\u00f3w - Bulk Outdoor Solutions<\/h5>\n<div class=\"flex flex-grow flex-col max-w-full\">\n<div class=\"min-h-[20px] text-message flex w-full flex-col items-end gap-2 whitespace-pre-wrap break-words [.text-message+&amp;]:mt-5 overflow-x-auto\" dir=\"auto\" data-message-author-role=\"assistant\" data-message-id=\"3d7d46f6-7ec2-4222-9257-48fa0bba23c6\" data-suggestions=\"true\">\n<div class=\"flex w-full flex-col gap-1 empty:hidden first:pt-[3px]\">\n<div class=\"markdown prose w-full break-words dark:prose-invert light\">\n<table width=\"288\">\n<tbody>\n<tr>\n<td width=\"137\"><span style=\"color: #333333;\">Nazwa produktu<\/span><\/td>\n<td width=\"151\">Torba turystyczna<\/td>\n<\/tr>\n<tr>\n<td><span style=\"color: #333333;\">Pozycja nr.<\/span><\/td>\n<td><span style=\"color: #333333;\">PB-2066<\/span><\/td>\n<\/tr>\n<tr>\n<td><span style=\"color: #333333;\">Materia\u0142<\/span><\/td>\n<td>Poliester<\/td>\n<\/tr>\n<tr>\n<td><span style=\"color: #333333;\">Rozmiar<\/span><\/td>\n<td>30*15*54 cm<\/td>\n<\/tr>\n<tr>\n<td><span style=\"color: #333333;\">\u00a0Czas dostawy<\/span><\/td>\n<td><span style=\"color: #333333;\">1-5 dni dla ma\u0142ych ilo\u015bci drog\u0105 lotnicz\u0105 i 30-35 dni dla du\u017cych ilo\u015bci drog\u0105 morsk\u0105<\/span><\/td>\n<\/tr>\n<\/tbody>\n<\/table>\n<p>Jako wiod\u0105cy chi\u0144ski producent toreb turystycznych i fabryka toreb wodoodpornych, produkujemy wysokiej jako\u015bci plecaki turystyczne o du\u017cej pojemno\u015bci dla \u015bwiatowych marek outdoorowych. Nasza firma oferuje torby turystyczne:<\/p>\n<p>\u2705 <strong>Pojemno\u015b\u0107 rozszerzona 60L-90L<\/strong> z ta\u015bmami MOLLE do mocowania sprz\u0119tu<br \/>\n\u2705 <strong>Wodoodporna konstrukcja IPX6<\/strong> (nylon 500D + pow\u0142oka PU)<br \/>\n\u2705 <strong>Us\u0142ugi OEM\/ODM<\/strong> dla <strong>torby turystyczne marki w\u0142asnej<\/strong><br \/>\n\u2705 <strong>Produkcja work\u00f3w turystycznych luzem<\/strong> z 12-dniow\u0105 szybk\u0105 dostaw\u0105<\/p>\n<p>Zaufany przez hurtownik\u00f3w i sprzedawc\u00f3w detalicznych toreb turystycznych na ca\u0142ym \u015bwiecie. Kluczowe cechy:<\/p>\n<ul>\n<li>Regulowana d\u0142ugo\u015b\u0107 tu\u0142owia i no\u015bny pas biodrowy<\/li>\n<li>Oddzielna komora na \u015bpiw\u00f3r i os\u0142ona przeciwdeszczowa<\/li>\n<li>R\u0119kaw hydracyjny kompatybilny ze zbiornikiem 3L<\/li>\n<\/ul>\n<p><strong>Dlaczego warto wybra\u0107 nasz\u0105 fabryk\u0119 toreb turystycznych?<\/strong>:<br \/>\nPonad 15 lat jako najlepsi eksporterzy toreb turystycznych z Chin<br \/>\n\ud83d\udd39 Bezp\u0142atne wsparcie projektowe 3D z Twoim brandingiem<br \/>\nMateria\u0142y z certyfikatami OEKO-Tex i SGS<br \/>\nZni\u017cka 25% dla sprzedawc\u00f3w toreb turystycznych na ponad 2500 sztuk<\/p>\n<p>Popro\u015b o bezp\u0142atne pr\u00f3bki naszych plecak\u00f3w turystycznych o du\u017cej pojemno\u015bci lub uzyskaj natychmiastow\u0105 wycen\u0119. Dostawcy plecak\u00f3w turystycznych otrzymuj\u0105:<\/p>\n<ul>\n<li>Niestandardowa elastyczno\u015b\u0107 MOQ<\/li>\n<li>Certyfikaty jako\u015bci dla poszczeg\u00f3lnych partii<\/li>\n<li>Priorytetowy przydzia\u0142 wysy\u0142ki<\/li>\n<\/ul>\n<\/div>\n<\/div>\n<\/div>\n<\/div>","protected":false},"excerpt":{"rendered":"<h2 data-immersive-translate-walked=\"344be1c1-5052-41eb-8fcd-0dbe236a0d6b\" data-immersive-translate-paragraph=\"1\">Plecak turystyczny o du\u017cej pojemno\u015bci<\/h2>\n<p>Du\u017ca pojemno\u015b\u0107 i wiele kom\u00f3r: Ten plecak turystyczny ma wiele przegr\u00f3dek u\u0142atwiaj\u0105cych przechowywanie i organizacj\u0119. Zawiera jedn\u0105 g\u0142\u00f3wn\u0105 komor\u0119 zapinan\u0105 na zamek, jedn\u0105 przedni\u0105 kiesze\u0144 zapinan\u0105 na zamek, jedn\u0105 g\u00f3rn\u0105 kiesze\u0144, dwie boczne kieszenie i dwie kieszenie na biodrach. Specjalna dolna kiesze\u0144 zapewnia dost\u0119p do g\u0142\u00f3wnej komory, \u0142atwy dost\u0119p do przedmiot\u00f3w i przechowywanie but\u00f3w lub brudnych ubra\u0144 po zamkni\u0119ciu. U\u0142atwia przenoszenie wszystkich niezb\u0119dnych rzeczy, takich jak klucze, mapy, \u015bpiwory, alpenstock, butelki, parasol itp.<\/p>","protected":false},"featured_media":3482,"template":"","meta":{"_uag_custom_page_level_css":""},"product_brand":[],"product_cat":[60,45,68],"product_tag":[],"class_list":{"0":"post-3479","1":"product","2":"type-product","3":"status-publish","4":"has-post-thumbnail","6":"product_cat-backpack","7":"product_cat-hiking-bag","8":"product_cat-travel-bag","10":"first","11":"instock","12":"shipping-taxable","13":"product-type-simple"},"uagb_featured_image_src":{"full":["https:\/\/pecbag.com\/wp-content\/uploads\/2025\/05\/Hot-Sale-Large-Capacity-Hiking-Backpack-2.jpeg",720,720,false],"thumbnail":["https:\/\/pecbag.com\/wp-content\/uploads\/2025\/05\/Hot-Sale-Large-Capacity-Hiking-Backpack-2-150x150.jpeg",150,150,true],"medium":["https:\/\/pecbag.com\/wp-content\/uploads\/2025\/05\/Hot-Sale-Large-Capacity-Hiking-Backpack-2-300x300.jpeg",300,300,true],"medium_large":["https:\/\/pecbag.com\/wp-content\/uploads\/2025\/05\/Hot-Sale-Large-Capacity-Hiking-Backpack-2.jpeg",720,720,false],"large":["https:\/\/pecbag.com\/wp-content\/uploads\/2025\/05\/Hot-Sale-Large-Capacity-Hiking-Backpack-2.jpeg",720,720,false],"1536x1536":["https:\/\/pecbag.com\/wp-content\/uploads\/2025\/05\/Hot-Sale-Large-Capacity-Hiking-Backpack-2.jpeg",720,720,false],"2048x2048":["https:\/\/pecbag.com\/wp-content\/uploads\/2025\/05\/Hot-Sale-Large-Capacity-Hiking-Backpack-2.jpeg",720,720,false],"trp-custom-language-flag":["https:\/\/pecbag.com\/wp-content\/uploads\/2025\/05\/Hot-Sale-Large-Capacity-Hiking-Backpack-2-12x12.jpeg",12,12,true],"woocommerce_thumbnail":["https:\/\/pecbag.com\/wp-content\/uploads\/2025\/05\/Hot-Sale-Large-Capacity-Hiking-Backpack-2-300x300.jpeg",300,300,true],"woocommerce_single":["https:\/\/pecbag.com\/wp-content\/uploads\/2025\/05\/Hot-Sale-Large-Capacity-Hiking-Backpack-2-600x600.jpeg",600,600,true],"woocommerce_gallery_thumbnail":["https:\/\/pecbag.com\/wp-content\/uploads\/2025\/05\/Hot-Sale-Large-Capacity-Hiking-Backpack-2-100x100.jpeg",100,100,true]},"uagb_author_info":{"display_name":"Lawrence","author_link":"https:\/\/pecbag.com\/pl\/author\/"},"uagb_comment_info":0,"uagb_excerpt":"Hot Sale Large Capacity Hiking Backpack Large Capacity &amp; Multi-Compartment: This Hiking daypack features a multiple-compartments design for easy storage and organization. Includes one main zipped compartment, one zipped front pocket, one top pocket, two side pockets, and two hip pockets. A special bottom pocket provides access to the main compartment, access your items easily,&hellip;","_links":{"self":[{"href":"https:\/\/pecbag.com\/pl\/wp-json\/wp\/v2\/product\/3479","targetHints":{"allow":["GET"]}}],"collection":[{"href":"https:\/\/pecbag.com\/pl\/wp-json\/wp\/v2\/product"}],"about":[{"href":"https:\/\/pecbag.com\/pl\/wp-json\/wp\/v2\/types\/product"}],"wp:featuredmedia":[{"embeddable":true,"href":"https:\/\/pecbag.com\/pl\/wp-json\/wp\/v2\/media\/3482"}],"wp:attachment":[{"href":"https:\/\/pecbag.com\/pl\/wp-json\/wp\/v2\/media?parent=3479"}],"wp:term":[{"taxonomy":"product_brand","embeddable":true,"href":"https:\/\/pecbag.com\/pl\/wp-json\/wp\/v2\/product_brand?post=3479"},{"taxonomy":"product_cat","embeddable":true,"href":"https:\/\/pecbag.com\/pl\/wp-json\/wp\/v2\/product_cat?post=3479"},{"taxonomy":"product_tag","embeddable":true,"href":"https:\/\/pecbag.com\/pl\/wp-json\/wp\/v2\/product_tag?post=3479"}],"curies":[{"name":"wp","href":"https:\/\/api.w.org\/{rel}","templated":true}]}}