{"id":3513,"date":"2025-05-27T04:00:17","date_gmt":"2025-05-27T04:00:17","guid":{"rendered":"https:\/\/pecbag.com\/?post_type=product&#038;p=3513"},"modified":"2025-11-29T01:56:59","modified_gmt":"2025-11-29T01:56:59","slug":"camouflage-outdoor-hunting-fishing-gear-bag","status":"publish","type":"product","link":"https:\/\/pecbag.com\/pl\/camouflage-outdoor-hunting-fishing-gear-bag\/","title":{"rendered":"Kamufla\u017cowa torba na sprz\u0119t my\u015bliwski i w\u0119dkarski"},"content":{"rendered":"<h5 title=\"Sk\u0142adana torba dla psa Oddychaj\u0105ca siatkowa torba na rami\u0119 dla ma\u0142ych ps\u00f3w i kot\u00f3w\" data-immersive-translate-walked=\"1c928421-2e42-4cd3-8754-5404553c0af5\" data-immersive-translate-paragraph=\"1\" data-spm-anchor-id=\"a2700.details.0.i35.4f6757d4w4zNZA\">Kamufla\u017c Outdoor Hunting Fishing Gear Bags | Wodoodporna fabryka toreb i producent plecak\u00f3w - Bulk Tactical Solutions<\/h5>\n<div class=\"flex flex-grow flex-col max-w-full\">\n<div class=\"min-h-[20px] text-message flex w-full flex-col items-end gap-2 whitespace-pre-wrap break-words [.text-message+&amp;]:mt-5 overflow-x-auto\" dir=\"auto\" data-message-author-role=\"assistant\" data-message-id=\"3d7d46f6-7ec2-4222-9257-48fa0bba23c6\" data-suggestions=\"true\">\n<div class=\"flex w-full flex-col gap-1 empty:hidden first:pt-[3px]\">\n<div class=\"markdown prose w-full break-words dark:prose-invert light\">\n<table width=\"288\">\n<tbody>\n<tr>\n<td width=\"137\"><span style=\"color: #333333;\">Nazwa produktu<\/span><\/td>\n<td width=\"151\">Torba my\u015bliwska<\/td>\n<\/tr>\n<tr>\n<td><span style=\"color: #333333;\">Pozycja nr.<\/span><\/td>\n<td><span style=\"color: #333333;\">PB-2071<\/span><\/td>\n<\/tr>\n<tr>\n<td><span style=\"color: #333333;\">Materia\u0142<\/span><\/td>\n<td>Poliester 600D<\/td>\n<\/tr>\n<tr>\n<td><span style=\"color: #333333;\">Rozmiar<\/span><\/td>\n<td>69 x 32 x 34 cm<\/td>\n<\/tr>\n<tr>\n<td><span style=\"color: #333333;\">\u00a0Czas dostawy<\/span><\/td>\n<td><span style=\"color: #333333;\">1-5 dni dla ma\u0142ych ilo\u015bci drog\u0105 lotnicz\u0105 i 30-35 dni dla du\u017cych ilo\u015bci drog\u0105 morsk\u0105<\/span><\/td>\n<\/tr>\n<\/tbody>\n<\/table>\n<p>Jako wiod\u0105cy chi\u0144ski producent toreb my\u015bliwskich i fabryka toreb wodoodpornych, tworzymy najwy\u017cszej jako\u015bci torby z kamufla\u017cem do polowa\u0144 na \u015bwie\u017cym powietrzu dla globalnych profesjonalist\u00f3w. Nasza firma oferuje torby my\u015bliwskie:<\/p>\n<p>\u2705 <strong>Kamufla\u017c wielo\u015brodowiskowy<\/strong> (Woodland\/Swamp\/Arctic) z technologi\u0105 kontroli zapachu<br \/>\n\u2705 <strong>Wodoodporna konstrukcja IPX7<\/strong> (600D Cordura\u00ae + zgrzewane szwy)<br \/>\n\u2705 <strong>Us\u0142ugi OEM\/ODM<\/strong> dla <strong>sprz\u0119t my\u015bliwski marki w\u0142asnej<\/strong> (MOQ 50szt)<br \/>\n\u2705 <strong>Produkcja work\u00f3w my\u015bliwskich luzem<\/strong> z 12-dniow\u0105 szybk\u0105 dostaw\u0105<\/p>\n<p>Zaufany przez hurtownie toreb my\u015bliwskich i marki outdoorowe na ca\u0142ym \u015bwiecie. Kluczowe cechy:<br \/>\n- Ciche zamkni\u0119cia magnetyczne i dost\u0119p obur\u0119czny<br \/>\n- Komora na ryby\/zabawy z siatk\u0105 odp\u0142ywow\u0105<br \/>\n- Ta\u015bmy MOLLE\/PALS do rozbudowy taktycznej<\/p>\n<p><strong>Dlaczego warto wybra\u0107 nasz\u0105 fabryk\u0119 toreb my\u015bliwskich?<\/strong>:<br \/>\n18+ lat jako najlepsi eksporterzy toreb my\u015bliwskich z Chin<br \/>\nBezp\u0142atne dostosowywanie cyfrowego kamufla\u017cu 3D<br \/>\nTesty MIL-STD-810G i certyfikat OEKO-Tex<br \/>\nZni\u017cka 30% dla sprzedawc\u00f3w toreb my\u015bliwskich na ponad 3000 sztuk<\/p>\n<p>Zam\u00f3w bezp\u0142atne pr\u00f3bki naszych toreb z kamufla\u017cem lub uzyskaj natychmiastow\u0105 wycen\u0119. Dostawcy toreb my\u015bliwskich ciesz\u0105 si\u0119:<br \/>\n- Ulepszenia technologii blokuj\u0105cej RFID<br \/>\n- Raporty dotycz\u0105ce nylonu balistycznego dla poszczeg\u00f3lnych partii<br \/>\n- Priorytetowy przydzia\u0142 przestrzeni \u0142adunkowej<\/p>\n<\/div>\n<\/div>\n<\/div>\n<\/div>","protected":false},"excerpt":{"rendered":"<h2 data-immersive-translate-walked=\"344be1c1-5052-41eb-8fcd-0dbe236a0d6b\" data-immersive-translate-paragraph=\"1\">Kamufla\u017cowa torba na sprz\u0119t my\u015bliwski i w\u0119dkarski<\/h2>\n<p>1. Zamek b\u0142yskawiczny w kszta\u0142cie litery D zapewnia \u0142atwy dost\u0119p do g\u0142\u00f3wnej komory.<\/p>\n<p>2. Dwie du\u017ce kieszenie ko\u0144cowe zapinane na zamek. Dwie zewn\u0119trzne kieszenie zapinane na zamek z przodu.<\/p>\n<p>3. Wy\u015bcie\u0142any uchwyt. Odpinany, regulowany pasek na rami\u0119.<\/p>","protected":false},"featured_media":3516,"template":"","meta":{"_uag_custom_page_level_css":""},"product_brand":[],"product_cat":[54,63,46,68,66],"product_tag":[],"class_list":{"0":"post-3513","1":"product","2":"type-product","3":"status-publish","4":"has-post-thumbnail","6":"product_cat-hunting-bag","7":"product_cat-duffel-bag","8":"product_cat-fishing-bag","9":"product_cat-travel-bag","10":"product_cat-waterproof-bag","12":"first","13":"instock","14":"shipping-taxable","15":"product-type-simple"},"uagb_featured_image_src":{"full":["https:\/\/pecbag.com\/wp-content\/uploads\/2025\/05\/Camouflage-Outdoor-Hunting-Fishing-Gear-Bag-2.jpeg",800,800,false],"thumbnail":["https:\/\/pecbag.com\/wp-content\/uploads\/2025\/05\/Camouflage-Outdoor-Hunting-Fishing-Gear-Bag-2-150x150.jpeg",150,150,true],"medium":["https:\/\/pecbag.com\/wp-content\/uploads\/2025\/05\/Camouflage-Outdoor-Hunting-Fishing-Gear-Bag-2-300x300.jpeg",300,300,true],"medium_large":["https:\/\/pecbag.com\/wp-content\/uploads\/2025\/05\/Camouflage-Outdoor-Hunting-Fishing-Gear-Bag-2-768x768.jpeg",768,768,true],"large":["https:\/\/pecbag.com\/wp-content\/uploads\/2025\/05\/Camouflage-Outdoor-Hunting-Fishing-Gear-Bag-2.jpeg",800,800,false],"1536x1536":["https:\/\/pecbag.com\/wp-content\/uploads\/2025\/05\/Camouflage-Outdoor-Hunting-Fishing-Gear-Bag-2.jpeg",800,800,false],"2048x2048":["https:\/\/pecbag.com\/wp-content\/uploads\/2025\/05\/Camouflage-Outdoor-Hunting-Fishing-Gear-Bag-2.jpeg",800,800,false],"trp-custom-language-flag":["https:\/\/pecbag.com\/wp-content\/uploads\/2025\/05\/Camouflage-Outdoor-Hunting-Fishing-Gear-Bag-2-12x12.jpeg",12,12,true],"woocommerce_thumbnail":["https:\/\/pecbag.com\/wp-content\/uploads\/2025\/05\/Camouflage-Outdoor-Hunting-Fishing-Gear-Bag-2-300x300.jpeg",300,300,true],"woocommerce_single":["https:\/\/pecbag.com\/wp-content\/uploads\/2025\/05\/Camouflage-Outdoor-Hunting-Fishing-Gear-Bag-2-600x600.jpeg",600,600,true],"woocommerce_gallery_thumbnail":["https:\/\/pecbag.com\/wp-content\/uploads\/2025\/05\/Camouflage-Outdoor-Hunting-Fishing-Gear-Bag-2-100x100.jpeg",100,100,true]},"uagb_author_info":{"display_name":"Lawrence","author_link":"https:\/\/pecbag.com\/pl\/author\/"},"uagb_comment_info":0,"uagb_excerpt":"Camouflage Outdoor Hunting Fishing Gear Bag 1. D-shaped zippered entry for easy access in the main compartment. 2. Two large zippered end pockets. Two exterior zippered pockets on the front. 3. Padded handle. Detachable, adjustable shoulder strap.","_links":{"self":[{"href":"https:\/\/pecbag.com\/pl\/wp-json\/wp\/v2\/product\/3513","targetHints":{"allow":["GET"]}}],"collection":[{"href":"https:\/\/pecbag.com\/pl\/wp-json\/wp\/v2\/product"}],"about":[{"href":"https:\/\/pecbag.com\/pl\/wp-json\/wp\/v2\/types\/product"}],"wp:featuredmedia":[{"embeddable":true,"href":"https:\/\/pecbag.com\/pl\/wp-json\/wp\/v2\/media\/3516"}],"wp:attachment":[{"href":"https:\/\/pecbag.com\/pl\/wp-json\/wp\/v2\/media?parent=3513"}],"wp:term":[{"taxonomy":"product_brand","embeddable":true,"href":"https:\/\/pecbag.com\/pl\/wp-json\/wp\/v2\/product_brand?post=3513"},{"taxonomy":"product_cat","embeddable":true,"href":"https:\/\/pecbag.com\/pl\/wp-json\/wp\/v2\/product_cat?post=3513"},{"taxonomy":"product_tag","embeddable":true,"href":"https:\/\/pecbag.com\/pl\/wp-json\/wp\/v2\/product_tag?post=3513"}],"curies":[{"name":"wp","href":"https:\/\/api.w.org\/{rel}","templated":true}]}}