{"id":3526,"date":"2025-05-27T06:21:34","date_gmt":"2025-05-27T06:21:34","guid":{"rendered":"https:\/\/pecbag.com\/?post_type=product&#038;p=3526"},"modified":"2025-11-29T01:56:43","modified_gmt":"2025-11-29T01:56:43","slug":"customized-insulated-portable-lunch-bag","status":"publish","type":"product","link":"https:\/\/pecbag.com\/pl\/customized-insulated-portable-lunch-bag\/","title":{"rendered":"Indywidualnie izolowana przeno\u015bna torba na lunch"},"content":{"rendered":"<h5 title=\"Sk\u0142adana torba dla psa Oddychaj\u0105ca siatkowa torba na rami\u0119 dla ma\u0142ych ps\u00f3w i kot\u00f3w\" data-immersive-translate-walked=\"1c928421-2e42-4cd3-8754-5404553c0af5\" data-immersive-translate-paragraph=\"1\" data-spm-anchor-id=\"a2700.details.0.i35.4f6757d4w4zNZA\">Dostosowane izolowane przeno\u015bne torby na lunch | Fabryka wodoodpornych toreb i producent plecak\u00f3w - Bulk Food Solutions<\/h5>\n<div class=\"flex flex-grow flex-col max-w-full\">\n<div class=\"min-h-[20px] text-message flex w-full flex-col items-end gap-2 whitespace-pre-wrap break-words [.text-message+&amp;]:mt-5 overflow-x-auto\" dir=\"auto\" data-message-author-role=\"assistant\" data-message-id=\"3d7d46f6-7ec2-4222-9257-48fa0bba23c6\" data-suggestions=\"true\">\n<div class=\"flex w-full flex-col gap-1 empty:hidden first:pt-[3px]\">\n<div class=\"markdown prose w-full break-words dark:prose-invert light\">\n<table width=\"288\">\n<tbody>\n<tr>\n<td width=\"137\"><span style=\"color: #333333;\">Nazwa produktu<\/span><\/td>\n<td width=\"151\">Torba na lunch<\/td>\n<\/tr>\n<tr>\n<td><span style=\"color: #333333;\">Pozycja nr.<\/span><\/td>\n<td><span style=\"color: #333333;\">PB-2073<\/span><\/td>\n<\/tr>\n<tr>\n<td><span style=\"color: #333333;\">Materia\u0142<\/span><\/td>\n<td>600D poliester<\/td>\n<\/tr>\n<tr>\n<td><span style=\"color: #333333;\">\u00a0Rozmiar i kolor<\/span><\/td>\n<td>15*10*13 cali<\/td>\n<\/tr>\n<tr>\n<td><span style=\"color: #333333;\">\u00a0Czas dostawy<\/span><\/td>\n<td><span style=\"color: #333333;\">1-5 dni dla ma\u0142ych ilo\u015bci drog\u0105 lotnicz\u0105 i 30-35 dni dla du\u017cych ilo\u015bci drog\u0105 morsk\u0105<\/span><\/td>\n<\/tr>\n<\/tbody>\n<\/table>\n<p>Jako wiod\u0105cy chi\u0144ski producent toreb na lunch i fabryka toreb wodoodpornych, projektujemy najwy\u017cszej jako\u015bci izolowane przeno\u015bne torby na lunch dla globalnych dystrybutor\u00f3w \u017cywno\u015bci. Nasza firma oferuje torby na lunch:<\/p>\n<p>\u2705 <strong>6-godzinna retencja termiczna<\/strong> (podszewka PEVA zatwierdzona przez FDA)<br \/>\n\u2705 <strong>Wodoodporna konstrukcja odporna na przeciekanie<\/strong> (stopie\u0144 ochrony IPX4)<br \/>\n\u2705 <strong>Us\u0142ugi OEM\/ODM<\/strong> dla <strong>torby na lunch marki w\u0142asnej<\/strong> (MOQ 100szt)<br \/>\n\u2705 <strong>Produkcja toreb na lunch luzem<\/strong> z 10-dniow\u0105 szybk\u0105 dostaw\u0105<\/p>\n<p>Zaufane przez hurtownie toreb na lunch i marki cateringowe na ca\u0142ym \u015bwiecie. Kluczowe cechy:<br \/>\n- Regulowany pasek na rami\u0119 i boczne kieszenie na butelki<br \/>\n- Ekologiczne materia\u0142y spo\u017cywcze (wolne od BPA)<br \/>\n- Sk\u0142adana konstrukcja zapewniaj\u0105ca oszcz\u0119dno\u015b\u0107 miejsca<\/p>\n<p><strong>Dlaczego warto wybra\u0107 nasz\u0105 fabryk\u0119 toreb na lunch?<\/strong>:<br \/>\nPonad 12 lat jako najlepsi eksporterzy toreb na lunch z Chin<br \/>\nDarmowy projekt 3D z Twoim brandingiem i logo<br \/>\nCertyfikaty SGS\/REACH i wysy\u0142ka FOB\/DDP<br \/>\nZni\u017cka 25% dla sprzedawc\u00f3w toreb na lunch przy zakupie ponad 2 000 sztuk.<\/p>\n<p>Zam\u00f3w bezp\u0142atne pr\u00f3bki naszych izolowanych toreb na lunch lub uzyskaj natychmiastow\u0105 wycen\u0119. Dostawcy toreb na lunch ciesz\u0105 si\u0119:<br \/>\n- Niestandardowe MOQ od 50 sztuk<br \/>\n- Raporty dotycz\u0105ce bezpiecze\u0144stwa \u017cywno\u015bci dla poszczeg\u00f3lnych partii<br \/>\n- Priorytetowe przydzielanie linii produkcyjnych<\/p>\n<\/div>\n<\/div>\n<\/div>\n<\/div>","protected":false},"excerpt":{"rendered":"<h2 data-immersive-translate-walked=\"344be1c1-5052-41eb-8fcd-0dbe236a0d6b\" data-immersive-translate-paragraph=\"1\">Indywidualnie izolowana przeno\u015bna torba na lunch<\/h2>\n<p>[IDEALNA SK\u0141ADANA TORBA TERMOIZOLACYJNA DO PODR\u00d3\u017bY]: Od najmniejszej do najwi\u0119kszej izolowanej torby ch\u0142odz\u0105cej na 50 puszek, s\u0105 to idealne lod\u00f3wki podr\u00f3\u017cne do samochodu, poniewa\u017c mi\u0119kkie lod\u00f3wki mog\u0105 \u0142atwiej zmie\u015bci\u0107 si\u0119 w ciasnych przestrzeniach ni\u017c styropianowe lod\u00f3wki bez obawy o ich p\u0119kni\u0119cie.<\/p>\n<p>Ta zewn\u0119trzna lod\u00f3wka jest wyposa\u017cona w pasek na rami\u0119, dzi\u0119ki czemu przenoszenie \u017cywno\u015bci i napoj\u00f3w podczas zabawy na \u015bwie\u017cym powietrzu jest \u0142atwiejsze ni\u017c w przypadku koszyka piknikowego<\/p>","protected":false},"featured_media":3530,"template":"","meta":{"_uag_custom_page_level_css":""},"product_brand":[],"product_cat":[52,50],"product_tag":[],"class_list":{"0":"post-3526","1":"product","2":"type-product","3":"status-publish","4":"has-post-thumbnail","6":"product_cat-lunch-bag","7":"product_cat-cooler-bag","9":"first","10":"instock","11":"shipping-taxable","12":"product-type-simple"},"uagb_featured_image_src":{"full":["https:\/\/pecbag.com\/wp-content\/uploads\/2025\/05\/Customized-Insulated-Portable-Lunch-Bag-3.jpeg",2400,2400,false],"thumbnail":["https:\/\/pecbag.com\/wp-content\/uploads\/2025\/05\/Customized-Insulated-Portable-Lunch-Bag-3-150x150.jpeg",150,150,true],"medium":["https:\/\/pecbag.com\/wp-content\/uploads\/2025\/05\/Customized-Insulated-Portable-Lunch-Bag-3-300x300.jpeg",300,300,true],"medium_large":["https:\/\/pecbag.com\/wp-content\/uploads\/2025\/05\/Customized-Insulated-Portable-Lunch-Bag-3-768x768.jpeg",768,768,true],"large":["https:\/\/pecbag.com\/wp-content\/uploads\/2025\/05\/Customized-Insulated-Portable-Lunch-Bag-3-1024x1024.jpeg",800,800,true],"1536x1536":["https:\/\/pecbag.com\/wp-content\/uploads\/2025\/05\/Customized-Insulated-Portable-Lunch-Bag-3-1536x1536.jpeg",1536,1536,true],"2048x2048":["https:\/\/pecbag.com\/wp-content\/uploads\/2025\/05\/Customized-Insulated-Portable-Lunch-Bag-3-2048x2048.jpeg",2048,2048,true],"trp-custom-language-flag":["https:\/\/pecbag.com\/wp-content\/uploads\/2025\/05\/Customized-Insulated-Portable-Lunch-Bag-3-12x12.jpeg",12,12,true],"woocommerce_thumbnail":["https:\/\/pecbag.com\/wp-content\/uploads\/2025\/05\/Customized-Insulated-Portable-Lunch-Bag-3-300x300.jpeg",300,300,true],"woocommerce_single":["https:\/\/pecbag.com\/wp-content\/uploads\/2025\/05\/Customized-Insulated-Portable-Lunch-Bag-3-600x600.jpeg",600,600,true],"woocommerce_gallery_thumbnail":["https:\/\/pecbag.com\/wp-content\/uploads\/2025\/05\/Customized-Insulated-Portable-Lunch-Bag-3-100x100.jpeg",100,100,true]},"uagb_author_info":{"display_name":"Lawrence","author_link":"https:\/\/pecbag.com\/pl\/author\/"},"uagb_comment_info":0,"uagb_excerpt":"Customized Insulated Portable Lunch Bag [IDEAL COLLAPSIBLE COOLER BAG FOR TRAVEL]: From our smallest to our largest 50-can insulated cooler bag, these are a perfect travel cooler for the car because the soft-sided cooler can fit more easily in tight spaces than a Styrofoam cooler without worrying about them breaking. This outdoor cooler includes a&hellip;","_links":{"self":[{"href":"https:\/\/pecbag.com\/pl\/wp-json\/wp\/v2\/product\/3526","targetHints":{"allow":["GET"]}}],"collection":[{"href":"https:\/\/pecbag.com\/pl\/wp-json\/wp\/v2\/product"}],"about":[{"href":"https:\/\/pecbag.com\/pl\/wp-json\/wp\/v2\/types\/product"}],"wp:featuredmedia":[{"embeddable":true,"href":"https:\/\/pecbag.com\/pl\/wp-json\/wp\/v2\/media\/3530"}],"wp:attachment":[{"href":"https:\/\/pecbag.com\/pl\/wp-json\/wp\/v2\/media?parent=3526"}],"wp:term":[{"taxonomy":"product_brand","embeddable":true,"href":"https:\/\/pecbag.com\/pl\/wp-json\/wp\/v2\/product_brand?post=3526"},{"taxonomy":"product_cat","embeddable":true,"href":"https:\/\/pecbag.com\/pl\/wp-json\/wp\/v2\/product_cat?post=3526"},{"taxonomy":"product_tag","embeddable":true,"href":"https:\/\/pecbag.com\/pl\/wp-json\/wp\/v2\/product_tag?post=3526"}],"curies":[{"name":"wp","href":"https:\/\/api.w.org\/{rel}","templated":true}]}}