{"id":3542,"date":"2025-05-27T06:42:12","date_gmt":"2025-05-27T06:42:12","guid":{"rendered":"https:\/\/pecbag.com\/?post_type=product&#038;p=3542"},"modified":"2025-11-29T01:56:34","modified_gmt":"2025-11-29T01:56:34","slug":"waterproof-600d-oxford-cooler-bag","status":"publish","type":"product","link":"https:\/\/pecbag.com\/pl\/waterproof-600d-oxford-cooler-bag\/","title":{"rendered":"Wodoodporna torba 600D Oxford Cooler Bag"},"content":{"rendered":"<h5 title=\"Sk\u0142adana torba dla psa Oddychaj\u0105ca siatkowa torba na rami\u0119 dla ma\u0142ych ps\u00f3w i kot\u00f3w\" data-immersive-translate-walked=\"1c928421-2e42-4cd3-8754-5404553c0af5\" data-immersive-translate-paragraph=\"1\" data-spm-anchor-id=\"a2700.details.0.i35.4f6757d4w4zNZA\">Wodoodporne torby 600D Oxford Cooler Bag | Fabryka wodoodpornych toreb i producent plecak\u00f3w - Bulk Food Solutions<\/h5>\n<div class=\"flex flex-grow flex-col max-w-full\">\n<div class=\"min-h-[20px] text-message flex w-full flex-col items-end gap-2 whitespace-pre-wrap break-words [.text-message+&amp;]:mt-5 overflow-x-auto\" dir=\"auto\" data-message-author-role=\"assistant\" data-message-id=\"3d7d46f6-7ec2-4222-9257-48fa0bba23c6\" data-suggestions=\"true\">\n<div class=\"flex w-full flex-col gap-1 empty:hidden first:pt-[3px]\">\n<div class=\"markdown prose w-full break-words dark:prose-invert light\">\n<table width=\"288\">\n<tbody>\n<tr>\n<td width=\"137\"><span style=\"color: #333333;\">Nazwa produktu<\/span><\/td>\n<td width=\"151\">Torba na lunch<\/td>\n<\/tr>\n<tr>\n<td><span style=\"color: #333333;\">Pozycja nr.<\/span><\/td>\n<td><span style=\"color: #333333;\">PB-2075<\/span><\/td>\n<\/tr>\n<tr>\n<td><span style=\"color: #333333;\">Materia\u0142<\/span><\/td>\n<td>600D Oxford<\/td>\n<\/tr>\n<tr>\n<td><span style=\"color: #333333;\">Rozmiar<\/span><\/td>\n<td>13,77 x 9,44 x 10,62 cala<\/td>\n<\/tr>\n<tr>\n<td><span style=\"color: #333333;\">\u00a0Czas dostawy<\/span><\/td>\n<td><span style=\"color: #333333;\">1-5 dni dla ma\u0142ych ilo\u015bci drog\u0105 lotnicz\u0105 i 30-35 dni dla du\u017cych ilo\u015bci drog\u0105 morsk\u0105<\/span><\/td>\n<\/tr>\n<\/tbody>\n<\/table>\n<p>Jako wiod\u0105cy chi\u0144ski producent toreb na lunch i fabryka toreb wodoodpornych, produkujemy wytrzyma\u0142e wodoodporne torby ch\u0142odz\u0105ce 600D Oxford dla globalnych dystrybutor\u00f3w \u017cywno\u015bci. Nasza firma produkuj\u0105ca torby na lunch zapewnia:<\/p>\n<p>\u2705 <strong>Wodoodporno\u015b\u0107 IPX6<\/strong> ze zgrzewanymi szwami (tkanina 600D oxford)<br \/>\n\u2705 <strong>12-godzinna retencja zimna<\/strong> (Zatwierdzona przez FDA izolacja z pianki EPE)<br \/>\n\u2705 <strong>Us\u0142ugi OEM\/ODM<\/strong> dla <strong>torby na lunch marki w\u0142asnej<\/strong><br \/>\n\u2705 <strong>Produkcja toreb na lunch luzem<\/strong> z 10-dniow\u0105 szybk\u0105 dostaw\u0105<\/p>\n<p>Zaufane przez hurtownie toreb na lunch i marki cateringowe na ca\u0142ym \u015bwiecie. Kluczowe cechy:<br \/>\n- Szczelne zamkni\u0119cie typu roll-top i regulowane paski na rami\u0119<br \/>\n- Od\u0142\u0105czany pojemnik na l\u00f3d i organizer na przybory kuchenne<br \/>\n- Sk\u0142adana konstrukcja (18\u2033x12\u2033 po roz\u0142o\u017ceniu) do kompaktowego przechowywania<\/p>\n<p><strong>Dlaczego warto wsp\u00f3\u0142pracowa\u0107 z nasz\u0105 fabryk\u0105 toreb na lunch?<\/strong>:<br \/>\nPonad 12 lat jako najlepsi eksporterzy toreb na lunch z Chin<br \/>\nDarmowy projekt 3D z Twoim logo\/grafik\u0105<br \/>\nMateria\u0142y z certyfikatem SGS\/REACH i wolne od BPA<br \/>\nZni\u017cka 30% dla sprzedawc\u00f3w toreb na lunch przy zakupie ponad 3000 sztuk.<\/p>\n<p>Popro\u015b o bezp\u0142atne pr\u00f3bki naszych toreb ch\u0142odz\u0105cych 600D Oxford lub uzyskaj natychmiastow\u0105 wycen\u0119. Dostawcy toreb na lunch ciesz\u0105 si\u0119:<br \/>\n- Niestandardowe MOQ<br \/>\n- Raporty dotycz\u0105ce bezpiecze\u0144stwa \u017cywno\u015bci dla poszczeg\u00f3lnych partii<br \/>\n- Priorytetowy przydzia\u0142 \u0142adunk\u00f3w lotniczych\/morskich<\/p>\n<\/div>\n<\/div>\n<\/div>\n<\/div>","protected":false},"excerpt":{"rendered":"<h2 data-immersive-translate-walked=\"344be1c1-5052-41eb-8fcd-0dbe236a0d6b\" data-immersive-translate-paragraph=\"1\">Wodoodporna torba 600D Oxford Cooler Bag<\/h2>\n<p><strong>1.\u3010Wydajne i masowe przechowywanie\u3011<\/strong>Elastyczna lina na zewn\u0105trz lod\u00f3wki przytrzymuje \u015bciereczk\u0119 na lunch, a g\u00f3rna komora zapobiega zgnieceniu \u017cywno\u015bci na dnie. Zewn\u0119trzne przednie kieszenie i boczne kieszenie z siatki s\u0105 przeznaczone na drobne przedmioty, wystarczaj\u0105co pojemne dla wi\u0119kszo\u015bci potrzeb.<\/p>\n<p><strong>2.\u3010Wszechstronne zastosowanie\u3011<\/strong>Mi\u0119kk\u0105 lod\u00f3wk\u0119 mo\u017cna zabra\u0107 ze sob\u0105 na kemping, piknik, wypad na pla\u017c\u0119 lub wycieczk\u0119 samochodow\u0105, a tak\u017ce u\u017cywa\u0107 jej do codziennych czynno\u015bci, takich jak zakupy spo\u017cywcze lub lunche w pracy. Jest to \u015bwietny, du\u017cy pojemnik na lunch, kt\u00f3ry zapewnia \u015bwie\u017co\u015b\u0107 i ochron\u0119 zapas\u00f3w.<\/p>","protected":false},"featured_media":3546,"template":"","meta":{"_uag_custom_page_level_css":""},"product_brand":[],"product_cat":[52,50],"product_tag":[],"class_list":{"0":"post-3542","1":"product","2":"type-product","3":"status-publish","4":"has-post-thumbnail","6":"product_cat-lunch-bag","7":"product_cat-cooler-bag","9":"first","10":"instock","11":"shipping-taxable","12":"product-type-simple"},"uagb_featured_image_src":{"full":["https:\/\/pecbag.com\/wp-content\/uploads\/2025\/05\/Waterproof-600D-Oxford-Cooler-Bag-2.jpeg",960,960,false],"thumbnail":["https:\/\/pecbag.com\/wp-content\/uploads\/2025\/05\/Waterproof-600D-Oxford-Cooler-Bag-2-150x150.jpeg",150,150,true],"medium":["https:\/\/pecbag.com\/wp-content\/uploads\/2025\/05\/Waterproof-600D-Oxford-Cooler-Bag-2-300x300.jpeg",300,300,true],"medium_large":["https:\/\/pecbag.com\/wp-content\/uploads\/2025\/05\/Waterproof-600D-Oxford-Cooler-Bag-2-768x768.jpeg",768,768,true],"large":["https:\/\/pecbag.com\/wp-content\/uploads\/2025\/05\/Waterproof-600D-Oxford-Cooler-Bag-2.jpeg",800,800,false],"1536x1536":["https:\/\/pecbag.com\/wp-content\/uploads\/2025\/05\/Waterproof-600D-Oxford-Cooler-Bag-2.jpeg",960,960,false],"2048x2048":["https:\/\/pecbag.com\/wp-content\/uploads\/2025\/05\/Waterproof-600D-Oxford-Cooler-Bag-2.jpeg",960,960,false],"trp-custom-language-flag":["https:\/\/pecbag.com\/wp-content\/uploads\/2025\/05\/Waterproof-600D-Oxford-Cooler-Bag-2-12x12.jpeg",12,12,true],"woocommerce_thumbnail":["https:\/\/pecbag.com\/wp-content\/uploads\/2025\/05\/Waterproof-600D-Oxford-Cooler-Bag-2-300x300.jpeg",300,300,true],"woocommerce_single":["https:\/\/pecbag.com\/wp-content\/uploads\/2025\/05\/Waterproof-600D-Oxford-Cooler-Bag-2-600x600.jpeg",600,600,true],"woocommerce_gallery_thumbnail":["https:\/\/pecbag.com\/wp-content\/uploads\/2025\/05\/Waterproof-600D-Oxford-Cooler-Bag-2-100x100.jpeg",100,100,true]},"uagb_author_info":{"display_name":"Lawrence","author_link":"https:\/\/pecbag.com\/pl\/author\/"},"uagb_comment_info":0,"uagb_excerpt":"Waterproof 600D Oxford Cooler Bag 1.\u3010Efficient and Mass Storage\u3011The elastic rope on the exterior of the cooler holds a lunch cloth, upper compartment is nice to prevent food from getting crushed in the bottom. Exterior front pockets &amp; side mesh pockets are designed for your small necessities, roomy enough for most of your needs 2.\u3010Versatile&hellip;","_links":{"self":[{"href":"https:\/\/pecbag.com\/pl\/wp-json\/wp\/v2\/product\/3542","targetHints":{"allow":["GET"]}}],"collection":[{"href":"https:\/\/pecbag.com\/pl\/wp-json\/wp\/v2\/product"}],"about":[{"href":"https:\/\/pecbag.com\/pl\/wp-json\/wp\/v2\/types\/product"}],"wp:featuredmedia":[{"embeddable":true,"href":"https:\/\/pecbag.com\/pl\/wp-json\/wp\/v2\/media\/3546"}],"wp:attachment":[{"href":"https:\/\/pecbag.com\/pl\/wp-json\/wp\/v2\/media?parent=3542"}],"wp:term":[{"taxonomy":"product_brand","embeddable":true,"href":"https:\/\/pecbag.com\/pl\/wp-json\/wp\/v2\/product_brand?post=3542"},{"taxonomy":"product_cat","embeddable":true,"href":"https:\/\/pecbag.com\/pl\/wp-json\/wp\/v2\/product_cat?post=3542"},{"taxonomy":"product_tag","embeddable":true,"href":"https:\/\/pecbag.com\/pl\/wp-json\/wp\/v2\/product_tag?post=3542"}],"curies":[{"name":"wp","href":"https:\/\/api.w.org\/{rel}","templated":true}]}}