{"id":3549,"date":"2025-05-27T06:51:33","date_gmt":"2025-05-27T06:51:33","guid":{"rendered":"https:\/\/pecbag.com\/?post_type=product&#038;p=3549"},"modified":"2025-11-29T01:56:24","modified_gmt":"2025-11-29T01:56:24","slug":"portable-insulated-food-container","status":"publish","type":"product","link":"https:\/\/pecbag.com\/pl\/portable-insulated-food-container\/","title":{"rendered":"Przeno\u015bny izolowany pojemnik na \u017cywno\u015b\u0107"},"content":{"rendered":"<h5 title=\"Sk\u0142adana torba dla psa Oddychaj\u0105ca siatkowa torba na rami\u0119 dla ma\u0142ych ps\u00f3w i kot\u00f3w\" data-immersive-translate-walked=\"1c928421-2e42-4cd3-8754-5404553c0af5\" data-immersive-translate-paragraph=\"1\" data-spm-anchor-id=\"a2700.details.0.i35.4f6757d4w4zNZA\">Przeno\u015bne izolowane pojemniki na \u017cywno\u015b\u0107 | Fabryka wodoodpornych toreb i producent plecak\u00f3w - Bulk Catering Solutions<\/h5>\n<div class=\"flex flex-grow flex-col max-w-full\">\n<div class=\"min-h-[20px] text-message flex w-full flex-col items-end gap-2 whitespace-pre-wrap break-words [.text-message+&amp;]:mt-5 overflow-x-auto\" dir=\"auto\" data-message-author-role=\"assistant\" data-message-id=\"3d7d46f6-7ec2-4222-9257-48fa0bba23c6\" data-suggestions=\"true\">\n<div class=\"flex w-full flex-col gap-1 empty:hidden first:pt-[3px]\">\n<div class=\"markdown prose w-full break-words dark:prose-invert light\">\n<table width=\"288\">\n<tbody>\n<tr>\n<td width=\"137\"><span style=\"color: #333333;\">Nazwa produktu<\/span><\/td>\n<td width=\"151\">Torba na lunch<\/td>\n<\/tr>\n<tr>\n<td><span style=\"color: #333333;\">Pozycja nr.<\/span><\/td>\n<td><span style=\"color: #333333;\">PB-2076<\/span><\/td>\n<\/tr>\n<tr>\n<td><span style=\"color: #333333;\">Materia\u0142<\/span><\/td>\n<td>Ripstop<\/td>\n<\/tr>\n<tr>\n<td><span style=\"color: #333333;\">\u00a0Rozmiar i kolor<\/span><\/td>\n<td>17 x 9 x 9 cali<\/td>\n<\/tr>\n<tr>\n<td><span style=\"color: #333333;\">\u00a0Czas dostawy<\/span><\/td>\n<td><span style=\"color: #333333;\">1-5 dni dla ma\u0142ych ilo\u015bci drog\u0105 lotnicz\u0105 i 30-35 dni dla du\u017cych ilo\u015bci drog\u0105 morsk\u0105<\/span><\/td>\n<\/tr>\n<\/tbody>\n<\/table>\n<p>Jako wiod\u0105cy chi\u0144ski producent toreb na lunch i fabryka toreb wodoodpornych, projektujemy najwy\u017cszej jako\u015bci przeno\u015bne izolowane pojemniki na \u017cywno\u015b\u0107 dla globalnych firm cateringowych. Nasza firma oferuje torby na lunch:<\/p>\n<p>\u2705 <strong>12-godzinna retencja termiczna<\/strong> z zatwierdzon\u0105 przez FDA izolacj\u0105 PEVA<br \/>\n\u2705 <strong>Wodoodporna konstrukcja IPX6<\/strong> (tkanina 600D Oxford + zgrzewane szwy)<br \/>\n\u2705 <strong>Us\u0142ugi OEM\/ODM<\/strong> dla <strong>pojemniki na lunch marki w\u0142asnej<\/strong><br \/>\n\u2705 <strong>Produkcja toreb na lunch luzem<\/strong> z 10-dniow\u0105 szybk\u0105 dostaw\u0105<\/p>\n<p>Zaufanie hurtownik\u00f3w toreb na lunch i dostawc\u00f3w us\u0142ug gastronomicznych na ca\u0142ym \u015bwiecie. Kluczowe cechy:<br \/>\n- Szczelne silikonowe uszczelki i zawiasy ze stali nierdzewnej<br \/>\n- Konstrukcja umo\u017cliwiaj\u0105ca sztaplowanie z od\u0142\u0105czanymi przegr\u00f3dkami<br \/>\n- Sk\u0142adane, aby zaoszcz\u0119dzi\u0107 miejsce podczas przechowywania\/wysy\u0142ki<\/p>\n<p><strong>Dlaczego warto wybra\u0107 nasz\u0105 fabryk\u0119 toreb na lunch?<\/strong>:<br \/>\nPonad 15 lat jako najlepsi eksporterzy toreb na lunch z Chin<br \/>\n\ud83d\udd39 Bezp\u0142atne wsparcie projektowe 3D z Twoim brandingiem<br \/>\nMateria\u0142y certyfikowane jako wolne od BPA\/SGS\/REACH<br \/>\nZni\u017cka 30% dla sprzedawc\u00f3w toreb na lunch przy zakupie ponad 3000 sztuk.<\/p>\n<p>Zam\u00f3w bezp\u0142atne pr\u00f3bki naszych izolowanych pojemnik\u00f3w na \u017cywno\u015b\u0107 lub uzyskaj natychmiastow\u0105 wycen\u0119. Dostawcy toreb na lunch ciesz\u0105 si\u0119:<br \/>\n- Us\u0142ugi OEM\/ODM dla pojemnik\u00f3w na lunch pod mark\u0105 w\u0142asn\u0105<br \/>\n- Certyfikaty bezpiecze\u0144stwa \u017cywno\u015bci dla poszczeg\u00f3lnych partii<br \/>\n- Priorytetowy przydzia\u0142 frachtu lotniczego<\/p>\n<\/div>\n<\/div>\n<\/div>\n<\/div>","protected":false},"excerpt":{"rendered":"<h2 data-immersive-translate-walked=\"344be1c1-5052-41eb-8fcd-0dbe236a0d6b\" data-immersive-translate-paragraph=\"1\">Przeno\u015bny izolowany pojemnik na \u017cywno\u015b\u0107<\/h2>\n<p>Ta torba ch\u0142odz\u0105ca ma wiele kieszeni i mo\u017ce pomie\u015bci\u0107 tak wiele butelek, puszek i nak\u0142adek. Liczne kieszenie pozwalaj\u0105 utrzyma\u0107 porz\u0105dek w torbie. Dzi\u0119ki du\u017cej pojemno\u015bci torba ch\u0142odz\u0105ca jest idealna na pikniki, kempingi, dni na pla\u017cy i weekendowe wycieczki.<\/p>","protected":false},"featured_media":3551,"template":"","meta":{"_uag_custom_page_level_css":""},"product_brand":[],"product_cat":[52,50],"product_tag":[],"class_list":{"0":"post-3549","1":"product","2":"type-product","3":"status-publish","4":"has-post-thumbnail","6":"product_cat-lunch-bag","7":"product_cat-cooler-bag","9":"first","10":"instock","11":"shipping-taxable","12":"product-type-simple"},"uagb_featured_image_src":{"full":["https:\/\/pecbag.com\/wp-content\/uploads\/2025\/05\/Portable-Insulated-Food-Container-1.jpeg",1500,1500,false],"thumbnail":["https:\/\/pecbag.com\/wp-content\/uploads\/2025\/05\/Portable-Insulated-Food-Container-1-150x150.jpeg",150,150,true],"medium":["https:\/\/pecbag.com\/wp-content\/uploads\/2025\/05\/Portable-Insulated-Food-Container-1-300x300.jpeg",300,300,true],"medium_large":["https:\/\/pecbag.com\/wp-content\/uploads\/2025\/05\/Portable-Insulated-Food-Container-1-768x768.jpeg",768,768,true],"large":["https:\/\/pecbag.com\/wp-content\/uploads\/2025\/05\/Portable-Insulated-Food-Container-1-1024x1024.jpeg",800,800,true],"1536x1536":["https:\/\/pecbag.com\/wp-content\/uploads\/2025\/05\/Portable-Insulated-Food-Container-1.jpeg",1500,1500,false],"2048x2048":["https:\/\/pecbag.com\/wp-content\/uploads\/2025\/05\/Portable-Insulated-Food-Container-1.jpeg",1500,1500,false],"trp-custom-language-flag":["https:\/\/pecbag.com\/wp-content\/uploads\/2025\/05\/Portable-Insulated-Food-Container-1-12x12.jpeg",12,12,true],"woocommerce_thumbnail":["https:\/\/pecbag.com\/wp-content\/uploads\/2025\/05\/Portable-Insulated-Food-Container-1-300x300.jpeg",300,300,true],"woocommerce_single":["https:\/\/pecbag.com\/wp-content\/uploads\/2025\/05\/Portable-Insulated-Food-Container-1-600x600.jpeg",600,600,true],"woocommerce_gallery_thumbnail":["https:\/\/pecbag.com\/wp-content\/uploads\/2025\/05\/Portable-Insulated-Food-Container-1-100x100.jpeg",100,100,true]},"uagb_author_info":{"display_name":"Lawrence","author_link":"https:\/\/pecbag.com\/pl\/author\/"},"uagb_comment_info":0,"uagb_excerpt":"Portable Insulated Food Container This cooler bag has multiple pockets and it can fit so many bottles, cans, and toppers. The multiple pockets allow you to keep the cooler bag organized. Thanks to its large capacity, the cooler bag is ideal for picnics, camping, days at the beach, and weekend trips.","_links":{"self":[{"href":"https:\/\/pecbag.com\/pl\/wp-json\/wp\/v2\/product\/3549","targetHints":{"allow":["GET"]}}],"collection":[{"href":"https:\/\/pecbag.com\/pl\/wp-json\/wp\/v2\/product"}],"about":[{"href":"https:\/\/pecbag.com\/pl\/wp-json\/wp\/v2\/types\/product"}],"wp:featuredmedia":[{"embeddable":true,"href":"https:\/\/pecbag.com\/pl\/wp-json\/wp\/v2\/media\/3551"}],"wp:attachment":[{"href":"https:\/\/pecbag.com\/pl\/wp-json\/wp\/v2\/media?parent=3549"}],"wp:term":[{"taxonomy":"product_brand","embeddable":true,"href":"https:\/\/pecbag.com\/pl\/wp-json\/wp\/v2\/product_brand?post=3549"},{"taxonomy":"product_cat","embeddable":true,"href":"https:\/\/pecbag.com\/pl\/wp-json\/wp\/v2\/product_cat?post=3549"},{"taxonomy":"product_tag","embeddable":true,"href":"https:\/\/pecbag.com\/pl\/wp-json\/wp\/v2\/product_tag?post=3549"}],"curies":[{"name":"wp","href":"https:\/\/api.w.org\/{rel}","templated":true}]}}