{"id":3556,"date":"2025-05-27T07:02:50","date_gmt":"2025-05-27T07:02:50","guid":{"rendered":"https:\/\/pecbag.com\/?post_type=product&#038;p=3556"},"modified":"2025-11-29T01:55:25","modified_gmt":"2025-11-29T01:55:25","slug":"wine-cooler-picnic-backpack","status":"publish","type":"product","link":"https:\/\/pecbag.com\/pl\/wine-cooler-picnic-backpack\/","title":{"rendered":"Plecak piknikowy na wino"},"content":{"rendered":"<h5 title=\"Sk\u0142adana torba dla psa Oddychaj\u0105ca siatkowa torba na rami\u0119 dla ma\u0142ych ps\u00f3w i kot\u00f3w\" data-immersive-translate-walked=\"1c928421-2e42-4cd3-8754-5404553c0af5\" data-immersive-translate-paragraph=\"1\" data-spm-anchor-id=\"a2700.details.0.i35.4f6757d4w4zNZA\">Plecaki piknikowe na wino | Fabryka wodoodpornych toreb i producent plecak\u00f3w - Bulk Outdoor Solutions<\/h5>\n<div class=\"flex flex-grow flex-col max-w-full\">\n<div class=\"min-h-[20px] text-message flex w-full flex-col items-end gap-2 whitespace-pre-wrap break-words [.text-message+&amp;]:mt-5 overflow-x-auto\" dir=\"auto\" data-message-author-role=\"assistant\" data-message-id=\"3d7d46f6-7ec2-4222-9257-48fa0bba23c6\" data-suggestions=\"true\">\n<div class=\"flex w-full flex-col gap-1 empty:hidden first:pt-[3px]\">\n<div class=\"markdown prose w-full break-words dark:prose-invert light\">\n<table style=\"height: 233px;\" width=\"288\">\n<tbody>\n<tr>\n<td width=\"137\"><span style=\"color: #333333;\">Nazwa produktu<\/span><\/td>\n<td width=\"151\">Torba na lunch<\/td>\n<\/tr>\n<tr>\n<td><span style=\"color: #333333;\">Pozycja nr.<\/span><\/td>\n<td><span style=\"color: #333333;\">PB-2077<\/span><\/td>\n<\/tr>\n<tr>\n<td><span style=\"color: #333333;\">Materia\u0142<\/span><\/td>\n<td>P\u0142atek \u015bniegu<\/td>\n<\/tr>\n<tr>\n<td><span style=\"color: #333333;\">Wymiary<\/span><\/td>\n<td>17,32 x 14,13 x 7,48 cala<\/td>\n<\/tr>\n<tr>\n<td><span style=\"color: #333333;\">\u00a0Czas dostawy<\/span><\/td>\n<td><span style=\"color: #333333;\">1-5 dni dla ma\u0142ych ilo\u015bci drog\u0105 lotnicz\u0105 i 30-35 dni dla du\u017cych ilo\u015bci drog\u0105 morsk\u0105<\/span><\/td>\n<\/tr>\n<\/tbody>\n<\/table>\n<p>Jako wiod\u0105cy chi\u0144ski producent toreb na lunch i fabryka toreb wodoodpornych, tworzymy wysokiej jako\u015bci plecaki piknikowe do lod\u00f3wek na wino dla globalnych marek hotelarskich. Nasza firma oferuje torby na lunch:<\/p>\n<p>\u2705 <strong>Pojemno\u015b\u0107 6 butelek<\/strong> z 24-godzinn\u0105 izolacj\u0105 (podszewka PEVA zatwierdzona przez FDA)<br \/>\n\u2705 <strong>Wodoodporna konstrukcja IPX4<\/strong> (600D poliester + zgrzewane szwy)<br \/>\n\u2705 <strong>Us\u0142ugi OEM\/ODM<\/strong> dla <strong>torby na lunch marki w\u0142asnej<\/strong><br \/>\n\u2705 <strong>Produkcja toreb na lunch luzem<\/strong> z 12-dniow\u0105 szybk\u0105 dostaw\u0105<\/p>\n<p>Zaufanie hurtownik\u00f3w toreb na lunch i dystrybutor\u00f3w wina na ca\u0142ym \u015bwiecie. Kluczowe cechy:<br \/>\n- Wbudowany otwieracz do wina i uchwyty na kieliszki<br \/>\n- Regulowane paski na rami\u0119 i antypo\u015blizgowa podstawa<br \/>\n- Sk\u0142adany system przegr\u00f3dek do ochrony wielu butelek<\/p>\n<p><strong>Dlaczego warto wsp\u00f3\u0142pracowa\u0107 z nasz\u0105 fabryk\u0105 toreb na lunch?<\/strong>:<br \/>\nPonad 15 lat jako najlepsi eksporterzy toreb na lunch z Chin<br \/>\nBezp\u0142atny projekt 3D z Twoim brandingiem<br \/>\nMateria\u0142y certyfikowane jako wolne od BPA\/SGS\/REACH<br \/>\nZni\u017cka 25% dla sprzedawc\u00f3w toreb na lunch przy zakupie ponad 2500 sztuk.<\/p>\n<p>Zam\u00f3w bezp\u0142atne pr\u00f3bki naszych plecak\u00f3w na wino lub uzyskaj natychmiastow\u0105 wycen\u0119. Dostawcy toreb na lunch ciesz\u0105 si\u0119:<br \/>\n- Niestandardowe MOQ<br \/>\n- Raporty dotycz\u0105ce bezpiecze\u0144stwa \u017cywno\u015bci dla poszczeg\u00f3lnych partii<br \/>\n- Priorytetowy przydzia\u0142 \u0142adunk\u00f3w lotniczych\/morskich<\/p>\n<\/div>\n<\/div>\n<\/div>\n<\/div>","protected":false},"excerpt":{"rendered":"<h2 data-immersive-translate-walked=\"344be1c1-5052-41eb-8fcd-0dbe236a0d6b\" data-immersive-translate-paragraph=\"1\">Plecak piknikowy na wino<\/h2>\n<p>Izolowana komora g\u0142\u00f3wna - izolowana podszewka oznacza, \u017ce gor\u0105ce potrawy pozostaj\u0105 gor\u0105ce, a zimne potrawy pozostaj\u0105 ch\u0142odne.<\/p>\n<p>\u015awie\u017ce owoce, pyszne jedzenie, smaczne desery i napoje pozostan\u0105 w odpowiedniej temperaturze do momentu dotarcia do miejsca docelowego.<\/p>\n<p>\u017baden inny kosz piknikowy nie ma tak du\u017cej, w pe\u0142ni izolowanej komory g\u0142\u00f3wnej jak nasz!<\/p>","protected":false},"featured_media":3558,"template":"","meta":{"_uag_custom_page_level_css":""},"product_brand":[],"product_cat":[52,50],"product_tag":[],"class_list":{"0":"post-3556","1":"product","2":"type-product","3":"status-publish","4":"has-post-thumbnail","6":"product_cat-lunch-bag","7":"product_cat-cooler-bag","9":"first","10":"instock","11":"shipping-taxable","12":"product-type-simple"},"uagb_featured_image_src":{"full":["https:\/\/pecbag.com\/wp-content\/uploads\/2025\/05\/Wine-Cooler-Picnic-Backpack-5.jpeg",800,800,false],"thumbnail":["https:\/\/pecbag.com\/wp-content\/uploads\/2025\/05\/Wine-Cooler-Picnic-Backpack-5-150x150.jpeg",150,150,true],"medium":["https:\/\/pecbag.com\/wp-content\/uploads\/2025\/05\/Wine-Cooler-Picnic-Backpack-5-300x300.jpeg",300,300,true],"medium_large":["https:\/\/pecbag.com\/wp-content\/uploads\/2025\/05\/Wine-Cooler-Picnic-Backpack-5-768x768.jpeg",768,768,true],"large":["https:\/\/pecbag.com\/wp-content\/uploads\/2025\/05\/Wine-Cooler-Picnic-Backpack-5.jpeg",800,800,false],"1536x1536":["https:\/\/pecbag.com\/wp-content\/uploads\/2025\/05\/Wine-Cooler-Picnic-Backpack-5.jpeg",800,800,false],"2048x2048":["https:\/\/pecbag.com\/wp-content\/uploads\/2025\/05\/Wine-Cooler-Picnic-Backpack-5.jpeg",800,800,false],"trp-custom-language-flag":["https:\/\/pecbag.com\/wp-content\/uploads\/2025\/05\/Wine-Cooler-Picnic-Backpack-5-12x12.jpeg",12,12,true],"woocommerce_thumbnail":["https:\/\/pecbag.com\/wp-content\/uploads\/2025\/05\/Wine-Cooler-Picnic-Backpack-5-300x300.jpeg",300,300,true],"woocommerce_single":["https:\/\/pecbag.com\/wp-content\/uploads\/2025\/05\/Wine-Cooler-Picnic-Backpack-5-600x600.jpeg",600,600,true],"woocommerce_gallery_thumbnail":["https:\/\/pecbag.com\/wp-content\/uploads\/2025\/05\/Wine-Cooler-Picnic-Backpack-5-100x100.jpeg",100,100,true]},"uagb_author_info":{"display_name":"Lawrence","author_link":"https:\/\/pecbag.com\/pl\/author\/"},"uagb_comment_info":0,"uagb_excerpt":"Wine Cooler Picnic Backpack Insulated Main Compartment - Insulated lining means your hot foods stay hot, and your cold foods stay cool. Your fresh fruits, delicious foods, tasty desserts, and beverages will stay at the correct temperature until you arrive at your destination. No other picnic basket features a fully insulated main compartment as large&hellip;","_links":{"self":[{"href":"https:\/\/pecbag.com\/pl\/wp-json\/wp\/v2\/product\/3556","targetHints":{"allow":["GET"]}}],"collection":[{"href":"https:\/\/pecbag.com\/pl\/wp-json\/wp\/v2\/product"}],"about":[{"href":"https:\/\/pecbag.com\/pl\/wp-json\/wp\/v2\/types\/product"}],"wp:featuredmedia":[{"embeddable":true,"href":"https:\/\/pecbag.com\/pl\/wp-json\/wp\/v2\/media\/3558"}],"wp:attachment":[{"href":"https:\/\/pecbag.com\/pl\/wp-json\/wp\/v2\/media?parent=3556"}],"wp:term":[{"taxonomy":"product_brand","embeddable":true,"href":"https:\/\/pecbag.com\/pl\/wp-json\/wp\/v2\/product_brand?post=3556"},{"taxonomy":"product_cat","embeddable":true,"href":"https:\/\/pecbag.com\/pl\/wp-json\/wp\/v2\/product_cat?post=3556"},{"taxonomy":"product_tag","embeddable":true,"href":"https:\/\/pecbag.com\/pl\/wp-json\/wp\/v2\/product_tag?post=3556"}],"curies":[{"name":"wp","href":"https:\/\/api.w.org\/{rel}","templated":true}]}}