{"id":3594,"date":"2025-05-27T08:57:44","date_gmt":"2025-05-27T08:57:44","guid":{"rendered":"https:\/\/pecbag.com\/?post_type=product&#038;p=3594"},"modified":"2025-11-29T01:55:15","modified_gmt":"2025-11-29T01:55:15","slug":"new-design-multi-functional-messenger-bag","status":"publish","type":"product","link":"https:\/\/pecbag.com\/pl\/new-design-multi-functional-messenger-bag\/","title":{"rendered":"Wielofunkcyjna torba kurierska New Design"},"content":{"rendered":"<h5 title=\"Sk\u0142adana torba dla psa Oddychaj\u0105ca siatkowa torba na rami\u0119 dla ma\u0142ych ps\u00f3w i kot\u00f3w\" data-immersive-translate-walked=\"1c928421-2e42-4cd3-8754-5404553c0af5\" data-immersive-translate-paragraph=\"1\" data-spm-anchor-id=\"a2700.details.0.i35.4f6757d4w4zNZA\">Nowy projekt wielofunkcyjnych toreb kurierskich | Fabryka wodoodpornych toreb i producent plecak\u00f3w - Bulk Corporate Solutions<\/h5>\n<div class=\"flex flex-grow flex-col max-w-full\">\n<div class=\"min-h-[20px] text-message flex w-full flex-col items-end gap-2 whitespace-pre-wrap break-words [.text-message+&amp;]:mt-5 overflow-x-auto\" dir=\"auto\" data-message-author-role=\"assistant\" data-message-id=\"3d7d46f6-7ec2-4222-9257-48fa0bba23c6\" data-suggestions=\"true\">\n<div class=\"flex w-full flex-col gap-1 empty:hidden first:pt-[3px]\">\n<div class=\"markdown prose w-full break-words dark:prose-invert light\">\n<table width=\"288\">\n<tbody>\n<tr>\n<td width=\"137\"><span style=\"color: #333333;\">Nazwa produktu<\/span><\/td>\n<td width=\"151\">Torba kurierska<\/td>\n<\/tr>\n<tr>\n<td><span style=\"color: #333333;\">Pozycja nr.<\/span><\/td>\n<td><span style=\"color: #333333;\">PB-2079<\/span><\/td>\n<\/tr>\n<tr>\n<td><span style=\"color: #333333;\">Materia\u0142<\/span><\/td>\n<td>Plandeka<\/td>\n<\/tr>\n<tr>\n<td><span style=\"color: #333333;\">Rozmiar<\/span><\/td>\n<td>13 x 7 x 25 cm<\/td>\n<\/tr>\n<tr>\n<td><span style=\"color: #333333;\">\u00a0Czas dostawy<\/span><\/td>\n<td><span style=\"color: #333333;\">1-5 dni dla ma\u0142ych ilo\u015bci drog\u0105 lotnicz\u0105 i 30-35 dni dla du\u017cych ilo\u015bci drog\u0105 morsk\u0105<\/span><\/td>\n<\/tr>\n<\/tbody>\n<\/table>\n<p>Jako wiod\u0105cy chi\u0144ski producent toreb kurierskich i fabryka toreb wodoodpornych, wprowadzamy innowacyjne, wielofunkcyjne torby kurierskie dla globalnych profesjonalist\u00f3w biznesowych. Nasza firma oferuje torby kurierskie:<\/p>\n<p>\u2705 <strong>Wodoodporna konstrukcja IPX5<\/strong> (600D poliester z recyklingu + zgrzewane szwy)<br \/>\n\u2705 <strong>Konstrukcje konwertowalne<\/strong> (tryby plecak\/naramiennik\/kierowca)<br \/>\n\u2705 <strong>Us\u0142ugi OEM\/ODM<\/strong> dla <strong>torby kurierskie marki w\u0142asnej<\/strong><br \/>\n\u2705 <strong>Produkcja toreb kurierskich luzem<\/strong> z 10-dniow\u0105 dostaw\u0105<\/p>\n<p>Zaufanie hurtownik\u00f3w toreb kurierskich i firm z listy Fortune 500. Kluczowe cechy:<br \/>\n- Przegr\u00f3dki blokuj\u0105ce RFID i ukryte kieszenie antykradzie\u017cowe<br \/>\n- Od\u0142\u0105czany organizer z portem USB do \u0142adowania<br \/>\n- Ergonomiczny panel tylny z przep\u0142ywem powietrza i pasek na baga\u017c<\/p>\n<p><strong>Dlaczego warto wybra\u0107 nasz\u0105 fabryk\u0119 toreb kurierskich?<\/strong>:<br \/>\nPonad 15 lat jako najlepsi eksporterzy toreb kurierskich z Chin<br \/>\nBezp\u0142atny projekt 3D z Twoim logo \/ schematem kolor\u00f3w<br \/>\nZr\u00f3wnowa\u017cone materia\u0142y z certyfikatem OEKO-Tex\/SGS<br \/>\nZni\u017cka 25% dla sprzedawc\u00f3w toreb kurierskich na ponad 2500 sztuk<\/p>\n<p>Zam\u00f3w bezp\u0142atne pr\u00f3bki naszych wielofunkcyjnych toreb kurierskich lub uzyskaj natychmiastow\u0105 wycen\u0119. Dostawcy toreb kurierskich otrzymuj\u0105:<br \/>\n- Niestandardowe MOQ<br \/>\n- Raporty z test\u00f3w \u015bcieralno\u015bci dla poszczeg\u00f3lnych partii<br \/>\n- Priorytetowy przydzia\u0142 \u0142adunk\u00f3w lotniczych\/morskich<\/p>\n<\/div>\n<\/div>\n<\/div>\n<\/div>","protected":false},"excerpt":{"rendered":"<h2 data-immersive-translate-walked=\"344be1c1-5052-41eb-8fcd-0dbe236a0d6b\" data-immersive-translate-paragraph=\"1\">Wielofunkcyjna torba kurierska New Design<\/h2>\n<div class=\"sliderTable mt10 mb10 sliderTable-index0\">\n<div class=\"inner\">\n<p><strong>1. Du\u017ca przestrze\u0144 do przechowywania:\u00a0<\/strong>G\u0142\u00f3wna kiesze\u0144 ma wbudowan\u0105 przegrod\u0119 na suwak do wygodnego przechowywania przedmiot\u00f3w. Przednia kiesze\u0144 na suwak jest wygodniejsza do przenoszenia rzeczy, spe\u0142niaj\u0105c codzienne potrzeby podr\u00f3\u017cne.<\/p>\n<p><strong>2. Wodoodporno\u015b\u0107:<\/strong>\u00a0Wodoodporna tkanina z laminowanym wodoodpornym zamkiem b\u0142yskawicznym mo\u017ce skutecznie blokowa\u0107 rozpryski deszczu. Doskona\u0142e materia\u0142y mog\u0105 zapewni\u0107 bezpieczne \u015brodowisko dla przedmiot\u00f3w w deszczowe dni.<\/p>\n<p><strong>3. \u0141atwe prze\u0142\u0105czanie scen:<\/strong> Mo\u017ce by\u0107 u\u017cywana jako torba przednia i torba tr\u00f3jk\u0105tna z ram\u0105 poprzeczn\u0105. W zestawie znajduj\u0105 si\u0119 odpinane paski na rami\u0119, kt\u00f3re mo\u017cna zamieni\u0107 na torby kurierskie, torby na klatk\u0119 piersiow\u0105, torebki i torby biodrowe w dowolnym miejscu i czasie.<\/p>\n<\/div>\n<\/div>","protected":false},"featured_media":3595,"template":"","meta":{"_uag_custom_page_level_css":""},"product_brand":[],"product_cat":[65,48,62],"product_tag":[],"class_list":{"0":"post-3594","1":"product","2":"type-product","3":"status-publish","4":"has-post-thumbnail","6":"product_cat-messenger-bag","7":"product_cat-bike-bag","8":"product_cat-crossbody-bags","10":"first","11":"instock","12":"shipping-taxable","13":"product-type-simple"},"uagb_featured_image_src":{"full":["https:\/\/pecbag.com\/wp-content\/uploads\/2025\/05\/New-Design-Multi-functional-Messenger-Bag-3.jpeg",1000,1000,false],"thumbnail":["https:\/\/pecbag.com\/wp-content\/uploads\/2025\/05\/New-Design-Multi-functional-Messenger-Bag-3-150x150.jpeg",150,150,true],"medium":["https:\/\/pecbag.com\/wp-content\/uploads\/2025\/05\/New-Design-Multi-functional-Messenger-Bag-3-300x300.jpeg",300,300,true],"medium_large":["https:\/\/pecbag.com\/wp-content\/uploads\/2025\/05\/New-Design-Multi-functional-Messenger-Bag-3-768x768.jpeg",768,768,true],"large":["https:\/\/pecbag.com\/wp-content\/uploads\/2025\/05\/New-Design-Multi-functional-Messenger-Bag-3.jpeg",800,800,false],"1536x1536":["https:\/\/pecbag.com\/wp-content\/uploads\/2025\/05\/New-Design-Multi-functional-Messenger-Bag-3.jpeg",1000,1000,false],"2048x2048":["https:\/\/pecbag.com\/wp-content\/uploads\/2025\/05\/New-Design-Multi-functional-Messenger-Bag-3.jpeg",1000,1000,false],"trp-custom-language-flag":["https:\/\/pecbag.com\/wp-content\/uploads\/2025\/05\/New-Design-Multi-functional-Messenger-Bag-3-12x12.jpeg",12,12,true],"woocommerce_thumbnail":["https:\/\/pecbag.com\/wp-content\/uploads\/2025\/05\/New-Design-Multi-functional-Messenger-Bag-3-300x300.jpeg",300,300,true],"woocommerce_single":["https:\/\/pecbag.com\/wp-content\/uploads\/2025\/05\/New-Design-Multi-functional-Messenger-Bag-3-600x600.jpeg",600,600,true],"woocommerce_gallery_thumbnail":["https:\/\/pecbag.com\/wp-content\/uploads\/2025\/05\/New-Design-Multi-functional-Messenger-Bag-3-100x100.jpeg",100,100,true]},"uagb_author_info":{"display_name":"Lawrence","author_link":"https:\/\/pecbag.com\/pl\/author\/"},"uagb_comment_info":0,"uagb_excerpt":"New Design Multi-functional Messenger Bag 1. Large Storage Space:\u00a0The main pocket has a built-in zipper compartment for convenient storage of items. And the front zipper pocket is more convenient to get things, meeting daily travel needs. 2. Waterproof:\u00a0Water-resistant fabric, with laminated waterproof zipper, can effectively block rain splashes. Excellent materials can provide a safe environment&hellip;","_links":{"self":[{"href":"https:\/\/pecbag.com\/pl\/wp-json\/wp\/v2\/product\/3594","targetHints":{"allow":["GET"]}}],"collection":[{"href":"https:\/\/pecbag.com\/pl\/wp-json\/wp\/v2\/product"}],"about":[{"href":"https:\/\/pecbag.com\/pl\/wp-json\/wp\/v2\/types\/product"}],"wp:featuredmedia":[{"embeddable":true,"href":"https:\/\/pecbag.com\/pl\/wp-json\/wp\/v2\/media\/3595"}],"wp:attachment":[{"href":"https:\/\/pecbag.com\/pl\/wp-json\/wp\/v2\/media?parent=3594"}],"wp:term":[{"taxonomy":"product_brand","embeddable":true,"href":"https:\/\/pecbag.com\/pl\/wp-json\/wp\/v2\/product_brand?post=3594"},{"taxonomy":"product_cat","embeddable":true,"href":"https:\/\/pecbag.com\/pl\/wp-json\/wp\/v2\/product_cat?post=3594"},{"taxonomy":"product_tag","embeddable":true,"href":"https:\/\/pecbag.com\/pl\/wp-json\/wp\/v2\/product_tag?post=3594"}],"curies":[{"name":"wp","href":"https:\/\/api.w.org\/{rel}","templated":true}]}}