{"id":3603,"date":"2025-05-27T09:08:08","date_gmt":"2025-05-27T09:08:08","guid":{"rendered":"https:\/\/pecbag.com\/?post_type=product&#038;p=3603"},"modified":"2025-11-29T01:55:10","modified_gmt":"2025-11-29T01:55:10","slug":"outdoor-bike-waist-messenger-bag","status":"publish","type":"product","link":"https:\/\/pecbag.com\/pl\/outdoor-bike-waist-messenger-bag\/","title":{"rendered":"Outdoorowa rowerowa torba biodrowa"},"content":{"rendered":"<h5 title=\"Sk\u0142adana torba dla psa Oddychaj\u0105ca siatkowa torba na rami\u0119 dla ma\u0142ych ps\u00f3w i kot\u00f3w\" data-immersive-translate-walked=\"1c928421-2e42-4cd3-8754-5404553c0af5\" data-immersive-translate-paragraph=\"1\" data-spm-anchor-id=\"a2700.details.0.i35.4f6757d4w4zNZA\">Outdoor Bike Waist Messenger Bags | Fabryka wodoodpornych toreb i producent plecak\u00f3w - Bulk Cycling Solutions<\/h5>\n<div class=\"flex flex-grow flex-col max-w-full\">\n<div class=\"min-h-[20px] text-message flex w-full flex-col items-end gap-2 whitespace-pre-wrap break-words [.text-message+&amp;]:mt-5 overflow-x-auto\" dir=\"auto\" data-message-author-role=\"assistant\" data-message-id=\"3d7d46f6-7ec2-4222-9257-48fa0bba23c6\" data-suggestions=\"true\">\n<div class=\"flex w-full flex-col gap-1 empty:hidden first:pt-[3px]\">\n<div class=\"markdown prose w-full break-words dark:prose-invert light\">\n<table width=\"288\">\n<tbody>\n<tr>\n<td width=\"137\"><span style=\"color: #333333;\">Nazwa produktu<\/span><\/td>\n<td width=\"151\">Torba kurierska<\/td>\n<\/tr>\n<tr>\n<td><span style=\"color: #333333;\">Pozycja nr.<\/span><\/td>\n<td><span style=\"color: #333333;\">PB-2080<\/span><\/td>\n<\/tr>\n<tr>\n<td><span style=\"color: #333333;\">Materia\u0142<\/span><\/td>\n<td>600D poliester z p\u0142atkami \u015bniegu<\/td>\n<\/tr>\n<tr>\n<td><span style=\"color: #333333;\">Rozmiar<\/span><\/td>\n<td>35 x 10 x 16 cm<\/td>\n<\/tr>\n<tr>\n<td><span style=\"color: #333333;\">\u00a0Czas dostawy<\/span><\/td>\n<td><span style=\"color: #333333;\">1-5 dni dla ma\u0142ych ilo\u015bci drog\u0105 lotnicz\u0105 i 30-35 dni dla du\u017cych ilo\u015bci drog\u0105 morsk\u0105<\/span><\/td>\n<\/tr>\n<\/tbody>\n<\/table>\n<p>Jako wiod\u0105cy chi\u0144ski producent toreb kurierskich i fabryka toreb wodoodpornych, projektujemy wytrzyma\u0142e torby kurierskie na rower dla \u015bwiatowych marek rowerowych. Nasza firma dostarcza torby kurierskie:<\/p>\n<p>\u2705 <strong>Wodoodporna konstrukcja IPX6<\/strong> (nylon 500D + zgrzewanie bezszwowe)<br \/>\n\u2705 <strong>Paski odblaskowe 360<\/strong> i pas biodrowy zapobiegaj\u0105cy ko\u0142ysaniu<br \/>\n\u2705 <strong>Us\u0142ugi OEM\/ODM<\/strong> dla <strong>torby kurierskie marki w\u0142asnej<\/strong><br \/>\n\u2705 <strong>Produkcja toreb kurierskich luzem<\/strong> z 12-dniow\u0105 szybk\u0105 dostaw\u0105<\/p>\n<p>Zaufana przez hurtownik\u00f3w toreb kurierskich i rowerzyst\u00f3w miejskich na ca\u0142ym \u015bwiecie. Kluczowe cechy:<br \/>\n- Beznarz\u0119dziowy system szybkiego monta\u017cu do ram rowerowych<br \/>\n- Kompatybilny z buk\u0142akiem + okienko dotykowe na telefon<br \/>\n- Mo\u017cliwo\u015b\u0107 rozszerzenia pojemno\u015bci z 5L do 15L<\/p>\n<p><strong>Dlaczego warto wsp\u00f3\u0142pracowa\u0107 z nasz\u0105 fabryk\u0105 toreb kurierskich?<\/strong>:<br \/>\nPonad 10 lat jako najlepsi eksporterzy toreb kurierskich z Chin<br \/>\nBezp\u0142atne rysunki techniczne 3D z Twoim brandingiem<br \/>\nMateria\u0142y z certyfikatem OEKO-Tex i odporne na \u015bcieranie<br \/>\nZni\u017cka 30% dla sprzedawc\u00f3w toreb kurierskich na ponad 3000 sztuk<\/p>\n<p>Zam\u00f3w bezp\u0142atne pr\u00f3bki naszych toreb rowerowych lub otrzymaj natychmiastow\u0105 wycen\u0119. Dostawcy toreb kurierskich ciesz\u0105 si\u0119:<br \/>\n- Niestandardowe MOQ<br \/>\n- Raporty z test\u00f3w wodoodporno\u015bci dla poszczeg\u00f3lnych partii<br \/>\n- Priorytetowy przydzia\u0142 \u0142adunk\u00f3w lotniczych\/morskich<\/p>\n<\/div>\n<\/div>\n<\/div>\n<\/div>","protected":false},"excerpt":{"rendered":"<h2 data-immersive-translate-walked=\"344be1c1-5052-41eb-8fcd-0dbe236a0d6b\" data-immersive-translate-paragraph=\"1\">Outdoorowa rowerowa torba biodrowa<\/h2>\n<div class=\"sliderTable mt10 mb10 sliderTable-index0\">\n<div class=\"inner\">\n<p><strong>1. Uniwersalna torba na kierownic\u0119 rowerow\u0105.<\/strong>\u00a0Ta torba z regulowanym paskiem mo\u017ce by\u0107 r\u00f3wnie\u017c u\u017cywana jako torba na g\u00f3rn\u0105 rur\u0119 roweru, torba na rami\u0119, torba na tali\u0119 i torba kurierska. Mo\u017cna j\u0105 zawiesi\u0107 na kierownicy. Odpowiedni rozmiar dla wi\u0119kszo\u015bci os\u00f3b.<\/p>\n<p><strong>2. Por\u0119czny projekt konstrukcyjny.\u00a0<\/strong>Torba posiada jedn\u0105 g\u0142\u00f3wn\u0105 kiesze\u0144 zapinan\u0105 na suwak z wewn\u0119trzn\u0105 kieszeni\u0105 z siatki, kt\u00f3ra mo\u017ce pomie\u015bci\u0107 butelk\u0119 piwa lub iPada mini; jedn\u0105 przedni\u0105 kiesze\u0144 zapinan\u0105 na suwak i dwie boczne kieszenie zapinane na suwak do przenoszenia ma\u0142ych przedmiot\u00f3w lub gad\u017cet\u00f3w, ma\u0142ego urz\u0105dzenia GPS, materia\u0142\u00f3w medycznych, ma\u0142ych narz\u0119dzi itp.<\/p>\n<\/div>\n<\/div>","protected":false},"featured_media":3609,"template":"","meta":{"_uag_custom_page_level_css":""},"product_brand":[],"product_cat":[65,48,64],"product_tag":[],"class_list":{"0":"post-3603","1":"product","2":"type-product","3":"status-publish","4":"has-post-thumbnail","6":"product_cat-messenger-bag","7":"product_cat-bike-bag","8":"product_cat-shoulder-bag","10":"first","11":"instock","12":"shipping-taxable","13":"product-type-simple"},"uagb_featured_image_src":{"full":["https:\/\/pecbag.com\/wp-content\/uploads\/2025\/05\/Outdoor-Bike-Waist-Messenger-Bag-3.jpeg",933,1063,false],"thumbnail":["https:\/\/pecbag.com\/wp-content\/uploads\/2025\/05\/Outdoor-Bike-Waist-Messenger-Bag-3-150x150.jpeg",150,150,true],"medium":["https:\/\/pecbag.com\/wp-content\/uploads\/2025\/05\/Outdoor-Bike-Waist-Messenger-Bag-3-263x300.jpeg",263,300,true],"medium_large":["https:\/\/pecbag.com\/wp-content\/uploads\/2025\/05\/Outdoor-Bike-Waist-Messenger-Bag-3-768x875.jpeg",768,875,true],"large":["https:\/\/pecbag.com\/wp-content\/uploads\/2025\/05\/Outdoor-Bike-Waist-Messenger-Bag-3-899x1024.jpeg",800,911,true],"1536x1536":["https:\/\/pecbag.com\/wp-content\/uploads\/2025\/05\/Outdoor-Bike-Waist-Messenger-Bag-3.jpeg",933,1063,false],"2048x2048":["https:\/\/pecbag.com\/wp-content\/uploads\/2025\/05\/Outdoor-Bike-Waist-Messenger-Bag-3.jpeg",933,1063,false],"trp-custom-language-flag":["https:\/\/pecbag.com\/wp-content\/uploads\/2025\/05\/Outdoor-Bike-Waist-Messenger-Bag-3-11x12.jpeg",11,12,true],"woocommerce_thumbnail":["https:\/\/pecbag.com\/wp-content\/uploads\/2025\/05\/Outdoor-Bike-Waist-Messenger-Bag-3-300x300.jpeg",300,300,true],"woocommerce_single":["https:\/\/pecbag.com\/wp-content\/uploads\/2025\/05\/Outdoor-Bike-Waist-Messenger-Bag-3-600x684.jpeg",600,684,true],"woocommerce_gallery_thumbnail":["https:\/\/pecbag.com\/wp-content\/uploads\/2025\/05\/Outdoor-Bike-Waist-Messenger-Bag-3-100x100.jpeg",100,100,true]},"uagb_author_info":{"display_name":"Lawrence","author_link":"https:\/\/pecbag.com\/pl\/author\/"},"uagb_comment_info":0,"uagb_excerpt":"Outdoor Bike Waist Messenger Bag 1. Multi-purpose Bike Handlebar Bag.\u00a0This bag with adjustable strap can also be used as bike top tube bag, shoulder bag, waist bag and messenger bag. Hang it on handlebar. Appropriate size fits for most people. 2. Handy Construction Design.\u00a0This bag has one main zipper pocket with inside mesh pocket which&hellip;","_links":{"self":[{"href":"https:\/\/pecbag.com\/pl\/wp-json\/wp\/v2\/product\/3603","targetHints":{"allow":["GET"]}}],"collection":[{"href":"https:\/\/pecbag.com\/pl\/wp-json\/wp\/v2\/product"}],"about":[{"href":"https:\/\/pecbag.com\/pl\/wp-json\/wp\/v2\/types\/product"}],"wp:featuredmedia":[{"embeddable":true,"href":"https:\/\/pecbag.com\/pl\/wp-json\/wp\/v2\/media\/3609"}],"wp:attachment":[{"href":"https:\/\/pecbag.com\/pl\/wp-json\/wp\/v2\/media?parent=3603"}],"wp:term":[{"taxonomy":"product_brand","embeddable":true,"href":"https:\/\/pecbag.com\/pl\/wp-json\/wp\/v2\/product_brand?post=3603"},{"taxonomy":"product_cat","embeddable":true,"href":"https:\/\/pecbag.com\/pl\/wp-json\/wp\/v2\/product_cat?post=3603"},{"taxonomy":"product_tag","embeddable":true,"href":"https:\/\/pecbag.com\/pl\/wp-json\/wp\/v2\/product_tag?post=3603"}],"curies":[{"name":"wp","href":"https:\/\/api.w.org\/{rel}","templated":true}]}}