{"id":3618,"date":"2025-05-27T09:15:00","date_gmt":"2025-05-27T09:15:00","guid":{"rendered":"https:\/\/pecbag.com\/?post_type=product&#038;p=3618"},"modified":"2025-11-29T01:54:58","modified_gmt":"2025-11-29T01:54:58","slug":"laptop-business-messenger-bag","status":"publish","type":"product","link":"https:\/\/pecbag.com\/pl\/laptop-business-messenger-bag\/","title":{"rendered":"Biznesowa torba kurierska na laptopa"},"content":{"rendered":"<h5 title=\"Sk\u0142adana torba dla psa Oddychaj\u0105ca siatkowa torba na rami\u0119 dla ma\u0142ych ps\u00f3w i kot\u00f3w\" data-immersive-translate-walked=\"1c928421-2e42-4cd3-8754-5404553c0af5\" data-immersive-translate-paragraph=\"1\" data-spm-anchor-id=\"a2700.details.0.i35.4f6757d4w4zNZA\">Torby biznesowe na laptopa | Fabryka wodoodpornych toreb i producent plecak\u00f3w - Bulk Corporate Solutions<\/h5>\n<div class=\"flex flex-grow flex-col max-w-full\">\n<div class=\"min-h-[20px] text-message flex w-full flex-col items-end gap-2 whitespace-pre-wrap break-words [.text-message+&amp;]:mt-5 overflow-x-auto\" dir=\"auto\" data-message-author-role=\"assistant\" data-message-id=\"3d7d46f6-7ec2-4222-9257-48fa0bba23c6\" data-suggestions=\"true\">\n<div class=\"flex w-full flex-col gap-1 empty:hidden first:pt-[3px]\">\n<div class=\"markdown prose w-full break-words dark:prose-invert light\">\n<table width=\"288\">\n<tbody>\n<tr>\n<td width=\"137\"><span style=\"color: #333333;\">Nazwa produktu<\/span><\/td>\n<td width=\"151\">Torba kurierska<\/td>\n<\/tr>\n<tr>\n<td><span style=\"color: #333333;\">Pozycja nr.<\/span><\/td>\n<td><span style=\"color: #333333;\">PB-2081<\/span><\/td>\n<\/tr>\n<tr>\n<td><span style=\"color: #333333;\">Materia\u0142<\/span><\/td>\n<td>600D poliester<\/td>\n<\/tr>\n<tr>\n<td><span style=\"color: #333333;\">Rozmiar<\/span><\/td>\n<td>17 x 6,3 x 13,4 cala<\/td>\n<\/tr>\n<tr>\n<td><span style=\"color: #333333;\">\u00a0Czas dostawy<\/span><\/td>\n<td><span style=\"color: #333333;\">1-5 dni dla ma\u0142ych ilo\u015bci drog\u0105 lotnicz\u0105 i 30-35 dni dla du\u017cych ilo\u015bci drog\u0105 morsk\u0105<\/span><\/td>\n<\/tr>\n<\/tbody>\n<\/table>\n<p>Jako wiod\u0105cy chi\u0144ski producent toreb kurierskich i fabryka toreb wodoodpornych, tworzymy profesjonalne torby kurierskie na laptopa dla globalnych przedsi\u0119biorstw. Nasza firma oferuje torby kurierskie:<\/p>\n<p>\u2705 <strong>Wodoodporno\u015b\u0107 IPX5<\/strong> (600D poliester + zgrzewane szwy)<br \/>\n\u2705 <strong>Komora na laptopa do 17\u2033<\/strong> z wy\u015bci\u00f3\u0142k\u0105 przeciwwstrz\u0105sow\u0105<br \/>\n\u2705 <strong>Us\u0142ugi OEM\/ODM<\/strong> dla <strong>torby kurierskie marki w\u0142asnej<\/strong><br \/>\n\u2705 <strong>Produkcja toreb kurierskich luzem<\/strong> z 10-dniow\u0105 dostaw\u0105<\/p>\n<p>Zaufanie hurtownik\u00f3w toreb kurierskich i firm z listy Fortune 500. Kluczowe cechy:<br \/>\n- Kieszenie blokuj\u0105ce RFID i ukryte zamki b\u0142yskawiczne zapobiegaj\u0105ce kradzie\u017cy<br \/>\n- Odpinany pasek na rami\u0119 i pokrowiec na w\u00f3zek baga\u017cowy<br \/>\n- Szybko dost\u0119pny organizer techniczny z portem USB<\/p>\n<p><strong>Dlaczego warto wybra\u0107 nasz\u0105 fabryk\u0119 toreb kurierskich?<\/strong>:<br \/>\nPonad 15 lat jako najlepsi eksporterzy toreb kurierskich z Chin<br \/>\nBezp\u0142atny projekt 3D z firmowym brandingiem<br \/>\nMateria\u0142y z certyfikatem OEKO-Tex i odporne na \u015bcieranie<br \/>\nZni\u017cka 25% dla sprzedawc\u00f3w toreb kurierskich na ponad 2500 sztuk<\/p>\n<p>Zam\u00f3w bezp\u0142atne pr\u00f3bki naszych biznesowych toreb kurierskich lub uzyskaj natychmiastow\u0105 wycen\u0119. Dostawcy toreb kurierskich ciesz\u0105 si\u0119:<br \/>\n- Niestandardowe MOQ<br \/>\n- Certyfikaty jako\u015bci dla poszczeg\u00f3lnych partii<br \/>\n- Priorytetowe opcje transportu lotniczego\/morskiego<\/p>\n<\/div>\n<\/div>\n<\/div>\n<\/div>","protected":false},"excerpt":{"rendered":"<h2 data-immersive-translate-walked=\"344be1c1-5052-41eb-8fcd-0dbe236a0d6b\" data-immersive-translate-paragraph=\"1\">Biznesowa torba kurierska na laptopa<\/h2>\n<div class=\"sliderTable mt10 mb10 sliderTable-index0\">\n<div class=\"inner\">\n<p>Konstrukcja z wieloma kieszeniami pozwala uporz\u0105dkowa\u0107 wszystko, czego potrzebujesz do pracy lub szko\u0142y.<\/p>\n<p>Przednia komora na suwak z 3 otwartymi kieszeniami na iPada, portfel, notebook itp. Podczas gdy 3 zewn\u0119trzne kieszenie pomieszcz\u0105 telefony kom\u00f3rkowe, \u0142adowarki, power banki, s\u0142uchawki i mysz lub inne ma\u0142e przedmioty.<\/p>\n<\/div>\n<\/div>","protected":false},"featured_media":3623,"template":"","meta":{"_uag_custom_page_level_css":""},"product_brand":[],"product_cat":[65,64],"product_tag":[],"class_list":{"0":"post-3618","1":"product","2":"type-product","3":"status-publish","4":"has-post-thumbnail","6":"product_cat-messenger-bag","7":"product_cat-shoulder-bag","9":"first","10":"instock","11":"shipping-taxable","12":"product-type-simple"},"uagb_featured_image_src":{"full":["https:\/\/pecbag.com\/wp-content\/uploads\/2025\/05\/Laptop-Business-Messenger-Bag-2.jpeg",800,800,false],"thumbnail":["https:\/\/pecbag.com\/wp-content\/uploads\/2025\/05\/Laptop-Business-Messenger-Bag-2-150x150.jpeg",150,150,true],"medium":["https:\/\/pecbag.com\/wp-content\/uploads\/2025\/05\/Laptop-Business-Messenger-Bag-2-300x300.jpeg",300,300,true],"medium_large":["https:\/\/pecbag.com\/wp-content\/uploads\/2025\/05\/Laptop-Business-Messenger-Bag-2-768x768.jpeg",768,768,true],"large":["https:\/\/pecbag.com\/wp-content\/uploads\/2025\/05\/Laptop-Business-Messenger-Bag-2.jpeg",800,800,false],"1536x1536":["https:\/\/pecbag.com\/wp-content\/uploads\/2025\/05\/Laptop-Business-Messenger-Bag-2.jpeg",800,800,false],"2048x2048":["https:\/\/pecbag.com\/wp-content\/uploads\/2025\/05\/Laptop-Business-Messenger-Bag-2.jpeg",800,800,false],"trp-custom-language-flag":["https:\/\/pecbag.com\/wp-content\/uploads\/2025\/05\/Laptop-Business-Messenger-Bag-2-12x12.jpeg",12,12,true],"woocommerce_thumbnail":["https:\/\/pecbag.com\/wp-content\/uploads\/2025\/05\/Laptop-Business-Messenger-Bag-2-300x300.jpeg",300,300,true],"woocommerce_single":["https:\/\/pecbag.com\/wp-content\/uploads\/2025\/05\/Laptop-Business-Messenger-Bag-2-600x600.jpeg",600,600,true],"woocommerce_gallery_thumbnail":["https:\/\/pecbag.com\/wp-content\/uploads\/2025\/05\/Laptop-Business-Messenger-Bag-2-100x100.jpeg",100,100,true]},"uagb_author_info":{"display_name":"Lawrence","author_link":"https:\/\/pecbag.com\/pl\/author\/"},"uagb_comment_info":0,"uagb_excerpt":"Laptop Business Messenger Bag The multi-pocket design to organized everything you need for work or school. The front zipper compartment with 3 open pockets to hold Ipad, wallet, notebook etc. While the 3 exterior pockets hold cell phones, chargers, power banks, earphones, and a mouse or other small items.","_links":{"self":[{"href":"https:\/\/pecbag.com\/pl\/wp-json\/wp\/v2\/product\/3618","targetHints":{"allow":["GET"]}}],"collection":[{"href":"https:\/\/pecbag.com\/pl\/wp-json\/wp\/v2\/product"}],"about":[{"href":"https:\/\/pecbag.com\/pl\/wp-json\/wp\/v2\/types\/product"}],"wp:featuredmedia":[{"embeddable":true,"href":"https:\/\/pecbag.com\/pl\/wp-json\/wp\/v2\/media\/3623"}],"wp:attachment":[{"href":"https:\/\/pecbag.com\/pl\/wp-json\/wp\/v2\/media?parent=3618"}],"wp:term":[{"taxonomy":"product_brand","embeddable":true,"href":"https:\/\/pecbag.com\/pl\/wp-json\/wp\/v2\/product_brand?post=3618"},{"taxonomy":"product_cat","embeddable":true,"href":"https:\/\/pecbag.com\/pl\/wp-json\/wp\/v2\/product_cat?post=3618"},{"taxonomy":"product_tag","embeddable":true,"href":"https:\/\/pecbag.com\/pl\/wp-json\/wp\/v2\/product_tag?post=3618"}],"curies":[{"name":"wp","href":"https:\/\/api.w.org\/{rel}","templated":true}]}}