{"id":3660,"date":"2025-05-27T10:03:22","date_gmt":"2025-05-27T10:03:22","guid":{"rendered":"https:\/\/pecbag.com\/?post_type=product&#038;p=3660"},"modified":"2025-11-29T01:54:51","modified_gmt":"2025-11-29T01:54:51","slug":"hot-selling-premium-ski-boot-bag","status":"publish","type":"product","link":"https:\/\/pecbag.com\/pl\/hot-selling-premium-ski-boot-bag\/","title":{"rendered":"Gor\u0105co sprzedaj\u0105ca si\u0119 torba na buty narciarskie Premium"},"content":{"rendered":"<h5 title=\"Sk\u0142adana torba dla psa Oddychaj\u0105ca siatkowa torba na rami\u0119 dla ma\u0142ych ps\u00f3w i kot\u00f3w\" data-immersive-translate-walked=\"1c928421-2e42-4cd3-8754-5404553c0af5\" data-immersive-translate-paragraph=\"1\" data-spm-anchor-id=\"a2700.details.0.i35.4f6757d4w4zNZA\">Gor\u0105co sprzedaj\u0105ce si\u0119 torby na buty narciarskie premium | Fabryka wodoodpornych toreb i producent plecak\u00f3w - Bulk Winter Solutions<\/h5>\n<div class=\"flex flex-grow flex-col max-w-full\">\n<div class=\"min-h-[20px] text-message flex w-full flex-col items-end gap-2 whitespace-pre-wrap break-words [.text-message+&amp;]:mt-5 overflow-x-auto\" dir=\"auto\" data-message-author-role=\"assistant\" data-message-id=\"3d7d46f6-7ec2-4222-9257-48fa0bba23c6\" data-suggestions=\"true\">\n<div class=\"flex w-full flex-col gap-1 empty:hidden first:pt-[3px]\">\n<div class=\"markdown prose w-full break-words dark:prose-invert light\">\n<table width=\"288\">\n<tbody>\n<tr>\n<td width=\"137\"><span style=\"color: #333333;\">Nazwa produktu<\/span><\/td>\n<td width=\"151\">Torba na narty<\/td>\n<\/tr>\n<tr>\n<td><span style=\"color: #333333;\">Pozycja nr.<\/span><\/td>\n<td><span style=\"color: #333333;\">PB-2083<\/span><\/td>\n<\/tr>\n<tr>\n<td><span style=\"color: #333333;\">Materia\u0142<\/span><\/td>\n<td>Poliester 1680D<\/td>\n<\/tr>\n<tr>\n<td><span style=\"color: #333333;\">Rozmiar<\/span><\/td>\n<td>32*30*51 cm<\/td>\n<\/tr>\n<tr>\n<td><span style=\"color: #333333;\">\u00a0Czas dostawy<\/span><\/td>\n<td><span style=\"color: #333333;\">1-5 dni dla ma\u0142ych ilo\u015bci drog\u0105 lotnicz\u0105 i 30-35 dni dla du\u017cych ilo\u015bci drog\u0105 morsk\u0105<\/span><\/td>\n<\/tr>\n<\/tbody>\n<\/table>\n<p>Jako wiod\u0105cy chi\u0144ski producent toreb narciarskich i fabryka toreb wodoodpornych, produkujemy wysokiej jako\u015bci torby na buty narciarskie dla \u015bwiatowych marek sport\u00f3w zimowych. Nasza firma produkuj\u0105ca torby narciarskie zapewnia:<\/p>\n<p>\u2705 <strong>Wodoodporna konstrukcja IPX6<\/strong> (600D poliester + zgrzewane szwy)<br \/>\n\u2705 <strong>Ponadwymiarowa pojemno\u015b\u0107 42 l<\/strong> ze wzmocnionymi uchwytami do przenoszenia (MOQ 50szt)<br \/>\n\u2705 <strong>Us\u0142ugi OEM\/ODM<\/strong> dla toreb narciarskich marki w\u0142asnej<br \/>\n\u2705 <strong>Produkcja work\u00f3w na narty luzem<\/strong> z 10-dniow\u0105 szybk\u0105 dostaw\u0105<\/p>\n<p>Zaufany przez hurtownie i o\u015brodki narciarskie na ca\u0142ym \u015bwiecie. Kluczowe cechy:<br \/>\n- Podszewka termiczna (-30\u00b0C) i wentylowane komory baga\u017cnika<br \/>\n- Wy\u015bcie\u0142any pasek na rami\u0119 i punkty mocowania snowboardu<br \/>\n- Kiesze\u0144 na identyfikator RFID i zamki zatwierdzone przez TSA<\/p>\n<p><strong>Dlaczego warto wybra\u0107 nasz\u0105 fabryk\u0119 toreb narciarskich?<\/strong>:<br \/>\nPonad 10 lat jako najlepsi eksporterzy pokrowc\u00f3w narciarskich z Chin<br \/>\nBezp\u0142atny projekt 3D z brandingiem o\u015brodka g\u00f3rskiego<br \/>\nMateria\u0142y odporne na zimno z certyfikatem OEKO-Tex\/SGS<br \/>\nZni\u017cka 25% dla sprzedawc\u00f3w pokrowc\u00f3w narciarskich na ponad 2500 sztuk<\/p>\n<p>Popro\u015b o bezp\u0142atne pr\u00f3bki naszych wysokiej jako\u015bci toreb na buty narciarskie lub uzyskaj natychmiastow\u0105 wycen\u0119. Dostawcy toreb narciarskich ciesz\u0105 si\u0119:<br \/>\n- Niestandardowe MOQ od 30 sztuk<br \/>\n- Raporty z test\u00f3w w komorze ch\u0142odniczej dla poszczeg\u00f3lnych partii<br \/>\n- Priorytetowy przydzia\u0142 frachtu lotniczego<\/p>\n<\/div>\n<\/div>\n<\/div>\n<\/div>","protected":false},"excerpt":{"rendered":"<h2 data-immersive-translate-walked=\"344be1c1-5052-41eb-8fcd-0dbe236a0d6b\" data-immersive-translate-paragraph=\"1\">Gor\u0105co sprzedaj\u0105ca si\u0119 torba na buty narciarskie Premium<\/h2>\n<p>Zapewniamy torby premium z pe\u0142n\u0105 personalizacj\u0105 rozmiaru i koloru, trwa\u0142ymi materia\u0142ami i certyfikowan\u0105 jako\u015bci\u0105.<\/p>\n<p>Korzystaj z elastycznych MOQ, szybkiej globalnej wysy\u0142ki i rozwi\u0105za\u0144 marek w\u0142asnych.<\/p>\n<p>Skontaktuj si\u0119 z nami ju\u017c dzi\u015b!<\/p>","protected":false},"featured_media":3665,"template":"","meta":{"_uag_custom_page_level_css":""},"product_brand":[],"product_cat":[59,60,67,68,66],"product_tag":[],"class_list":{"0":"post-3660","1":"product","2":"type-product","3":"status-publish","4":"has-post-thumbnail","6":"product_cat-ski-bag","7":"product_cat-backpack","8":"product_cat-sports-bag","9":"product_cat-travel-bag","10":"product_cat-waterproof-bag","12":"first","13":"instock","14":"shipping-taxable","15":"product-type-simple"},"uagb_featured_image_src":{"full":["https:\/\/pecbag.com\/wp-content\/uploads\/2025\/05\/Hot-Selling-Premium-Ski-Boot-Bag-5.jpeg",679,828,false],"thumbnail":["https:\/\/pecbag.com\/wp-content\/uploads\/2025\/05\/Hot-Selling-Premium-Ski-Boot-Bag-5-150x150.jpeg",150,150,true],"medium":["https:\/\/pecbag.com\/wp-content\/uploads\/2025\/05\/Hot-Selling-Premium-Ski-Boot-Bag-5-246x300.jpeg",246,300,true],"medium_large":["https:\/\/pecbag.com\/wp-content\/uploads\/2025\/05\/Hot-Selling-Premium-Ski-Boot-Bag-5.jpeg",679,828,false],"large":["https:\/\/pecbag.com\/wp-content\/uploads\/2025\/05\/Hot-Selling-Premium-Ski-Boot-Bag-5.jpeg",679,828,false],"1536x1536":["https:\/\/pecbag.com\/wp-content\/uploads\/2025\/05\/Hot-Selling-Premium-Ski-Boot-Bag-5.jpeg",679,828,false],"2048x2048":["https:\/\/pecbag.com\/wp-content\/uploads\/2025\/05\/Hot-Selling-Premium-Ski-Boot-Bag-5.jpeg",679,828,false],"trp-custom-language-flag":["https:\/\/pecbag.com\/wp-content\/uploads\/2025\/05\/Hot-Selling-Premium-Ski-Boot-Bag-5-10x12.jpeg",10,12,true],"woocommerce_thumbnail":["https:\/\/pecbag.com\/wp-content\/uploads\/2025\/05\/Hot-Selling-Premium-Ski-Boot-Bag-5-300x300.jpeg",300,300,true],"woocommerce_single":["https:\/\/pecbag.com\/wp-content\/uploads\/2025\/05\/Hot-Selling-Premium-Ski-Boot-Bag-5-600x732.jpeg",600,732,true],"woocommerce_gallery_thumbnail":["https:\/\/pecbag.com\/wp-content\/uploads\/2025\/05\/Hot-Selling-Premium-Ski-Boot-Bag-5-100x100.jpeg",100,100,true]},"uagb_author_info":{"display_name":"Lawrence","author_link":"https:\/\/pecbag.com\/pl\/author\/"},"uagb_comment_info":0,"uagb_excerpt":"Hot Selling Premium Ski Boot Bag We provide premium bags with full-size and color customization, durable fabrics, and certified quality. Enjoy flexible MOQs, fast global shipping, and private label solutions. Contact us today!","_links":{"self":[{"href":"https:\/\/pecbag.com\/pl\/wp-json\/wp\/v2\/product\/3660","targetHints":{"allow":["GET"]}}],"collection":[{"href":"https:\/\/pecbag.com\/pl\/wp-json\/wp\/v2\/product"}],"about":[{"href":"https:\/\/pecbag.com\/pl\/wp-json\/wp\/v2\/types\/product"}],"wp:featuredmedia":[{"embeddable":true,"href":"https:\/\/pecbag.com\/pl\/wp-json\/wp\/v2\/media\/3665"}],"wp:attachment":[{"href":"https:\/\/pecbag.com\/pl\/wp-json\/wp\/v2\/media?parent=3660"}],"wp:term":[{"taxonomy":"product_brand","embeddable":true,"href":"https:\/\/pecbag.com\/pl\/wp-json\/wp\/v2\/product_brand?post=3660"},{"taxonomy":"product_cat","embeddable":true,"href":"https:\/\/pecbag.com\/pl\/wp-json\/wp\/v2\/product_cat?post=3660"},{"taxonomy":"product_tag","embeddable":true,"href":"https:\/\/pecbag.com\/pl\/wp-json\/wp\/v2\/product_tag?post=3660"}],"curies":[{"name":"wp","href":"https:\/\/api.w.org\/{rel}","templated":true}]}}