{"id":3714,"date":"2025-05-28T01:00:32","date_gmt":"2025-05-28T01:00:32","guid":{"rendered":"https:\/\/pecbag.com\/?post_type=product&#038;p=3714"},"modified":"2025-11-04T10:20:05","modified_gmt":"2025-11-04T10:20:05","slug":"custom-durable-briefcase-messenger-bag","status":"publish","type":"product","link":"https:\/\/pecbag.com\/pl\/custom-durable-briefcase-messenger-bag\/","title":{"rendered":"Niestandardowa wytrzyma\u0142a torba na rami\u0119"},"content":{"rendered":"<h5 title=\"Sk\u0142adana torba dla psa Oddychaj\u0105ca siatkowa torba na rami\u0119 dla ma\u0142ych ps\u00f3w i kot\u00f3w\" data-immersive-translate-walked=\"1c928421-2e42-4cd3-8754-5404553c0af5\" data-immersive-translate-paragraph=\"1\" data-spm-anchor-id=\"a2700.details.0.i35.4f6757d4w4zNZA\">Niestandardowe, trwa\u0142e torby na rami\u0119, wodoodporne torby i producent plecak\u00f3w - Bulk Corporate Solutions<\/h5>\n<div class=\"flex flex-grow flex-col max-w-full\">\n<div class=\"min-h-[20px] text-message flex w-full flex-col items-end gap-2 whitespace-pre-wrap break-words [.text-message+&amp;]:mt-5 overflow-x-auto\" dir=\"auto\" data-message-author-role=\"assistant\" data-message-id=\"3d7d46f6-7ec2-4222-9257-48fa0bba23c6\" data-suggestions=\"true\">\n<div class=\"flex w-full flex-col gap-1 empty:hidden first:pt-[3px]\">\n<div class=\"markdown prose w-full break-words dark:prose-invert light\">\n<table width=\"288\">\n<tbody>\n<tr>\n<td width=\"137\"><span style=\"color: #333333;\">Nazwa produktu<\/span><\/td>\n<td width=\"151\">Torba kurierska<\/td>\n<\/tr>\n<tr>\n<td><span style=\"color: #333333;\">Pozycja nr.<\/span><\/td>\n<td><span style=\"color: #333333;\">PB-2084<\/span><\/td>\n<\/tr>\n<tr>\n<td><span style=\"color: #333333;\">Materia\u0142<\/span><\/td>\n<td>Poliester<\/td>\n<\/tr>\n<tr>\n<td><span style=\"color: #333333;\">Rozmiar<\/span><\/td>\n<td>17,5 x 6,5 x 13 cali<\/td>\n<\/tr>\n<tr>\n<td><span style=\"color: #333333;\">\u00a0Czas dostawy<\/span><\/td>\n<td><span style=\"color: #333333;\">1-5 dni dla ma\u0142ych ilo\u015bci drog\u0105 lotnicz\u0105 i 30-35 dni dla du\u017cych ilo\u015bci drog\u0105 morsk\u0105<\/span><\/td>\n<\/tr>\n<\/tbody>\n<\/table>\n<p>Jako wiod\u0105cy chi\u0144ski producent toreb kurierskich i fabryka toreb wodoodpornych, projektujemy najwy\u017cszej jako\u015bci trwa\u0142e torby kurierskie dla globalnych przedsi\u0119biorstw. Nasza firma oferuje torby kurierskie:<\/p>\n<p>\u2705 <strong>Wojskowy nylon 1000D<\/strong> z wodoodpornymi zamkami b\u0142yskawicznymi IPX6<br \/>\n\u2705 <strong>Konfigurowalne przegr\u00f3dki<\/strong> dla laptop\u00f3w do 17\u2033<br \/>\n\u2705 <strong>Us\u0142ugi OEM\/ODM<\/strong> dla <strong>torby kurierskie marki w\u0142asnej<\/strong><br \/>\n\u2705 <strong>Produkcja toreb kurierskich luzem<\/strong> z 10-dniow\u0105 szybk\u0105 dostaw\u0105<\/p>\n<p>Zaufanie hurtownik\u00f3w toreb kurierskich i firm z listy Fortune 500. Kluczowe cechy:<br \/>\n- Kieszenie na dokumenty z blokad\u0105 RFID i ukryte otwory antykradzie\u017cowe<br \/>\n- Odpinany pasek na rami\u0119 + pokrowiec na w\u00f3zek podr\u00f3\u017cny<br \/>\n- Profesjonalne akcenty ze sk\u00f3ry wega\u0144skiej i ciche klamry<\/p>\n<p><strong>Dlaczego warto wsp\u00f3\u0142pracowa\u0107 z nasz\u0105 fabryk\u0105 toreb kurierskich?<\/strong>:<br \/>\nPonad 15 lat jako najlepsi eksporterzy toreb kurierskich z Chin<br \/>\nDarmowy projekt pakietu technologicznego 3D z Twoim brandingiem<br \/>\nZr\u00f3wnowa\u017cone materia\u0142y z certyfikatem OEKO-Tex\/SGS<br \/>\nZni\u017cka 25% dla sprzedawc\u00f3w toreb kurierskich na ponad 2500 sztuk<\/p>\n<p>Popro\u015b o bezp\u0142atne pr\u00f3bki naszych toreb kurierskich lub otrzymaj natychmiastow\u0105 wycen\u0119. Dostawcy toreb kurierskich ciesz\u0105 si\u0119:<br \/>\n- Niestandardowe MOQ<br \/>\n- Raporty z test\u00f3w \u015bcieralno\u015bci dla poszczeg\u00f3lnych partii<br \/>\n- Priorytetowy przydzia\u0142 \u0142adunk\u00f3w lotniczych\/morskich<\/p>\n<\/div>\n<\/div>\n<\/div>\n<\/div>","protected":false},"excerpt":{"rendered":"<h2 data-immersive-translate-walked=\"344be1c1-5052-41eb-8fcd-0dbe236a0d6b\" data-immersive-translate-paragraph=\"1\">Niestandardowa wytrzyma\u0142a torba na rami\u0119<\/h2>\n<div class=\"sliderTable mt10 mb10 sliderTable-index0\">\n<div class=\"inner\">\n<p>ROZSZERZENIE I WIELOKOMOROWE KOMORY: zamek b\u0142yskawiczny sprawia, \u017ce torba jest bardziej elastyczna, a w razie potrzeby mo\u017cna j\u0105 przekszta\u0142ci\u0107 w du\u017c\u0105 torb\u0119 podr\u00f3\u017cn\u0105. Do 4 przegr\u00f3dek mo\u017ce zaspokoi\u0107 wszystkie Twoje potrzeby. Du\u017ca komora techniczna mo\u017ce pomie\u015bci\u0107 laptopy o przek\u0105tnej do 17,3 cala. Dwie przednie kieszenie pozwalaj\u0105 na uporz\u0105dkowanie codziennych drobiazg\u00f3w. Rozszerzalna przegroda na dokumenty mo\u017ce pomie\u015bci\u0107 foldery A4, czasopisma, ubrania lub parasol.<\/p>\n<\/div>\n<\/div>","protected":false},"featured_media":3720,"template":"","meta":{"_uag_custom_page_level_css":""},"product_brand":[],"product_cat":[65],"product_tag":[],"class_list":{"0":"post-3714","1":"product","2":"type-product","3":"status-publish","4":"has-post-thumbnail","6":"product_cat-messenger-bag","8":"first","9":"instock","10":"shipping-taxable","11":"product-type-simple"},"uagb_featured_image_src":{"full":["https:\/\/pecbag.com\/wp-content\/uploads\/2025\/05\/Custom-Durable-Briefcase-Messenger-Bag-2.jpeg",768,706,false],"thumbnail":["https:\/\/pecbag.com\/wp-content\/uploads\/2025\/05\/Custom-Durable-Briefcase-Messenger-Bag-2-150x150.jpeg",150,150,true],"medium":["https:\/\/pecbag.com\/wp-content\/uploads\/2025\/05\/Custom-Durable-Briefcase-Messenger-Bag-2-300x276.jpeg",300,276,true],"medium_large":["https:\/\/pecbag.com\/wp-content\/uploads\/2025\/05\/Custom-Durable-Briefcase-Messenger-Bag-2.jpeg",768,706,false],"large":["https:\/\/pecbag.com\/wp-content\/uploads\/2025\/05\/Custom-Durable-Briefcase-Messenger-Bag-2.jpeg",768,706,false],"1536x1536":["https:\/\/pecbag.com\/wp-content\/uploads\/2025\/05\/Custom-Durable-Briefcase-Messenger-Bag-2.jpeg",768,706,false],"2048x2048":["https:\/\/pecbag.com\/wp-content\/uploads\/2025\/05\/Custom-Durable-Briefcase-Messenger-Bag-2.jpeg",768,706,false],"trp-custom-language-flag":["https:\/\/pecbag.com\/wp-content\/uploads\/2025\/05\/Custom-Durable-Briefcase-Messenger-Bag-2-13x12.jpeg",13,12,true],"woocommerce_thumbnail":["https:\/\/pecbag.com\/wp-content\/uploads\/2025\/05\/Custom-Durable-Briefcase-Messenger-Bag-2-300x300.jpeg",300,300,true],"woocommerce_single":["https:\/\/pecbag.com\/wp-content\/uploads\/2025\/05\/Custom-Durable-Briefcase-Messenger-Bag-2-600x552.jpeg",600,552,true],"woocommerce_gallery_thumbnail":["https:\/\/pecbag.com\/wp-content\/uploads\/2025\/05\/Custom-Durable-Briefcase-Messenger-Bag-2-100x100.jpeg",100,100,true]},"uagb_author_info":{"display_name":"Lawrence","author_link":"https:\/\/pecbag.com\/pl\/author\/"},"uagb_comment_info":0,"uagb_excerpt":"Custom Durable Briefcase Messenger Bag EXPANSION &amp; MULTIPLE COMPARTMENTS: expansion zipper makes it more flexible, and the laptop briefcase can be transformed into a large duffel bag when necessary. Up to 4 compartments can meet all your needs well. The large tech compartment can accommodate laptops up to 17.3 inches in size. Two front pockets&hellip;","_links":{"self":[{"href":"https:\/\/pecbag.com\/pl\/wp-json\/wp\/v2\/product\/3714","targetHints":{"allow":["GET"]}}],"collection":[{"href":"https:\/\/pecbag.com\/pl\/wp-json\/wp\/v2\/product"}],"about":[{"href":"https:\/\/pecbag.com\/pl\/wp-json\/wp\/v2\/types\/product"}],"wp:featuredmedia":[{"embeddable":true,"href":"https:\/\/pecbag.com\/pl\/wp-json\/wp\/v2\/media\/3720"}],"wp:attachment":[{"href":"https:\/\/pecbag.com\/pl\/wp-json\/wp\/v2\/media?parent=3714"}],"wp:term":[{"taxonomy":"product_brand","embeddable":true,"href":"https:\/\/pecbag.com\/pl\/wp-json\/wp\/v2\/product_brand?post=3714"},{"taxonomy":"product_cat","embeddable":true,"href":"https:\/\/pecbag.com\/pl\/wp-json\/wp\/v2\/product_cat?post=3714"},{"taxonomy":"product_tag","embeddable":true,"href":"https:\/\/pecbag.com\/pl\/wp-json\/wp\/v2\/product_tag?post=3714"}],"curies":[{"name":"wp","href":"https:\/\/api.w.org\/{rel}","templated":true}]}}