{"id":3721,"date":"2025-05-28T01:21:42","date_gmt":"2025-05-28T01:21:42","guid":{"rendered":"https:\/\/pecbag.com\/?post_type=product&#038;p=3721"},"modified":"2025-11-29T01:54:11","modified_gmt":"2025-11-29T01:54:11","slug":"protection-ski-travel-bag","status":"publish","type":"product","link":"https:\/\/pecbag.com\/pl\/protection-ski-travel-bag\/","title":{"rendered":"Ochronna torba podr\u00f3\u017cna na narty"},"content":{"rendered":"<h5 title=\"Sk\u0142adana torba dla psa Oddychaj\u0105ca siatkowa torba na rami\u0119 dla ma\u0142ych ps\u00f3w i kot\u00f3w\" data-immersive-translate-walked=\"1c928421-2e42-4cd3-8754-5404553c0af5\" data-immersive-translate-paragraph=\"1\" data-spm-anchor-id=\"a2700.details.0.i35.4f6757d4w4zNZA\">Ochrona Narciarskie torby podr\u00f3\u017cne | Fabryka wodoodpornych toreb i producent plecak\u00f3w - Bulk Winter Solutions<\/h5>\n<div class=\"flex flex-grow flex-col max-w-full\">\n<div class=\"min-h-[20px] text-message flex w-full flex-col items-end gap-2 whitespace-pre-wrap break-words [.text-message+&amp;]:mt-5 overflow-x-auto\" dir=\"auto\" data-message-author-role=\"assistant\" data-message-id=\"3d7d46f6-7ec2-4222-9257-48fa0bba23c6\" data-suggestions=\"true\">\n<div class=\"flex w-full flex-col gap-1 empty:hidden first:pt-[3px]\">\n<div class=\"markdown prose w-full break-words dark:prose-invert light\">\n<table width=\"288\">\n<tbody>\n<tr>\n<td width=\"137\"><span style=\"color: #333333;\">Nazwa produktu<\/span><\/td>\n<td width=\"151\">Torba na narty<\/td>\n<\/tr>\n<tr>\n<td><span style=\"color: #333333;\">Pozycja nr.<\/span><\/td>\n<td><span style=\"color: #333333;\">PB-2085<\/span><\/td>\n<\/tr>\n<tr>\n<td><span style=\"color: #333333;\">Materia\u0142<\/span><\/td>\n<td>600D poliester<\/td>\n<\/tr>\n<tr>\n<td><span style=\"color: #333333;\">Rozmiar<\/span><\/td>\n<td>185 cm<\/td>\n<\/tr>\n<tr>\n<td><span style=\"color: #333333;\">\u00a0Czas dostawy<\/span><\/td>\n<td><span style=\"color: #333333;\">1-5 dni dla ma\u0142ych ilo\u015bci drog\u0105 lotnicz\u0105 i 30-35 dni dla du\u017cych ilo\u015bci drog\u0105 morsk\u0105<\/span><\/td>\n<\/tr>\n<\/tbody>\n<\/table>\n<p>Jako wiod\u0105cy chi\u0144ski producent toreb narciarskich i fabryka toreb wodoodpornych, projektujemy wytrzyma\u0142e torby podr\u00f3\u017cne na narty dla \u015bwiatowych marek sport\u00f3w zimowych. Nasza firma produkuj\u0105ca torby narciarskie zapewnia:<\/p>\n<p>\u2705 <strong>Twarda pow\u0142oka zatwierdzona dla samolot\u00f3w<\/strong> z wn\u0119trzem wy\u015bcie\u0142anym piank\u0105<br \/>\n\u2705 <strong>Wodoodporne zamki b\u0142yskawiczne IPX6<\/strong> &amp; -40\u00b0C materia\u0142y odporne na zimno (MOQ 200szt)<br \/>\n\u2705 <strong>Us\u0142ugi OEM\/ODM<\/strong> dla toreb narciarskich marki w\u0142asnej<br \/>\n\u2705 <strong>Produkcja work\u00f3w na narty luzem<\/strong> z 12-dniow\u0105 szybk\u0105 dostaw\u0105<\/p>\n<p>Zaufany przez hurtownie pokrowc\u00f3w narciarskich i o\u015brodki g\u00f3rskie na ca\u0142ym \u015bwiecie. Kluczowe cechy:<br \/>\n- Zatwierdzone przez TSA zamki i wzmocnione systemy k\u00f3\u0142<br \/>\n- Odpinane paski do przenoszenia nart\/snowboardu<br \/>\n- Gniazdo przywieszki baga\u017cowej RFID i wentylowane komory baga\u017cnika<\/p>\n<p><strong>Dlaczego warto wybra\u0107 nasz\u0105 fabryk\u0119 toreb narciarskich?<\/strong>:<br \/>\nPonad 15 lat jako czo\u0142owy eksporter toreb narciarskich z Chin<br \/>\nBezp\u0142atny projekt 3D z Twoim alpejskim brandingiem<br \/>\nMateria\u0142y odporne na uderzenia z certyfikatem SGS\/OEKO-Tex<br \/>\nZni\u017cka 30% dla sprzedawc\u00f3w pokrowc\u00f3w narciarskich na ponad 3 000 sztuk<\/p>\n<p>Zam\u00f3w bezp\u0142atne pr\u00f3bki naszych ochronnych pokrowc\u00f3w na narty lub uzyskaj natychmiastow\u0105 wycen\u0119. Dostawcy toreb narciarskich ciesz\u0105 si\u0119:<br \/>\n- Niestandardowe MOQ od 300 sztuk<br \/>\n- Raporty z test\u00f3w w komorze ch\u0142odniczej dla poszczeg\u00f3lnych partii<br \/>\n- Priorytetowy przydzia\u0142 frachtu lotniczego<\/p>\n<\/div>\n<\/div>\n<\/div>\n<\/div>","protected":false},"excerpt":{"rendered":"<h2 data-immersive-translate-walked=\"344be1c1-5052-41eb-8fcd-0dbe236a0d6b\" data-immersive-translate-paragraph=\"1\">Ochronna torba podr\u00f3\u017cna na narty<\/h2>\n<ul class=\"list-paddingleft-2\">\n<li>W PE\u0141NI WY\u015aCI\u00d3\u0141KOWANY - ten pokrowiec na narty jest wy\u015bcie\u0142any, aby chroni\u0107 narty i sprz\u0119t narciarski podczas podr\u00f3\u017cy samochodem, poci\u0105giem lub samolotem.<\/li>\n<li>BUILT TO LAST - Wykonany z wodoodpornego poliestru 600 denier, aby chroni\u0107 narty i sprz\u0119t narciarski przed \u017cywio\u0142ami.<\/li>\n<li>ERGONOMICZNY I \u0141ATWY W PRZENOSZENIU - wy\u015bcie\u0142ane uchwyty u\u0142atwiaj\u0105 przenoszenie baga\u017cu narciarskiego przez lotnisko, do samochodu i na stok podczas podr\u00f3\u017cy.<\/li>\n<\/ul>","protected":false},"featured_media":3722,"template":"","meta":{"_uag_custom_page_level_css":""},"product_brand":[],"product_cat":[59,67],"product_tag":[],"class_list":{"0":"post-3721","1":"product","2":"type-product","3":"status-publish","4":"has-post-thumbnail","6":"product_cat-ski-bag","7":"product_cat-sports-bag","9":"first","10":"instock","11":"shipping-taxable","12":"product-type-simple"},"uagb_featured_image_src":{"full":["https:\/\/pecbag.com\/wp-content\/uploads\/2025\/05\/Protection-Ski-Travel-Bag-3.jpeg",800,800,false],"thumbnail":["https:\/\/pecbag.com\/wp-content\/uploads\/2025\/05\/Protection-Ski-Travel-Bag-3-150x150.jpeg",150,150,true],"medium":["https:\/\/pecbag.com\/wp-content\/uploads\/2025\/05\/Protection-Ski-Travel-Bag-3-300x300.jpeg",300,300,true],"medium_large":["https:\/\/pecbag.com\/wp-content\/uploads\/2025\/05\/Protection-Ski-Travel-Bag-3-768x768.jpeg",768,768,true],"large":["https:\/\/pecbag.com\/wp-content\/uploads\/2025\/05\/Protection-Ski-Travel-Bag-3.jpeg",800,800,false],"1536x1536":["https:\/\/pecbag.com\/wp-content\/uploads\/2025\/05\/Protection-Ski-Travel-Bag-3.jpeg",800,800,false],"2048x2048":["https:\/\/pecbag.com\/wp-content\/uploads\/2025\/05\/Protection-Ski-Travel-Bag-3.jpeg",800,800,false],"trp-custom-language-flag":["https:\/\/pecbag.com\/wp-content\/uploads\/2025\/05\/Protection-Ski-Travel-Bag-3-12x12.jpeg",12,12,true],"woocommerce_thumbnail":["https:\/\/pecbag.com\/wp-content\/uploads\/2025\/05\/Protection-Ski-Travel-Bag-3-300x300.jpeg",300,300,true],"woocommerce_single":["https:\/\/pecbag.com\/wp-content\/uploads\/2025\/05\/Protection-Ski-Travel-Bag-3-600x600.jpeg",600,600,true],"woocommerce_gallery_thumbnail":["https:\/\/pecbag.com\/wp-content\/uploads\/2025\/05\/Protection-Ski-Travel-Bag-3-100x100.jpeg",100,100,true]},"uagb_author_info":{"display_name":"Lawrence","author_link":"https:\/\/pecbag.com\/pl\/author\/"},"uagb_comment_info":0,"uagb_excerpt":"Protection Ski Travel Bag FULLY PADDED THROUGHOUT - This ski bag features padding throughout to protect your skis and ski equipment while traveling by car, train, or plane. BUILT TO LAST - Crafted of 600 denier water-resistant polyester to keep your skis and ski gear safe from the elements ERGONOMICAL &amp; EASY TO CARRY -&hellip;","_links":{"self":[{"href":"https:\/\/pecbag.com\/pl\/wp-json\/wp\/v2\/product\/3721","targetHints":{"allow":["GET"]}}],"collection":[{"href":"https:\/\/pecbag.com\/pl\/wp-json\/wp\/v2\/product"}],"about":[{"href":"https:\/\/pecbag.com\/pl\/wp-json\/wp\/v2\/types\/product"}],"wp:featuredmedia":[{"embeddable":true,"href":"https:\/\/pecbag.com\/pl\/wp-json\/wp\/v2\/media\/3722"}],"wp:attachment":[{"href":"https:\/\/pecbag.com\/pl\/wp-json\/wp\/v2\/media?parent=3721"}],"wp:term":[{"taxonomy":"product_brand","embeddable":true,"href":"https:\/\/pecbag.com\/pl\/wp-json\/wp\/v2\/product_brand?post=3721"},{"taxonomy":"product_cat","embeddable":true,"href":"https:\/\/pecbag.com\/pl\/wp-json\/wp\/v2\/product_cat?post=3721"},{"taxonomy":"product_tag","embeddable":true,"href":"https:\/\/pecbag.com\/pl\/wp-json\/wp\/v2\/product_tag?post=3721"}],"curies":[{"name":"wp","href":"https:\/\/api.w.org\/{rel}","templated":true}]}}