{"id":3735,"date":"2025-05-28T01:56:56","date_gmt":"2025-05-28T01:56:56","guid":{"rendered":"https:\/\/pecbag.com\/?post_type=product&#038;p=3735"},"modified":"2025-11-29T01:53:51","modified_gmt":"2025-11-29T01:53:51","slug":"tsa-approved-durable-ski-boot-bag","status":"publish","type":"product","link":"https:\/\/pecbag.com\/pl\/tsa-approved-durable-ski-boot-bag\/","title":{"rendered":"Ostateczny, zatwierdzony przez TSA, wytrzyma\u0142y pokrowiec na buty narciarskie"},"content":{"rendered":"<h5 title=\"Sk\u0142adana torba dla psa Oddychaj\u0105ca siatkowa torba na rami\u0119 dla ma\u0142ych ps\u00f3w i kot\u00f3w\" data-immersive-translate-walked=\"1c928421-2e42-4cd3-8754-5404553c0af5\" data-immersive-translate-paragraph=\"1\" data-spm-anchor-id=\"a2700.details.0.i35.4f6757d4w4zNZA\">Wytrzyma\u0142e torby na buty narciarskie z atestem TSA | Fabryka toreb wodoodpornych i producent plecak\u00f3w - Bulk Winter Solutions<\/h5>\n<div class=\"flex flex-grow flex-col max-w-full\">\n<div class=\"min-h-[20px] text-message flex w-full flex-col items-end gap-2 whitespace-pre-wrap break-words [.text-message+&amp;]:mt-5 overflow-x-auto\" dir=\"auto\" data-message-author-role=\"assistant\" data-message-id=\"3d7d46f6-7ec2-4222-9257-48fa0bba23c6\" data-suggestions=\"true\">\n<div class=\"flex w-full flex-col gap-1 empty:hidden first:pt-[3px]\">\n<div class=\"markdown prose w-full break-words dark:prose-invert light\">\n<table width=\"288\">\n<tbody>\n<tr>\n<td width=\"137\"><span style=\"color: #333333;\">Nazwa produktu<\/span><\/td>\n<td width=\"151\">Torba na narty<\/td>\n<\/tr>\n<tr>\n<td><span style=\"color: #333333;\">Pozycja nr.<\/span><\/td>\n<td><span style=\"color: #333333;\">PB-2087<\/span><\/td>\n<\/tr>\n<tr>\n<td><span style=\"color: #333333;\">Materia\u0142<\/span><\/td>\n<td>Poliester<\/td>\n<\/tr>\n<tr>\n<td><span style=\"color: #333333;\">Rozmiar<\/span><\/td>\n<td>190 cm<\/td>\n<\/tr>\n<tr>\n<td><span style=\"color: #333333;\">\u00a0Czas dostawy<\/span><\/td>\n<td><span style=\"color: #333333;\">1-5 dni dla ma\u0142ych ilo\u015bci drog\u0105 lotnicz\u0105 i 30-35 dni dla du\u017cych ilo\u015bci drog\u0105 morsk\u0105<\/span><\/td>\n<\/tr>\n<\/tbody>\n<\/table>\n<p>Jako wiod\u0105cy chi\u0144ski producent toreb narciarskich i fabryka toreb wodoodpornych, produkujemy zatwierdzone przez TSA trwa\u0142e torby na buty narciarskie dla \u015bwiatowych marek sport\u00f3w zimowych. Nasza firma oferuje torby narciarskie:<\/p>\n<p>\u2705 <strong>Zamki zgodne z TSA<\/strong> z szybkim dost\u0119pem do ochrony lotniska<br \/>\n\u2705 <strong>Wodoodporna konstrukcja IPX6<\/strong> (600D poliester + zgrzewane szwy)<br \/>\n\u2705 <strong>Us\u0142ugi OEM\/ODM<\/strong> do toreb narciarskich z w\u0142asn\u0105 mark\u0105 (MOQ 200szt)<br \/>\n\u2705 <strong>Produkcja work\u00f3w na narty luzem<\/strong> z 10-dniow\u0105 szybk\u0105 dostaw\u0105<\/p>\n<p>Zaufany przez hurtownie pokrowc\u00f3w narciarskich i o\u015brodki g\u00f3rskie na ca\u0142ym \u015bwiecie. Kluczowe cechy:<br \/>\n- Wy\u015bcie\u0142ane piank\u0105 przegrody na buty i wentylowany schowek<br \/>\n- Wzmocnione uchwyty i odpinane paski na rami\u0119<br \/>\n- Gniazdo przywieszki baga\u017cowej RFID i materia\u0142y odporne na zimno do -30\u00b0C<\/p>\n<p><strong>Dlaczego warto wybra\u0107 nasz\u0105 fabryk\u0119 toreb narciarskich?<\/strong>:<br \/>\nPonad 15 lat jako czo\u0142owy eksporter toreb narciarskich z Chin<br \/>\nBezp\u0142atny projekt 3D z brandingiem o\u015brodka alpejskiego<br \/>\nWytrzyma\u0142e materia\u0142y z certyfikatem OEKO-Tex\/SGS<br \/>\nZni\u017cka 25% dla sprzedawc\u00f3w pokrowc\u00f3w narciarskich na ponad 2500 sztuk<\/p>\n<p>Popro\u015b o bezp\u0142atne pr\u00f3bki naszych toreb narciarskich zatwierdzonych przez TSA lub uzyskaj natychmiastow\u0105 wycen\u0119. Dostawcy toreb narciarskich ciesz\u0105 si\u0119:<br \/>\n- Niestandardowe MOQ od 300 sztuk<br \/>\n- Raporty z test\u00f3w udarno\u015bci specyficznych dla partii<br \/>\n- Priorytetowy przydzia\u0142 frachtu lotniczego<\/p>\n<\/div>\n<\/div>\n<\/div>\n<\/div>","protected":false},"excerpt":{"rendered":"<h2 data-immersive-translate-walked=\"344be1c1-5052-41eb-8fcd-0dbe236a0d6b\" data-immersive-translate-paragraph=\"1\">Zatwierdzona przez TSA wytrzyma\u0142a torba na buty narciarskie<\/h2>\n<p>Zapewniamy zatwierdzon\u0105 przez TSA trwa\u0142\u0105 torb\u0119 na buty narciarskie z pe\u0142nym dostosowaniem rozmiaru i koloru, trwa\u0142ymi materia\u0142ami i certyfikowan\u0105 jako\u015bci\u0105.<\/p>\n<p>Korzystaj z elastycznych MOQ, szybkiej globalnej wysy\u0142ki i rozwi\u0105za\u0144 marek w\u0142asnych.<\/p>\n<p>Skontaktuj si\u0119 z nami ju\u017c dzi\u015b!<\/p>","protected":false},"featured_media":3738,"template":"","meta":{"_uag_custom_page_level_css":""},"product_brand":[],"product_cat":[59,67,66],"product_tag":[],"class_list":{"0":"post-3735","1":"product","2":"type-product","3":"status-publish","4":"has-post-thumbnail","6":"product_cat-ski-bag","7":"product_cat-sports-bag","8":"product_cat-waterproof-bag","10":"first","11":"instock","12":"shipping-taxable","13":"product-type-simple"},"uagb_featured_image_src":{"full":["https:\/\/pecbag.com\/wp-content\/uploads\/2025\/05\/TSA-Approved-Durable-Ski-Boot-Bag-6.jpeg",1611,1500,false],"thumbnail":["https:\/\/pecbag.com\/wp-content\/uploads\/2025\/05\/TSA-Approved-Durable-Ski-Boot-Bag-6-150x150.jpeg",150,150,true],"medium":["https:\/\/pecbag.com\/wp-content\/uploads\/2025\/05\/TSA-Approved-Durable-Ski-Boot-Bag-6-300x279.jpeg",300,279,true],"medium_large":["https:\/\/pecbag.com\/wp-content\/uploads\/2025\/05\/TSA-Approved-Durable-Ski-Boot-Bag-6-768x715.jpeg",768,715,true],"large":["https:\/\/pecbag.com\/wp-content\/uploads\/2025\/05\/TSA-Approved-Durable-Ski-Boot-Bag-6-1024x953.jpeg",800,745,true],"1536x1536":["https:\/\/pecbag.com\/wp-content\/uploads\/2025\/05\/TSA-Approved-Durable-Ski-Boot-Bag-6-1536x1430.jpeg",1536,1430,true],"2048x2048":["https:\/\/pecbag.com\/wp-content\/uploads\/2025\/05\/TSA-Approved-Durable-Ski-Boot-Bag-6.jpeg",1611,1500,false],"trp-custom-language-flag":["https:\/\/pecbag.com\/wp-content\/uploads\/2025\/05\/TSA-Approved-Durable-Ski-Boot-Bag-6-13x12.jpeg",13,12,true],"woocommerce_thumbnail":["https:\/\/pecbag.com\/wp-content\/uploads\/2025\/05\/TSA-Approved-Durable-Ski-Boot-Bag-6-300x300.jpeg",300,300,true],"woocommerce_single":["https:\/\/pecbag.com\/wp-content\/uploads\/2025\/05\/TSA-Approved-Durable-Ski-Boot-Bag-6-600x559.jpeg",600,559,true],"woocommerce_gallery_thumbnail":["https:\/\/pecbag.com\/wp-content\/uploads\/2025\/05\/TSA-Approved-Durable-Ski-Boot-Bag-6-100x100.jpeg",100,100,true]},"uagb_author_info":{"display_name":"Lawrence","author_link":"https:\/\/pecbag.com\/pl\/author\/"},"uagb_comment_info":0,"uagb_excerpt":"TSA-Approved Durable Ski Boot Bag We provide TSA-Approved Durable Ski Boot Bag with full-size and color customization, durable fabrics, and certified quality. Enjoy flexible MOQs, fast global shipping, and private label solutions. Contact us today!","_links":{"self":[{"href":"https:\/\/pecbag.com\/pl\/wp-json\/wp\/v2\/product\/3735","targetHints":{"allow":["GET"]}}],"collection":[{"href":"https:\/\/pecbag.com\/pl\/wp-json\/wp\/v2\/product"}],"about":[{"href":"https:\/\/pecbag.com\/pl\/wp-json\/wp\/v2\/types\/product"}],"wp:featuredmedia":[{"embeddable":true,"href":"https:\/\/pecbag.com\/pl\/wp-json\/wp\/v2\/media\/3738"}],"wp:attachment":[{"href":"https:\/\/pecbag.com\/pl\/wp-json\/wp\/v2\/media?parent=3735"}],"wp:term":[{"taxonomy":"product_brand","embeddable":true,"href":"https:\/\/pecbag.com\/pl\/wp-json\/wp\/v2\/product_brand?post=3735"},{"taxonomy":"product_cat","embeddable":true,"href":"https:\/\/pecbag.com\/pl\/wp-json\/wp\/v2\/product_cat?post=3735"},{"taxonomy":"product_tag","embeddable":true,"href":"https:\/\/pecbag.com\/pl\/wp-json\/wp\/v2\/product_tag?post=3735"}],"curies":[{"name":"wp","href":"https:\/\/api.w.org\/{rel}","templated":true}]}}