{"id":3760,"date":"2025-05-28T02:56:12","date_gmt":"2025-05-28T02:56:12","guid":{"rendered":"https:\/\/pecbag.com\/?post_type=product&#038;p=3760"},"modified":"2025-11-29T01:53:35","modified_gmt":"2025-11-29T01:53:35","slug":"beach-surfboard-sling-bag","status":"publish","type":"product","link":"https:\/\/pecbag.com\/pl\/beach-surfboard-sling-bag\/","title":{"rendered":"Torba pla\u017cowa na desk\u0119 surfingow\u0105"},"content":{"rendered":"<h5 title=\"Sk\u0142adana torba dla psa Oddychaj\u0105ca siatkowa torba na rami\u0119 dla ma\u0142ych ps\u00f3w i kot\u00f3w\" data-immersive-translate-walked=\"1c928421-2e42-4cd3-8754-5404553c0af5\" data-immersive-translate-paragraph=\"1\" data-spm-anchor-id=\"a2700.details.0.i35.4f6757d4w4zNZA\">Torby pla\u017cowe na desk\u0119 surfingow\u0105 | Fabryka wodoodpornych toreb i producent plecak\u00f3w - Bulk Surf Solutions<\/h5>\n<div class=\"flex flex-grow flex-col max-w-full\">\n<div class=\"min-h-[20px] text-message flex w-full flex-col items-end gap-2 whitespace-pre-wrap break-words [.text-message+&amp;]:mt-5 overflow-x-auto\" dir=\"auto\" data-message-author-role=\"assistant\" data-message-id=\"3d7d46f6-7ec2-4222-9257-48fa0bba23c6\" data-suggestions=\"true\">\n<div class=\"flex w-full flex-col gap-1 empty:hidden first:pt-[3px]\">\n<div class=\"markdown prose w-full break-words dark:prose-invert light\">\n<table width=\"288\">\n<tbody>\n<tr>\n<td width=\"137\"><span style=\"color: #333333;\">Nazwa produktu<\/span><\/td>\n<td width=\"151\">Torba na desk\u0119 surfingow\u0105<\/td>\n<\/tr>\n<tr>\n<td><span style=\"color: #333333;\">Pozycja nr.<\/span><\/td>\n<td><span style=\"color: #333333;\">PB-2089<\/span><\/td>\n<\/tr>\n<tr>\n<td><span style=\"color: #333333;\">Materia\u0142<\/span><\/td>\n<td>600D poliester + tkanina PP<\/td>\n<\/tr>\n<tr>\n<td><span style=\"color: #333333;\">Rozmiar<\/span><\/td>\n<td>6,2 x 25,5 cala<\/td>\n<\/tr>\n<tr>\n<td><span style=\"color: #333333;\">\u00a0Czas dostawy<\/span><\/td>\n<td><span style=\"color: #333333;\">1-5 dni dla ma\u0142ych ilo\u015bci drog\u0105 lotnicz\u0105 i 30-35 dni dla du\u017cych ilo\u015bci drog\u0105 morsk\u0105<\/span><\/td>\n<\/tr>\n<\/tbody>\n<\/table>\n<p>Jako wiod\u0105cy chi\u0144ski producent toreb na deski surfingowe i fabryka toreb wodoodpornych, projektujemy wytrzyma\u0142e torby pla\u017cowe na deski surfingowe dla globalnych marek surfingowych. Nasza firma oferuje torby na deski surfingowe:<\/p>\n<p>\u2705 <strong>Odporny na s\u0142on\u0105 wod\u0119 poliester 600D<\/strong> z wodoodpornymi zamkami b\u0142yskawicznymi IPX6<br \/>\n\u2705 <strong>Pojemno\u015b\u0107 tablicy do 9'6\u2033<\/strong> + kieszenie na akcesoria (MOQ 50szt)<br \/>\n\u2705 <strong>Us\u0142ugi OEM\/ODM<\/strong> dla toreb na deski surfingowe pod w\u0142asn\u0105 mark\u0105<br \/>\n\u2705 <strong>Produkcja work\u00f3w na deski surfingowe luzem<\/strong> z 10-dniow\u0105 szybk\u0105 dostaw\u0105<\/p>\n<p>Zaufana przez hurtownie toreb na deski surfingowe i nadmorskie kurorty na ca\u0142ym \u015bwiecie. Kluczowe cechy:<br \/>\n- Szybkoschn\u0105ce panele siatkowe i wzmocnione uchwyty do holowania<br \/>\n- Regulowany pasek na rami\u0119 i ochraniacze kraw\u0119dzi deski<br \/>\n- Gniazdo przywieszki baga\u017cowej RFID i system odprowadzania piasku<\/p>\n<p><strong>Dlaczego warto wsp\u00f3\u0142pracowa\u0107 z nasz\u0105 fabryk\u0105 toreb na deski surfingowe?<\/strong>:<br \/>\nPonad 12 lat jako najlepsi eksporterzy toreb na deski surfingowe z Chin<br \/>\nBezp\u0142atny projekt 3D z brandingiem klubu pla\u017cowego<br \/>\nMateria\u0142y odporne na promieniowanie UV z certyfikatem OEKO-Tex\/SGS<br \/>\nZni\u017cka 25% dla sprzedawc\u00f3w toreb na deski surfingowe na ponad 2500 sztuk<\/p>\n<p>Popro\u015b o bezp\u0142atne pr\u00f3bki naszych toreb na deski surfingowe lub otrzymaj natychmiastow\u0105 wycen\u0119. Dostawcy toreb na deski surfingowe ciesz\u0105 si\u0119:<br \/>\n- Niestandardowe MOQ od 30 sztuk<br \/>\n- Raporty z test\u00f3w w mgle solnej dla poszczeg\u00f3lnych partii<br \/>\n- Priorytetowy przydzia\u0142 \u0142adunk\u00f3w lotniczych\/morskich<\/p>\n<\/div>\n<\/div>\n<\/div>\n<\/div>","protected":false},"excerpt":{"rendered":"<h2 data-immersive-translate-walked=\"344be1c1-5052-41eb-8fcd-0dbe236a0d6b\" data-immersive-translate-paragraph=\"1\">Torba pla\u017cowa na desk\u0119 surfingow\u0105<\/h2>\n<p>Wi\u0119cej miejsca do przechowywania: Wewn\u0119trzna kiesze\u0144 na rzep s\u0142u\u017cy do przechowywania rzeczy osobistych, takich jak telefon kom\u00f3rkowy, klucze, pianka itp.<\/p>\n<p>Zewn\u0119trzna kiesze\u0144 na suwak, u\u017cywana do przechowywania sprz\u0119tu, p\u0142etw i innych przydatnych i niezb\u0119dnych rzeczy.<\/p>","protected":false},"featured_media":3772,"template":"","meta":{"_uag_custom_page_level_css":""},"product_brand":[],"product_cat":[47,67],"product_tag":[],"class_list":{"0":"post-3760","1":"product","2":"type-product","3":"status-publish","4":"has-post-thumbnail","6":"product_cat-surfboard-bag","7":"product_cat-sports-bag","9":"first","10":"instock","11":"shipping-taxable","12":"product-type-simple"},"uagb_featured_image_src":{"full":["https:\/\/pecbag.com\/wp-content\/uploads\/2025\/05\/Beach-Surfboard-Sling-Bag-6.jpeg",800,800,false],"thumbnail":["https:\/\/pecbag.com\/wp-content\/uploads\/2025\/05\/Beach-Surfboard-Sling-Bag-6-150x150.jpeg",150,150,true],"medium":["https:\/\/pecbag.com\/wp-content\/uploads\/2025\/05\/Beach-Surfboard-Sling-Bag-6-300x300.jpeg",300,300,true],"medium_large":["https:\/\/pecbag.com\/wp-content\/uploads\/2025\/05\/Beach-Surfboard-Sling-Bag-6-768x768.jpeg",768,768,true],"large":["https:\/\/pecbag.com\/wp-content\/uploads\/2025\/05\/Beach-Surfboard-Sling-Bag-6.jpeg",800,800,false],"1536x1536":["https:\/\/pecbag.com\/wp-content\/uploads\/2025\/05\/Beach-Surfboard-Sling-Bag-6.jpeg",800,800,false],"2048x2048":["https:\/\/pecbag.com\/wp-content\/uploads\/2025\/05\/Beach-Surfboard-Sling-Bag-6.jpeg",800,800,false],"trp-custom-language-flag":["https:\/\/pecbag.com\/wp-content\/uploads\/2025\/05\/Beach-Surfboard-Sling-Bag-6-12x12.jpeg",12,12,true],"woocommerce_thumbnail":["https:\/\/pecbag.com\/wp-content\/uploads\/2025\/05\/Beach-Surfboard-Sling-Bag-6-300x300.jpeg",300,300,true],"woocommerce_single":["https:\/\/pecbag.com\/wp-content\/uploads\/2025\/05\/Beach-Surfboard-Sling-Bag-6-600x600.jpeg",600,600,true],"woocommerce_gallery_thumbnail":["https:\/\/pecbag.com\/wp-content\/uploads\/2025\/05\/Beach-Surfboard-Sling-Bag-6-100x100.jpeg",100,100,true]},"uagb_author_info":{"display_name":"Lawrence","author_link":"https:\/\/pecbag.com\/pl\/author\/"},"uagb_comment_info":0,"uagb_excerpt":"Beach Surfboard Sling Bag More Storage: Inner velcro pocket, used to store personal belongings, such as mobile phones, keys, wetsuit, etc. Exterior zipper pocket, used to store gears, fins, and some useful and necessary things.","_links":{"self":[{"href":"https:\/\/pecbag.com\/pl\/wp-json\/wp\/v2\/product\/3760","targetHints":{"allow":["GET"]}}],"collection":[{"href":"https:\/\/pecbag.com\/pl\/wp-json\/wp\/v2\/product"}],"about":[{"href":"https:\/\/pecbag.com\/pl\/wp-json\/wp\/v2\/types\/product"}],"wp:featuredmedia":[{"embeddable":true,"href":"https:\/\/pecbag.com\/pl\/wp-json\/wp\/v2\/media\/3772"}],"wp:attachment":[{"href":"https:\/\/pecbag.com\/pl\/wp-json\/wp\/v2\/media?parent=3760"}],"wp:term":[{"taxonomy":"product_brand","embeddable":true,"href":"https:\/\/pecbag.com\/pl\/wp-json\/wp\/v2\/product_brand?post=3760"},{"taxonomy":"product_cat","embeddable":true,"href":"https:\/\/pecbag.com\/pl\/wp-json\/wp\/v2\/product_cat?post=3760"},{"taxonomy":"product_tag","embeddable":true,"href":"https:\/\/pecbag.com\/pl\/wp-json\/wp\/v2\/product_tag?post=3760"}],"curies":[{"name":"wp","href":"https:\/\/api.w.org\/{rel}","templated":true}]}}