{"id":3810,"date":"2025-05-28T03:47:02","date_gmt":"2025-05-28T03:47:02","guid":{"rendered":"https:\/\/pecbag.com\/?post_type=product&#038;p=3810"},"modified":"2025-11-29T01:53:11","modified_gmt":"2025-11-29T01:53:11","slug":"rainproof-pro-golf-tour-bag","status":"publish","type":"product","link":"https:\/\/pecbag.com\/pl\/rainproof-pro-golf-tour-bag\/","title":{"rendered":"Przeciwdeszczowa torba golfowa Pro Golf Tour - zatwierdzona przez PGA"},"content":{"rendered":"<h5 title=\"Sk\u0142adana torba dla psa Oddychaj\u0105ca siatkowa torba na rami\u0119 dla ma\u0142ych ps\u00f3w i kot\u00f3w\" data-immersive-translate-walked=\"1c928421-2e42-4cd3-8754-5404553c0af5\" data-immersive-translate-paragraph=\"1\" data-spm-anchor-id=\"a2700.details.0.i35.4f6757d4w4zNZA\">Przeciwdeszczowe torby golfowe Pro Golf Tour | Fabryka wodoodpornych toreb i producent plecak\u00f3w - Bulk Golf Solutions<\/h5>\n<div class=\"flex flex-grow flex-col max-w-full\">\n<div class=\"min-h-[20px] text-message flex w-full flex-col items-end gap-2 whitespace-pre-wrap break-words [.text-message+&amp;]:mt-5 overflow-x-auto\" dir=\"auto\" data-message-author-role=\"assistant\" data-message-id=\"3d7d46f6-7ec2-4222-9257-48fa0bba23c6\" data-suggestions=\"true\">\n<div class=\"flex w-full flex-col gap-1 empty:hidden first:pt-[3px]\">\n<div class=\"markdown prose w-full break-words dark:prose-invert light\">\n<table width=\"288\">\n<tbody>\n<tr>\n<td width=\"137\"><span style=\"color: #333333;\">Nazwa produktu<\/span><\/td>\n<td width=\"151\">Torba golfowa<\/td>\n<\/tr>\n<tr>\n<td><span style=\"color: #333333;\">Pozycja nr.<\/span><\/td>\n<td><span style=\"color: #333333;\">PB-2093<\/span><\/td>\n<\/tr>\n<tr>\n<td><span style=\"color: #333333;\">Materia\u0142<\/span><\/td>\n<td>Sk\u00f3ra PU + nylon<\/td>\n<\/tr>\n<tr>\n<td><span style=\"color: #333333;\">Rozmiar<\/span><\/td>\n<td>Dostosowane<\/td>\n<\/tr>\n<tr>\n<td><span style=\"color: #333333;\">\u00a0Czas dostawy<\/span><\/td>\n<td><span style=\"color: #333333;\">1-5 dni dla ma\u0142ych ilo\u015bci drog\u0105 lotnicz\u0105 i 30-35 dni dla du\u017cych ilo\u015bci drog\u0105 morsk\u0105<\/span><\/td>\n<\/tr>\n<\/tbody>\n<\/table>\n<p>Jako wiod\u0105cy chi\u0144ski producent toreb golfowych i fabryka toreb wodoodpornych, tworzymy profesjonalne, odporne na deszcz torby golfowe dla \u015bwiatowych marek golfowych. Nasza firma oferuje torby golfowe:<\/p>\n<p>\u2705 <strong>Wodoodporno\u015b\u0107 IPX7<\/strong> (600D poliester powlekany TPU + zgrzewane szwy)<br \/>\n\u2705 <strong>Pojemno\u015b\u0107 14 klub\u00f3w<\/strong> z indywidualnymi przegr\u00f3dkami na ca\u0142ej d\u0142ugo\u015bci (MOQ 200 szt.)<br \/>\n\u2705 <strong>Us\u0142ugi OEM\/ODM<\/strong> dla toreb golfowych marki w\u0142asnej<br \/>\n\u2705 <strong>Produkcja toreb golfowych luzem<\/strong> z 12-dniow\u0105 szybk\u0105 dostaw\u0105<\/p>\n<p>Zaufany przez hurtownie toreb golfowych i dostawc\u00f3w PGA Tour. Kluczowe cechy:<br \/>\n- Szybkoschn\u0105ce panele siatkowe i wzmocniony r\u0119kaw na w\u00f3zek<br \/>\n- Ergonomiczne podw\u00f3jne paski na rami\u0119 i tkanina odporna na promieniowanie UV<br \/>\n- Kiesze\u0144 na kosztowno\u015bci z blokad\u0105 RFID i organizery na koszulki\/pi\u0142ki<\/p>\n<p><strong>Dlaczego warto wsp\u00f3\u0142pracowa\u0107 z nasz\u0105 fabryk\u0105 toreb golfowych<\/strong>:<br \/>\nPonad 15 lat jako najlepsi eksporterzy toreb golfowych z Chin<br \/>\nBezp\u0142atny projekt 3D z logo\/kolorami klubu<br \/>\nWytrzyma\u0142e materia\u0142y z certyfikatem OEKO-Tex\/SGS<br \/>\n25% rabat dla sprzedawc\u00f3w toreb golfowych na ponad 2500 sztuk<\/p>\n<p>Popro\u015b o bezp\u0142atne pr\u00f3bki naszych przeciwdeszczowych toreb golfowych lub uzyskaj natychmiastow\u0105 wycen\u0119. Dostawcy toreb golfowych ciesz\u0105 si\u0119:<br \/>\n- Niestandardowe MOQ od 300 sztuk<br \/>\n- Raporty z test\u00f3w symulacji deszczu dla poszczeg\u00f3lnych partii<br \/>\n- Priorytetowy przydzia\u0142 \u0142adunk\u00f3w lotniczych\/morskich<\/p>\n<\/div>\n<\/div>\n<\/div>\n<\/div>","protected":false},"excerpt":{"rendered":"<h2 data-immersive-translate-walked=\"344be1c1-5052-41eb-8fcd-0dbe236a0d6b\" data-immersive-translate-paragraph=\"1\">Przeciwdeszczowa torba golfowa Pro Golf Tour Bag<\/h2>\n<p>Zapewniamy najwy\u017cszej jako\u015bci torby golfowe z pe\u0142n\u0105 personalizacj\u0105 rozmiaru i koloru, trwa\u0142ymi materia\u0142ami i certyfikowan\u0105 jako\u015bci\u0105.<\/p>\n<p>Korzystaj z elastycznych MOQ, szybkiej globalnej wysy\u0142ki i rozwi\u0105za\u0144 marek w\u0142asnych.<\/p>\n<p>Skontaktuj si\u0119 z nami ju\u017c dzi\u015b!<\/p>","protected":false},"featured_media":3814,"template":"","meta":{"_uag_custom_page_level_css":""},"product_brand":[],"product_cat":[51,67],"product_tag":[],"class_list":{"0":"post-3810","1":"product","2":"type-product","3":"status-publish","4":"has-post-thumbnail","6":"product_cat-golf-bag","7":"product_cat-sports-bag","9":"first","10":"instock","11":"shipping-taxable","12":"product-type-simple"},"uagb_featured_image_src":{"full":["https:\/\/pecbag.com\/wp-content\/uploads\/2025\/05\/Rainproof-Pro-Golf-Tour-Bag-2.jpg",600,600,false],"thumbnail":["https:\/\/pecbag.com\/wp-content\/uploads\/2025\/05\/Rainproof-Pro-Golf-Tour-Bag-2-150x150.jpg",150,150,true],"medium":["https:\/\/pecbag.com\/wp-content\/uploads\/2025\/05\/Rainproof-Pro-Golf-Tour-Bag-2-300x300.jpg",300,300,true],"medium_large":["https:\/\/pecbag.com\/wp-content\/uploads\/2025\/05\/Rainproof-Pro-Golf-Tour-Bag-2.jpg",600,600,false],"large":["https:\/\/pecbag.com\/wp-content\/uploads\/2025\/05\/Rainproof-Pro-Golf-Tour-Bag-2.jpg",600,600,false],"1536x1536":["https:\/\/pecbag.com\/wp-content\/uploads\/2025\/05\/Rainproof-Pro-Golf-Tour-Bag-2.jpg",600,600,false],"2048x2048":["https:\/\/pecbag.com\/wp-content\/uploads\/2025\/05\/Rainproof-Pro-Golf-Tour-Bag-2.jpg",600,600,false],"trp-custom-language-flag":["https:\/\/pecbag.com\/wp-content\/uploads\/2025\/05\/Rainproof-Pro-Golf-Tour-Bag-2-12x12.jpg",12,12,true],"woocommerce_thumbnail":["https:\/\/pecbag.com\/wp-content\/uploads\/2025\/05\/Rainproof-Pro-Golf-Tour-Bag-2-300x300.jpg",300,300,true],"woocommerce_single":["https:\/\/pecbag.com\/wp-content\/uploads\/2025\/05\/Rainproof-Pro-Golf-Tour-Bag-2.jpg",600,600,false],"woocommerce_gallery_thumbnail":["https:\/\/pecbag.com\/wp-content\/uploads\/2025\/05\/Rainproof-Pro-Golf-Tour-Bag-2-100x100.jpg",100,100,true]},"uagb_author_info":{"display_name":"Lawrence","author_link":"https:\/\/pecbag.com\/pl\/author\/"},"uagb_comment_info":0,"uagb_excerpt":"Rainproof Pro Golf Tour Bag We provide premium golf tour bag with full-size and color customization, durable fabrics, and certified quality. Enjoy flexible MOQs, fast global shipping, and private label solutions. Contact us today!","_links":{"self":[{"href":"https:\/\/pecbag.com\/pl\/wp-json\/wp\/v2\/product\/3810","targetHints":{"allow":["GET"]}}],"collection":[{"href":"https:\/\/pecbag.com\/pl\/wp-json\/wp\/v2\/product"}],"about":[{"href":"https:\/\/pecbag.com\/pl\/wp-json\/wp\/v2\/types\/product"}],"wp:featuredmedia":[{"embeddable":true,"href":"https:\/\/pecbag.com\/pl\/wp-json\/wp\/v2\/media\/3814"}],"wp:attachment":[{"href":"https:\/\/pecbag.com\/pl\/wp-json\/wp\/v2\/media?parent=3810"}],"wp:term":[{"taxonomy":"product_brand","embeddable":true,"href":"https:\/\/pecbag.com\/pl\/wp-json\/wp\/v2\/product_brand?post=3810"},{"taxonomy":"product_cat","embeddable":true,"href":"https:\/\/pecbag.com\/pl\/wp-json\/wp\/v2\/product_cat?post=3810"},{"taxonomy":"product_tag","embeddable":true,"href":"https:\/\/pecbag.com\/pl\/wp-json\/wp\/v2\/product_tag?post=3810"}],"curies":[{"name":"wp","href":"https:\/\/api.w.org\/{rel}","templated":true}]}}