{"id":3832,"date":"2025-05-28T06:45:06","date_gmt":"2025-05-28T06:45:06","guid":{"rendered":"https:\/\/pecbag.com\/?post_type=product&#038;p=3832"},"modified":"2025-11-29T01:46:05","modified_gmt":"2025-11-29T01:46:05","slug":"pro-surfboard-longboard-travel-bag","status":"publish","type":"product","link":"https:\/\/pecbag.com\/pl\/pro-surfboard-longboard-travel-bag\/","title":{"rendered":"Torba podr\u00f3\u017cna Pro Surfboard Longboard - 100% Wodoodporna"},"content":{"rendered":"<h5 title=\"Sk\u0142adana torba dla psa Oddychaj\u0105ca siatkowa torba na rami\u0119 dla ma\u0142ych ps\u00f3w i kot\u00f3w\" data-immersive-translate-walked=\"1c928421-2e42-4cd3-8754-5404553c0af5\" data-immersive-translate-paragraph=\"1\" data-spm-anchor-id=\"a2700.details.0.i35.4f6757d4w4zNZA\">Torba podr\u00f3\u017cna Pro Surfboard Longboard | Fabryka toreb wodoodpornych i producent plecak\u00f3w - Bulk Surf Solutions<\/h5>\n<div class=\"flex flex-grow flex-col max-w-full\">\n<div class=\"min-h-[20px] text-message flex w-full flex-col items-end gap-2 whitespace-pre-wrap break-words [.text-message+&amp;]:mt-5 overflow-x-auto\" dir=\"auto\" data-message-author-role=\"assistant\" data-message-id=\"3d7d46f6-7ec2-4222-9257-48fa0bba23c6\" data-suggestions=\"true\">\n<div class=\"flex w-full flex-col gap-1 empty:hidden first:pt-[3px]\">\n<div class=\"markdown prose w-full break-words dark:prose-invert light\">\n<table width=\"288\">\n<tbody>\n<tr>\n<td width=\"137\"><span style=\"color: #333333;\">Nazwa produktu<\/span><\/td>\n<td width=\"151\">Torba na desk\u0119 surfingow\u0105<\/td>\n<\/tr>\n<tr>\n<td><span style=\"color: #333333;\">Pozycja nr.<\/span><\/td>\n<td><span style=\"color: #333333;\">PB-2097<\/span><\/td>\n<\/tr>\n<tr>\n<td><span style=\"color: #333333;\">Materia\u0142<\/span><\/td>\n<td>600D SNOW\/PVC<\/td>\n<\/tr>\n<tr>\n<td><span style=\"color: #333333;\">Rozmiar<\/span><\/td>\n<td>6'0'' x 22''x 6\"<\/td>\n<\/tr>\n<tr>\n<td><span style=\"color: #333333;\">\u00a0Czas dostawy<\/span><\/td>\n<td><span style=\"color: #333333;\">1-5 dni dla ma\u0142ych ilo\u015bci drog\u0105 lotnicz\u0105 i 30-35 dni dla du\u017cych ilo\u015bci drog\u0105 morsk\u0105<\/span><\/td>\n<\/tr>\n<\/tbody>\n<\/table>\n<p>Jako wiod\u0105cy chi\u0144ski producent toreb na deski surfingowe i fabryka toreb wodoodpornych, projektujemy profesjonalne torby podr\u00f3\u017cne na deski surfingowe dla globalnych marek surfingowych. Nasza firma oferuje torby na deski surfingowe:<\/p>\n<p>\u2705 <strong>Wodoodporno\u015b\u0107 IPX7<\/strong> (1000D nylon powlekany PVC + zgrzewane szwy)<br \/>\n\u2705 <strong>Pojemno\u015b\u0107 longboardu do 10<\/strong> z wy\u015bcie\u0142anymi uchwytami (MOQ 200 szt.)<br \/>\n\u2705 <strong>Us\u0142ugi OEM\/ODM<\/strong> dla toreb na deski surfingowe pod w\u0142asn\u0105 mark\u0105<br \/>\n\u2705 <strong>Produkcja work\u00f3w na deski surfingowe luzem<\/strong> z 10-dniow\u0105 szybk\u0105 dostaw\u0105<\/p>\n<p>Zaufany przez <strong>hurtownie toreb na deski surfingowe<\/strong> i nadmorskich kurort\u00f3w. Kluczowe cechy:<br \/>\n- Pow\u0142oka odporna na promieniowanie UV i kieszenie z siatki przeciw piaskowi<br \/>\n- Odpinane paski naramienne i os\u0142ony kraw\u0119dzi deski<br \/>\n- Gniazdo przywieszki baga\u017cowej RFID i zamki zatwierdzone przez TSA<\/p>\n<p><strong>Dlaczego warto wsp\u00f3\u0142pracowa\u0107 z nasz\u0105 fabryk\u0105 toreb na deski surfingowe?<\/strong>:<br \/>\nPonad 15 lat jako najlepsi eksporterzy toreb na deski surfingowe z Chin<br \/>\nBezp\u0142atny projekt 3D z brandingiem klubu pla\u017cowego<br \/>\nMateria\u0142y klasy morskiej z certyfikatem OEKO-Tex\/SGS<br \/>\nZni\u017cka 25% dla sprzedawc\u00f3w toreb na deski surfingowe na ponad 2500 sztuk<\/p>\n<p>Popro\u015b o bezp\u0142atne pr\u00f3bki naszej profesjonalnej torby podr\u00f3\u017cnej na desk\u0119 surfingow\u0105 lub uzyskaj natychmiastow\u0105 wycen\u0119. Dostawcy toreb na deski surfingowe ciesz\u0105 si\u0119:<br \/>\n- Niestandardowe MOQ od 300 sztuk<br \/>\n- Raporty dotycz\u0105ce korozji w s\u0142onej wodzie dla poszczeg\u00f3lnych partii<br \/>\n- Priorytetowy przydzia\u0142 \u0142adunk\u00f3w lotniczych\/morskich<\/p>\n<\/div>\n<\/div>\n<\/div>\n<\/div>","protected":false},"excerpt":{"rendered":"<h2 data-immersive-translate-walked=\"344be1c1-5052-41eb-8fcd-0dbe236a0d6b\" data-immersive-translate-paragraph=\"1\">Torba podr\u00f3\u017cna Pro Surfboard Longboard<\/h2>\n<p>1. ROZMIAR, WAGA I KSZTA\u0141T TORBY: 6'0'' x 22''x 6\", 10 funt\u00f3w, do desek o rozmiarze do 6'2'' x 24''; spiczasta g\u0142owa i du\u017cy okr\u0105g\u0142y ogon; z otworem na p\u0142etw\u0119<\/p>\n<p>2.360\u00b0 OCHRONA: Z 200g plandek\u0105 PE wewn\u0105trz, 10mm (0,4 cala) wy\u015bci\u00f3\u0142k\u0105 z ka\u017cdej strony pomi\u0119dzy, powlekan\u0105 tkanin\u0105 600D\/1680D na g\u00f3rze i dodatkow\u0105 tkanin\u0105 wzmocnion\u0105 w sekcji g\u0142owy i ogona z ka\u017cdej strony, ta torba podr\u00f3\u017cna na desk\u0119 surfingow\u0105 jest stworzona do podr\u00f3\u017cowania bez zmartwie\u0144. Zapewnia wszechstronn\u0105 ochron\u0119 torby, zw\u0142aszcza podczas podr\u00f3\u017cy na du\u017ce odleg\u0142o\u015bci.<\/p>\n<p>3. WYGODA: Torba posiada 3 pogrubione, wy\u015bcie\u0142ane uchwyty i 1 regulowany pasek na rami\u0119. Du\u017ca podk\u0142adka paska na rami\u0119 (14 '' x4 '' x1'') znacznie zmniejszy nacisk na rami\u0119. Pasek na rami\u0119 mo\u017cna r\u00f3wnie\u017c odpi\u0105\u0107 podczas transportu na dachu samochodu lub podczas innych podr\u00f3\u017cy na du\u017ce odleg\u0142o\u015bci.<\/p>","protected":false},"featured_media":3834,"template":"","meta":{"_uag_custom_page_level_css":""},"product_brand":[],"product_cat":[47,67],"product_tag":[],"class_list":{"0":"post-3832","1":"product","2":"type-product","3":"status-publish","4":"has-post-thumbnail","6":"product_cat-surfboard-bag","7":"product_cat-sports-bag","9":"first","10":"instock","11":"shipping-taxable","12":"product-type-simple"},"uagb_featured_image_src":{"full":["https:\/\/pecbag.com\/wp-content\/uploads\/2025\/05\/Pro-Surfboard-Longboard-Travel-Bag-1.jpg",808,808,false],"thumbnail":["https:\/\/pecbag.com\/wp-content\/uploads\/2025\/05\/Pro-Surfboard-Longboard-Travel-Bag-1-150x150.jpg",150,150,true],"medium":["https:\/\/pecbag.com\/wp-content\/uploads\/2025\/05\/Pro-Surfboard-Longboard-Travel-Bag-1-300x300.jpg",300,300,true],"medium_large":["https:\/\/pecbag.com\/wp-content\/uploads\/2025\/05\/Pro-Surfboard-Longboard-Travel-Bag-1-768x768.jpg",768,768,true],"large":["https:\/\/pecbag.com\/wp-content\/uploads\/2025\/05\/Pro-Surfboard-Longboard-Travel-Bag-1.jpg",800,800,false],"1536x1536":["https:\/\/pecbag.com\/wp-content\/uploads\/2025\/05\/Pro-Surfboard-Longboard-Travel-Bag-1.jpg",808,808,false],"2048x2048":["https:\/\/pecbag.com\/wp-content\/uploads\/2025\/05\/Pro-Surfboard-Longboard-Travel-Bag-1.jpg",808,808,false],"trp-custom-language-flag":["https:\/\/pecbag.com\/wp-content\/uploads\/2025\/05\/Pro-Surfboard-Longboard-Travel-Bag-1-12x12.jpg",12,12,true],"woocommerce_thumbnail":["https:\/\/pecbag.com\/wp-content\/uploads\/2025\/05\/Pro-Surfboard-Longboard-Travel-Bag-1-300x300.jpg",300,300,true],"woocommerce_single":["https:\/\/pecbag.com\/wp-content\/uploads\/2025\/05\/Pro-Surfboard-Longboard-Travel-Bag-1-600x600.jpg",600,600,true],"woocommerce_gallery_thumbnail":["https:\/\/pecbag.com\/wp-content\/uploads\/2025\/05\/Pro-Surfboard-Longboard-Travel-Bag-1-100x100.jpg",100,100,true]},"uagb_author_info":{"display_name":"Lawrence","author_link":"https:\/\/pecbag.com\/pl\/author\/"},"uagb_comment_info":0,"uagb_excerpt":"Pro Surfboard Longboard Travel Bag 1.BAG SIZE WEIGHT AND SHAPE: 6\u20190\u2019\u2019 x 22\u2019\u2019x 6'', 10 lbs, for board size up to 6\u20192\u2019\u2019 x 24\u2019\u2019; pointed head and big round tail; with fin slot opening 2.360\u00b0 PROTECTION: With 200g PE tarpaulin inside, 10mm (0.4 inches) padding on each side in between, 600D\/1680D coated fabric on top,&hellip;","_links":{"self":[{"href":"https:\/\/pecbag.com\/pl\/wp-json\/wp\/v2\/product\/3832","targetHints":{"allow":["GET"]}}],"collection":[{"href":"https:\/\/pecbag.com\/pl\/wp-json\/wp\/v2\/product"}],"about":[{"href":"https:\/\/pecbag.com\/pl\/wp-json\/wp\/v2\/types\/product"}],"wp:featuredmedia":[{"embeddable":true,"href":"https:\/\/pecbag.com\/pl\/wp-json\/wp\/v2\/media\/3834"}],"wp:attachment":[{"href":"https:\/\/pecbag.com\/pl\/wp-json\/wp\/v2\/media?parent=3832"}],"wp:term":[{"taxonomy":"product_brand","embeddable":true,"href":"https:\/\/pecbag.com\/pl\/wp-json\/wp\/v2\/product_brand?post=3832"},{"taxonomy":"product_cat","embeddable":true,"href":"https:\/\/pecbag.com\/pl\/wp-json\/wp\/v2\/product_cat?post=3832"},{"taxonomy":"product_tag","embeddable":true,"href":"https:\/\/pecbag.com\/pl\/wp-json\/wp\/v2\/product_tag?post=3832"}],"curies":[{"name":"wp","href":"https:\/\/api.w.org\/{rel}","templated":true}]}}